{"id":51,"date":"2015-04-03T13:04:02","date_gmt":"2015-04-03T12:04:02","guid":{"rendered":"http:\/\/blogs.univ-jfc.fr\/studium\/?page_id=51"},"modified":"2019-05-14T07:28:06","modified_gmt":"2019-05-14T06:28:06","slug":"loubes-olivier","status":"publish","type":"page","link":"https:\/\/blogs.univ-jfc.fr\/studium\/les-membres\/loubes-olivier\/","title":{"rendered":"LOUBES Olivier"},"content":{"rendered":"<p><a href=\"http:\/\/blogs.univ-jfc.fr\/studium\/wp-content\/uploads\/sites\/44\/2015\/04\/Olivier-Loubes1.jpg\"><img loading=\"lazy\" class=\"size-full wp-image-219 aligncenter\" src=\"http:\/\/blogs.univ-jfc.fr\/studium\/wp-content\/uploads\/sites\/44\/2015\/04\/Olivier-Loubes1.jpg\" alt=\"Olivier Loubes[1]\" width=\"150\" height=\"150\" \/><\/a><\/p>\n<p><b>Professeur agr\u00e9g\u00e9 CPGE, docteur en histoire, membre associ\u00e9 de FRAMESPA<\/b>.<\/p>\n<p>Pr\u00e9sentation<\/p>\n<p>Courriel :<\/p>\n<h5><span style=\"color: #800000\">Mots-clefs<\/span> :<\/h5>\n<h5><span style=\"color: #800000\">Chantier :<\/span><\/h5>\n<p style=\"text-align: justify\" align=\"center\">Chantier 7\u00a0: <a href=\"http:\/\/blogs.univ-jfc.fr\/studium\/les-projets\/chantier-7-histoire-transnationale-de-lenseignement-de-lecole-et-de-la-nation\/\">Histoire transnationale de l\u2019enseignement, de l\u2019\u00e9cole et de la nation<\/a><\/p>\n<h5><span style=\"color: #800000\">Bibliographie<\/span><\/h5>\n<p><b>Livres<\/b><\/p>\n<p>&#8211;\u00a0\u00a0 <em>Cannes, 1939, le festival qui n&rsquo;a pas eu lieu<\/em>, Paris, Colin, 2016.<a href=\"http:\/\/blogs.univ-jfc.fr\/studium\/wp-content\/uploads\/sites\/44\/2019\/05\/cannes.jpg\"><img loading=\"lazy\" class=\"size-full wp-image-1288 aligncenter\" src=\"http:\/\/blogs.univ-jfc.fr\/studium\/wp-content\/uploads\/sites\/44\/2019\/05\/cannes.jpg\" alt=\"\" width=\"179\" height=\"281\" \/><\/a><\/p>\n<p>&#8211; <i>Jean Zay,<\/i> <i>L\u2019inconnu de la R\u00e9publique<\/i>, Paris, Colin, 2012, 288 p.<\/p>\n<p><a href=\"http:\/\/blogs.univ-jfc.fr\/studium\/wp-content\/uploads\/sites\/44\/2015\/04\/Zay.jpg\"><img loading=\"lazy\" class=\" wp-image-218 aligncenter\" src=\"http:\/\/blogs.univ-jfc.fr\/studium\/wp-content\/uploads\/sites\/44\/2015\/04\/Zay-214x300.jpg\" alt=\"Zay\" width=\"159\" height=\"223\" srcset=\"https:\/\/blogs.univ-jfc.fr\/studium\/wp-content\/uploads\/sites\/44\/2015\/04\/Zay-214x300.jpg 214w, https:\/\/blogs.univ-jfc.fr\/studium\/wp-content\/uploads\/sites\/44\/2015\/04\/Zay.jpg 358w\" sizes=\"(max-width: 159px) 100vw, 159px\" \/><img loading=\"lazy\" id=\"wp_editimgbtn\" title=\"Modifier l\u2019image\" src=\"http:\/\/blogs.univ-jfc.fr\/studium\/wp-includes\/js\/tinymce\/plugins\/wpeditimage\/img\/image.png\" alt=\"\" width=\"24\" height=\"24\" \/><\/a><\/p>\n<p>&#8211;\u00a0 <i>L&rsquo;\u00e9cole et la patrie. Histoire d&rsquo;un d\u00e9senchantement 1914-1940<\/i>, Paris, Belin, 2001, 221 p.<\/p>\n<p><a href=\"http:\/\/blogs.univ-jfc.fr\/studium\/wp-content\/uploads\/sites\/44\/2015\/04\/Olivier-3.jpg\"><img loading=\"lazy\" class=\" wp-image-220 aligncenter\" src=\"http:\/\/blogs.univ-jfc.fr\/studium\/wp-content\/uploads\/sites\/44\/2015\/04\/Olivier-3-212x300.jpg\" alt=\"Olivier 3\" width=\"201\" height=\"284\" srcset=\"https:\/\/blogs.univ-jfc.fr\/studium\/wp-content\/uploads\/sites\/44\/2015\/04\/Olivier-3-212x300.jpg 212w, https:\/\/blogs.univ-jfc.fr\/studium\/wp-content\/uploads\/sites\/44\/2015\/04\/Olivier-3.jpg 245w\" sizes=\"(max-width: 201px) 100vw, 201px\" \/><\/a><\/p>\n<p><b>Direction scientifique d&rsquo;ouvrage<br \/>\n<\/b><\/p>\n<p>&#8211;\u00a0\u00a0 <a href=\"http:\/\/www.amazon.fr\/Beno%C3%AEt-Falaize\/e\/B004N1A4EY\/ref=ntt_athr_dp_pel_1\">B. Falaize<\/a>, <a href=\"http:\/\/www.amazon.fr\/Charles-Heimberg\/e\/B004MPFY6O\/ref=ntt_athr_dp_pel_2\">C. Heimberg<\/a>, <a href=\"http:\/\/www.amazon.fr\/Olivier-Loubes\/e\/B004MQ3JQ0\/ref=ntt_athr_dp_pel_3\">O. Loube<\/a>s (SD), <i>L&rsquo;\u00e9cole et la nation<\/i>. Actes du s\u00e9minaire scientifique international. Lyon, Barcelone, Paris, ENS \u00e9ditions, 2013, 508 p.<a href=\"http:\/\/blogs.univ-jfc.fr\/studium\/wp-content\/uploads\/sites\/44\/2015\/04\/OLIVIER-X.jpg\"><img loading=\"lazy\" class=\" wp-image-222 aligncenter\" src=\"http:\/\/blogs.univ-jfc.fr\/studium\/wp-content\/uploads\/sites\/44\/2015\/04\/OLIVIER-X-209x300.jpg\" alt=\"OLIVIER X\" width=\"196\" height=\"281\" srcset=\"https:\/\/blogs.univ-jfc.fr\/studium\/wp-content\/uploads\/sites\/44\/2015\/04\/OLIVIER-X-209x300.jpg 209w, https:\/\/blogs.univ-jfc.fr\/studium\/wp-content\/uploads\/sites\/44\/2015\/04\/OLIVIER-X.jpg 349w\" sizes=\"(max-width: 196px) 100vw, 196px\" \/><\/a><\/p>\n<p>&#8211;\u00a0\u00a0 Directeur de collection de manuels scolaires aux \u00e9ditions Nathan (2001-2004) puis Bordas (2009-2010)<\/p>\n<p><b>Chapitres d\u2019ouvrages<\/b><\/p>\n<p style=\"text-align: justify\">&#8211;\u00a0\u00a0 Olivier Loubes, \u00ab\u00a0Les deux \u00e9coles\u00a0\u00bb, dans <strong>Laurent Gutierrez (DS)<i>, <\/i><\/strong><i>Eduquer au patriotisme par l&rsquo;illustration. L&rsquo;apport de Lucien M\u00e9tivet.<\/i><i>. Recueil de dessins comment\u00e9s parus dans la revue scolaire L&rsquo;Ecole et la Vie entre le 15 septembre 1917 et le 23 novembre 1918.<\/i> <i>Pr\u00e9face de Jean-Fran\u00e7ois Chanet<\/i>, \u00e0 para\u00eetre, Presses universitaires de Rouen, 2014.<\/p>\n<p style=\"text-align: justify\">&#8211;\u00a0 Olivier Loubes, \u00ab\u00a0L\u2019affaire Jean Zay.<i>\u00a0Un r\u00e9cit historique qui parle de lui-m\u00eame\u2026\u00a0\u00bb,<\/i> \u00ab\u00a0Apr\u00e8s la derni\u00e8re \u00e9tape\u2026\u00a0\u00bb, \u00ab\u00a0Chronique de la vie et des \u00e9crits de Jean Zay\u00a0\u00bb, dans<i> Jean Zay. Ecrits de \u00a0prison\u00a0: 1940-1944<\/i>, Belin, 2014, p 651-652, p 947-949,\u00a0 p 999-1014.<\/p>\n<p style=\"text-align: justify\">&#8211;\u00a0\u00a0 Olivier Loubes, \u00ab\u00a0L\u2019\u00e9cole et les deux corps de la nation en France 1900-1940\u00a0\u00bb, dans <a href=\"http:\/\/www.amazon.fr\/Beno%C3%AEt-Falaize\/e\/B004N1A4EY\/ref=ntt_athr_dp_pel_1\">B. Falaize<\/a>, <a href=\"http:\/\/www.amazon.fr\/Charles-Heimberg\/e\/B004MPFY6O\/ref=ntt_athr_dp_pel_2\">C. Heimberg<\/a>, <a href=\"http:\/\/www.amazon.fr\/Olivier-Loubes\/e\/B004MQ3JQ0\/ref=ntt_athr_dp_pel_3\">O. Loube<\/a>s (DS), <i>L&rsquo;\u00e9cole et la nation<\/i>. Actes du s\u00e9minaire scientifique international Lyon, Barcelone, Paris, ENS \u00e9ditions, 2013, p 93-101.<\/p>\n<p>&#8211;\u00a0\u00a0 Olivier Loubes, \u00ab\u00a0Ernest Lavisse, \u00ab\u00a0l\u2019instituteur national\u00a0\u00bb\u00a0\u00bb, <i>1500 ans d\u2019histoires de France, <\/i>L\u2019histoire \u00e9ditions, 2013, p 54-61.<\/p>\n<p>&#8211;\u00a0\u00a0\u00a0 Olivier Loubes, \u00ab\u00a0Le proc\u00e8s de Jean Zay. Faire justice de Vichy ann\u00e9e 1940\u00a0\u00bb, dans Pierre Allorant, No\u00eblline Castagnez et Antoine Prost (DS), <i>Le moment 1940. Effondrement national et r\u00e9alit\u00e9s locales<\/i>, L\u2019harmattan, 2012, p 117-127.<\/p>\n<p style=\"text-align: justify\">&#8211;\u00a0\u00a0 Olivier Loubes, \u00ab\u00a0Derri\u00e8re l\u2019\u00e9tendard du pastiche\u00a0\u00bb, Antoine Prost (DS), <i>Jean Zay et la gauche du radicalisme<\/i>, Paris, Presses de Sciences Po, 2003, p. 99-111.<\/p>\n<p style=\"text-align: justify\">&#8211;\u00a0\u00a0\u00a0 Olivier Loubes, \u00ab\u00a0Jean Zay, un \u00e9colier <i>familier<\/i> de la guerre\u00a0\u00bb, dans Gilles Bernard, <i>Bleu horizon, <\/i>Portet-sur-Garonne, \u00e9ditions Empreinte, 2001, p 8-13.<\/p>\n<p style=\"text-align: justify\">&#8211;\u00a0\u00a0 Olivier Loubes, \u00ab\u00a0Jean Zay, une r\u00e9sistance d\u00e9plac\u00e9e\u00a0\u00bb, dans Jean-Marie Guillon et Pierre Laborie (DS), <i>M\u00e9moire et histoire\u00a0: La R\u00e9sistance,<\/i> Toulouse, Privat, 1995, p. 327-334.<\/p>\n<p style=\"text-align: justify\">&#8211;\u00a0\u00a0 Olivier Loubes, \u00ab\u00a0L\u2019\u00e9cole et les \u00e9trangers\u00a0: assimilation et exclusion \u00bb, dans Pierre Milza et Denis Peschanski (DS), <i>Italiens et Espagnols en France 1938-1946<\/i>, IHTP, CEDEI, CHEVS, Paris, 1991, p 265-276.<\/p>\n<p><b>Articles<\/b><\/p>\n<p style=\"text-align: justify\">&#8211;\u00a0\u00a0\u00a0\u00a0 Olivier Loubes, \u00ab D\u2019un roman national, l\u2019autre. Lire l\u2019histoire par la fin dans les programmes de 1923 et de 1938 \u00bb, <i>Histoire@Politique<\/i>. <i>Politique, culture, soci\u00e9t\u00e9<\/i>, n\u00b0 21, septembre-d\u00e9cembre 2013 [en ligne, www.histoire-politique.fr]<\/p>\n<p style=\"text-align: justify\">&#8211;\u00a0\u00a0 Olivier Loubes et Annelise Rodrigo, \u00ab\u00a0Pierre Laborie, un historien trouble m\u00e9moire\u00a0\u00bb, <i>Mondes sociaux<\/i>, le magazine en ligne des sciences humaines et sociales de Toulouse, Labex SMS (Structuration des Mondes Sociaux), mis en ligne le 3 d\u00e9cembre 2013. <a href=\"http:\/\/sms.hypotheses.org\/author\/rodrigoloubes\">http:\/\/sms.hypotheses.org\/author\/rodrigoloubes<\/a><\/p>\n<p style=\"text-align: justify\">&#8211;\u00a0\u00a0 Olivier Loubes, \u00ab\u00a0L\u2019\u00e9cole, une passion fran\u00e7aise\u00a0\u00bb, entretien paru dans le Hors s\u00e9rie <i>Marianne-L\u2019Histoire<\/i> consacr\u00e9 \u00e0 \u00ab\u00a0L\u2019\u00e9cole de la R\u00e9publique\u00a0\u00bb, sept-oct. 2011, p 86-94.<\/p>\n<p style=\"text-align: justify\">&#8211;\u00a0 Olivier Loubes, \u00ab\u00a0Concordance et temps des Ecrits de captivit\u00e9 de Jean Zay, \u00ab\u00a0cet homme qui \u00e9crit ou lit alors qu\u2019il pourrait dormir\u00a0\u00bb (8 f\u00e9vrier 1941)\u00a0\u00bb, journ\u00e9e d\u2019\u00e9tudes \u00ab\u00a0Les papiers de Jean Zay entrent aux Archives nationales\u00a0\u00bb, 8 juin 2010.<\/p>\n<p style=\"text-align: justify\">&#8211;\u00a0\u00a0 Olivier Loubes\u00a0, \u00ab\u00a0L\u2019\u00e9cole et les deux corps de la nation en France\u00a0(1900-1940)\u00bb, <i>Histoire de l\u2019\u00e9ducation<\/i>, n\u00b0 126, avril-juin 2010, p 55-75.<\/p>\n<p style=\"text-align: justify\">&#8211; Olivier Loubes, \u00ab Portrait d&rsquo;un fou de la R\u00e9publique \u00bb. Jean Zay, r\u00e9formateur de l&rsquo;\u00e9cole, protestant r\u00e9form\u00e9 et cible de l&rsquo;antis\u00e9mitisme \u00bb, <em>Bulletin de la Soci\u00e9t\u00e9 de l&rsquo;Histoire du Protestantisme Fran\u00e7ais<\/em>, janvier-f\u00e9vrier-mars 2008, p 61-74.<\/p>\n<p style=\"text-align: justify\">&#8211; Olivier Loubes, \u00ab A contre histoire. Gaston Cl\u00e9mendot, instituteur pacifiste (1904-1952), <em>Histoire@politique<\/em>, n\u00b03, novembre-d\u00e9cembre 2007. [en ligne, www.histoire-politique.fr]<\/p>\n<p style=\"text-align: justify\">&#8211;\u00a0\u00a0\u00a0 Olivier Loubes, \u00ab\u00a0Interdire les signes religieux et politiques dans les lyc\u00e9es publics depuis Jules Ferry\u00a0: contribution \u00e0 l\u2019histoire r\u00e9glementaire du temp\u00e9rament r\u00e9publicain\u00a0\u00bb, <i>Historiens et G\u00e9ographes<\/i>, n\u00b0 398, mai 2007, p. 71-93.<\/p>\n<p style=\"text-align: justify\">&#8211;\u00a0\u00a0 Olivier Loubes, \u00ab\u00a0Jean Zay, ou le destin bris\u00e9 du Front populaire\u00a0\u00bb, <i>L\u2019Histoire<\/i> n\u00b0 309, mai 2006, p. 68-73.<\/p>\n<p style=\"text-align: justify\">&#8211;\u00a0\u00a0 Olivier Loubes, \u00ab L&rsquo;\u00e9trange d\u00e9faite de la patrie \u00e0 l&rsquo;\u00e9cole primaire en France entre 1918 et 1940 \u00bb, <em>Historiens et G\u00e9ographes<\/em>, n\u00b0398, avril 2005, p 193-202.<\/p>\n<p style=\"text-align: justify\">&#8211;\u00a0\u00a0 Olivier Loubes, \u00ab L&rsquo;interdiction des propagandes politiques et confessionnelles dans les \u00e9tablissements scolaires \u00bb, <em>Vingti\u00e8me si\u00e8cle, revue d\u2019histoire<\/em>, n\u00b081, janvier-mars 2004, p 131-136.<\/p>\n<p style=\"text-align: justify\">&#8211;\u00a0 Olivier Loubes, \u00ab\u00a0D\u2019un drapeau l\u2019autre. Jean Zay (1914-1940)\u00a0\u00bb, <i>Vingti\u00e8me si\u00e8cle, revue d\u2019histoire<\/i>, n\u00b0 71, juillet-septembre 2001. p. 37-51.<\/p>\n<p style=\"text-align: justify\">&#8211;\u00a0\u00a0 Olivier Loubes, \u00ab\u00a0Jean Zay, Vichy et la r\u00e9sistance\u00a0: une mise en ab\u00eeme de l\u2019\u00e9clipse\u00a0\u00bb, <i>Revue d\u2019histoire moderne et contemporaine<\/i>, 43-1, janvier-mars 1996, p. 151-167.<\/p>\n","protected":false},"excerpt":{"rendered":"<p>Professeur agr\u00e9g\u00e9 CPGE, docteur en histoire, membre associ\u00e9 de FRAMESPA. Pr\u00e9sentation Courriel : Mots-clefs : Chantier : Chantier 7\u00a0: Histoire transnationale de l\u2019enseignement, de l\u2019\u00e9cole et de la nation Bibliographie Livres &#8211;\u00a0\u00a0 Cannes, 1939, le festival qui n&rsquo;a pas eu lieu, Paris, Colin, 2016. &#8211; Jean Zay, L\u2019inconnu de la R\u00e9publique, Paris, Colin, 2012, 288 &hellip; <a href=\"https:\/\/blogs.univ-jfc.fr\/studium\/les-membres\/loubes-olivier\/\" class=\"more-link\">Continuer la lecture de <span class=\"screen-reader-text\">LOUBES Olivier<\/span> <span class=\"meta-nav\">&rarr;<\/span><\/a><\/p>\n","protected":false},"author":19,"featured_media":0,"parent":10,"menu_order":15,"comment_status":"closed","ping_status":"closed","template":"","meta":[],"_links":{"self":[{"href":"https:\/\/blogs.univ-jfc.fr\/studium\/wp-json\/wp\/v2\/pages\/51"}],"collection":[{"href":"https:\/\/blogs.univ-jfc.fr\/studium\/wp-json\/wp\/v2\/pages"}],"about":[{"href":"https:\/\/blogs.univ-jfc.fr\/studium\/wp-json\/wp\/v2\/types\/page"}],"author":[{"embeddable":true,"href":"https:\/\/blogs.univ-jfc.fr\/studium\/wp-json\/wp\/v2\/users\/19"}],"replies":[{"embeddable":true,"href":"https:\/\/blogs.univ-jfc.fr\/studium\/wp-json\/wp\/v2\/comments?post=51"}],"version-history":[{"count":10,"href":"https:\/\/blogs.univ-jfc.fr\/studium\/wp-json\/wp\/v2\/pages\/51\/revisions"}],"predecessor-version":[{"id":1289,"href":"https:\/\/blogs.univ-jfc.fr\/studium\/wp-json\/wp\/v2\/pages\/51\/revisions\/1289"}],"up":[{"embeddable":true,"href":"https:\/\/blogs.univ-jfc.fr\/studium\/wp-json\/wp\/v2\/pages\/10"}],"wp:attachment":[{"href":"https:\/\/blogs.univ-jfc.fr\/studium\/wp-json\/wp\/v2\/media?parent=51"}],"curies":[{"name":"wp","href":"https:\/\/api.w.org\/{rel}","templated":true}]}}