{"id":551,"date":"2017-04-01T05:03:14","date_gmt":"2017-04-01T04:03:14","guid":{"rendered":"http:\/\/blogs.univ-jfc.fr\/studium\/?page_id=551"},"modified":"2021-04-25T16:27:06","modified_gmt":"2021-04-25T15:27:06","slug":"francois-ischer","status":"publish","type":"page","link":"https:\/\/blogs.univ-jfc.fr\/studium\/les-membres\/francois-ischer\/","title":{"rendered":"ICHER Fran\u00e7ois"},"content":{"rendered":"<p><a href=\"http:\/\/blogs.univ-jfc.fr\/studium\/wp-content\/uploads\/sites\/44\/2017\/04\/Fran\u00e7ois.jpg\"><img loading=\"lazy\" class=\"wp-image-555 aligncenter\" src=\"http:\/\/blogs.univ-jfc.fr\/studium\/wp-content\/uploads\/sites\/44\/2017\/04\/Fran\u00e7ois-300x300.jpg\" alt=\"\" width=\"207\" height=\"207\" srcset=\"https:\/\/blogs.univ-jfc.fr\/studium\/wp-content\/uploads\/sites\/44\/2017\/04\/Fran\u00e7ois-300x300.jpg 300w, https:\/\/blogs.univ-jfc.fr\/studium\/wp-content\/uploads\/sites\/44\/2017\/04\/Fran\u00e7ois-150x150.jpg 150w, https:\/\/blogs.univ-jfc.fr\/studium\/wp-content\/uploads\/sites\/44\/2017\/04\/Fran\u00e7ois.jpg 640w\" sizes=\"(max-width: 207px) 100vw, 207px\" \/><\/a><\/p>\n<p>Professeur agr\u00e9g\u00e9 d&rsquo;histoire-g\u00e9ographie, docteur en Histoire, et Inspecteur P\u00e9dagogique R\u00e9gional, membre associ\u00e9 du laboratoire FRAMESPA.<\/p>\n<p><strong><span style=\"color: #800000\">Mots-clefs :<\/span><\/strong> formation professionnelle, compagnonnage, apprentissage.<\/p>\n<h5><span style=\"color: #800000\">Chantiers :<\/span><\/h5>\n<p>Chantier 2 : <a href=\"http:\/\/blogs.univ-jfc.fr\/studium\/wp-admin\/post.php?post=109&amp;action=edit\">savoirs, contenus, gens de savoir<\/a> ; chantier 5 : <a href=\"http:\/\/blogs.univ-jfc.fr\/studium\/les-projets\/chantier-5-espaces-territoires-et-lieux-denseignement\/\">Espaces, territoires et lieux d\u2019enseignement<\/a> ;<\/p>\n<h5>Actualit\u00e9 presse<\/h5>\n<p>Interview dans le <a href=\"https:\/\/www.lemonde.fr\/campus\/article\/2019\/05\/21\/compagnons-du-devoir-on-peut-parler-d-une-premiere-forme-d-alternance-sur-le-chantier-cathedral_5464824_4401467.html\" target=\"_blank\" rel=\"noopener noreferrer\">Monde <\/a>du 21 mai 2019.<\/p>\n<h5>Bibliographie<\/h5>\n<h5><strong>Livres<br \/>\n<\/strong><\/h5>\n<p><em>Relever Notre-Dame, voyage au pays des b\u00e2tisseurs,<\/em> Presses de la Renaissance, 2020.<\/p>\n<p><a href=\"http:\/\/blogs.univ-jfc.fr\/studium\/wp-content\/uploads\/sites\/44\/2021\/04\/Icher.jpg\"><img loading=\"lazy\" class=\"size-medium wp-image-1950 aligncenter\" src=\"http:\/\/blogs.univ-jfc.fr\/studium\/wp-content\/uploads\/sites\/44\/2021\/04\/Icher-197x300.jpg\" alt=\"\" width=\"197\" height=\"300\" srcset=\"https:\/\/blogs.univ-jfc.fr\/studium\/wp-content\/uploads\/sites\/44\/2021\/04\/Icher-197x300.jpg 197w, https:\/\/blogs.univ-jfc.fr\/studium\/wp-content\/uploads\/sites\/44\/2021\/04\/Icher.jpg 328w\" sizes=\"(max-width: 197px) 100vw, 197px\" \/><\/a><\/p>\n<p><em>Le Compagnonnage,<\/em> collection \u00ab\u00a0Petite histoire\u00a0\u00bb,<em>\u00a0<\/em>Editions Cairn, 2019.<\/p>\n<p><a href=\"http:\/\/blogs.univ-jfc.fr\/studium\/wp-content\/uploads\/sites\/44\/2021\/04\/Petite-histoire-du-compagnonnage.jpg\"><img loading=\"lazy\" class=\"size-medium wp-image-1952 aligncenter\" src=\"http:\/\/blogs.univ-jfc.fr\/studium\/wp-content\/uploads\/sites\/44\/2021\/04\/Petite-histoire-du-compagnonnage-200x300.jpg\" alt=\"\" width=\"200\" height=\"300\" srcset=\"https:\/\/blogs.univ-jfc.fr\/studium\/wp-content\/uploads\/sites\/44\/2021\/04\/Petite-histoire-du-compagnonnage-200x300.jpg 200w, https:\/\/blogs.univ-jfc.fr\/studium\/wp-content\/uploads\/sites\/44\/2021\/04\/Petite-histoire-du-compagnonnage.jpg 400w\" sizes=\"(max-width: 200px) 100vw, 200px\" \/><\/a><\/p>\n<p><em>Cath\u00e9drales, le temps de l&rsquo;oeuvre, l&rsquo;oeuvre du temps,<\/em> Editions de La Martini\u00e8re, 2019<\/p>\n<p><em><a href=\"http:\/\/blogs.univ-jfc.fr\/studium\/wp-content\/uploads\/sites\/44\/2021\/04\/Cathedrales-Le-temps-de-l-oeuvre-l-oeuvre-du-temps.jpg\"><img loading=\"lazy\" class=\"size-medium wp-image-1951 aligncenter\" src=\"http:\/\/blogs.univ-jfc.fr\/studium\/wp-content\/uploads\/sites\/44\/2021\/04\/Cathedrales-Le-temps-de-l-oeuvre-l-oeuvre-du-temps-188x300.jpg\" alt=\"\" width=\"188\" height=\"300\" srcset=\"https:\/\/blogs.univ-jfc.fr\/studium\/wp-content\/uploads\/sites\/44\/2021\/04\/Cathedrales-Le-temps-de-l-oeuvre-l-oeuvre-du-temps-188x300.jpg 188w, https:\/\/blogs.univ-jfc.fr\/studium\/wp-content\/uploads\/sites\/44\/2021\/04\/Cathedrales-Le-temps-de-l-oeuvre-l-oeuvre-du-temps.jpg 400w\" sizes=\"(max-width: 188px) 100vw, 188px\" \/><\/a><\/em><\/p>\n<ul>\n<li><i>Les compagnons du tour de France<\/i>, Paris, \u00c9ditions de La Martini\u00e8re, 2010.<\/li>\n<\/ul>\n<p><a href=\"http:\/\/blogs.univ-jfc.fr\/studium\/wp-content\/uploads\/sites\/44\/2019\/05\/Compagnons-du-Tour-de-fce.jpg\"><img loading=\"lazy\" class=\"size-full wp-image-1269 aligncenter\" src=\"http:\/\/blogs.univ-jfc.fr\/studium\/wp-content\/uploads\/sites\/44\/2019\/05\/Compagnons-du-Tour-de-fce.jpg\" alt=\"\" width=\"151\" height=\"200\" \/><\/a><\/p>\n<ul>\n<li><i>Les Compagnons, les voix de la sagesse<\/i>, \u00c9ditions de La Martini\u00e8re, Paris, 2003.<\/li>\n<\/ul>\n<p><a href=\"http:\/\/blogs.univ-jfc.fr\/studium\/wp-content\/uploads\/sites\/44\/2019\/05\/la-voie-de-la-sagesse.jpg\"><img loading=\"lazy\" class=\"size-medium wp-image-1278 aligncenter\" src=\"http:\/\/blogs.univ-jfc.fr\/studium\/wp-content\/uploads\/sites\/44\/2019\/05\/la-voie-de-la-sagesse-149x300.jpg\" alt=\"\" width=\"149\" height=\"300\" srcset=\"https:\/\/blogs.univ-jfc.fr\/studium\/wp-content\/uploads\/sites\/44\/2019\/05\/la-voie-de-la-sagesse-149x300.jpg 149w, https:\/\/blogs.univ-jfc.fr\/studium\/wp-content\/uploads\/sites\/44\/2019\/05\/la-voie-de-la-sagesse.jpg 158w\" sizes=\"(max-width: 149px) 100vw, 149px\" \/><\/a><\/p>\n<ul>\n<li><i>Apprentis et Compagnons au Moyen \u00c2ge<\/i>, Paris, \u00c9ditions du Sorbier, 2002.<\/li>\n<\/ul>\n<p><a href=\"http:\/\/blogs.univ-jfc.fr\/studium\/wp-content\/uploads\/sites\/44\/2019\/05\/Apprentis-et-Compagnons-au-Moyen-\u00c2ge-Paris-\u00c9ditions-du-Sorbier-2002.jpg\"><img loading=\"lazy\" class=\"size-full wp-image-1277 aligncenter\" src=\"http:\/\/blogs.univ-jfc.fr\/studium\/wp-content\/uploads\/sites\/44\/2019\/05\/Apprentis-et-Compagnons-au-Moyen-\u00c2ge-Paris-\u00c9ditions-du-Sorbier-2002.jpg\" alt=\"\" width=\"199\" height=\"253\" \/><\/a><\/p>\n<ul>\n<li><i>Petit Dictionnaire du Compagnonnage<\/i>, Paris, Descl\u00e9e de Brouwer, 2000.<\/li>\n<li><i>Les Compagnons<\/i>, Toulouse, \u00c9ditions Milan, Collection \u00ab\u00a0Les Essentiels\u00a0\u00bb, 1999.<\/li>\n<\/ul>\n<p><a href=\"http:\/\/blogs.univ-jfc.fr\/studium\/wp-content\/uploads\/sites\/44\/2019\/05\/Les-compagnons.jpg\"><img loading=\"lazy\" class=\"size-full wp-image-1272 aligncenter\" src=\"http:\/\/blogs.univ-jfc.fr\/studium\/wp-content\/uploads\/sites\/44\/2019\/05\/Les-compagnons.jpg\" alt=\"\" width=\"175\" height=\"288\" \/><\/a><\/p>\n<ul>\n<li><i>Les Compagnonnages en France au XX<sup>e<\/sup> si\u00e8cle, Histoire, M\u00e9moire, repr\u00e9sentations<\/i>, Paris, Jacques Grancher, 1999.<\/li>\n<\/ul>\n<p><a href=\"http:\/\/blogs.univ-jfc.fr\/studium\/wp-content\/uploads\/sites\/44\/2019\/05\/Les-compagnognages.jpg\"><img loading=\"lazy\" class=\"size-full wp-image-1271 aligncenter\" src=\"http:\/\/blogs.univ-jfc.fr\/studium\/wp-content\/uploads\/sites\/44\/2019\/05\/Les-compagnognages.jpg\" alt=\"\" width=\"191\" height=\"264\" \/><\/a><\/p>\n<ul>\n<li><i>La France des Compagnons<\/i>, Paris, \u00c9ditions de la Martini\u00e8re, 1994.<a href=\"http:\/\/blogs.univ-jfc.fr\/studium\/wp-content\/uploads\/sites\/44\/2019\/05\/Les-France-des-compagnons.jpg\"><img loading=\"lazy\" class=\"size-full wp-image-1273 aligncenter\" src=\"http:\/\/blogs.univ-jfc.fr\/studium\/wp-content\/uploads\/sites\/44\/2019\/05\/Les-France-des-compagnons.jpg\" alt=\"\" width=\"225\" height=\"225\" srcset=\"https:\/\/blogs.univ-jfc.fr\/studium\/wp-content\/uploads\/sites\/44\/2019\/05\/Les-France-des-compagnons.jpg 225w, https:\/\/blogs.univ-jfc.fr\/studium\/wp-content\/uploads\/sites\/44\/2019\/05\/Les-France-des-compagnons-150x150.jpg 150w\" sizes=\"(max-width: 225px) 100vw, 225px\" \/><\/a><\/li>\n<li><i>Le Compagnonnage<\/i>, Paris, Jacques Grancher, 1989.<\/li>\n<\/ul>\n<p><a href=\"http:\/\/blogs.univ-jfc.fr\/studium\/wp-content\/uploads\/sites\/44\/2019\/05\/le-compagnonage.jpg\"><img loading=\"lazy\" class=\"size-full wp-image-1280 aligncenter\" src=\"http:\/\/blogs.univ-jfc.fr\/studium\/wp-content\/uploads\/sites\/44\/2019\/05\/le-compagnonage.jpg\" alt=\"\" width=\"225\" height=\"225\" srcset=\"https:\/\/blogs.univ-jfc.fr\/studium\/wp-content\/uploads\/sites\/44\/2019\/05\/le-compagnonage.jpg 225w, https:\/\/blogs.univ-jfc.fr\/studium\/wp-content\/uploads\/sites\/44\/2019\/05\/le-compagnonage-150x150.jpg 150w\" sizes=\"(max-width: 225px) 100vw, 225px\" \/><\/a><\/p>\n<p><strong>Articles ou chapitres de livres<\/strong><\/p>\n<p>&#8211; Fran\u00e7ois Icher, \u00ab\u00a0Enseigner la Premi\u00e8re Guerre mondiale, enjeux et pratiques\u00a0\u00bb, dans <em>Enseigner la Grande Guerre<\/em>, Portet-sur-Garonne, Editions Midi-Pyr\u00e9n\u00e9ennes, 2018, p. 117-119.<\/p>\n<p><i>&#8211; Les Lieux de savoir<\/i>, sous la dir. de Christian Jacob, Paris, Albin Michel, 2007.<\/p>\n<p><i>&#8211; Le Compagnonnage, chemin de l\u2019excellence<\/i>, sous la dir. de Maurice Agulhon, Paris, Mus\u00e9e National des Arts et Traditions Populaires, R\u00e9union des mus\u00e9es nationaux, 1996.<\/p>\n","protected":false},"excerpt":{"rendered":"<p>Professeur agr\u00e9g\u00e9 d&rsquo;histoire-g\u00e9ographie, docteur en Histoire, et Inspecteur P\u00e9dagogique R\u00e9gional, membre associ\u00e9 du laboratoire FRAMESPA. Mots-clefs : formation professionnelle, compagnonnage, apprentissage. Chantiers : Chantier 2 : savoirs, contenus, gens de savoir ; chantier 5 : Espaces, territoires et lieux d\u2019enseignement ; Actualit\u00e9 presse Interview dans le Monde du 21 mai 2019. Bibliographie Livres Relever Notre-Dame, &hellip; <a href=\"https:\/\/blogs.univ-jfc.fr\/studium\/les-membres\/francois-ischer\/\" class=\"more-link\">Continuer la lecture de <span class=\"screen-reader-text\">ICHER Fran\u00e7ois<\/span> <span class=\"meta-nav\">&rarr;<\/span><\/a><\/p>\n","protected":false},"author":19,"featured_media":0,"parent":10,"menu_order":12,"comment_status":"closed","ping_status":"closed","template":"","meta":[],"_links":{"self":[{"href":"https:\/\/blogs.univ-jfc.fr\/studium\/wp-json\/wp\/v2\/pages\/551"}],"collection":[{"href":"https:\/\/blogs.univ-jfc.fr\/studium\/wp-json\/wp\/v2\/pages"}],"about":[{"href":"https:\/\/blogs.univ-jfc.fr\/studium\/wp-json\/wp\/v2\/types\/page"}],"author":[{"embeddable":true,"href":"https:\/\/blogs.univ-jfc.fr\/studium\/wp-json\/wp\/v2\/users\/19"}],"replies":[{"embeddable":true,"href":"https:\/\/blogs.univ-jfc.fr\/studium\/wp-json\/wp\/v2\/comments?post=551"}],"version-history":[{"count":14,"href":"https:\/\/blogs.univ-jfc.fr\/studium\/wp-json\/wp\/v2\/pages\/551\/revisions"}],"predecessor-version":[{"id":1960,"href":"https:\/\/blogs.univ-jfc.fr\/studium\/wp-json\/wp\/v2\/pages\/551\/revisions\/1960"}],"up":[{"embeddable":true,"href":"https:\/\/blogs.univ-jfc.fr\/studium\/wp-json\/wp\/v2\/pages\/10"}],"wp:attachment":[{"href":"https:\/\/blogs.univ-jfc.fr\/studium\/wp-json\/wp\/v2\/media?parent=551"}],"curies":[{"name":"wp","href":"https:\/\/api.w.org\/{rel}","templated":true}]}}