{"id":570,"date":"2017-05-23T09:27:01","date_gmt":"2017-05-23T08:27:01","guid":{"rendered":"http:\/\/blogs.univ-jfc.fr\/studium\/?page_id=570"},"modified":"2021-06-06T16:20:39","modified_gmt":"2021-06-06T15:20:39","slug":"hoibian-olivier","status":"publish","type":"page","link":"https:\/\/blogs.univ-jfc.fr\/studium\/les-membres\/hoibian-olivier\/","title":{"rendered":"HOIBIAN Olivier"},"content":{"rendered":"<p><a href=\"http:\/\/blogs.univ-jfc.fr\/studium\/wp-content\/uploads\/sites\/44\/2017\/05\/Olivier_Hoibian.png\"><img loading=\"lazy\" class=\"size-full wp-image-575 aligncenter\" src=\"http:\/\/blogs.univ-jfc.fr\/studium\/wp-content\/uploads\/sites\/44\/2017\/05\/Olivier_Hoibian.png\" alt=\"\" width=\"180\" height=\"180\" srcset=\"https:\/\/blogs.univ-jfc.fr\/studium\/wp-content\/uploads\/sites\/44\/2017\/05\/Olivier_Hoibian.png 180w, https:\/\/blogs.univ-jfc.fr\/studium\/wp-content\/uploads\/sites\/44\/2017\/05\/Olivier_Hoibian-150x150.png 150w\" sizes=\"(max-width: 180px) 100vw, 180px\" \/><\/a><\/p>\n<p>Ma\u00eetre de conf\u00e9rences-HDR \u00e0 la Facult\u00e9 des Sciences du sport et du mouvement humain, Universit\u00e9 de Toulouse \/ Universit\u00e9 Paul Sabatier. Membre permanent du laboratoire Framespa.<\/p>\n<p><a href=\"http:\/\/cresco.univ-tlse3.fr\/olivier-hoibian-601520.kjsp\" target=\"_blank\" rel=\"noopener noreferrer\">Pr\u00e9sentation<\/a><\/p>\n<p>Courriel : olivier.hoibian@wanadoo.fr<\/p>\n<h5>Mots-clefs :<\/h5>\n<p>Sociologie historique des loisirs de nature et de l&rsquo;\u00e9ducation physique scolaire, sociologie des professions, sociologie et histoire de l&rsquo;\u00e9ducation.<\/p>\n<h5>Chantiers :<\/h5>\n<p>Chantier 2 : <a href=\"http:\/\/blogs.univ-jfc.fr\/studium\/wp-admin\/post.php?post=109&amp;action=edit\">savoirs, contenus, gens de savoir<\/a> ; chantier 6.<\/p>\n<h5>Bibliographie<\/h5>\n<div class=\"ligne\">\n<div class=\"colonne premiere_colonne derniere_colonne\">\n<div class=\"colonne_deco\">\n<div class=\"style1\">\n<div class=\"style1_contenu\">\n<p><strong>Livres<\/strong><\/p>\n<p style=\"text-align: left\">Olivier Hoibian, <em>Le Mai 68 des sportifs et des \u00e9ducateurs sportifs<\/em>, Rennes, PUR, 2021.<\/p>\n<p><a href=\"http:\/\/blogs.univ-jfc.fr\/studium\/wp-content\/uploads\/sites\/44\/2021\/06\/hoibian-2.jpg\"><img loading=\"lazy\" class=\"size-medium wp-image-1994 aligncenter\" src=\"http:\/\/blogs.univ-jfc.fr\/studium\/wp-content\/uploads\/sites\/44\/2021\/06\/hoibian-2-194x300.jpg\" alt=\"\" width=\"194\" height=\"300\" srcset=\"https:\/\/blogs.univ-jfc.fr\/studium\/wp-content\/uploads\/sites\/44\/2021\/06\/hoibian-2-194x300.jpg 194w, https:\/\/blogs.univ-jfc.fr\/studium\/wp-content\/uploads\/sites\/44\/2021\/06\/hoibian-2.jpg 485w\" sizes=\"(max-width: 194px) 100vw, 194px\" \/><\/a><\/p>\n<p>Jacques Defrance, Ta\u00efeb El Boujjoufi, Hoibian, Olivier, <em>Le sport au secours de la sant\u00e9<\/em>, Ed. du Croquant, 2021. <a href=\"http:\/\/blogs.univ-jfc.fr\/studium\/wp-content\/uploads\/sites\/44\/2021\/04\/olivier-2.jpg\"><img loading=\"lazy\" class=\" wp-image-1886 aligncenter\" src=\"http:\/\/blogs.univ-jfc.fr\/studium\/wp-content\/uploads\/sites\/44\/2021\/04\/olivier-2-190x300.jpg\" alt=\"\" width=\"139\" height=\"219\" srcset=\"https:\/\/blogs.univ-jfc.fr\/studium\/wp-content\/uploads\/sites\/44\/2021\/04\/olivier-2-190x300.jpg 190w, https:\/\/blogs.univ-jfc.fr\/studium\/wp-content\/uploads\/sites\/44\/2021\/04\/olivier-2.jpg 317w\" sizes=\"(max-width: 139px) 100vw, 139px\" \/><\/a><\/p>\n<p>Olivier Hoibian (dir.), <em>La Montagne pour tous. La gen\u00e8se d\u2019une ambition dans l\u2019Europe du XX<sup>e<\/sup> si\u00e8cle<\/em>, Le pas de l\u2019Oiseau, 2020.<a href=\"http:\/\/blogs.univ-jfc.fr\/studium\/wp-content\/uploads\/sites\/44\/2020\/11\/olivier-2.jpg\"><img loading=\"lazy\" class=\"size-medium wp-image-1842 aligncenter\" src=\"http:\/\/blogs.univ-jfc.fr\/studium\/wp-content\/uploads\/sites\/44\/2020\/11\/olivier-2-196x300.jpg\" alt=\"\" width=\"196\" height=\"300\" srcset=\"https:\/\/blogs.univ-jfc.fr\/studium\/wp-content\/uploads\/sites\/44\/2020\/11\/olivier-2-196x300.jpg 196w, https:\/\/blogs.univ-jfc.fr\/studium\/wp-content\/uploads\/sites\/44\/2020\/11\/olivier-2.jpg 326w\" sizes=\"(max-width: 196px) 100vw, 196px\" \/><\/a><\/p>\n<p>2008 : Hoibian, O., Dir. : <em>L&rsquo;invention de l&rsquo;alpinisme, La montagne et l&rsquo;affirmation de la bourgeoisie cultiv\u00e9e,<\/em> <em>1786-1914,<\/em> Paris, Belin, coll. <em>Histoire et soci\u00e9t\u00e9. <\/em>Pr\u00e9face de G. Vigarello.<\/p>\n<p><a href=\"http:\/\/blogs.univ-jfc.fr\/studium\/wp-content\/uploads\/sites\/44\/2019\/05\/bourgeoisie.png\"><img loading=\"lazy\" class=\"size-full wp-image-1262 aligncenter\" src=\"http:\/\/blogs.univ-jfc.fr\/studium\/wp-content\/uploads\/sites\/44\/2019\/05\/bourgeoisie.png\" alt=\"\" width=\"128\" height=\"199\" \/><\/a><\/p>\n<\/div>\n<div class=\"style1_contenu\"><\/div>\n<div class=\"style1_contenu\">2004 : Hoibian, O., Dir. : <em>Lucien Devies, la montagne pour vocation, Paris, L&rsquo;Harmattan, coll. Sports en soci\u00e9t\u00e9.<\/em><\/div>\n<div class=\"style1_contenu\"><a href=\"http:\/\/blogs.univ-jfc.fr\/studium\/wp-content\/uploads\/sites\/44\/2019\/05\/lucien.jpg\"><img loading=\"lazy\" class=\"size-full wp-image-1259 aligncenter\" src=\"http:\/\/blogs.univ-jfc.fr\/studium\/wp-content\/uploads\/sites\/44\/2019\/05\/lucien.jpg\" alt=\"\" width=\"177\" height=\"285\" \/><\/a><\/div>\n<div class=\"style1_contenu\"><\/div>\n<div class=\"style1_contenu\">2002 : Hoibian, O., Defrance, J., Dir. : <em>Deux si\u00e8cles d&rsquo;alpinismes europ\u00e9ens &#8211; Origines et mutations des activit\u00e9s de grimpe, <\/em>coordonn\u00e9 par Hoibian, O, Paris, L&rsquo;Harmattan, coll. <em>Sports en soci\u00e9t\u00e9.<\/em><\/div>\n<div class=\"style1_contenu\">\u00a0<a href=\"http:\/\/blogs.univ-jfc.fr\/studium\/wp-content\/uploads\/sites\/44\/2019\/05\/deux-si\u00e8cles.jpg\"><img loading=\"lazy\" class=\"size-full wp-image-1257 aligncenter\" src=\"http:\/\/blogs.univ-jfc.fr\/studium\/wp-content\/uploads\/sites\/44\/2019\/05\/deux-si\u00e8cles.jpg\" alt=\"\" width=\"178\" height=\"283\" \/><\/a><\/div>\n<div class=\"style1_contenu\">2001 : Hoibian, O., <em>Les alpinistes en France, 1870-1960, une histoire culturelle, <\/em>Paris, L&rsquo;Harmattan, coll. <em>Histoire et temps du sport.<\/em> Couronn\u00e9 par le Grand Prix du Livre de montagne de Passy en Ao\u00fbt 2001.<\/div>\n<div class=\"style1_contenu\"><\/div>\n<div class=\"style1_contenu\"><a href=\"http:\/\/blogs.univ-jfc.fr\/studium\/wp-content\/uploads\/sites\/44\/2019\/05\/les-alpinistes.jpg\"><img loading=\"lazy\" class=\"size-full wp-image-1253 aligncenter\" src=\"http:\/\/blogs.univ-jfc.fr\/studium\/wp-content\/uploads\/sites\/44\/2019\/05\/les-alpinistes.jpg\" alt=\"\" width=\"183\" height=\"276\" \/><\/a><\/div>\n<\/div>\n<\/div>\n<\/div>\n<\/div>\n<div class=\"ligne\">\n<div class=\"colonne premiere_colonne derniere_colonne\">\n<div class=\"colonne_deco\">\n<div class=\"sansstyle\">\n<div>\n<p><strong>Articles<\/strong><\/p>\n<p>2015 : Hoibian, O., Vaucelle, S., Poyer, A., \u00ab\u00a0Les exercices au grand air des scolaires. Un effet des campagnes hygi\u00e9nistes du d\u00e9but du XIX\u00e8 si\u00e8cle ?\u00a0\u00bb <em>Revue Stadion,<\/em> En navette favorable.<\/p>\n<\/div>\n<div>2015 : Combaz, G., Hoibian, O., \u00ab\u00a0La relance des politiques de pr\u00e9servation de la sant\u00e9 en France et leurs impacts sur l&rsquo;\u00e9ducation physique scolaire\u00a0\u00bb, <em>Revue Science et Motricit\u00e9,<\/em> n\u00b0 88, 53-63, juin 2015.<\/div>\n<div><\/div>\n<div>\n<p>2013 : Combaz, G., Hoibian, O., \u00ab\u00a0Education physique et relance de la pr\u00e9vention de la sant\u00e9 \u00e0 l&rsquo;\u00e9cole : un coktail explosif ?\u00a0\u00bb in C. Marsault, S. Cornus, L. Giordano, Sant\u00e9 et EPS : <em>un pr\u00e9texte, des r\u00e9alit\u00e9s,<\/em> Paris, L&rsquo;Harmattan.<\/p>\n<p>2011 : Combaz, G., Hoibian, O., \u00ab\u00a0La pratique des activit\u00e9s physiques et sportives : les in\u00e9galit\u00e9s entre les filles et les gar\u00e7ons sont-elles plus r\u00e9duites dans le cadre scolaire ?\u00a0\u00bb, <em>Carrefours de l&rsquo;\u00e9ducation,<\/em> N\u00b0 34, d\u00e9cembre.<\/p>\n<\/div>\n<div>2010 : Combaz, G., Hoibian, O., \u00ab\u00a0Contenus d&rsquo;enseignements et in\u00e9galit\u00e9s sexu\u00e9es, le cas des activit\u00e9s physiques de pleine nature en \u00e9ducation physique\u00a0\u00bb, <em>Revue Les sciences de l&rsquo;\u00e9ducation pour l&rsquo;\u00e8re nouvelle,<\/em> Vol. 43, n\u00b0 3, novembre.<\/div>\n<\/div>\n<div><\/div>\n<div>2010 : Hoibian, O., \u00ab\u00a0L&rsquo;\u00e9volution des mat\u00e9riels et conditions d&rsquo;appropriation par les pratiquants : un \u00e9clairage sociologique\u00a0\u00bb in Peysson, Y. (dir), <em>Innovations scientifiques et \u00e9volution des pratiques de montagne, <\/em>Paris, Ed. FFCAM.<\/div>\n<div><\/div>\n<div>2011 : Costa-lascoux, J., Hoibian, O., <em>\u00ab\u00a0De l&rsquo;absent\u00e9isme \u00e0 la d\u00e9scolarisation\u00a0\u00bb,<\/em> in Oeuvrard, F., Glasman, D., <em>L<\/em><em>a descolarisation,<\/em> Paris, La dispute, r\u00e9\u00e9dition actualis\u00e9e.<\/div>\n<\/div>\n<div><\/div>\n<div>2011 : Combaz, G., Hoibian, O., \u00ab\u00a0Quelle culture corporelle \u00e0 l&rsquo;\u00e9cole ? entre tradition sportive et renouvellement des pratiques sociales &#8211; 1980-2006\u00a0\u00bb in Loudcher, J.F (Dir.), <em>Education physique et sport dans le monde contemporain,<\/em> Edition de l&rsquo;AFRAPS, mars 2011.<\/div>\n<div class=\"colonne_deco\">\n<div class=\"sansstyle\">\n<div><\/div>\n<div>2009 : Combaz, G., Hoibian, O., \u00ab\u00a0Quelle culture corporelle \u00e0 l&rsquo;\u00e9cole ? Entre tradition sportive et renouvellement des pratiques sociales &#8211; 1980-2006\u00a0\u00bb, <em>Revue Sciences sociales et sport, n\u00b0 2, <\/em>septembre 2009, p.93-124.<\/div>\n<div><\/div>\n<div>2009 : Combaz, G., Hoibian, O., \u00ab\u00a0La l\u00e9gitimit\u00e9 de la culture scolaire mise \u00e0 l&rsquo;\u00e9preuve. l&rsquo;exemple de l&rsquo;\u00e9ducation physique et sportive dans le second degr\u00e9 en France\u00a0\u00bb, Revue<em> Education et soci\u00e9t\u00e9, <\/em>n\u00b0 23, mars 2009, p. 189-206.<\/div>\n<\/div>\n<div><\/div>\n<div>2009 : Hoibian, O., \u00ab\u00a0Les voyages p\u00e9destres de scolaires \u00e0 la fin du XIX\u00e8 si\u00e8cle. Sant\u00e9, \u00e9ducation et litt\u00e9rature de voyage\u00a0\u00bb, <em>in Ecrire la montagne,<\/em> Revue Babel n\u00b0 20, juin 2004, p.180-193.<\/div>\n<\/div>\n<\/div>\n<\/div>\n<div><\/div>\n<div class=\"ligne\">\n<div class=\"colonne premiere_colonne derniere_colonne\">\n<div class=\"colonne_deco\">\n<div class=\"sansstyle\">\n<div>2008 : Gombaz, G., Hoibian, O., \u00ab\u00a0Le r\u00f4le de l&rsquo;\u00e9cole dans la construction des in\u00e9galit\u00e9s de r\u00e9ussite entre filles et gar\u00e7ons. L&rsquo;exemple de l&rsquo;\u00e9ducation physique et sportive dans le second degr\u00e9 en France\u00a0\u00bb, Revue <em>Travail, genre et soci\u00e9t\u00e9,<\/em> n\u00b0 20 novembre 2008, p. 129-150.<\/div>\n<div><\/div>\n<div>2006 : Hoibian, O., \u00ab\u00a0Sociogenesis of a social field : The culturel word of mountaineering in France from 1870 to 1930\u00a0\u00bb, <em>Internationale review for the sociology of sport,<\/em> (IRSS), Vol. 41, n\u00b03-4, Sept-dec 2006, p.339-354.<\/div>\n<div><\/div>\n<div>2005 : Hoibian, O., \u00ab\u00a0Pera una storia culturale dei club alpini eurpei\u00a0\u00bb in \u00ab\u00a0Il mondo alpino, storia, culture e rappresentazionin, Num\u00e9ro sp\u00e9cial de la revue <em>M\u00e9moria e Ricera, Rivista di storia contemporanea, <\/em>n\u00b0 19, Maggio-agosto.<\/div>\n<\/div>\n<\/div>\n<\/div>\n<\/div>\n<div class=\"ligne\"><\/div>\n<h5><strong>\u00a0<\/strong><\/h5>\n","protected":false},"excerpt":{"rendered":"<p>Ma\u00eetre de conf\u00e9rences-HDR \u00e0 la Facult\u00e9 des Sciences du sport et du mouvement humain, Universit\u00e9 de Toulouse \/ Universit\u00e9 Paul Sabatier. Membre permanent du laboratoire Framespa. Pr\u00e9sentation Courriel : olivier.hoibian@wanadoo.fr Mots-clefs : Sociologie historique des loisirs de nature et de l&rsquo;\u00e9ducation physique scolaire, sociologie des professions, sociologie et histoire de l&rsquo;\u00e9ducation. Chantiers : Chantier 2 &hellip; <a href=\"https:\/\/blogs.univ-jfc.fr\/studium\/les-membres\/hoibian-olivier\/\" class=\"more-link\">Continuer la lecture de <span class=\"screen-reader-text\">HOIBIAN Olivier<\/span> <span class=\"meta-nav\">&rarr;<\/span><\/a><\/p>\n","protected":false},"author":19,"featured_media":0,"parent":10,"menu_order":12,"comment_status":"closed","ping_status":"closed","template":"","meta":[],"_links":{"self":[{"href":"https:\/\/blogs.univ-jfc.fr\/studium\/wp-json\/wp\/v2\/pages\/570"}],"collection":[{"href":"https:\/\/blogs.univ-jfc.fr\/studium\/wp-json\/wp\/v2\/pages"}],"about":[{"href":"https:\/\/blogs.univ-jfc.fr\/studium\/wp-json\/wp\/v2\/types\/page"}],"author":[{"embeddable":true,"href":"https:\/\/blogs.univ-jfc.fr\/studium\/wp-json\/wp\/v2\/users\/19"}],"replies":[{"embeddable":true,"href":"https:\/\/blogs.univ-jfc.fr\/studium\/wp-json\/wp\/v2\/comments?post=570"}],"version-history":[{"count":15,"href":"https:\/\/blogs.univ-jfc.fr\/studium\/wp-json\/wp\/v2\/pages\/570\/revisions"}],"predecessor-version":[{"id":2000,"href":"https:\/\/blogs.univ-jfc.fr\/studium\/wp-json\/wp\/v2\/pages\/570\/revisions\/2000"}],"up":[{"embeddable":true,"href":"https:\/\/blogs.univ-jfc.fr\/studium\/wp-json\/wp\/v2\/pages\/10"}],"wp:attachment":[{"href":"https:\/\/blogs.univ-jfc.fr\/studium\/wp-json\/wp\/v2\/media?parent=570"}],"curies":[{"name":"wp","href":"https:\/\/api.w.org\/{rel}","templated":true}]}}