{"id":607,"date":"2017-09-13T06:53:31","date_gmt":"2017-09-13T05:53:31","guid":{"rendered":"http:\/\/blogs.univ-jfc.fr\/studium\/?page_id=607"},"modified":"2019-05-13T11:47:02","modified_gmt":"2019-05-13T10:47:02","slug":"planning-studium-2017-2018","status":"publish","type":"page","link":"https:\/\/blogs.univ-jfc.fr\/studium\/archives\/planning-studium-2017-2018\/","title":{"rendered":"Manifestations scientifiques 2018-2019"},"content":{"rendered":"<h4 style=\"text-align: left\"><span style=\"color: #ff0000\"><strong>La mobilisation scientifique en temps de guerre<\/strong><\/span><\/h4>\n<p style=\"text-align: left\"><strong>19 octobre 2018\u00a0 : S\u00e9minaire Studium (ouvert aux \u00e9tudiants de master)<\/strong><\/p>\n<p><u>Lieu<\/u>\u00a0: Biblioth\u00e8que d\u2019\u00e9tudes m\u00e9ridionales, 56 rue du Taur, Toulouse<\/p>\n<p>Organisateurs :\u00a0 Jean-Yves Bousigue et caroline Barrera<\/p>\n<hr \/>\n<div>\n<h4 style=\"text-align: left\"><span style=\"color: #9e0808\"><strong><span style=\"color: #ff0000\">Les biblioth\u00e8ques scolaires<\/span><br \/>\n<\/strong><\/span><\/h4>\n<p><strong>8 f\u00e9vrier 2019\u00a0 : S\u00e9minaire Studium (ouvert aux \u00e9tudiants de master)<\/strong><\/p>\n<p><u>Lieu<\/u>\u00a0: UT2J \u2013 Nouvelle maison de la recherche, salle E. 412.<\/p>\n<p>Organisatrice : V\u00e9ronique Castagnet-Lars<\/p>\n<hr \/>\n<\/div>\n<div>\n<h4 style=\"text-align: left\"><span style=\"color: #ff0000\"><strong>Exercices du corps et \u00e9mergence des p\u00e9dagogies actives (1900-1950)<\/strong><\/span><\/h4>\n<p><strong>29 mars 2019\u00a0 : Journ\u00e9e d&rsquo;\u00e9tudes Studium (ouvert aux \u00e9tudiants de master)<\/strong><\/p>\n<p><u>Lieu<\/u>\u00a0: UT2J \u2013 Maison de la recherche<\/p>\n<p>Organisateur : Olivier Hoibian<\/p>\n<\/div>\n<div>\n<hr \/>\n<\/div>\n<div>\n<h4 style=\"text-align: left\"><span style=\"color: #9e0808\"><strong><span style=\"color: #ff0000\">La jupe ou les pantalons<\/span><br \/>\n<\/strong><\/span><\/h4>\n<p style=\"text-align: left\"><strong>8 avril 2019\u00a0 : S\u00e9minaire commun Corpus\u00a0 (ouvert aux \u00e9tudiants de master)<\/strong><\/p>\n<p><u>Lieu<\/u>\u00a0: UT2J \u2013 Nouvelle maison de la recherche, salle E411 MDR<\/p>\n<p>Organisatrice : V\u00e9ronique Castagnet-Lars<\/p>\n<\/div>\n<p>&nbsp;<\/p>\n","protected":false},"excerpt":{"rendered":"<p>La mobilisation scientifique en temps de guerre 19 octobre 2018\u00a0 : S\u00e9minaire Studium (ouvert aux \u00e9tudiants de master) Lieu\u00a0: Biblioth\u00e8que d\u2019\u00e9tudes m\u00e9ridionales, 56 rue du Taur, Toulouse Organisateurs :\u00a0 Jean-Yves Bousigue et caroline Barrera Les biblioth\u00e8ques scolaires 8 f\u00e9vrier 2019\u00a0 : S\u00e9minaire Studium (ouvert aux \u00e9tudiants de master) Lieu\u00a0: UT2J \u2013 Nouvelle maison de la &hellip; <a href=\"https:\/\/blogs.univ-jfc.fr\/studium\/archives\/planning-studium-2017-2018\/\" class=\"more-link\">Continuer la lecture de <span class=\"screen-reader-text\">Manifestations scientifiques 2018-2019<\/span> <span class=\"meta-nav\">&rarr;<\/span><\/a><\/p>\n","protected":false},"author":19,"featured_media":0,"parent":1063,"menu_order":1,"comment_status":"closed","ping_status":"closed","template":"","meta":[],"_links":{"self":[{"href":"https:\/\/blogs.univ-jfc.fr\/studium\/wp-json\/wp\/v2\/pages\/607"}],"collection":[{"href":"https:\/\/blogs.univ-jfc.fr\/studium\/wp-json\/wp\/v2\/pages"}],"about":[{"href":"https:\/\/blogs.univ-jfc.fr\/studium\/wp-json\/wp\/v2\/types\/page"}],"author":[{"embeddable":true,"href":"https:\/\/blogs.univ-jfc.fr\/studium\/wp-json\/wp\/v2\/users\/19"}],"replies":[{"embeddable":true,"href":"https:\/\/blogs.univ-jfc.fr\/studium\/wp-json\/wp\/v2\/comments?post=607"}],"version-history":[{"count":11,"href":"https:\/\/blogs.univ-jfc.fr\/studium\/wp-json\/wp\/v2\/pages\/607\/revisions"}],"predecessor-version":[{"id":1153,"href":"https:\/\/blogs.univ-jfc.fr\/studium\/wp-json\/wp\/v2\/pages\/607\/revisions\/1153"}],"up":[{"embeddable":true,"href":"https:\/\/blogs.univ-jfc.fr\/studium\/wp-json\/wp\/v2\/pages\/1063"}],"wp:attachment":[{"href":"https:\/\/blogs.univ-jfc.fr\/studium\/wp-json\/wp\/v2\/media?parent=607"}],"curies":[{"name":"wp","href":"https:\/\/api.w.org\/{rel}","templated":true}]}}