{"id":700,"date":"2018-02-24T18:33:04","date_gmt":"2018-02-24T17:33:04","guid":{"rendered":"http:\/\/blogs.univ-jfc.fr\/studium\/?page_id=700"},"modified":"2019-04-16T07:58:00","modified_gmt":"2019-04-16T06:58:00","slug":"seminaire-du-15-decembre-2017","status":"publish","type":"page","link":"https:\/\/blogs.univ-jfc.fr\/studium\/galerie-photographique\/seminaire-du-15-decembre-2017\/","title":{"rendered":"S\u00e9minaire HISTOIRE CULTURELLE DE LA CAPTIVIT\u00c9, BEM, du 15.12.2017"},"content":{"rendered":"<p>Le s\u00e9minaire Studium du 15 d\u00e9cembre 2017 s\u2019est tenu \u00e0 la Biblioth\u00e8que d\u2019\u00e9tudes m\u00e9ridionales au 56 de la rue du Taur \u00e0 Toulouse. Il est consacr\u00e9 \u00e0 l&rsquo;histoire culturelle de la captivit\u00e9.<\/p>\n<p>Organisation scientifique : Jacques Cantier.<\/p>\n<p>&nbsp;<\/p>\n<p>&nbsp;<\/p>\n<p style=\"text-align: center\"><a href=\"http:\/\/blogs.univ-jfc.fr\/studium\/wp-content\/uploads\/sites\/44\/2018\/02\/s\u00e9minaire-studium-15.12.17.jpg\"><img loading=\"lazy\" class=\"size-medium wp-image-699 aligncenter\" src=\"http:\/\/blogs.univ-jfc.fr\/studium\/wp-content\/uploads\/sites\/44\/2018\/02\/s\u00e9minaire-studium-15.12.17-300x169.jpg\" alt=\"\" width=\"300\" height=\"169\" srcset=\"https:\/\/blogs.univ-jfc.fr\/studium\/wp-content\/uploads\/sites\/44\/2018\/02\/s\u00e9minaire-studium-15.12.17-300x169.jpg 300w, https:\/\/blogs.univ-jfc.fr\/studium\/wp-content\/uploads\/sites\/44\/2018\/02\/s\u00e9minaire-studium-15.12.17-768x432.jpg 768w, https:\/\/blogs.univ-jfc.fr\/studium\/wp-content\/uploads\/sites\/44\/2018\/02\/s\u00e9minaire-studium-15.12.17-1024x576.jpg 1024w, https:\/\/blogs.univ-jfc.fr\/studium\/wp-content\/uploads\/sites\/44\/2018\/02\/s\u00e9minaire-studium-15.12.17.jpg 1632w\" sizes=\"(max-width: 300px) 100vw, 300px\" \/><\/a>Vue d&rsquo;ensemble des participants au s\u00e9minaire du 15 d\u00e9cembre 2017.<\/p>\n<p>&nbsp;<\/p>\n<p style=\"text-align: center\"><a href=\"http:\/\/blogs.univ-jfc.fr\/studium\/wp-content\/uploads\/sites\/44\/2018\/02\/Jacques.jpg\"><img loading=\"lazy\" class=\"size-medium wp-image-698 aligncenter\" src=\"http:\/\/blogs.univ-jfc.fr\/studium\/wp-content\/uploads\/sites\/44\/2018\/02\/Jacques-300x169.jpg\" alt=\"\" width=\"300\" height=\"169\" srcset=\"https:\/\/blogs.univ-jfc.fr\/studium\/wp-content\/uploads\/sites\/44\/2018\/02\/Jacques-300x169.jpg 300w, https:\/\/blogs.univ-jfc.fr\/studium\/wp-content\/uploads\/sites\/44\/2018\/02\/Jacques-768x432.jpg 768w, https:\/\/blogs.univ-jfc.fr\/studium\/wp-content\/uploads\/sites\/44\/2018\/02\/Jacques-1024x576.jpg 1024w, https:\/\/blogs.univ-jfc.fr\/studium\/wp-content\/uploads\/sites\/44\/2018\/02\/Jacques.jpg 1632w\" sizes=\"(max-width: 300px) 100vw, 300px\" \/><\/a><strong>Jacques Cantier, professeur d&rsquo;histoire contemporaine (Universit\u00e9 Toulouse Jean Jaur\u00e8s &#8211; Framespa) pr\u00e9sente un bilan historiographique sur l&rsquo;histoire culturelle de la captivit\u00e9.<br \/>\n<\/strong><\/p>\n<p>&nbsp;<\/p>\n<p style=\"text-align: center\"><a href=\"http:\/\/blogs.univ-jfc.fr\/studium\/wp-content\/uploads\/sites\/44\/2018\/02\/Guy.jpg\"><img loading=\"lazy\" class=\"size-medium wp-image-703 aligncenter\" src=\"http:\/\/blogs.univ-jfc.fr\/studium\/wp-content\/uploads\/sites\/44\/2018\/02\/Guy-300x169.jpg\" alt=\"\" width=\"300\" height=\"169\" srcset=\"https:\/\/blogs.univ-jfc.fr\/studium\/wp-content\/uploads\/sites\/44\/2018\/02\/Guy-300x169.jpg 300w, https:\/\/blogs.univ-jfc.fr\/studium\/wp-content\/uploads\/sites\/44\/2018\/02\/Guy-768x432.jpg 768w, https:\/\/blogs.univ-jfc.fr\/studium\/wp-content\/uploads\/sites\/44\/2018\/02\/Guy-1024x576.jpg 1024w, https:\/\/blogs.univ-jfc.fr\/studium\/wp-content\/uploads\/sites\/44\/2018\/02\/Guy.jpg 1632w\" sizes=\"(max-width: 300px) 100vw, 300px\" \/><\/a><strong>L&rsquo;historien moderniste Guy Astoul pr\u00e9sente un bilan historiographique sur l&rsquo;histoire culturelle de la captivit\u00e9 (p\u00e9riode moderne).<\/strong><\/p>\n<p style=\"text-align: center\"><a href=\"http:\/\/blogs.univ-jfc.fr\/studium\/wp-content\/uploads\/sites\/44\/2018\/02\/Etdudiant2.jpg\"><img loading=\"lazy\" class=\"size-medium wp-image-702 aligncenter\" src=\"http:\/\/blogs.univ-jfc.fr\/studium\/wp-content\/uploads\/sites\/44\/2018\/02\/Etdudiant2-300x169.jpg\" alt=\"\" width=\"300\" height=\"169\" srcset=\"https:\/\/blogs.univ-jfc.fr\/studium\/wp-content\/uploads\/sites\/44\/2018\/02\/Etdudiant2-300x169.jpg 300w, https:\/\/blogs.univ-jfc.fr\/studium\/wp-content\/uploads\/sites\/44\/2018\/02\/Etdudiant2-768x432.jpg 768w, https:\/\/blogs.univ-jfc.fr\/studium\/wp-content\/uploads\/sites\/44\/2018\/02\/Etdudiant2-1024x576.jpg 1024w, https:\/\/blogs.univ-jfc.fr\/studium\/wp-content\/uploads\/sites\/44\/2018\/02\/Etdudiant2.jpg 1632w\" sizes=\"(max-width: 300px) 100vw, 300px\" \/><\/a><span id=\"messageContent\"><strong>Ewan Jouannic, \u00e9tudiant en master 2, pr\u00e9sente une \u00e9tude de cas\u00a0 d\u2019histoire culturelle de captivit\u00e9 \u00e0 travers le parcours de l\u2019\u00e9crivain Georges Hyvernaud\u00a0.<\/strong> <\/span><\/p>\n<p>&nbsp;<\/p>\n<p>&nbsp;<\/p>\n","protected":false},"excerpt":{"rendered":"<p>Le s\u00e9minaire Studium du 15 d\u00e9cembre 2017 s\u2019est tenu \u00e0 la Biblioth\u00e8que d\u2019\u00e9tudes m\u00e9ridionales au 56 de la rue du Taur \u00e0 Toulouse. Il est consacr\u00e9 \u00e0 l&rsquo;histoire culturelle de la captivit\u00e9. Organisation scientifique : Jacques Cantier. &nbsp; &nbsp; Vue d&rsquo;ensemble des participants au s\u00e9minaire du 15 d\u00e9cembre 2017. &nbsp; Jacques Cantier, professeur d&rsquo;histoire contemporaine &hellip; <a href=\"https:\/\/blogs.univ-jfc.fr\/studium\/galerie-photographique\/seminaire-du-15-decembre-2017\/\" class=\"more-link\">Continuer la lecture de <span class=\"screen-reader-text\">S\u00e9minaire HISTOIRE CULTURELLE DE LA CAPTIVIT\u00c9, BEM, du 15.12.2017<\/span> <span class=\"meta-nav\">&rarr;<\/span><\/a><\/p>\n","protected":false},"author":19,"featured_media":0,"parent":632,"menu_order":4,"comment_status":"closed","ping_status":"closed","template":"","meta":[],"_links":{"self":[{"href":"https:\/\/blogs.univ-jfc.fr\/studium\/wp-json\/wp\/v2\/pages\/700"}],"collection":[{"href":"https:\/\/blogs.univ-jfc.fr\/studium\/wp-json\/wp\/v2\/pages"}],"about":[{"href":"https:\/\/blogs.univ-jfc.fr\/studium\/wp-json\/wp\/v2\/types\/page"}],"author":[{"embeddable":true,"href":"https:\/\/blogs.univ-jfc.fr\/studium\/wp-json\/wp\/v2\/users\/19"}],"replies":[{"embeddable":true,"href":"https:\/\/blogs.univ-jfc.fr\/studium\/wp-json\/wp\/v2\/comments?post=700"}],"version-history":[{"count":7,"href":"https:\/\/blogs.univ-jfc.fr\/studium\/wp-json\/wp\/v2\/pages\/700\/revisions"}],"predecessor-version":[{"id":810,"href":"https:\/\/blogs.univ-jfc.fr\/studium\/wp-json\/wp\/v2\/pages\/700\/revisions\/810"}],"up":[{"embeddable":true,"href":"https:\/\/blogs.univ-jfc.fr\/studium\/wp-json\/wp\/v2\/pages\/632"}],"wp:attachment":[{"href":"https:\/\/blogs.univ-jfc.fr\/studium\/wp-json\/wp\/v2\/media?parent=700"}],"curies":[{"name":"wp","href":"https:\/\/api.w.org\/{rel}","templated":true}]}}