{"id":708,"date":"2018-02-24T18:53:27","date_gmt":"2018-02-24T17:53:27","guid":{"rendered":"http:\/\/blogs.univ-jfc.fr\/studium\/?page_id=708"},"modified":"2019-04-16T07:58:18","modified_gmt":"2019-04-16T06:58:18","slug":"colloque-international-9-10-octobre-2017","status":"publish","type":"page","link":"https:\/\/blogs.univ-jfc.fr\/studium\/galerie-photographique\/colloque-international-9-10-octobre-2017\/","title":{"rendered":"Colloque international LA PRISE DE D\u00c9CISION,  UT2J, 9-10.10.2017"},"content":{"rendered":"<p>Les 9 et 10 octobre 2017 s&rsquo;est tenu \u00e0 la Maison de la recherche de l&rsquo;universit\u00e9 Toulouse Jean Jaur\u00e8s un colloque international co-organis\u00e9 par UT2J (laboratoire Framespa), l&rsquo;Esp\u00e9 Toulouse Midi-Pyr\u00e9n\u00e9es (SFR AEF) et l&rsquo;INU Champollion (Axe TCF).<\/p>\n<p>Organisation scientifique :\u00a0 V\u00e9ronique Castagnet-Lars et Caroline Barrera.<\/p>\n<p><a href=\"http:\/\/blogs.univ-jfc.fr\/studium\/wp-content\/uploads\/sites\/44\/2018\/02\/images.jpg\"><img loading=\"lazy\" class=\" wp-image-721 aligncenter\" src=\"http:\/\/blogs.univ-jfc.fr\/studium\/wp-content\/uploads\/sites\/44\/2018\/02\/images.jpg\" alt=\"\" width=\"235\" height=\"266\" \/><\/a><\/p>\n<p><a href=\"http:\/\/blogs.univ-jfc.fr\/studium\/wp-content\/uploads\/sites\/44\/2018\/02\/Fabien.jpg\"><img loading=\"lazy\" class=\"alignright size-medium wp-image-734\" src=\"http:\/\/blogs.univ-jfc.fr\/studium\/wp-content\/uploads\/sites\/44\/2018\/02\/Fabien-300x169.jpg\" alt=\"\" width=\"300\" height=\"169\" srcset=\"https:\/\/blogs.univ-jfc.fr\/studium\/wp-content\/uploads\/sites\/44\/2018\/02\/Fabien-300x169.jpg 300w, https:\/\/blogs.univ-jfc.fr\/studium\/wp-content\/uploads\/sites\/44\/2018\/02\/Fabien-768x432.jpg 768w, https:\/\/blogs.univ-jfc.fr\/studium\/wp-content\/uploads\/sites\/44\/2018\/02\/Fabien-1024x576.jpg 1024w, https:\/\/blogs.univ-jfc.fr\/studium\/wp-content\/uploads\/sites\/44\/2018\/02\/Fabien.jpg 1632w\" sizes=\"(max-width: 300px) 100vw, 300px\" \/><\/a>Lundi 9 octobre 2017 : session 1 : Fabien Oppermann, conservateur-en-chef du patrimoine, chef de la Mission des archives et du patrimoine culturel du minist\u00e8re de l\u2019\u00c9ducation nationale, intervient sur \u00ab\u00a0D\u00e9cider depuis la rue de Grenelle : le pouvoir vu par les archives des cabinets minist\u00e9riels de l&rsquo;Education nationale.<\/p>\n<p>&nbsp;<\/p>\n<p><a href=\"http:\/\/blogs.univ-jfc.fr\/studium\/wp-content\/uploads\/sites\/44\/2018\/02\/Guy-Foissac.jpg\"><img loading=\"lazy\" class=\"alignright size-medium wp-image-714\" src=\"http:\/\/blogs.univ-jfc.fr\/studium\/wp-content\/uploads\/sites\/44\/2018\/02\/Guy-Foissac-300x169.jpg\" alt=\"\" width=\"300\" height=\"169\" srcset=\"https:\/\/blogs.univ-jfc.fr\/studium\/wp-content\/uploads\/sites\/44\/2018\/02\/Guy-Foissac-300x169.jpg 300w, https:\/\/blogs.univ-jfc.fr\/studium\/wp-content\/uploads\/sites\/44\/2018\/02\/Guy-Foissac-768x432.jpg 768w, https:\/\/blogs.univ-jfc.fr\/studium\/wp-content\/uploads\/sites\/44\/2018\/02\/Guy-Foissac-1024x576.jpg 1024w, https:\/\/blogs.univ-jfc.fr\/studium\/wp-content\/uploads\/sites\/44\/2018\/02\/Guy-Foissac.jpg 1632w\" sizes=\"(max-width: 300px) 100vw, 300px\" \/><\/a>Lundi 9 octobre 2017 : session 3 : les \u00e9tudiants face \u00e0 la prise de d\u00e9cision. De gauche \u00e0 droite : la s\u00e9ance est pr\u00e9sid\u00e9e par Emilie Roffidal, charg\u00e9e de recherche au CNRS. Patrice Foissac (Framespa) intervient sur \u00ab\u00a0Le livre des conseils du coll\u00e8ge de P\u00e9rigord : un t\u00e9moignage in\u00e9dit sur la difficile direction des coll\u00e8ges s\u00e9culiers toulousains \u00e0 la fin du XVe si\u00e8cle\u00a0\u00bb,\u00a0 V\u00e9ronique Castagnet (Esp\u00e9 Toulouse-Midi-Pyr\u00e9n\u00e9es-Framespa) sur \u00ab\u00a0Les \u00e9tudiants boursiers des coll\u00e8ges parisiens (XVIe-XVIIe si\u00e8cle), Jean-Fran\u00e7ois Condette (Universit\u00e9 de Lille) sur \u00ab\u00a0les \u00e9tudiants et la prise de d\u00e9cision dans les universit\u00e9s fran\u00e7aises (1900-1974) : entre exclusion e, association et cogestion\u00a0\u00bb.<\/p>\n<p>&nbsp;<\/p>\n<p><a href=\"http:\/\/blogs.univ-jfc.fr\/studium\/wp-content\/uploads\/sites\/44\/2018\/02\/Sonia-Birocheau.jpg\"><img loading=\"lazy\" class=\"alignright wp-image-719\" src=\"http:\/\/blogs.univ-jfc.fr\/studium\/wp-content\/uploads\/sites\/44\/2018\/02\/Sonia-Birocheau-300x169.jpg\" alt=\"\" width=\"350\" height=\"197\" srcset=\"https:\/\/blogs.univ-jfc.fr\/studium\/wp-content\/uploads\/sites\/44\/2018\/02\/Sonia-Birocheau-300x169.jpg 300w, https:\/\/blogs.univ-jfc.fr\/studium\/wp-content\/uploads\/sites\/44\/2018\/02\/Sonia-Birocheau-768x432.jpg 768w, https:\/\/blogs.univ-jfc.fr\/studium\/wp-content\/uploads\/sites\/44\/2018\/02\/Sonia-Birocheau-1024x576.jpg 1024w, https:\/\/blogs.univ-jfc.fr\/studium\/wp-content\/uploads\/sites\/44\/2018\/02\/Sonia-Birocheau.jpg 1632w\" sizes=\"(max-width: 350px) 100vw, 350px\" \/><\/a>Mardi 10 octobre 2017 : Session 4 : D\u00e9roger, innover, d\u00e9cider : de gauche \u00e0 droite : la pr\u00e9sidence de s\u00e9ance est assur\u00e9e par Philippe Lemistre, directeur-adjoint du CERTOP (\u00e0 gauche). Alexa Cra\u00efs (Esp\u00e9 Toulouse Midi-Pyr\u00e9n\u00e9es) intervient sur L&rsquo;\u00e9cole des philanthropistes de Dessau (1774-1794) : chronique d&rsquo;un \u00e9chec annonc\u00e9 ?, Sonia Birocheau (Universit\u00e9 Paris-Est Cr\u00e9teil val-de-Marne) sur \u00ab\u00a0Enseignants et directeurs d&rsquo;\u00e9coles face \u00e0 la r\u00e9d\u00e9finition du pouvoir de d\u00e9cision p\u00e9dagogique : le cas de Chicago dans les ann\u00e9es 1910-1930\u00a0\u00bb et Solenn Huitric (Universit\u00e9 de Lausanne) sur \u00ab\u00a0Les conditions de cr\u00e9ation de lyc\u00e9es atypiques au XIXe si\u00e8cleles possibles ouverts par le fonctionnement de la prise de d\u00e9cision\u00a0\u00bb.<\/p>\n<p>&nbsp;<\/p>\n<p><a href=\"http:\/\/blogs.univ-jfc.fr\/studium\/wp-content\/uploads\/sites\/44\/2018\/02\/Sylvain-Wagnon.jpg\"><img loading=\"lazy\" class=\"alignright wp-image-720\" src=\"http:\/\/blogs.univ-jfc.fr\/studium\/wp-content\/uploads\/sites\/44\/2018\/02\/Sylvain-Wagnon-300x169.jpg\" alt=\"\" width=\"346\" height=\"195\" srcset=\"https:\/\/blogs.univ-jfc.fr\/studium\/wp-content\/uploads\/sites\/44\/2018\/02\/Sylvain-Wagnon-300x169.jpg 300w, https:\/\/blogs.univ-jfc.fr\/studium\/wp-content\/uploads\/sites\/44\/2018\/02\/Sylvain-Wagnon-768x432.jpg 768w, https:\/\/blogs.univ-jfc.fr\/studium\/wp-content\/uploads\/sites\/44\/2018\/02\/Sylvain-Wagnon-1024x576.jpg 1024w, https:\/\/blogs.univ-jfc.fr\/studium\/wp-content\/uploads\/sites\/44\/2018\/02\/Sylvain-Wagnon.jpg 1632w\" sizes=\"(max-width: 346px) 100vw, 346px\" \/><\/a><\/p>\n<p>&nbsp;<\/p>\n<p style=\"text-align: left\">Mardi 10 octobre 2017 : Session 4 : D\u00e9roger, innover, d\u00e9cider : en train de parler : Le professeur en sciences de l&rsquo;\u00e9ducation Sylvain Wagnon et Delphine Patry (\u00e0 droite), doctorante en sciences de l&rsquo;\u00e9ducation interviennent sur \u00ab\u00a0Le self-government : histoire et \u00e9chec d&rsquo;un principe f\u00e9d\u00e9rateur de l&rsquo;\u00e9ducation nouvelle (1900-1930)\u00a0\u00bb. A sa droite, les professeurs en histoire de l&rsquo;\u00e9ducation de l&rsquo;universit\u00e9 du pays basque, Pauli Davila et Luis M. Naya Garmendia vont pr\u00e9senter leurs travaux sur \u00ab\u00a0la prise de d\u00e9cision en \u00e9ducation : tensions et inovations \u00e9ducatives au pays basque au XXe si\u00e8cle.<\/p>\n<p style=\"text-align: left\"><a href=\"http:\/\/blogs.univ-jfc.fr\/studium\/wp-content\/uploads\/sites\/44\/2018\/02\/Pierre-Kahn.jpg\"><img loading=\"lazy\" class=\"alignright wp-image-718\" src=\"http:\/\/blogs.univ-jfc.fr\/studium\/wp-content\/uploads\/sites\/44\/2018\/02\/Pierre-Kahn-300x169.jpg\" alt=\"\" width=\"355\" height=\"200\" srcset=\"https:\/\/blogs.univ-jfc.fr\/studium\/wp-content\/uploads\/sites\/44\/2018\/02\/Pierre-Kahn-300x169.jpg 300w, https:\/\/blogs.univ-jfc.fr\/studium\/wp-content\/uploads\/sites\/44\/2018\/02\/Pierre-Kahn-768x432.jpg 768w, https:\/\/blogs.univ-jfc.fr\/studium\/wp-content\/uploads\/sites\/44\/2018\/02\/Pierre-Kahn-1024x576.jpg 1024w, https:\/\/blogs.univ-jfc.fr\/studium\/wp-content\/uploads\/sites\/44\/2018\/02\/Pierre-Kahn.jpg 1632w\" sizes=\"(max-width: 355px) 100vw, 355px\" \/><\/a><\/p>\n<p style=\"text-align: left\">Pierre Kahn, professeur en sciences de l&rsquo;\u00e9ducation (Esp\u00e9 de basse-Normandie), charg\u00e9 des conclusions du colloque.<\/p>\n<p style=\"text-align: center\"><a href=\"http:\/\/blogs.univ-jfc.fr\/studium\/wp-content\/uploads\/sites\/44\/2018\/02\/Patrick-Guy.jpg\"><img loading=\"lazy\" class=\"size-medium wp-image-733 aligncenter\" src=\"http:\/\/blogs.univ-jfc.fr\/studium\/wp-content\/uploads\/sites\/44\/2018\/02\/Patrick-Guy-300x169.jpg\" alt=\"\" width=\"300\" height=\"169\" srcset=\"https:\/\/blogs.univ-jfc.fr\/studium\/wp-content\/uploads\/sites\/44\/2018\/02\/Patrick-Guy-300x169.jpg 300w, https:\/\/blogs.univ-jfc.fr\/studium\/wp-content\/uploads\/sites\/44\/2018\/02\/Patrick-Guy-768x432.jpg 768w, https:\/\/blogs.univ-jfc.fr\/studium\/wp-content\/uploads\/sites\/44\/2018\/02\/Patrick-Guy-1024x576.jpg 1024w, https:\/\/blogs.univ-jfc.fr\/studium\/wp-content\/uploads\/sites\/44\/2018\/02\/Patrick-Guy.jpg 1632w\" sizes=\"(max-width: 300px) 100vw, 300px\" \/><\/a>Mardi 10 octobre 2017 : session 5 : La d\u00e9cision, la norme, la religion : de gauche \u00e0 droite : la s\u00e9ance est pr\u00e9sid\u00e9e par V\u00e9ronique Castagnet (Esp\u00e9 Midi-Pyr\u00e9n\u00e9es-Framespa). Guy Astoul (Framespa) est intervenu sur \u00ab\u00a0La gestion des acad\u00e9mies protestantes au XVIIe si\u00e8cle : une autonomie sous contr\u00f4le des synodes et des consistoires\u00a0\u00bb. Patrick Fert\u00e9 (Framespa) intervient sur \u00ab\u00a0Contenir le poids des religieux dans les d\u00e9cisions universitaires : les efforts de la\u00efcisation du coll\u00e8ge \u00e9lectoral universitaire \u00e0 Toulouse sous l&rsquo;Ancien r\u00e9gime.<\/p>\n<h3 style=\"text-align: left\"><em>Temps de pause<\/em><\/h3>\n<p style=\"text-align: center\"><a href=\"http:\/\/blogs.univ-jfc.fr\/studium\/wp-content\/uploads\/sites\/44\/2018\/02\/Fabrizo.jpg\"><img loading=\"lazy\" class=\"size-medium wp-image-713 aligncenter\" src=\"http:\/\/blogs.univ-jfc.fr\/studium\/wp-content\/uploads\/sites\/44\/2018\/02\/Fabrizo-300x169.jpg\" alt=\"\" width=\"300\" height=\"169\" srcset=\"https:\/\/blogs.univ-jfc.fr\/studium\/wp-content\/uploads\/sites\/44\/2018\/02\/Fabrizo-300x169.jpg 300w, https:\/\/blogs.univ-jfc.fr\/studium\/wp-content\/uploads\/sites\/44\/2018\/02\/Fabrizo-768x432.jpg 768w, https:\/\/blogs.univ-jfc.fr\/studium\/wp-content\/uploads\/sites\/44\/2018\/02\/Fabrizo-1024x576.jpg 1024w, https:\/\/blogs.univ-jfc.fr\/studium\/wp-content\/uploads\/sites\/44\/2018\/02\/Fabrizo.jpg 1632w\" sizes=\"(max-width: 300px) 100vw, 300px\" \/><\/a>Fabrizio dal Passo (Universit\u00e9 La Sapienza de Rome).<\/p>\n<p style=\"text-align: left\"><a href=\"http:\/\/blogs.univ-jfc.fr\/studium\/wp-content\/uploads\/sites\/44\/2018\/02\/Alexa-cl\u00e9mence.jpg\"><img loading=\"lazy\" class=\"size-medium wp-image-712 aligncenter\" src=\"http:\/\/blogs.univ-jfc.fr\/studium\/wp-content\/uploads\/sites\/44\/2018\/02\/Alexa-cl\u00e9mence-300x169.jpg\" alt=\"\" width=\"300\" height=\"169\" srcset=\"https:\/\/blogs.univ-jfc.fr\/studium\/wp-content\/uploads\/sites\/44\/2018\/02\/Alexa-cl\u00e9mence-300x169.jpg 300w, https:\/\/blogs.univ-jfc.fr\/studium\/wp-content\/uploads\/sites\/44\/2018\/02\/Alexa-cl\u00e9mence-768x432.jpg 768w, https:\/\/blogs.univ-jfc.fr\/studium\/wp-content\/uploads\/sites\/44\/2018\/02\/Alexa-cl\u00e9mence-1024x576.jpg 1024w, https:\/\/blogs.univ-jfc.fr\/studium\/wp-content\/uploads\/sites\/44\/2018\/02\/Alexa-cl\u00e9mence.jpg 1632w\" sizes=\"(max-width: 300px) 100vw, 300px\" \/><\/a>Cl\u00e9mence Cardon-Quint (Esp\u00e9 Bordeaux-Aquitaine) et Alexa Cra\u00efs (Universit\u00e9 de Toulouse).<\/p>\n<p style=\"text-align: center\"><a href=\"http:\/\/blogs.univ-jfc.fr\/studium\/wp-content\/uploads\/sites\/44\/2018\/02\/IMG_20171010_104042423_HDR.jpg\"><img loading=\"lazy\" class=\"size-medium wp-image-716 aligncenter\" src=\"http:\/\/blogs.univ-jfc.fr\/studium\/wp-content\/uploads\/sites\/44\/2018\/02\/IMG_20171010_104042423_HDR-300x169.jpg\" alt=\"\" width=\"300\" height=\"169\" srcset=\"https:\/\/blogs.univ-jfc.fr\/studium\/wp-content\/uploads\/sites\/44\/2018\/02\/IMG_20171010_104042423_HDR-300x169.jpg 300w, https:\/\/blogs.univ-jfc.fr\/studium\/wp-content\/uploads\/sites\/44\/2018\/02\/IMG_20171010_104042423_HDR-768x432.jpg 768w, https:\/\/blogs.univ-jfc.fr\/studium\/wp-content\/uploads\/sites\/44\/2018\/02\/IMG_20171010_104042423_HDR-1024x576.jpg 1024w, https:\/\/blogs.univ-jfc.fr\/studium\/wp-content\/uploads\/sites\/44\/2018\/02\/IMG_20171010_104042423_HDR.jpg 1632w\" sizes=\"(max-width: 300px) 100vw, 300px\" \/><\/a>Arnaud Desvignes (Universit\u00e9 de Picardie), Sonia Birocheau (Universit\u00e9 de Paris-Est), Jean-Michel Plassard (Universit\u00e9 de Toulouse).<\/p>\n<p style=\"text-align: center\"><a href=\"http:\/\/blogs.univ-jfc.fr\/studium\/wp-content\/uploads\/sites\/44\/2018\/02\/Moment-de-d\u00e9tente.jpg\"><img loading=\"lazy\" class=\"size-medium wp-image-717 aligncenter\" src=\"http:\/\/blogs.univ-jfc.fr\/studium\/wp-content\/uploads\/sites\/44\/2018\/02\/Moment-de-d\u00e9tente-300x169.jpg\" alt=\"\" width=\"300\" height=\"169\" srcset=\"https:\/\/blogs.univ-jfc.fr\/studium\/wp-content\/uploads\/sites\/44\/2018\/02\/Moment-de-d\u00e9tente-300x169.jpg 300w, https:\/\/blogs.univ-jfc.fr\/studium\/wp-content\/uploads\/sites\/44\/2018\/02\/Moment-de-d\u00e9tente-768x432.jpg 768w, https:\/\/blogs.univ-jfc.fr\/studium\/wp-content\/uploads\/sites\/44\/2018\/02\/Moment-de-d\u00e9tente-1024x576.jpg 1024w, https:\/\/blogs.univ-jfc.fr\/studium\/wp-content\/uploads\/sites\/44\/2018\/02\/Moment-de-d\u00e9tente.jpg 1632w\" sizes=\"(max-width: 300px) 100vw, 300px\" \/><\/a>Sylvain Wagnon (Universit\u00e9 de Montpellier), V\u00e9ronique Castagnet (Universit\u00e9 de Toulouse), Solenn Huitric (Universit\u00e9 de Lausanne) et Julien Cahon (Universit\u00e9 de Picardie).<\/p>\n","protected":false},"excerpt":{"rendered":"<p>Les 9 et 10 octobre 2017 s&rsquo;est tenu \u00e0 la Maison de la recherche de l&rsquo;universit\u00e9 Toulouse Jean Jaur\u00e8s un colloque international co-organis\u00e9 par UT2J (laboratoire Framespa), l&rsquo;Esp\u00e9 Toulouse Midi-Pyr\u00e9n\u00e9es (SFR AEF) et l&rsquo;INU Champollion (Axe TCF). Organisation scientifique :\u00a0 V\u00e9ronique Castagnet-Lars et Caroline Barrera. Lundi 9 octobre 2017 : session 1 : Fabien Oppermann, &hellip; <a href=\"https:\/\/blogs.univ-jfc.fr\/studium\/galerie-photographique\/colloque-international-9-10-octobre-2017\/\" class=\"more-link\">Continuer la lecture de <span class=\"screen-reader-text\">Colloque international LA PRISE DE D\u00c9CISION,  UT2J, 9-10.10.2017<\/span> <span class=\"meta-nav\">&rarr;<\/span><\/a><\/p>\n","protected":false},"author":19,"featured_media":0,"parent":632,"menu_order":5,"comment_status":"closed","ping_status":"closed","template":"","meta":[],"_links":{"self":[{"href":"https:\/\/blogs.univ-jfc.fr\/studium\/wp-json\/wp\/v2\/pages\/708"}],"collection":[{"href":"https:\/\/blogs.univ-jfc.fr\/studium\/wp-json\/wp\/v2\/pages"}],"about":[{"href":"https:\/\/blogs.univ-jfc.fr\/studium\/wp-json\/wp\/v2\/types\/page"}],"author":[{"embeddable":true,"href":"https:\/\/blogs.univ-jfc.fr\/studium\/wp-json\/wp\/v2\/users\/19"}],"replies":[{"embeddable":true,"href":"https:\/\/blogs.univ-jfc.fr\/studium\/wp-json\/wp\/v2\/comments?post=708"}],"version-history":[{"count":21,"href":"https:\/\/blogs.univ-jfc.fr\/studium\/wp-json\/wp\/v2\/pages\/708\/revisions"}],"predecessor-version":[{"id":804,"href":"https:\/\/blogs.univ-jfc.fr\/studium\/wp-json\/wp\/v2\/pages\/708\/revisions\/804"}],"up":[{"embeddable":true,"href":"https:\/\/blogs.univ-jfc.fr\/studium\/wp-json\/wp\/v2\/pages\/632"}],"wp:attachment":[{"href":"https:\/\/blogs.univ-jfc.fr\/studium\/wp-json\/wp\/v2\/media?parent=708"}],"curies":[{"name":"wp","href":"https:\/\/api.w.org\/{rel}","templated":true}]}}