{"id":81,"date":"2015-04-03T13:49:32","date_gmt":"2015-04-03T12:49:32","guid":{"rendered":"http:\/\/blogs.univ-jfc.fr\/studium\/?page_id=81"},"modified":"2020-11-14T16:23:26","modified_gmt":"2020-11-14T15:23:26","slug":"les-bases-de-donnees","status":"publish","type":"page","link":"https:\/\/blogs.univ-jfc.fr\/studium\/blogs\/les-bases-de-donnees\/","title":{"rendered":"Bases de donn\u00e9es"},"content":{"rendered":"<p style=\"text-align: justify\"><b>Les chercheurs et le grand public trouveront ici des donn\u00e9es brutes, sous forme de notices individuelles, sur les acteurs de l\u2019universit\u00e9 (\u00e9tudiants, professeurs, personnels administratifs et techniques). Les donn\u00e9es publi\u00e9es n\u2019engagent que le chercheur signataire de la notice, en aucun cas l\u2019\u00e9tablissement universitaire dans lequel l\u2019\u00e9tudiant ou l\u2019enseignant a fait son cursus ou sa carri\u00e8re.<\/b><\/p>\n<ul>\n<li>\n<h5><a href=\"https:\/\/poolcorpus.univ-jfc.fr\/femmes-de-sciences-d-occitanie-XVe-1968\" target=\"_blank\" rel=\"noopener noreferrer\">FEMMES DE SCIENCES D&rsquo;OCCITANIE (xvE-1968)<\/a><\/h5>\n<\/li>\n<li>\n<h5><a href=\"https:\/\/poolcorpus.univ-jfc.fr\/extranei-etudiants-etrangers-en-france-epoque-moderne\" target=\"_blank\" rel=\"noopener noreferrer\">EXTRANEI &#8211; LES ETUDIANTS ETRANGERS EN FRANCE, XVIE-XVIIIE si\u00e8cle (Patrick Fert\u00e9)<\/a><\/h5>\n<\/li>\n<li>\n<h5><a href=\"https:\/\/poolcorpus.univ-jfc.fr\/cat-etrangers-epoque-moderne\" target=\"_blank\" rel=\"noopener noreferrer\">CAT (Corpus Academicum Tolosae) &#8211; LES ETUDIANTS ETRANGERS A L&rsquo;EPOQUE MODERNE (Patrick Fert\u00e9)<\/a><\/h5>\n<\/li>\n<li>\n<h5><a href=\"https:\/\/poolcorpus.univ-jfc.fr\/cat-etrangers-droit-epoque-contemporaine\" target=\"_blank\" rel=\"noopener noreferrer\">CAT LES ETUDIANTS D&rsquo;AILLEURS DE LA FACULTE DE DROIT DE TOULOUSE, 1828-1945.<\/a><\/h5>\n<\/li>\n<\/ul>\n","protected":false},"excerpt":{"rendered":"<p>Les chercheurs et le grand public trouveront ici des donn\u00e9es brutes, sous forme de notices individuelles, sur les acteurs de l\u2019universit\u00e9 (\u00e9tudiants, professeurs, personnels administratifs et techniques). Les donn\u00e9es publi\u00e9es n\u2019engagent que le chercheur signataire de la notice, en aucun cas l\u2019\u00e9tablissement universitaire dans lequel l\u2019\u00e9tudiant ou l\u2019enseignant a fait son cursus ou sa carri\u00e8re. &hellip; <a href=\"https:\/\/blogs.univ-jfc.fr\/studium\/blogs\/les-bases-de-donnees\/\" class=\"more-link\">Continuer la lecture de <span class=\"screen-reader-text\">Bases de donn\u00e9es<\/span> <span class=\"meta-nav\">&rarr;<\/span><\/a><\/p>\n","protected":false},"author":19,"featured_media":0,"parent":297,"menu_order":2,"comment_status":"closed","ping_status":"closed","template":"","meta":[],"_links":{"self":[{"href":"https:\/\/blogs.univ-jfc.fr\/studium\/wp-json\/wp\/v2\/pages\/81"}],"collection":[{"href":"https:\/\/blogs.univ-jfc.fr\/studium\/wp-json\/wp\/v2\/pages"}],"about":[{"href":"https:\/\/blogs.univ-jfc.fr\/studium\/wp-json\/wp\/v2\/types\/page"}],"author":[{"embeddable":true,"href":"https:\/\/blogs.univ-jfc.fr\/studium\/wp-json\/wp\/v2\/users\/19"}],"replies":[{"embeddable":true,"href":"https:\/\/blogs.univ-jfc.fr\/studium\/wp-json\/wp\/v2\/comments?post=81"}],"version-history":[{"count":15,"href":"https:\/\/blogs.univ-jfc.fr\/studium\/wp-json\/wp\/v2\/pages\/81\/revisions"}],"predecessor-version":[{"id":1852,"href":"https:\/\/blogs.univ-jfc.fr\/studium\/wp-json\/wp\/v2\/pages\/81\/revisions\/1852"}],"up":[{"embeddable":true,"href":"https:\/\/blogs.univ-jfc.fr\/studium\/wp-json\/wp\/v2\/pages\/297"}],"wp:attachment":[{"href":"https:\/\/blogs.univ-jfc.fr\/studium\/wp-json\/wp\/v2\/media?parent=81"}],"curies":[{"name":"wp","href":"https:\/\/api.w.org\/{rel}","templated":true}]}}