{"id":816,"date":"2018-03-25T17:29:32","date_gmt":"2018-03-25T16:29:32","guid":{"rendered":"http:\/\/blogs.univ-jfc.fr\/studium\/?page_id=816"},"modified":"2019-04-16T07:54:49","modified_gmt":"2019-04-16T06:54:49","slug":"journee-detudes-23-mars-2018","status":"publish","type":"page","link":"https:\/\/blogs.univ-jfc.fr\/studium\/galerie-photographique\/journee-detudes-23-mars-2018\/","title":{"rendered":"JE \u00c9l\u00e8ves et \u00e9tudiants en r\u00e9voltes 23.03.2018"},"content":{"rendered":"<p><strong><em>\u00a0<\/em><\/strong>Dans le cadre du s\u00e9minaire commun de la th\u00e9matique IV &#8211; Corpus du laboratoire Framespa, une journ\u00e9e\u00a0 d&rsquo;\u00e9tudes organis\u00e9e par Jacques Cantier s&rsquo;est tenue le vendredi 23 mars 2018 \u00e0 la Biblioth\u00e8que d&rsquo;\u00e9tudes m\u00e9ridionales rue du Taur \u00e0 Toulouse.<\/p>\n<p>Elle a \u00e9t\u00e9 consacr\u00e9e aux <strong><em>\u00c9l\u00e8ves et \u00e9tudiants en r\u00e9volte\u00a0: contestations et r\u00e9gulations au sein de l\u2019ordre scolaire et universitaire.<\/em><\/strong><strong><em><br \/>\n<\/em><\/strong><\/p>\n<p><strong>Matin\u00e9e : De Fran\u00e7ois Villon aux turbulences normaliennes <\/strong><\/p>\n<p style=\"text-align: center\"><a href=\"http:\/\/blogs.univ-jfc.fr\/studium\/wp-content\/uploads\/sites\/44\/2018\/03\/jacques-ouvrant.jpg\"><img loading=\"lazy\" class=\"size-medium wp-image-832 aligncenter\" src=\"http:\/\/blogs.univ-jfc.fr\/studium\/wp-content\/uploads\/sites\/44\/2018\/03\/jacques-ouvrant-300x225.jpg\" alt=\"\" width=\"300\" height=\"225\" srcset=\"https:\/\/blogs.univ-jfc.fr\/studium\/wp-content\/uploads\/sites\/44\/2018\/03\/jacques-ouvrant-300x225.jpg 300w, https:\/\/blogs.univ-jfc.fr\/studium\/wp-content\/uploads\/sites\/44\/2018\/03\/jacques-ouvrant-768x576.jpg 768w, https:\/\/blogs.univ-jfc.fr\/studium\/wp-content\/uploads\/sites\/44\/2018\/03\/jacques-ouvrant-1024x768.jpg 1024w\" sizes=\"(max-width: 300px) 100vw, 300px\" \/><\/a>Jacques Cantier ouvrant la journ\u00e9e.<\/p>\n<p style=\"text-align: center\"><a href=\"http:\/\/blogs.univ-jfc.fr\/studium\/wp-content\/uploads\/sites\/44\/2018\/03\/Sophie.jpg\"><img loading=\"lazy\" class=\"size-medium wp-image-838 aligncenter\" src=\"http:\/\/blogs.univ-jfc.fr\/studium\/wp-content\/uploads\/sites\/44\/2018\/03\/Sophie-300x225.jpg\" alt=\"\" width=\"300\" height=\"225\" srcset=\"https:\/\/blogs.univ-jfc.fr\/studium\/wp-content\/uploads\/sites\/44\/2018\/03\/Sophie-300x225.jpg 300w, https:\/\/blogs.univ-jfc.fr\/studium\/wp-content\/uploads\/sites\/44\/2018\/03\/Sophie-768x576.jpg 768w, https:\/\/blogs.univ-jfc.fr\/studium\/wp-content\/uploads\/sites\/44\/2018\/03\/Sophie-1024x768.jpg 1024w\" sizes=\"(max-width: 300px) 100vw, 300px\" \/><\/a>Sophie Cassagnes-Brouquet intervenant sur Les gr\u00e8ves d\u2019\u00e9tudiants au quartier latin au temps de Fran\u00e7ois Villon.<\/p>\n<p style=\"text-align: center\"><a href=\"http:\/\/blogs.univ-jfc.fr\/studium\/wp-content\/uploads\/sites\/44\/2018\/03\/Patrick-Fert\u00e9.jpg\"><img loading=\"lazy\" class=\"size-medium wp-image-840 aligncenter\" src=\"http:\/\/blogs.univ-jfc.fr\/studium\/wp-content\/uploads\/sites\/44\/2018\/03\/Patrick-Fert\u00e9-300x225.jpg\" alt=\"\" width=\"300\" height=\"225\" srcset=\"https:\/\/blogs.univ-jfc.fr\/studium\/wp-content\/uploads\/sites\/44\/2018\/03\/Patrick-Fert\u00e9-300x225.jpg 300w, https:\/\/blogs.univ-jfc.fr\/studium\/wp-content\/uploads\/sites\/44\/2018\/03\/Patrick-Fert\u00e9-768x576.jpg 768w, https:\/\/blogs.univ-jfc.fr\/studium\/wp-content\/uploads\/sites\/44\/2018\/03\/Patrick-Fert\u00e9-1024x768.jpg 1024w\" sizes=\"(max-width: 300px) 100vw, 300px\" \/><\/a> Patrick Fert\u00e9\u00a0 pr\u00e9sentant L\u2019inapplicable interdiction des \u00ab\u00a0nations \u00e9tudiantes\u00a0\u00bb \u00e0 Toulouse, d\u2019\u00c9tienne Dolet aux Guerres de religion.<\/p>\n<p style=\"text-align: center\"><a href=\"http:\/\/blogs.univ-jfc.fr\/studium\/wp-content\/uploads\/sites\/44\/2018\/03\/Public1.jpg\"><img loading=\"lazy\" class=\"size-medium wp-image-842 aligncenter\" src=\"http:\/\/blogs.univ-jfc.fr\/studium\/wp-content\/uploads\/sites\/44\/2018\/03\/Public1-300x225.jpg\" alt=\"\" width=\"300\" height=\"225\" srcset=\"https:\/\/blogs.univ-jfc.fr\/studium\/wp-content\/uploads\/sites\/44\/2018\/03\/Public1-300x225.jpg 300w, https:\/\/blogs.univ-jfc.fr\/studium\/wp-content\/uploads\/sites\/44\/2018\/03\/Public1-768x576.jpg 768w, https:\/\/blogs.univ-jfc.fr\/studium\/wp-content\/uploads\/sites\/44\/2018\/03\/Public1-1024x768.jpg 1024w\" sizes=\"(max-width: 300px) 100vw, 300px\" \/><\/a><\/p>\n<p style=\"text-align: center\"><a href=\"http:\/\/blogs.univ-jfc.fr\/studium\/wp-content\/uploads\/sites\/44\/2018\/03\/Etudiants-de-master.jpg\"><img loading=\"lazy\" class=\"size-medium wp-image-830 aligncenter\" src=\"http:\/\/blogs.univ-jfc.fr\/studium\/wp-content\/uploads\/sites\/44\/2018\/03\/Etudiants-de-master-300x225.jpg\" alt=\"\" width=\"300\" height=\"225\" srcset=\"https:\/\/blogs.univ-jfc.fr\/studium\/wp-content\/uploads\/sites\/44\/2018\/03\/Etudiants-de-master-300x225.jpg 300w, https:\/\/blogs.univ-jfc.fr\/studium\/wp-content\/uploads\/sites\/44\/2018\/03\/Etudiants-de-master-768x576.jpg 768w, https:\/\/blogs.univ-jfc.fr\/studium\/wp-content\/uploads\/sites\/44\/2018\/03\/Etudiants-de-master-1024x768.jpg 1024w\" sizes=\"(max-width: 300px) 100vw, 300px\" \/><\/a>Les participants de la matin\u00e9e.<\/p>\n<p style=\"text-align: center\"><a href=\"http:\/\/blogs.univ-jfc.fr\/studium\/wp-content\/uploads\/sites\/44\/2018\/03\/V\u00e9ronique.jpg\"><img loading=\"lazy\" class=\"size-medium wp-image-839 aligncenter\" src=\"http:\/\/blogs.univ-jfc.fr\/studium\/wp-content\/uploads\/sites\/44\/2018\/03\/V\u00e9ronique-300x225.jpg\" alt=\"\" width=\"300\" height=\"225\" srcset=\"https:\/\/blogs.univ-jfc.fr\/studium\/wp-content\/uploads\/sites\/44\/2018\/03\/V\u00e9ronique-300x225.jpg 300w, https:\/\/blogs.univ-jfc.fr\/studium\/wp-content\/uploads\/sites\/44\/2018\/03\/V\u00e9ronique-768x576.jpg 768w, https:\/\/blogs.univ-jfc.fr\/studium\/wp-content\/uploads\/sites\/44\/2018\/03\/V\u00e9ronique-1024x768.jpg 1024w\" sizes=\"(max-width: 300px) 100vw, 300px\" \/><\/a>V\u00e9ronique Castagnet-Lars communiquant sur Une r\u00e9gulation <em>modus societatis Iesu <\/em>au sein des coll\u00e8ges de la Compagnie? La normalisation de 1599.<\/p>\n<p style=\"text-align: center\"><a href=\"http:\/\/blogs.univ-jfc.fr\/studium\/wp-content\/uploads\/sites\/44\/2018\/03\/PMS.jpg\"><img loading=\"lazy\" class=\"size-medium wp-image-841 aligncenter\" src=\"http:\/\/blogs.univ-jfc.fr\/studium\/wp-content\/uploads\/sites\/44\/2018\/03\/PMS-300x225.jpg\" alt=\"\" width=\"300\" height=\"225\" srcset=\"https:\/\/blogs.univ-jfc.fr\/studium\/wp-content\/uploads\/sites\/44\/2018\/03\/PMS-300x225.jpg 300w, https:\/\/blogs.univ-jfc.fr\/studium\/wp-content\/uploads\/sites\/44\/2018\/03\/PMS-768x576.jpg 768w, https:\/\/blogs.univ-jfc.fr\/studium\/wp-content\/uploads\/sites\/44\/2018\/03\/PMS-1024x768.jpg 1024w\" sizes=\"(max-width: 300px) 100vw, 300px\" \/><\/a>Pierre-Fr\u00e9d\u00e9ric Charpentier pr\u00e9sentant Une fa\u00e7on originale de c\u00e9l\u00e9brer l\u2019armistice : l\u2019affaire de la p\u00e9tition des normaliens contre la PMS en novembre 1928.<\/p>\n<p style=\"text-align: center\"><a href=\"http:\/\/blogs.univ-jfc.fr\/studium\/wp-content\/uploads\/sites\/44\/2018\/03\/Patrick-2.jpg\"><img loading=\"lazy\" class=\"size-medium wp-image-834 aligncenter\" src=\"http:\/\/blogs.univ-jfc.fr\/studium\/wp-content\/uploads\/sites\/44\/2018\/03\/Patrick-2-300x225.jpg\" alt=\"\" width=\"300\" height=\"225\" srcset=\"https:\/\/blogs.univ-jfc.fr\/studium\/wp-content\/uploads\/sites\/44\/2018\/03\/Patrick-2-300x225.jpg 300w, https:\/\/blogs.univ-jfc.fr\/studium\/wp-content\/uploads\/sites\/44\/2018\/03\/Patrick-2-768x576.jpg 768w, https:\/\/blogs.univ-jfc.fr\/studium\/wp-content\/uploads\/sites\/44\/2018\/03\/Patrick-2-1024x768.jpg 1024w\" sizes=\"(max-width: 300px) 100vw, 300px\" \/><\/a>Patrick Fert\u00e9 lors des \u00e9changes avec le public.<\/p>\n<p>&nbsp;<\/p>\n<p><strong>Apr\u00e8s-midi\u00a0: De Mai 68 \u00e0 nos jours<\/strong><\/p>\n<p style=\"text-align: center\"><a href=\"http:\/\/blogs.univ-jfc.fr\/studium\/wp-content\/uploads\/sites\/44\/2018\/03\/Etienne-et-Jacques.jpg\"><img loading=\"lazy\" class=\"size-medium wp-image-828 aligncenter\" src=\"http:\/\/blogs.univ-jfc.fr\/studium\/wp-content\/uploads\/sites\/44\/2018\/03\/Etienne-et-Jacques-300x225.jpg\" alt=\"\" width=\"300\" height=\"225\" srcset=\"https:\/\/blogs.univ-jfc.fr\/studium\/wp-content\/uploads\/sites\/44\/2018\/03\/Etienne-et-Jacques-300x225.jpg 300w, https:\/\/blogs.univ-jfc.fr\/studium\/wp-content\/uploads\/sites\/44\/2018\/03\/Etienne-et-Jacques-768x576.jpg 768w, https:\/\/blogs.univ-jfc.fr\/studium\/wp-content\/uploads\/sites\/44\/2018\/03\/Etienne-et-Jacques-1024x768.jpg 1024w\" sizes=\"(max-width: 300px) 100vw, 300px\" \/><\/a> Jacques Cantier\u00a0 :\u00a0 Les r\u00e9volt\u00e9s de Nanterre vus par un de leurs a\u00een\u00e9s\u00a0: <em>Derri\u00e8re la vitre<\/em> de Robert Merle, un roman de 68. (A gauche, le pr\u00e9sident de s\u00e9ance \u00c9tienne Bordes).<\/p>\n<p style=\"text-align: center\"><strong>\u00a0Contestations estudiantines et r\u00e9gulations institutionnelles depuis Mai 68\u00a0: dialogue de deux acteurs de la vie universitaire toulousaine, Alain Alcouffe et R\u00e9my Pech. Echange anim\u00e9 par Etienne Bordes.<\/strong><\/p>\n<p><a href=\"http:\/\/blogs.univ-jfc.fr\/studium\/wp-content\/uploads\/sites\/44\/2018\/03\/D\u00e9bat.jpg\"><img loading=\"lazy\" class=\"size-medium wp-image-823 aligncenter\" src=\"http:\/\/blogs.univ-jfc.fr\/studium\/wp-content\/uploads\/sites\/44\/2018\/03\/D\u00e9bat-300x225.jpg\" alt=\"\" width=\"300\" height=\"225\" srcset=\"https:\/\/blogs.univ-jfc.fr\/studium\/wp-content\/uploads\/sites\/44\/2018\/03\/D\u00e9bat-300x225.jpg 300w, https:\/\/blogs.univ-jfc.fr\/studium\/wp-content\/uploads\/sites\/44\/2018\/03\/D\u00e9bat-768x576.jpg 768w, https:\/\/blogs.univ-jfc.fr\/studium\/wp-content\/uploads\/sites\/44\/2018\/03\/D\u00e9bat-1024x768.jpg 1024w\" sizes=\"(max-width: 300px) 100vw, 300px\" \/><\/a><\/p>\n<p style=\"text-align: center\"><a href=\"http:\/\/blogs.univ-jfc.fr\/studium\/wp-content\/uploads\/sites\/44\/2018\/03\/alain-et-remy-3.jpg\"><img loading=\"lazy\" class=\"size-medium wp-image-819 aligncenter\" src=\"http:\/\/blogs.univ-jfc.fr\/studium\/wp-content\/uploads\/sites\/44\/2018\/03\/alain-et-remy-3-300x225.jpg\" alt=\"\" width=\"300\" height=\"225\" srcset=\"https:\/\/blogs.univ-jfc.fr\/studium\/wp-content\/uploads\/sites\/44\/2018\/03\/alain-et-remy-3-300x225.jpg 300w, https:\/\/blogs.univ-jfc.fr\/studium\/wp-content\/uploads\/sites\/44\/2018\/03\/alain-et-remy-3-768x576.jpg 768w, https:\/\/blogs.univ-jfc.fr\/studium\/wp-content\/uploads\/sites\/44\/2018\/03\/alain-et-remy-3-1024x768.jpg 1024w\" sizes=\"(max-width: 300px) 100vw, 300px\" \/><\/a>Les t\u00e9moins de mai 1968 : Alain Alcouffe, leader du mouvement \u00e9tudiant\u00a0 \u00e0 Toulouse et R\u00e9my Pech, \u00e9l\u00e8ve \u00e0 l\u2019\u00c9cole normale sup\u00e9rieure de Saint-Cloud.<\/p>\n<p><a href=\"http:\/\/blogs.univ-jfc.fr\/studium\/wp-content\/uploads\/sites\/44\/2018\/03\/Alain.jpg\"><img loading=\"lazy\" class=\"size-medium wp-image-821 aligncenter\" src=\"http:\/\/blogs.univ-jfc.fr\/studium\/wp-content\/uploads\/sites\/44\/2018\/03\/Alain-300x225.jpg\" alt=\"\" width=\"300\" height=\"225\" srcset=\"https:\/\/blogs.univ-jfc.fr\/studium\/wp-content\/uploads\/sites\/44\/2018\/03\/Alain-300x225.jpg 300w, https:\/\/blogs.univ-jfc.fr\/studium\/wp-content\/uploads\/sites\/44\/2018\/03\/Alain-768x576.jpg 768w, https:\/\/blogs.univ-jfc.fr\/studium\/wp-content\/uploads\/sites\/44\/2018\/03\/Alain-1024x768.jpg 1024w\" sizes=\"(max-width: 300px) 100vw, 300px\" \/><\/a><\/p>\n<p><a href=\"http:\/\/blogs.univ-jfc.fr\/studium\/wp-content\/uploads\/sites\/44\/2018\/03\/R\u00e9my.jpg\"><img loading=\"lazy\" class=\"size-medium wp-image-846 aligncenter\" src=\"http:\/\/blogs.univ-jfc.fr\/studium\/wp-content\/uploads\/sites\/44\/2018\/03\/R\u00e9my-300x225.jpg\" alt=\"\" width=\"300\" height=\"225\" srcset=\"https:\/\/blogs.univ-jfc.fr\/studium\/wp-content\/uploads\/sites\/44\/2018\/03\/R\u00e9my-300x225.jpg 300w, https:\/\/blogs.univ-jfc.fr\/studium\/wp-content\/uploads\/sites\/44\/2018\/03\/R\u00e9my-768x576.jpg 768w, https:\/\/blogs.univ-jfc.fr\/studium\/wp-content\/uploads\/sites\/44\/2018\/03\/R\u00e9my-1024x768.jpg 1024w\" sizes=\"(max-width: 300px) 100vw, 300px\" \/><\/a><\/p>\n<p style=\"text-align: center\"><a href=\"http:\/\/blogs.univ-jfc.fr\/studium\/wp-content\/uploads\/sites\/44\/2018\/03\/Public2.jpg\"><img loading=\"lazy\" class=\"size-medium wp-image-843 aligncenter\" src=\"http:\/\/blogs.univ-jfc.fr\/studium\/wp-content\/uploads\/sites\/44\/2018\/03\/Public2-300x225.jpg\" alt=\"\" width=\"300\" height=\"225\" srcset=\"https:\/\/blogs.univ-jfc.fr\/studium\/wp-content\/uploads\/sites\/44\/2018\/03\/Public2-300x225.jpg 300w, https:\/\/blogs.univ-jfc.fr\/studium\/wp-content\/uploads\/sites\/44\/2018\/03\/Public2-768x576.jpg 768w, https:\/\/blogs.univ-jfc.fr\/studium\/wp-content\/uploads\/sites\/44\/2018\/03\/Public2-1024x768.jpg 1024w\" sizes=\"(max-width: 300px) 100vw, 300px\" \/><\/a>Les participants\u00a0 de l&rsquo;apr\u00e8s-midi.<\/p>\n<p style=\"text-align: center\"><a href=\"http:\/\/blogs.univ-jfc.fr\/studium\/wp-content\/uploads\/sites\/44\/2018\/03\/Guy.jpg\"><img loading=\"lazy\" class=\"size-medium wp-image-831 aligncenter\" src=\"http:\/\/blogs.univ-jfc.fr\/studium\/wp-content\/uploads\/sites\/44\/2018\/03\/Guy-300x225.jpg\" alt=\"\" width=\"300\" height=\"225\" srcset=\"https:\/\/blogs.univ-jfc.fr\/studium\/wp-content\/uploads\/sites\/44\/2018\/03\/Guy-300x225.jpg 300w, https:\/\/blogs.univ-jfc.fr\/studium\/wp-content\/uploads\/sites\/44\/2018\/03\/Guy-768x576.jpg 768w, https:\/\/blogs.univ-jfc.fr\/studium\/wp-content\/uploads\/sites\/44\/2018\/03\/Guy-1024x768.jpg 1024w\" sizes=\"(max-width: 300px) 100vw, 300px\" \/><\/a>Guy Astoul durant les \u00e9changes avec les deux t\u00e9moins.<\/p>\n<p style=\"text-align: center\"><a href=\"http:\/\/blogs.univ-jfc.fr\/studium\/wp-content\/uploads\/sites\/44\/2018\/03\/Elie-2.jpg\"><img loading=\"lazy\" class=\"size-medium wp-image-825 aligncenter\" src=\"http:\/\/blogs.univ-jfc.fr\/studium\/wp-content\/uploads\/sites\/44\/2018\/03\/Elie-2-300x225.jpg\" alt=\"\" width=\"300\" height=\"225\" srcset=\"https:\/\/blogs.univ-jfc.fr\/studium\/wp-content\/uploads\/sites\/44\/2018\/03\/Elie-2-300x225.jpg 300w, https:\/\/blogs.univ-jfc.fr\/studium\/wp-content\/uploads\/sites\/44\/2018\/03\/Elie-2-768x576.jpg 768w, https:\/\/blogs.univ-jfc.fr\/studium\/wp-content\/uploads\/sites\/44\/2018\/03\/Elie-2-1024x768.jpg 1024w\" sizes=\"(max-width: 300px) 100vw, 300px\" \/><\/a>Elys\u00e9e Brugaralas durant les \u00e9changes avec les deux t\u00e9moins.<\/p>\n<p style=\"text-align: center\"><a href=\"http:\/\/blogs.univ-jfc.fr\/studium\/wp-content\/uploads\/sites\/44\/2018\/03\/Cameramn.jpg\"><img loading=\"lazy\" class=\"size-medium wp-image-822 aligncenter\" src=\"http:\/\/blogs.univ-jfc.fr\/studium\/wp-content\/uploads\/sites\/44\/2018\/03\/Cameramn-300x225.jpg\" alt=\"\" width=\"300\" height=\"225\" srcset=\"https:\/\/blogs.univ-jfc.fr\/studium\/wp-content\/uploads\/sites\/44\/2018\/03\/Cameramn-300x225.jpg 300w, https:\/\/blogs.univ-jfc.fr\/studium\/wp-content\/uploads\/sites\/44\/2018\/03\/Cameramn-768x576.jpg 768w, https:\/\/blogs.univ-jfc.fr\/studium\/wp-content\/uploads\/sites\/44\/2018\/03\/Cameramn-1024x768.jpg 1024w\" sizes=\"(max-width: 300px) 100vw, 300px\" \/><\/a>Documentariste filmant les \u00e9changes.<\/p>\n<p>&nbsp;<\/p>\n<p>&nbsp;<\/p>\n<p>&nbsp;<\/p>\n<p>&nbsp;<\/p>\n<p>&nbsp;<\/p>\n","protected":false},"excerpt":{"rendered":"<p>\u00a0Dans le cadre du s\u00e9minaire commun de la th\u00e9matique IV &#8211; Corpus du laboratoire Framespa, une journ\u00e9e\u00a0 d&rsquo;\u00e9tudes organis\u00e9e par Jacques Cantier s&rsquo;est tenue le vendredi 23 mars 2018 \u00e0 la Biblioth\u00e8que d&rsquo;\u00e9tudes m\u00e9ridionales rue du Taur \u00e0 Toulouse. Elle a \u00e9t\u00e9 consacr\u00e9e aux \u00c9l\u00e8ves et \u00e9tudiants en r\u00e9volte\u00a0: contestations et r\u00e9gulations au sein de &hellip; <a href=\"https:\/\/blogs.univ-jfc.fr\/studium\/galerie-photographique\/journee-detudes-23-mars-2018\/\" class=\"more-link\">Continuer la lecture de <span class=\"screen-reader-text\">JE \u00c9l\u00e8ves et \u00e9tudiants en r\u00e9voltes 23.03.2018<\/span> <span class=\"meta-nav\">&rarr;<\/span><\/a><\/p>\n","protected":false},"author":19,"featured_media":0,"parent":632,"menu_order":2,"comment_status":"closed","ping_status":"closed","template":"","meta":[],"_links":{"self":[{"href":"https:\/\/blogs.univ-jfc.fr\/studium\/wp-json\/wp\/v2\/pages\/816"}],"collection":[{"href":"https:\/\/blogs.univ-jfc.fr\/studium\/wp-json\/wp\/v2\/pages"}],"about":[{"href":"https:\/\/blogs.univ-jfc.fr\/studium\/wp-json\/wp\/v2\/types\/page"}],"author":[{"embeddable":true,"href":"https:\/\/blogs.univ-jfc.fr\/studium\/wp-json\/wp\/v2\/users\/19"}],"replies":[{"embeddable":true,"href":"https:\/\/blogs.univ-jfc.fr\/studium\/wp-json\/wp\/v2\/comments?post=816"}],"version-history":[{"count":8,"href":"https:\/\/blogs.univ-jfc.fr\/studium\/wp-json\/wp\/v2\/pages\/816\/revisions"}],"predecessor-version":[{"id":1014,"href":"https:\/\/blogs.univ-jfc.fr\/studium\/wp-json\/wp\/v2\/pages\/816\/revisions\/1014"}],"up":[{"embeddable":true,"href":"https:\/\/blogs.univ-jfc.fr\/studium\/wp-json\/wp\/v2\/pages\/632"}],"wp:attachment":[{"href":"https:\/\/blogs.univ-jfc.fr\/studium\/wp-json\/wp\/v2\/media?parent=816"}],"curies":[{"name":"wp","href":"https:\/\/api.w.org\/{rel}","templated":true}]}}