{"id":859,"date":"2018-04-28T16:11:55","date_gmt":"2018-04-28T15:11:55","guid":{"rendered":"http:\/\/blogs.univ-jfc.fr\/studium\/?page_id=859"},"modified":"2018-11-06T09:09:23","modified_gmt":"2018-11-06T08:09:23","slug":"bibliographie","status":"publish","type":"page","link":"https:\/\/blogs.univ-jfc.fr\/studium\/archives\/le-mai-68-des-sportifs-et-des-educateurs-physiques\/bibliographie\/","title":{"rendered":"Bibliographie"},"content":{"rendered":"<p>Aron, R., <em>La r\u00e9volution introuvable<\/em>, Paris, Fayard, 1968<\/p>\n<p>Augustin, J.-P., \u00ab\u00a0Crise des mouvements de jeunesse et autonomisation du mouvement sportif sous la VI<sup>e<\/sup> R\u00e9publique\u00a0\u00bb in Cl\u00e9ment, J.P., Herr, M., (dir.), <em>L\u2019identit\u00e9 de l\u2019EP scolaire au XX<sup>e<\/sup> si\u00e8cle<\/em>, AFRAPS, 1993.<\/p>\n<p>Berthaud, G., Brohm, J.M., Gantheret, F., Laguillaumie, P., <em>Sport, culture et r\u00e9pression<\/em>, Paris, Masp\u00e9ro, 1968.<\/p>\n<p>Boltanski, L., Chiapello, E., <em>Le nouvel esprit du capitalisme,<\/em> Paris, Gallimard, 1999.<\/p>\n<p>Bourdieu, P<em>., Homo Academicus<\/em>, Paris, Ed. de Minuit, 1984.<\/p>\n<p>Capdevielle, J., Mouriaux, R., <em>Mai 68, L\u2019entre deux de la modernit\u00e9<\/em>, Paris, PFNSP, 1988.<\/p>\n<p>Defrance, J., \u00ab\u00a0Un schisme sportif. Clivages structurels, scissions et oppositions dans les sports athl\u00e9tiques\u00a0\u00bb, 1960-1980, <em>ARSS<\/em>, n\u00b079, 1989.<\/p>\n<p>Dietschy, P., Gastaut, Y.,\u00a0 Mourlane, S., <em>Histoire politique des Coupes du Monde de football<\/em>, Paris\u00a0: Vuibert, 2006.<\/p>\n<p>Di Ruzza, F., Gerbier, B., Ski en crise, Le cirque blanc\u00a0: du profit \u00e0 la comp\u00e9tition, Grenoble, PUG, 1977.<\/p>\n<p>Foucault, M., \u00ab\u00a0Le myst\u00e8re de Mai\u00a0\u00bb, in <em>Le D\u00e9bat<\/em>, n\u00b050, et n\u00b051, 1988.<\/p>\n<p>Galland, O., <em>Sociologie de la jeunesse<\/em>, Armand Colin, 2011.<\/p>\n<p>Gobille, B., <em>Mai 68<\/em>, Paris, La d\u00e9couverte, 2008<\/p>\n<p>Gounot, Andr\u00e9. Jallat, Denis. Koebel, Michel (eds.). <em>Les usages politiques du football<\/em>. Paris, L\u2019Harmattan, 2011.<\/p>\n<p>Guibert, C., \u00ab\u00a0Surf et \u00ab\u00a0contre-culture\u00a0\u00bb\u00a0: La dimension symbolique des constructions journalistiques de la presse sp\u00e9cialis\u00e9e\u00a0\u00bb, Revue <em>Sciences sociales et sport<\/em>, n\u00b04, Juillet 2011.<\/p>\n<p>Hoibian, O., <em>Au del\u00e0 de la verticale, l\u2019alpinisme\u00a0: sport d\u2019\u00e9lite ou sport pour tous\u00a0?\u2026<\/em> Th\u00e8se de doctorat en STAPS, Universit\u00e9 Paris XI \u2013 Orsay, 1997.<\/p>\n<p>Jallat, D., \u00ab\u00a0La construction d\u2019une identit\u00e9 de la planche \u00e0 voile dans les ann\u00e9es 1970\u00a0: repr\u00e9sentations, jeux et enjeux.\u00bb, Revue <em>Sciences sociales et sport<\/em>, n\u00b04, Juillet 2011.<\/p>\n<p>Lebaron, F., \u00ab\u00a0Ethos capitaliste, \u00e9thos de classe. Quelques remarques autour des notions d\u2019\u00e9thos, habitus et sens moral\u00a0\u00bb in Gautier, C., Laugier, S., (Dir.), <em>Les voies du sens commun<\/em>, Paris, PUF, 2008.<\/p>\n<p>Le No\u00e9, Olivier. <em>Socio-histoire des politiques sportives (1940-1975). Gen\u00e8se d\u2019un groupe de sp\u00e9cialistes de l\u2019administration d\u2019Etat des activit\u00e9s sportives et structuration du service public du sport<\/em>, Universit\u00e9 de Paris I\u00a0: Th\u00e8se de Sciences politiques, 2000.<\/p>\n<p>Loirand, G., \u00ab\u00a0De la chute au vol. Gen\u00e8se et transformations du parachutisme sportif\u00a0\u00bb, <em>ARSS<\/em>, n\u00b079, 1989.<\/p>\n<p>Martin, J.L., <em>La politique de l\u2019\u00e9ducation physique sous la V\u00b0 R\u00e9publique<\/em>. <em>1. L\u2019\u00e9lan gaullien (1958-1969)<\/em>, Paris, Vuibert, 2004.<\/p>\n<p>Meynaud, J., <em>Sport et politique<\/em>, Paris, Payot, 1966.<\/p>\n<p>Milza P., Jequier F., T\u00e9tard P. (dir.), <em>Le pouvoir des anneaux. Les jeux olympiques \u00e0 la lumi\u00e8re de la politique, 1896-2004<\/em>, Paris, Vuibert, 2004.<\/p>\n<p>Nora, P., \u00ab\u00a0Le retour de l\u2019\u00e9v\u00e9nement\u00a0\u00bb, in Le Goff, J.P., Nora, P. (dir), <em>Faire de l\u2019histoire<\/em>, <em>Nouveaux probl\u00e8mes<\/em>, Paris, Gallimard, 1974.<\/p>\n<p>Pagis, J., <em>Un pav\u00e9 dans leur histoire<\/em>, Paris, PSP, 2014.<\/p>\n<p>Pociello, C., <em>Sport et soci\u00e9t\u00e9<\/em>, Paris, Vuigot, 1981.<\/p>\n<p>S\u00e9bileau, A., \u00ab\u00a0Temps de l\u2019olympisme, temps des constructeurs et temps des m\u00e9dias\u00a0: la relativit\u00e9 des points de vue sur le changement des espaces de navigation. Le cas des promoteurs de planche \u00e0 voile et du discours fun\u00a0\u00bb, Revue <em>Sciences sociales et sport<\/em>, n\u00b04, Juillet 2011.<\/p>\n<p>Sirinelli, J.F., <em>Les 20 d\u00e9cisives<\/em>, <em>Le pass\u00e9 proche de notre avenir<\/em>, Paris, Fayard, 2007.<\/p>\n<p>Touraine, A., <em>Le mouvement de Mai ou le communisme utopique<\/em>, Paris, Seuil, 1968.<\/p>\n<p>Wahl, A., \u00ab\u00a0Le Mai 68 des footballeurs fran\u00e7ais\u00a0\u00bb, <em>Vingti\u00e8me si\u00e8cle<\/em>, avril-juin, 1990.<\/p>\n<p>Waser, A.M., <em>Sociologie du tennis. Gen\u00e8se d\u2019une crise (1960-1990)<\/em>, Paris, L\u2019Harmattan, 1995.<\/p>\n<p>Zancarini\u2013Fournel, M., <em>Le moment Mai 68, une histoire contest\u00e9e<\/em>, Paris, Seuil, 2008.<\/p>\n","protected":false},"excerpt":{"rendered":"<p>Aron, R., La r\u00e9volution introuvable, Paris, Fayard, 1968 Augustin, J.-P., \u00ab\u00a0Crise des mouvements de jeunesse et autonomisation du mouvement sportif sous la VIe R\u00e9publique\u00a0\u00bb in Cl\u00e9ment, J.P., Herr, M., (dir.), L\u2019identit\u00e9 de l\u2019EP scolaire au XXe si\u00e8cle, AFRAPS, 1993. Berthaud, G., Brohm, J.M., Gantheret, F., Laguillaumie, P., Sport, culture et r\u00e9pression, Paris, Masp\u00e9ro, 1968. Boltanski, &hellip; <a href=\"https:\/\/blogs.univ-jfc.fr\/studium\/archives\/le-mai-68-des-sportifs-et-des-educateurs-physiques\/bibliographie\/\" class=\"more-link\">Continuer la lecture de <span class=\"screen-reader-text\">Bibliographie<\/span> <span class=\"meta-nav\">&rarr;<\/span><\/a><\/p>\n","protected":false},"author":19,"featured_media":0,"parent":854,"menu_order":2,"comment_status":"closed","ping_status":"closed","template":"","meta":[],"_links":{"self":[{"href":"https:\/\/blogs.univ-jfc.fr\/studium\/wp-json\/wp\/v2\/pages\/859"}],"collection":[{"href":"https:\/\/blogs.univ-jfc.fr\/studium\/wp-json\/wp\/v2\/pages"}],"about":[{"href":"https:\/\/blogs.univ-jfc.fr\/studium\/wp-json\/wp\/v2\/types\/page"}],"author":[{"embeddable":true,"href":"https:\/\/blogs.univ-jfc.fr\/studium\/wp-json\/wp\/v2\/users\/19"}],"replies":[{"embeddable":true,"href":"https:\/\/blogs.univ-jfc.fr\/studium\/wp-json\/wp\/v2\/comments?post=859"}],"version-history":[{"count":1,"href":"https:\/\/blogs.univ-jfc.fr\/studium\/wp-json\/wp\/v2\/pages\/859\/revisions"}],"predecessor-version":[{"id":860,"href":"https:\/\/blogs.univ-jfc.fr\/studium\/wp-json\/wp\/v2\/pages\/859\/revisions\/860"}],"up":[{"embeddable":true,"href":"https:\/\/blogs.univ-jfc.fr\/studium\/wp-json\/wp\/v2\/pages\/854"}],"wp:attachment":[{"href":"https:\/\/blogs.univ-jfc.fr\/studium\/wp-json\/wp\/v2\/media?parent=859"}],"curies":[{"name":"wp","href":"https:\/\/api.w.org\/{rel}","templated":true}]}}