{"id":869,"date":"2018-09-06T14:23:42","date_gmt":"2018-09-06T13:23:42","guid":{"rendered":"http:\/\/blogs.univ-jfc.fr\/studium\/?page_id=869"},"modified":"2018-09-06T14:24:01","modified_gmt":"2018-09-06T13:24:01","slug":"lewezyk-janssen-anais","status":"publish","type":"page","link":"https:\/\/blogs.univ-jfc.fr\/studium\/les-membres\/lewezyk-janssen-anais\/","title":{"rendered":"LEWEZYK-JANSSEN Ana\u00efs"},"content":{"rendered":"<div class=\"entry-content\">\n<p>Docteur en histoire, membre associ\u00e9e \u00e0 Framespa<\/p>\n<p>Pr\u00e9sentation : sp\u00e9cialiste de l&rsquo;enseignement de la m\u00e9decine au XVIIIe si\u00e8cle.<\/p>\n<p>Courriel : <span class=\"GCSDBRWBHOC\"><a class=\"GCSDBRWBMUB\"><span class=\"GCSDBRWBAOC\">lewezyk@gmail.com<\/span><\/a><\/span><\/p>\n<h5>Chantiers :<\/h5>\n<p>&nbsp;<\/p>\n<h5>Bibliographie<\/h5>\n<\/div>\n","protected":false},"excerpt":{"rendered":"<p>Docteur en histoire, membre associ\u00e9e \u00e0 Framespa Pr\u00e9sentation : sp\u00e9cialiste de l&rsquo;enseignement de la m\u00e9decine au XVIIIe si\u00e8cle. Courriel : lewezyk@gmail.com Chantiers : &nbsp; Bibliographie<\/p>\n","protected":false},"author":19,"featured_media":0,"parent":10,"menu_order":15,"comment_status":"closed","ping_status":"closed","template":"","meta":[],"_links":{"self":[{"href":"https:\/\/blogs.univ-jfc.fr\/studium\/wp-json\/wp\/v2\/pages\/869"}],"collection":[{"href":"https:\/\/blogs.univ-jfc.fr\/studium\/wp-json\/wp\/v2\/pages"}],"about":[{"href":"https:\/\/blogs.univ-jfc.fr\/studium\/wp-json\/wp\/v2\/types\/page"}],"author":[{"embeddable":true,"href":"https:\/\/blogs.univ-jfc.fr\/studium\/wp-json\/wp\/v2\/users\/19"}],"replies":[{"embeddable":true,"href":"https:\/\/blogs.univ-jfc.fr\/studium\/wp-json\/wp\/v2\/comments?post=869"}],"version-history":[{"count":2,"href":"https:\/\/blogs.univ-jfc.fr\/studium\/wp-json\/wp\/v2\/pages\/869\/revisions"}],"predecessor-version":[{"id":871,"href":"https:\/\/blogs.univ-jfc.fr\/studium\/wp-json\/wp\/v2\/pages\/869\/revisions\/871"}],"up":[{"embeddable":true,"href":"https:\/\/blogs.univ-jfc.fr\/studium\/wp-json\/wp\/v2\/pages\/10"}],"wp:attachment":[{"href":"https:\/\/blogs.univ-jfc.fr\/studium\/wp-json\/wp\/v2\/media?parent=869"}],"curies":[{"name":"wp","href":"https:\/\/api.w.org\/{rel}","templated":true}]}}