{"id":926,"date":"2019-03-10T18:36:47","date_gmt":"2019-03-10T17:36:47","guid":{"rendered":"http:\/\/blogs.univ-jfc.fr\/studium\/?page_id=926"},"modified":"2020-10-30T06:09:51","modified_gmt":"2020-10-30T05:09:51","slug":"colloque-science-et-culture-en-temps-de-guerre-2020","status":"publish","type":"page","link":"https:\/\/blogs.univ-jfc.fr\/studium\/actualites\/appels-a-communications\/colloque-science-et-culture-en-temps-de-guerre-2020\/","title":{"rendered":"SCIENCE ET CULTURE EN TEMPS DE GUERRE 27 et 28 mars 2020 REPORTE EN NOVEMBRE 2020 (sous r\u00e9serve)"},"content":{"rendered":"<h2 style=\"text-align: center\"><a href=\"http:\/\/blogs.univ-jfc.fr\/studium\/actualites\/appels-a-communications\/colloque-science-et-culture-en-temps-de-guerre-2020\/comite-scientifique\/\" target=\"_blank\" rel=\"noopener noreferrer\">COMITE SCIENTIFIQUE<\/a><\/h2>\n<h2 style=\"text-align: center\"><strong><a href=\"http:\/\/blogs.univ-jfc.fr\/studium\/actualites\/appels-a-communications\/colloque-science-et-culture-en-temps-de-guerre-2020\/programme\/\">PROGRAMME<\/a><br \/>\n<\/strong><\/h2>\n<h2 style=\"text-align: center\"><a href=\"http:\/\/blogs.univ-jfc.fr\/studium\/actualites\/appels-a-communications\/colloque-science-et-culture-en-temps-de-guerre-2020\/intervenants\/\">INTERVENANTS<\/a><\/h2>\n<h2 style=\"text-align: center\"><a href=\"http:\/\/blogs.univ-jfc.fr\/studium\/actualites\/appels-a-communications\/colloque-science-et-culture-en-temps-de-guerre-2020\/partenaires-du-colloque\/\">ORGANISATION ET PARTENAIRES<\/a><\/h2>\n<h2 style=\"text-align: center\"><a href=\"http:\/\/blogs.univ-jfc.fr\/studium\/actualites\/appels-a-communications\/colloque-science-et-culture-en-temps-de-guerre-2020\/appel-a-communication\/\">APPEL A COMMUNICATION (termin\u00e9)<\/a><\/h2>\n<h3 style=\"text-align: center\"><span style=\"color: #a60a0a\"><strong>\u00a0<\/strong><\/span><\/h3>\n<h4 style=\"text-align: center\"><em>Biblioth\u00e8que d&rsquo;\u00e9tudes m\u00e9ridionales, 56 rue du Taur, Toulouse<br \/>\n<\/em><\/h4>\n<h4 style=\"text-align: center\">M\u00e9tro : Capitole<\/h4>\n<p style=\"text-align: center\"><span style=\"color: #ff0000\"><strong>\u00a0<\/strong><\/span><\/p>\n<p style=\"text-align: center\"><strong><span style=\"color: #ff0000\">En raison de la situation sanitaire et du reconfinement, le colloque se tiendra uniquement en distanciel. Pour recevoir le lien, Zoom merci de vous inscrire en envoyant un mail \u00e0 : caroline.barrera@univ-jfc.fr<\/span><\/strong><\/p>\n","protected":false},"excerpt":{"rendered":"<p>COMITE SCIENTIFIQUE PROGRAMME INTERVENANTS ORGANISATION ET PARTENAIRES APPEL A COMMUNICATION (termin\u00e9) \u00a0 Biblioth\u00e8que d&rsquo;\u00e9tudes m\u00e9ridionales, 56 rue du Taur, Toulouse M\u00e9tro : Capitole \u00a0 En raison de la situation sanitaire et du reconfinement, le colloque se tiendra uniquement en distanciel. Pour recevoir le lien, Zoom merci de vous inscrire en envoyant un mail \u00e0 : &hellip; <a href=\"https:\/\/blogs.univ-jfc.fr\/studium\/actualites\/appels-a-communications\/colloque-science-et-culture-en-temps-de-guerre-2020\/\" class=\"more-link\">Continuer la lecture de <span class=\"screen-reader-text\">SCIENCE ET CULTURE EN TEMPS DE GUERRE 27 et 28 mars 2020 REPORTE EN NOVEMBRE 2020 (sous r\u00e9serve)<\/span> <span class=\"meta-nav\">&rarr;<\/span><\/a><\/p>\n","protected":false},"author":19,"featured_media":0,"parent":346,"menu_order":1,"comment_status":"closed","ping_status":"closed","template":"","meta":[],"_links":{"self":[{"href":"https:\/\/blogs.univ-jfc.fr\/studium\/wp-json\/wp\/v2\/pages\/926"}],"collection":[{"href":"https:\/\/blogs.univ-jfc.fr\/studium\/wp-json\/wp\/v2\/pages"}],"about":[{"href":"https:\/\/blogs.univ-jfc.fr\/studium\/wp-json\/wp\/v2\/types\/page"}],"author":[{"embeddable":true,"href":"https:\/\/blogs.univ-jfc.fr\/studium\/wp-json\/wp\/v2\/users\/19"}],"replies":[{"embeddable":true,"href":"https:\/\/blogs.univ-jfc.fr\/studium\/wp-json\/wp\/v2\/comments?post=926"}],"version-history":[{"count":25,"href":"https:\/\/blogs.univ-jfc.fr\/studium\/wp-json\/wp\/v2\/pages\/926\/revisions"}],"predecessor-version":[{"id":1807,"href":"https:\/\/blogs.univ-jfc.fr\/studium\/wp-json\/wp\/v2\/pages\/926\/revisions\/1807"}],"up":[{"embeddable":true,"href":"https:\/\/blogs.univ-jfc.fr\/studium\/wp-json\/wp\/v2\/pages\/346"}],"wp:attachment":[{"href":"https:\/\/blogs.univ-jfc.fr\/studium\/wp-json\/wp\/v2\/media?parent=926"}],"curies":[{"name":"wp","href":"https:\/\/api.w.org\/{rel}","templated":true}]}}