{"id":951,"date":"2019-04-15T13:45:30","date_gmt":"2019-04-15T12:45:30","guid":{"rendered":"http:\/\/blogs.univ-jfc.fr\/studium\/?page_id=951"},"modified":"2024-07-15T15:02:46","modified_gmt":"2024-07-15T14:02:46","slug":"accueil","status":"publish","type":"page","link":"https:\/\/blogs.univ-jfc.fr\/studium\/","title":{"rendered":"Accueil"},"content":{"rendered":"\n<p><strong>STUDIUM<\/strong> est un atelier de recherche universitaire cr\u00e9\u00e9 en 2014, d\u00e9di\u00e9 \u00e0 l&rsquo;histoire de l&rsquo;\u00e9ducation, de la culture et aux <em>sciences studies<\/em>, en forte interaction avec les autres disciplines. Il est rattach\u00e9 \u00e0 l la th\u00e9matique IV &#8211; Corpus du laboratoire Framespa (UMR 5136) de l&rsquo;Universit\u00e9 Toulouse Jean Jaur\u00e8s\/CNRS et \u00e0 l&rsquo;INU Champollion (Groupe de recherche TCF).<\/p>\n\n\n\n<hr class=\"wp-block-separator\" \/>\n\n\n\n<hr class=\"wp-block-separator\" \/>\n\n\n\n<p>Co-animation : Caroline Barrera (INU Champollion), Jacques Cantier (UT2J), V\u00e9ronique Castagnet-Lars (INSP\u00e9 Toulouse Occitanie-Midi-Pyr\u00e9n\u00e9es).<\/p>\n\n\n\n<h5>&nbsp;<\/h5>\n\n\n\n<h2 class=\"has-text-align-center\"><a href=\"https:\/\/blogs.univ-jfc.fr\/studium\/planning-des-activites-scientifiques-2024-2025\/\" data-type=\"URL\" data-id=\"https:\/\/blogs.univ-jfc.fr\/studium\/planning-des-activites-scientifiques-2024-2025\/\"><span class=\"has-inline-color has-red-color\">PROGRAMME 2024-2025<\/span><\/a><\/h2>\n\n\n\n<div class=\"wp-block-group\"><div class=\"wp-block-group__inner-container\">\n<p><span class=\"has-inline-color has-red-color\"><\/span><\/p>\n<\/div><\/div>\n\n\n\n<div class=\"wp-block-group\"><div class=\"wp-block-group__inner-container\"><\/div><\/div>\n\n\n\n<div class=\"wp-block-group\"><div class=\"wp-block-group__inner-container\">\n<div class=\"wp-block-group\"><div class=\"wp-block-group__inner-container\"><\/div><\/div>\n<\/div><\/div>\n\n\n\n<div class=\"wp-block-group\"><div class=\"wp-block-group__inner-container\">\n<div class=\"wp-block-group\"><div class=\"wp-block-group__inner-container\">\n<div class=\"wp-block-group\"><div class=\"wp-block-group__inner-container\">\n<div class=\"wp-block-group\"><div class=\"wp-block-group__inner-container\">\n<div class=\"wp-block-group\"><div class=\"wp-block-group__inner-container\">\n<div class=\"wp-block-group\"><div class=\"wp-block-group__inner-container\">\n<div class=\"wp-block-group\"><div class=\"wp-block-group__inner-container\">\n<div class=\"wp-block-columns\">\n<div class=\"wp-block-column\" style=\"flex-basis:100%\"><\/div>\n<\/div>\n\n\n\n<p><\/p>\n<\/div><\/div>\n<\/div><\/div>\n\n\n\n<p><\/p>\n<\/div><\/div>\n<\/div><\/div>\n<\/div><\/div>\n<\/div><\/div>\n<\/div><\/div>\n","protected":false},"excerpt":{"rendered":"<p>STUDIUM est un atelier de recherche universitaire cr\u00e9\u00e9 en 2014, d\u00e9di\u00e9 \u00e0 l&rsquo;histoire de l&rsquo;\u00e9ducation, de la culture et aux sciences studies, en forte interaction avec les autres disciplines. Il est rattach\u00e9 \u00e0 l la th\u00e9matique IV &#8211; Corpus du laboratoire Framespa (UMR 5136) de l&rsquo;Universit\u00e9 Toulouse Jean Jaur\u00e8s\/CNRS et \u00e0 l&rsquo;INU Champollion (Groupe de &hellip; <a href=\"https:\/\/blogs.univ-jfc.fr\/studium\/\" class=\"more-link\">Continuer la lecture de <span class=\"screen-reader-text\">Accueil<\/span> <span class=\"meta-nav\">&rarr;<\/span><\/a><\/p>\n","protected":false},"author":242,"featured_media":0,"parent":0,"menu_order":0,"comment_status":"closed","ping_status":"closed","template":"","meta":[],"_links":{"self":[{"href":"https:\/\/blogs.univ-jfc.fr\/studium\/wp-json\/wp\/v2\/pages\/951"}],"collection":[{"href":"https:\/\/blogs.univ-jfc.fr\/studium\/wp-json\/wp\/v2\/pages"}],"about":[{"href":"https:\/\/blogs.univ-jfc.fr\/studium\/wp-json\/wp\/v2\/types\/page"}],"author":[{"embeddable":true,"href":"https:\/\/blogs.univ-jfc.fr\/studium\/wp-json\/wp\/v2\/users\/242"}],"replies":[{"embeddable":true,"href":"https:\/\/blogs.univ-jfc.fr\/studium\/wp-json\/wp\/v2\/comments?post=951"}],"version-history":[{"count":115,"href":"https:\/\/blogs.univ-jfc.fr\/studium\/wp-json\/wp\/v2\/pages\/951\/revisions"}],"predecessor-version":[{"id":2523,"href":"https:\/\/blogs.univ-jfc.fr\/studium\/wp-json\/wp\/v2\/pages\/951\/revisions\/2523"}],"wp:attachment":[{"href":"https:\/\/blogs.univ-jfc.fr\/studium\/wp-json\/wp\/v2\/media?parent=951"}],"curies":[{"name":"wp","href":"https:\/\/api.w.org\/{rel}","templated":true}]}}