{"id":129,"date":"2024-07-11T15:28:54","date_gmt":"2024-07-11T13:28:54","guid":{"rendered":"https:\/\/blogs.univ-jfc.fr\/suaps\/?page_id=129"},"modified":"2024-08-28T10:40:19","modified_gmt":"2024-08-28T08:40:19","slug":"associations","status":"publish","type":"page","link":"https:\/\/blogs.univ-jfc.fr\/suaps\/associations\/","title":{"rendered":"Associations"},"content":{"rendered":"\n<p>4 <strong>associations sportives<\/strong> pour participer aux comp\u00e9titions de la FFSU<\/p>\n\n\n\n<ul><li><a href=\"https:\/\/www.univ-jfc.fr\/associations\/asuc\">ASUC <\/a>sur le campus d\u2019ALBI<\/li><li><a href=\"https:\/\/www.univ-jfc.fr\/associations\/asur\">ASUR <\/a>sur le campus de RODEZ<\/li><li><a href=\"https:\/\/www.castres-mazamet.fr\/la-vie-etudiante\/lacme\">ACME <\/a>sur le campus de CASTRES.<\/li><li><a href=\"https:\/\/www.univ-jfc.fr\/associations\/amis-o-sports\">Amis \u00d4 sports<\/a> sur le campus de Millau<\/li><\/ul>\n\n\n\n<p><\/p>\n\n\n\n<div class=\"wp-block-image\"><figure class=\"aligncenter\"><img src=\"https:\/\/www.univ-jfc.fr\/sites\/default\/files\/styles\/max_325x325\/public\/associations-2017-11\/logo_asuc_2017.jpg?itok=MiQIAqYa\" alt=\"\" \/><\/figure><\/div>\n\n\n\n<p>L&rsquo;ASUC est l&rsquo;Association sportive du site albigeois de Champollion. Son but est de promouvoir la pratique du sport et des activit\u00e9s physiques (loisirs ou comp\u00e9tition) par les \u00e9tudiants et les personnels, et de r\u00e9pondre \u00e0 leur motivation\u00a0:<\/p>\n\n\n\n<ol><li>Matchs ou rencontres sportives universitaires (FFSU)<\/li><li>&nbsp;Participations \u00e0 des \u00e9v\u00e8nements sportifs ext\u00e9rieurs<\/li><li>&nbsp;Activit\u00e9s ou sorties autog\u00e9r\u00e9es par les \u00e9tudiants ou les personnels.<\/li><\/ol>\n\n\n\n<p><\/p>\n","protected":false},"excerpt":{"rendered":"<p>4 associations sportives pour participer aux comp\u00e9titions de la FFSU ASUC sur le campus d\u2019ALBI ASUR sur le campus de RODEZ ACME sur le campus de CASTRES. Amis \u00d4 sports sur le campus de Millau L&rsquo;ASUC est l&rsquo;Association sportive du site albigeois de Champollion. Son but est de promouvoir la pratique du sport et des [&hellip;]<\/p>\n","protected":false},"author":242,"featured_media":0,"parent":0,"menu_order":0,"comment_status":"closed","ping_status":"closed","template":"","meta":[],"_links":{"self":[{"href":"https:\/\/blogs.univ-jfc.fr\/suaps\/wp-json\/wp\/v2\/pages\/129"}],"collection":[{"href":"https:\/\/blogs.univ-jfc.fr\/suaps\/wp-json\/wp\/v2\/pages"}],"about":[{"href":"https:\/\/blogs.univ-jfc.fr\/suaps\/wp-json\/wp\/v2\/types\/page"}],"author":[{"embeddable":true,"href":"https:\/\/blogs.univ-jfc.fr\/suaps\/wp-json\/wp\/v2\/users\/242"}],"replies":[{"embeddable":true,"href":"https:\/\/blogs.univ-jfc.fr\/suaps\/wp-json\/wp\/v2\/comments?post=129"}],"version-history":[{"count":6,"href":"https:\/\/blogs.univ-jfc.fr\/suaps\/wp-json\/wp\/v2\/pages\/129\/revisions"}],"predecessor-version":[{"id":255,"href":"https:\/\/blogs.univ-jfc.fr\/suaps\/wp-json\/wp\/v2\/pages\/129\/revisions\/255"}],"wp:attachment":[{"href":"https:\/\/blogs.univ-jfc.fr\/suaps\/wp-json\/wp\/v2\/media?parent=129"}],"curies":[{"name":"wp","href":"https:\/\/api.w.org\/{rel}","templated":true}]}}