{"id":1076,"date":"2019-03-14T19:32:54","date_gmt":"2019-03-14T18:32:54","guid":{"rendered":"http:\/\/blogs.univ-jfc.fr\/universitas\/?page_id=1076"},"modified":"2019-04-03T11:18:36","modified_gmt":"2019-04-03T09:18:36","slug":"delvit-philippe","status":"publish","type":"page","link":"https:\/\/blogs.univ-jfc.fr\/universitas\/chercheur-es\/delvit-philippe\/","title":{"rendered":"DELVIT, Philippe"},"content":{"rendered":"<p><img loading=\"lazy\" class=\"size-full wp-image-1463 aligncenter\" src=\"http:\/\/blogs.univ-jfc.fr\/universitas\/wp-content\/uploads\/sites\/73\/2019\/03\/DELVIT.jpg\" alt=\"\" width=\"275\" height=\"183\" \/><\/p>\n<p>Professeur des Universit\u00e9 en histoire du droit et des institutions.<\/p>\n<p>Charg\u00e9 de <a href=\"http:\/\/www.ut-capitole.fr\/universite\/gouvernance\/services-administratifs-et-techniques\/mission-archives-384396.kjsp?RH=INTERNET_FR\">mission archives et patrimoine<\/a> de l&rsquo;universit\u00e9 Toulouse 1 Capitole.<\/p>\n<p>Mail. : <a>Philippe.Delvit@ut-capitole.fr<\/a><\/p>\n<p><strong>Ouvrage<\/strong><\/p>\n<p>DELVIT Philippe (dir.), <em>Toiles, gravures, fusain et sanguines. Une galerie de portraits \u00e0 l\u2019universit\u00e9<\/em>, Toulouse, PUSS, 2006.<img loading=\"lazy\" class=\" wp-image-242 aligncenter\" src=\"http:\/\/blogs.univ-jfc.fr\/universitas\/wp-content\/uploads\/sites\/73\/2019\/02\/toiles-278x300.jpg\" alt=\"\" width=\"185\" height=\"198\" \/><\/p>\n<p><strong>Articles ou chapitres de livres<br \/>\n<\/strong><\/p>\n<p>&#8211; <a href=\"http:\/\/blogs.univ-jfc.fr\/universitas\/2019\/04\/03\/billet-2008-une-improbable-apotheose-universitaire-posthume-jean-jaures-et-luniversite-de-toulouse\/\">M\u00e9moire en stock \u00e0 la Facult\u00e9 des lettres. Une improbable apoth\u00e9ose universitaire posthume\u2026 Jean Jaur\u00e8s et l\u2019Universit\u00e9 de Toulouse<\/a>, 2008.<\/p>\n<p>&#8211; \u00ab\u00a0Faire son droit sous protectorat\u00a0: le centre d\u2019\u00e9tudes juridiques de Rabat (1927-1957)\u00a0\u00bb, dans FERT\u00c9 (Patrick), BARRERA (Caroline) dir., <em>L<\/em><em>es \u00c9tudiants de l\u2019exil. Universit\u00e9s \u2013 refuges et migrations \u00e9tudiantes (XVI<sup>e<\/sup> \u2013 XX<sup>e <\/sup>siecle<\/em>, Toulouse, Presses universitaires du Mirail, coll. Tempus, 2009, p. 145 et suiv.<\/p>\n<p>&#8211; \u00ab\u00a0De la R\u00e9volution \u00e0 1969. La Facult\u00e9 de droit\u00a0\u00bb, dans <em>Et Toulouse pour apprendre. Sept si\u00e8cles d\u2019histoire de l\u2019universit\u00e9 de Toulouse 1229-1969<\/em>, Presses universitaires du Mirail, 2010, pp. 39-41 (avec les professeurs Andr\u00e9 Cabanis et Olivier Devaux).<\/p>\n<p>&#8211;\u00a0 \u00ab\u00a0La Facult\u00e9 de droit et l\u2019Universit\u00e9 de Toulouse 1 Capitole hors les murs. Les tentations du large\u00a0?\u00a0\u00bb, dans <em>Etudes offertes \u00e0 Michel Vidal. Histoire, th\u00e9orie et<\/em> <em>pratique du droit<\/em>, Presses universitaires de Bordeaux, 2010, pp. 297-315 (avec les professeurs Andr\u00e9 Cabanis et Olivier Devaux).<\/p>\n<p>&#8211; \u00ab\u00a0Les archives de la Facult\u00e9 de droit de Toulouse au XIX<sup>e <\/sup>si\u00e8cle\u00a0\u00bb, dans les <em>Actes<\/em> du colloque <em>Les Facult\u00e9s de droit en province au XIX<sup>e <\/sup>si\u00e8cle. Bilans et perspectives de la recherche<\/em>, n\u00b013, 2009, pp. 151-167. Colloque tenu \u00e0 l\u2019Universit\u00e9 Toulouse1 sciences sociales les 12-13-14 nov. 2008 (avec Delphine Floreck, archiviste, Mission Archives, Universit\u00e9 Toulouse1 sciences sociales).<\/p>\n<p><strong>Communications en ligne<\/strong><\/p>\n<p>&#8211; \u00ab\u00a0Le patrimoine architectural universitaire de Toulouse\u00a0\u00bb, S\u00e9minaire international de Co\u00efmbra (Portugal), 11-12 d\u00e9cembre 2007, <em>M\u00e9murbis-M\u00e9moires<\/em> <em>de la ville<\/em> -Archives municipales de Toulouse-ville de Co\u00efmbra (action Interreg III-B SUDOE), communication en ligne- <a href=\"http:\/\/www.memurbis.toulouse.fr\">www.memurbis.toulouse.fr<\/a> pour le site M\u00e9moires urbaines.<\/p>\n<p>&#8211;\u00a0 \u00ab\u00a0<a href=\"https:\/\/player.fm\/series\/les-archives-dans-luniversit\/les-archives-lectroniques-enjeux-et-problmes-daujourdhui-luniversit-de-toulouse\">Les archives \u00e9lectroniques\u00a0: probl\u00e8mes et enjeux d\u2019aujourd\u2019hui \u00e0 l\u2019Universit\u00e9 de Toulouse<\/a>\u00a0\u00bb, dans les <em>Actes<\/em> du colloque <em>Les archives dans l\u2019universit\u00e9<\/em>, Universit\u00e9 de Lausanne, 30 et 31 octobre 2008 (avec Delphine Floreck, archiviste, Mission Archives, Universit\u00e9 Toulouse1 sciences sociales). Publi\u00e9 en 2009 sous la direction de Olivier Robert, dans <em>Les archives dans l\u2019Universit\u00e9\u00a0: actes du Colloque international, Universit\u00e9 de Lausanne, 30 et 31<\/em> <em>octobre 2008<\/em>, Bern, P. Lang.<\/p>\n<p><strong>\u00a0Textes disponibles en format \u00e9lectronique <\/strong>(s&rsquo;adresser \u00e0 l&rsquo;auteur)<strong><br \/>\n<\/strong><\/p>\n<p>\u00ab\u00a0Noms de lieux \u00e0 UT1 Sciences sociales. Les espaces de la reconnaissance universitaire\u00a0\u00bb, Mission Archives UT1, 2005.<\/p>\n<p><a href=\"http:\/\/publications.ut-capitole.fr\/4643\/\">Quatre-pages <em>UT1 Capitole. Un amphi sous les projecteurs<\/em><\/a>, \u00e9dit\u00e9 par la Facult\u00e9 de droit \u00e0 l\u2019occasion de l\u2019inauguration des travaux de restauration de l\u2019amphith\u00e9\u00e2tre Cujas de l\u2019Universit\u00e9 (environ 17\u00a0500 caract\u00e8res), f\u00e9vrier 2010<\/p>\n<p><em>M\u00e9moire en stock \u00e0 la Facult\u00e9 des lettres. Une improbable apoth\u00e9ose universitaire posthume\u2026 Jean Jaur\u00e8s et l\u2019Universit\u00e9 de Toulouse<\/em> . Heurts et malheurs de la d\u00e9dicace \u00e0 Jaur\u00e8s d\u2019un local de la Facult\u00e9 des lettres (1925\u2026), Mission Archives UT1, 2008.<\/p>\n<p><em>Les laur\u00e9ats de la reconnaissance universitaire \u00e0 UT1<\/em> (notices de pr\u00e9sentation des professeurs, exclusivement des hommes, dont le nom a \u00e9t\u00e9 choisi pour nommer amphis et salles \u00e0 UT1). Format \u00e9lectronique, environ 16\u00a0000 caract\u00e8res, 2007.<\/p>\n<p>Huit-pages <em>Gabriel Marty<\/em>, \u00e9dit\u00e9 \u00e0 l\u2019occasion de l\u2019inauguration \u00e0 Toulouse de la rue qui porte son nom, le 29 octobre 2005, jour du centenaire de sa naissance (environ 8\u00a0000 caract\u00e8res). Mission Archives UT1-Facult\u00e9 de droit<strong>.<\/strong><\/p>\n<p>Quatre-pages \u00e9dit\u00e9 \u00e0 l\u2019occasion des Journ\u00e9es internationales de la Soci\u00e9t\u00e9 d\u2019Histoire du droit, Toulouse, 1, 2 et 3 juin 2005, <em>La salle Maurice Hauriou, un lieu de m\u00e9moire \u00e0 l\u2019Universit\u00e9<\/em>. Mission Archives-CTHDIP<\/p>\n<p><strong>Projets en cours<\/strong><\/p>\n<p><a href=\"https:\/\/pastel.hypotheses.org\/\">Le projet PASTEL<\/a>.<\/p>\n","protected":false},"excerpt":{"rendered":"<p>Professeur des Universit\u00e9 en histoire du droit et des institutions. Charg\u00e9 de mission archives et patrimoine de l&rsquo;universit\u00e9 Toulouse 1 Capitole. Mail. : Philippe.Delvit@ut-capitole.fr Ouvrage DELVIT Philippe (dir.), Toiles, gravures, fusain et sanguines. Une galerie de portraits \u00e0 l\u2019universit\u00e9, Toulouse, PUSS, 2006. Articles ou chapitres de livres &#8211; M\u00e9moire en stock \u00e0 la Facult\u00e9 des &hellip; <a href=\"https:\/\/blogs.univ-jfc.fr\/universitas\/chercheur-es\/delvit-philippe\/\" class=\"more-link\">Continuer la lecture de <span class=\"screen-reader-text\">DELVIT, Philippe<\/span> <span class=\"meta-nav\">&rarr;<\/span><\/a><\/p>\n","protected":false},"author":19,"featured_media":0,"parent":20,"menu_order":3,"comment_status":"closed","ping_status":"closed","template":"","meta":[],"_links":{"self":[{"href":"https:\/\/blogs.univ-jfc.fr\/universitas\/wp-json\/wp\/v2\/pages\/1076"}],"collection":[{"href":"https:\/\/blogs.univ-jfc.fr\/universitas\/wp-json\/wp\/v2\/pages"}],"about":[{"href":"https:\/\/blogs.univ-jfc.fr\/universitas\/wp-json\/wp\/v2\/types\/page"}],"author":[{"embeddable":true,"href":"https:\/\/blogs.univ-jfc.fr\/universitas\/wp-json\/wp\/v2\/users\/19"}],"replies":[{"embeddable":true,"href":"https:\/\/blogs.univ-jfc.fr\/universitas\/wp-json\/wp\/v2\/comments?post=1076"}],"version-history":[{"count":10,"href":"https:\/\/blogs.univ-jfc.fr\/universitas\/wp-json\/wp\/v2\/pages\/1076\/revisions"}],"predecessor-version":[{"id":1731,"href":"https:\/\/blogs.univ-jfc.fr\/universitas\/wp-json\/wp\/v2\/pages\/1076\/revisions\/1731"}],"up":[{"embeddable":true,"href":"https:\/\/blogs.univ-jfc.fr\/universitas\/wp-json\/wp\/v2\/pages\/20"}],"wp:attachment":[{"href":"https:\/\/blogs.univ-jfc.fr\/universitas\/wp-json\/wp\/v2\/media?parent=1076"}],"curies":[{"name":"wp","href":"https:\/\/api.w.org\/{rel}","templated":true}]}}