{"id":1122,"date":"2019-03-15T12:17:06","date_gmt":"2019-03-15T11:17:06","guid":{"rendered":"http:\/\/blogs.univ-jfc.fr\/universitas\/?page_id=1122"},"modified":"2025-12-12T08:13:49","modified_gmt":"2025-12-12T07:13:49","slug":"theses","status":"publish","type":"page","link":"https:\/\/blogs.univ-jfc.fr\/universitas\/projets-en-cours\/theses\/","title":{"rendered":"Th\u00e8ses et masters"},"content":{"rendered":"\n<h4>Pauline Collet : Des lieux pour la science. Acteurs universitaires et construction b\u00e2timentaire, le cas toulousain (fin XIX<sup>e<\/sup> -d\u00e9but XXI<sup>e<\/sup>)., sous la co-direction de Jean-Michel Minovez (GEODE) et de Caroline Barrera (Framespa). Soutenue le 13.11.2025.<\/h4>\n\n\n\n<h4><strong>Lila Coudi\u00e8re<\/strong> : \u00ab\u00a0Calculer au f\u00e9minin. Les premi\u00e8res math\u00e9maticiennes des facult\u00e9s fran\u00e7aises, enseignantes et chercheuses (fin XIXe-1968)\u00a0\u00bb, sous la direction de Caroline Barrera et Sylvie Chaperon. D\u00e9but : septembre 2024. (Financement CDU)<\/h4>\n\n\n\n<h5><strong>Stephy le Foll :<\/strong> \u00ab\u00a0Sociologie historique d\u2019une discipline composite. La robotique au sein du Laboratoire d\u2019Analyse et d\u2019Architecture des Syst\u00e8mes (1967-2007)\u00a0\u00bb, sous la direction d&rsquo;Aur\u00e9lie Clodic (LAAS) et de J\u00e9r\u00f4me Lamy (CESSP). D\u00e9but : octobre 2024. Financement : bourse de th\u00e8se 80prime.<\/h5>\n\n\n\n<p><\/p>\n","protected":false},"excerpt":{"rendered":"<p>Pauline Collet : Des lieux pour la science. Acteurs universitaires et construction b\u00e2timentaire, le cas toulousain (fin XIXe -d\u00e9but XXIe)., sous la co-direction de Jean-Michel Minovez (GEODE) et de Caroline Barrera (Framespa). Soutenue le 13.11.2025. Lila Coudi\u00e8re : \u00ab\u00a0Calculer au f\u00e9minin. Les premi\u00e8res math\u00e9maticiennes des facult\u00e9s fran\u00e7aises, enseignantes et chercheuses (fin XIXe-1968)\u00a0\u00bb, sous la direction &hellip; <a href=\"https:\/\/blogs.univ-jfc.fr\/universitas\/projets-en-cours\/theses\/\" class=\"more-link\">Continuer la lecture de <span class=\"screen-reader-text\">Th\u00e8ses et masters<\/span> <span class=\"meta-nav\">&rarr;<\/span><\/a><\/p>\n","protected":false},"author":19,"featured_media":0,"parent":882,"menu_order":1,"comment_status":"closed","ping_status":"closed","template":"","meta":[],"_links":{"self":[{"href":"https:\/\/blogs.univ-jfc.fr\/universitas\/wp-json\/wp\/v2\/pages\/1122"}],"collection":[{"href":"https:\/\/blogs.univ-jfc.fr\/universitas\/wp-json\/wp\/v2\/pages"}],"about":[{"href":"https:\/\/blogs.univ-jfc.fr\/universitas\/wp-json\/wp\/v2\/types\/page"}],"author":[{"embeddable":true,"href":"https:\/\/blogs.univ-jfc.fr\/universitas\/wp-json\/wp\/v2\/users\/19"}],"replies":[{"embeddable":true,"href":"https:\/\/blogs.univ-jfc.fr\/universitas\/wp-json\/wp\/v2\/comments?post=1122"}],"version-history":[{"count":6,"href":"https:\/\/blogs.univ-jfc.fr\/universitas\/wp-json\/wp\/v2\/pages\/1122\/revisions"}],"predecessor-version":[{"id":3274,"href":"https:\/\/blogs.univ-jfc.fr\/universitas\/wp-json\/wp\/v2\/pages\/1122\/revisions\/3274"}],"up":[{"embeddable":true,"href":"https:\/\/blogs.univ-jfc.fr\/universitas\/wp-json\/wp\/v2\/pages\/882"}],"wp:attachment":[{"href":"https:\/\/blogs.univ-jfc.fr\/universitas\/wp-json\/wp\/v2\/media?parent=1122"}],"curies":[{"name":"wp","href":"https:\/\/api.w.org\/{rel}","templated":true}]}}