{"id":1267,"date":"2019-03-16T09:22:19","date_gmt":"2019-03-16T08:22:19","guid":{"rendered":"http:\/\/blogs.univ-jfc.fr\/universitas\/?page_id=1267"},"modified":"2019-03-22T15:52:29","modified_gmt":"2019-03-22T14:52:29","slug":"garnier-florent","status":"publish","type":"page","link":"https:\/\/blogs.univ-jfc.fr\/universitas\/chercheur-es\/garnier-florent\/","title":{"rendered":"GARNIER, Florent"},"content":{"rendered":"<p>Professeur des Universit\u00e9s en histoire du droit et des institutions \u00e0 l&rsquo;Universit\u00e9 Toulouse 1 Capitole.<\/p>\n<p><a>florent.garnier@ut-capitole.fr<\/a><\/p>\n<p><strong>Expositions et vid\u00e9os en ligne<br \/>\n<\/strong><\/p>\n<p>Commissaire de <a href=\"http:\/\/expo-grande-guerre-biu-cujas.univ-paris1.fr\/\">l\u2019exposition <em>Des facult\u00e9s sur le front du droit. Toulouse et Paris dans la Grande Guerre<\/em>, Exposition virtuelle<\/a> en partenariat avec la Biblioth\u00e8que interuniversitaire Cujas, C Anne-Sophie Chambost et Alexandra Gottely (Label Mission Centenaire 14\/18) et r\u00e9dacteur des pages :\u00a0 \u00ab\u00a0<a href=\"http:\/\/expo-grande-guerre-biu-cujas.univ-paris1.fr\/les-discours-du-doyen-maurice-hauriou-1914-1919\/\">Les discours du doyen Maurice Hauriou\u00a0(1914-1919)<\/a>\u00a0\u00bb ;\u00a0\u00a0 \u00ab\u00a0<a href=\"http:\/\/expo-grande-guerre-biu-cujas.univ-paris1.fr\/des-etudiants-americains-a-la-faculte-de-droit-de-toulouse\/\">Des \u00e9tudiants am\u00e9ricains \u00e0 la Facult\u00e9 de droit de Toulouse (printemps 1919)<\/a>\u00a0\u00bb ; \u00ab\u00a0<a href=\"http:\/\/expo-grande-guerre-biu-cujas.univ-paris1.fr\/la-guerre-dans-le-quotidien-de-la-faculte-de-droit-de-toulouse\/\">La guerre dans le quotidien de la Facult\u00e9 de droit de Toulouse<\/a>\u00a0\u00bb<em>.<\/em><\/p>\n<p class=\"Corpsdetexte31\" style=\"line-height: normal\"><span style=\"font-size: 11.0pt\">Vid\u00e9o de l\u2019exposition (du 9 octobre au 30 novembre 2018) : <a href=\"https:\/\/www.dailymotion.com\/video\/x717623\">Des juristes mobilis\u00e9s \u2013 La Facult\u00e9 de droit dans la Grande Guerre\u00a0<\/a><\/span><\/p>\n<p><strong>Ouvrages<\/strong><\/p>\n<p>DEVAUX Olivier, GARNIER Florent, <em>Le livre d&rsquo;or de la facult\u00e9 de droit de Toulouse<\/em>, Toulouse, Presses de l&rsquo;Universit\u00e9 de Toulouse I &#8211; Capitole, 2018.<img loading=\"lazy\" class=\" wp-image-239 aligncenter\" src=\"http:\/\/blogs.univ-jfc.fr\/universitas\/wp-content\/uploads\/sites\/73\/2019\/02\/livreorcouvp1-300x264.jpg\" alt=\"\" width=\"213\" height=\"189\" \/><\/p>\n<p>DEVAUX Olivier et GARNIER Florent, <em>Ceux de la facult\u00e9. Des juristes toulousains dans la Grande Guerre<\/em>, Toulouse, Presses de l\u2019Universit\u00e9 Toulouse 1 Capitole, 2017, 572 p.<\/p>\n<p><img loading=\"lazy\" class=\" wp-image-267 aligncenter\" src=\"http:\/\/blogs.univ-jfc.fr\/universitas\/wp-content\/uploads\/sites\/73\/2019\/02\/index-1.jpg\" alt=\"\" width=\"160\" height=\"246\" \/><\/p>\n<p>&nbsp;<\/p>\n<p><strong>Articles<\/strong><\/p>\n<p>&#8211;\u00a0 \u00ab\u00a0Des m\u00e9moires et des hommes\u00a0\u00bb, M\u00e9langes en l\u2019honneur du professeur\u00a0 Nicole Dock\u00e8s, t. 2, D.\u00a0Deroussin et L. A. Barri\u00e8re (contributions\u00a0 r\u00e9unies par), Paris, La M\u00e9moire du Droit, 2018, p. 447-466. (Sur les \u00e9tudiants soldats-am\u00e9ricains).<\/p>\n<p>&#8211; \u00ab\u00a0Le doyen Hauriou et la cr\u00e9ation de l\u2019\u00c9cole sup\u00e9rieure de droit de Clermont-Ferrand en 1913 \u00bb, <em>M\u00e9langes en l\u2019honneur de Dominique Turpin<\/em>. <em>\u00c9tat du droit, \u00e9tat des droits<\/em>, Cl. Marliac (contributions r\u00e9unies par), Paris, 2017, p. 395-408.<\/p>\n<p>&#8211; \u00ab\u00a0La coutume de Toulouse au XIIIesi\u00e8cle : une \u00e9criture sous\u00a0 influence\u00a0\u00bb, Les d\u00e9cisionnaires et la coutume\u00a0: contribution \u00e0 la\u00a0 fabrique dela norme, G.\u00a0Cazals et F. Garnier (sous dir. de), coll. \u00ab\u00a0\u00c9tudes d\u2019histoire du droit et des id\u00e9es politiques\u00a0\u00bb, n\u00b0 23, Toulouse, 2017, p. 163-209. (sur les juristes toulousain au XIIIe si\u00e8cle).<\/p>\n<p><strong>Projets en cours<\/strong><\/p>\n<p><a href=\"https:\/\/pastel.hypotheses.org\/\">Le projet PASTEL<\/a>.<\/p>\n","protected":false},"excerpt":{"rendered":"<p>Professeur des Universit\u00e9s en histoire du droit et des institutions \u00e0 l&rsquo;Universit\u00e9 Toulouse 1 Capitole. florent.garnier@ut-capitole.fr Expositions et vid\u00e9os en ligne Commissaire de l\u2019exposition Des facult\u00e9s sur le front du droit. Toulouse et Paris dans la Grande Guerre, Exposition virtuelle en partenariat avec la Biblioth\u00e8que interuniversitaire Cujas, C Anne-Sophie Chambost et Alexandra Gottely (Label Mission &hellip; <a href=\"https:\/\/blogs.univ-jfc.fr\/universitas\/chercheur-es\/garnier-florent\/\" class=\"more-link\">Continuer la lecture de <span class=\"screen-reader-text\">GARNIER, Florent<\/span> <span class=\"meta-nav\">&rarr;<\/span><\/a><\/p>\n","protected":false},"author":19,"featured_media":0,"parent":20,"menu_order":5,"comment_status":"closed","ping_status":"closed","template":"","meta":[],"_links":{"self":[{"href":"https:\/\/blogs.univ-jfc.fr\/universitas\/wp-json\/wp\/v2\/pages\/1267"}],"collection":[{"href":"https:\/\/blogs.univ-jfc.fr\/universitas\/wp-json\/wp\/v2\/pages"}],"about":[{"href":"https:\/\/blogs.univ-jfc.fr\/universitas\/wp-json\/wp\/v2\/types\/page"}],"author":[{"embeddable":true,"href":"https:\/\/blogs.univ-jfc.fr\/universitas\/wp-json\/wp\/v2\/users\/19"}],"replies":[{"embeddable":true,"href":"https:\/\/blogs.univ-jfc.fr\/universitas\/wp-json\/wp\/v2\/comments?post=1267"}],"version-history":[{"count":8,"href":"https:\/\/blogs.univ-jfc.fr\/universitas\/wp-json\/wp\/v2\/pages\/1267\/revisions"}],"predecessor-version":[{"id":1610,"href":"https:\/\/blogs.univ-jfc.fr\/universitas\/wp-json\/wp\/v2\/pages\/1267\/revisions\/1610"}],"up":[{"embeddable":true,"href":"https:\/\/blogs.univ-jfc.fr\/universitas\/wp-json\/wp\/v2\/pages\/20"}],"wp:attachment":[{"href":"https:\/\/blogs.univ-jfc.fr\/universitas\/wp-json\/wp\/v2\/media?parent=1267"}],"curies":[{"name":"wp","href":"https:\/\/api.w.org\/{rel}","templated":true}]}}