{"id":1285,"date":"2019-03-16T09:42:49","date_gmt":"2019-03-16T08:42:49","guid":{"rendered":"http:\/\/blogs.univ-jfc.fr\/universitas\/?page_id=1285"},"modified":"2019-03-18T17:12:03","modified_gmt":"2019-03-18T16:12:03","slug":"nelidoff-philippe","status":"publish","type":"page","link":"https:\/\/blogs.univ-jfc.fr\/universitas\/chercheur-es\/nelidoff-philippe\/","title":{"rendered":"NELIDOFF, Philippe"},"content":{"rendered":"<p><img loading=\"lazy\" class=\" wp-image-1467 aligncenter\" src=\"http:\/\/blogs.univ-jfc.fr\/universitas\/wp-content\/uploads\/sites\/73\/2019\/03\/n2LIDOFF.jpg\" alt=\"\" width=\"122\" height=\"183\" \/><\/p>\n<p>Professeur des Universit\u00e9s en histoire du droit et des institutions \u00e0 l&rsquo;Universit\u00e9 de Toulouse I Capitole.<\/p>\n<p><strong>Publications<\/strong><\/p>\n<ul>\n<li>\u00abLes pr\u00e9occupations europ\u00e9ennes des professeurs de la Facult\u00e9 de droit de Toulouse au XIXe et au d\u00e9but du XXe si\u00e8cles\u00bb, Actes des journ\u00e9es juridiques franco-polonaises, Le jeu des influences crois\u00e9es du droit fran\u00e7ais, du droit europ\u00e9en et du droit des autres pays europ\u00e9ens,Cracovie, 22 et 23 octobre 2010, Universit\u00e9 Jagellonne de Cracovie et Universit\u00e9 d\u2019Orl\u00e9ans, Editions mare et martin, Collection droit public, 2013, p. 505-533.<\/li>\n<li>\u00ab Les doyens de la facult\u00e9 de droit de Toulouse au XIXe si\u00e8cle \u00bb, Deuxi\u00e8me Rencontre du Groupe pour l\u2019Histoire des Facult\u00e9s de Droit, XIX-XXe si\u00e8cles, Facult\u00e9 de droit de Grenoble, 23-25 septembre 2010, Les facult\u00e9s de droit de province aux XIXe et XXe si\u00e8cles, Les conqu\u00eates universitaires (tome3), sous la direction de Jean-Christophe Gaven et Fr\u00e9d\u00e9ric Audren, Centre toulousain d\u2019histoire de droit et des id\u00e9es politiques, \u00c9cole de droit de sciences po, \u00c9tudes d\u2019histoire du droit et des id\u00e9es politiques, N\u00b016\/2012, Presses de l\u2019Universit\u00e9 Toulouse 1 Capitole, 2011, p 267-293.<\/li>\n<li>\u00ab Histoire et m\u00e9thodes de l\u2019enseignement \u00e0 la Facult\u00e9 de droit de Toulouse au XIXe si\u00e8cle\u00bb, communication au colloque international tenu \u00e0 l\u2019abbaye-\u00e9cole de Sor\u00e8ze (26 et 27 octobre 2006), publi\u00e9e par le Centre toulousain d\u2019histoire du droit et des id\u00e9es politiques, in \u00c9tudes d\u2019histoire du Droit et des id\u00e9es politiques n\u00b0 11, Histoire de l\u2019enseignement du droit \u00e0 Toulouse (sous la direction d\u2019Olivier Devaux), Presses de l\u2019Universit\u00e9 des Sciences sociales de Toulouse, 2007, p. 377-402.<\/li>\n<li>\u00abLa cr\u00e9ation de la chaire toulousaine d\u2019Histoire du droit (1859)\u00bb, Actes des Journ\u00e9es Internationales d\u2019Histoire du droittenues \u00e0 Toulouse du 1erau 3 juin 2005 sur le th\u00e8me: l\u2019Histoire de l\u2019Histoire du droit, Centre toulousain d\u2019histoire du droit et des id\u00e9es politiques, \u00c9tudes d\u2019histoire du droit et des id\u00e9es politiques, n\u00b0 10\/2006. Textes r\u00e9unis par Jacques Poumar\u00e8de, Presses de l\u2019Universit\u00e9 des Sciences sociales de Toulouse, 2006, p. 144-161.<\/li>\n<li>\u00ab\u00a0Notice sur Charles Ginoulhiac\u00a0\u00bb, <em>Dictionnaire historique des juristes fran\u00e7ais XIIe-XXe si\u00e8cles<\/em> (sous la direction de Patrick Arabeyre, Jean-Louis Halperin et Jacques Krynen), PUF, collection Quadrige-Dicos poche, 2007, p. 369-370.<\/li>\n<li>\u00ab Le doyen Maurice Hauriou, promoteur de la la\u00efcit\u00e9 apais\u00e9e \u00bb, Actes du colloque organis\u00e9 \u00e0 l\u2019Universit\u00e9 Toulouse I du 12 au 14 novembre 2008. Les facult\u00e9s de droit de province au XIXe si\u00e8cle. Bilan et perspectives de la recherche. Centre toulousain d\u2019histoire du droit et des id\u00e9es politiques, Presses de l\u2019Universit\u00e9 Toulouse 1 \u2013Capitole, 2011, tome 2, p. 197-225.<\/li>\n<\/ul>\n","protected":false},"excerpt":{"rendered":"<p>Professeur des Universit\u00e9s en histoire du droit et des institutions \u00e0 l&rsquo;Universit\u00e9 de Toulouse I Capitole. Publications \u00abLes pr\u00e9occupations europ\u00e9ennes des professeurs de la Facult\u00e9 de droit de Toulouse au XIXe et au d\u00e9but du XXe si\u00e8cles\u00bb, Actes des journ\u00e9es juridiques franco-polonaises, Le jeu des influences crois\u00e9es du droit fran\u00e7ais, du droit europ\u00e9en et du &hellip; <a href=\"https:\/\/blogs.univ-jfc.fr\/universitas\/chercheur-es\/nelidoff-philippe\/\" class=\"more-link\">Continuer la lecture de <span class=\"screen-reader-text\">NELIDOFF, Philippe<\/span> <span class=\"meta-nav\">&rarr;<\/span><\/a><\/p>\n","protected":false},"author":19,"featured_media":0,"parent":20,"menu_order":11,"comment_status":"closed","ping_status":"closed","template":"","meta":[],"_links":{"self":[{"href":"https:\/\/blogs.univ-jfc.fr\/universitas\/wp-json\/wp\/v2\/pages\/1285"}],"collection":[{"href":"https:\/\/blogs.univ-jfc.fr\/universitas\/wp-json\/wp\/v2\/pages"}],"about":[{"href":"https:\/\/blogs.univ-jfc.fr\/universitas\/wp-json\/wp\/v2\/types\/page"}],"author":[{"embeddable":true,"href":"https:\/\/blogs.univ-jfc.fr\/universitas\/wp-json\/wp\/v2\/users\/19"}],"replies":[{"embeddable":true,"href":"https:\/\/blogs.univ-jfc.fr\/universitas\/wp-json\/wp\/v2\/comments?post=1285"}],"version-history":[{"count":7,"href":"https:\/\/blogs.univ-jfc.fr\/universitas\/wp-json\/wp\/v2\/pages\/1285\/revisions"}],"predecessor-version":[{"id":1516,"href":"https:\/\/blogs.univ-jfc.fr\/universitas\/wp-json\/wp\/v2\/pages\/1285\/revisions\/1516"}],"up":[{"embeddable":true,"href":"https:\/\/blogs.univ-jfc.fr\/universitas\/wp-json\/wp\/v2\/pages\/20"}],"wp:attachment":[{"href":"https:\/\/blogs.univ-jfc.fr\/universitas\/wp-json\/wp\/v2\/media?parent=1285"}],"curies":[{"name":"wp","href":"https:\/\/api.w.org\/{rel}","templated":true}]}}