{"id":1424,"date":"2019-03-18T06:10:35","date_gmt":"2019-03-18T05:10:35","guid":{"rendered":"http:\/\/blogs.univ-jfc.fr\/universitas\/?page_id=1424"},"modified":"2019-03-22T05:43:11","modified_gmt":"2019-03-22T04:43:11","slug":"verger-jacques","status":"publish","type":"page","link":"https:\/\/blogs.univ-jfc.fr\/universitas\/chercheur-es\/verger-jacques\/","title":{"rendered":"VERGER, Jacques"},"content":{"rendered":"<p><img loading=\"lazy\" class=\" wp-image-1478 aligncenter\" src=\"http:\/\/blogs.univ-jfc.fr\/universitas\/wp-content\/uploads\/sites\/73\/2019\/03\/verger.jpg\" alt=\"\" width=\"132\" height=\"198\" \/><\/p>\n<p><strong>P<\/strong>rofesseur \u00e9m\u00e9rite d\u2019histoire m\u00e9di\u00e9vale, universit\u00e9 de Paris-Sorbonne, directeur d\u2019\u00e9tudes honoraire \u00e0 l\u2019Ecole pratique des hautes \u00e9tudes, membre de l\u2019Institut.<\/p>\n<p><strong>Publications<\/strong><\/p>\n<p>&#8211; \u00ab\u00a0Peut-on parler d\u2019humanisme dans les universit\u00e9s fran\u00e7aises du Midi avant 1500\u00a0?\u00a0\u00bb, dans Humanisme et \u00c9glise en Italie et France m\u00e9ridionale (XVe si\u00e8cle \u2013 milieu du XVIe si\u00e8cle), dir. par Patrick Gilli (Coll. de l\u2019\u00c9cole fran\u00e7aise de Rome, 330), Rome, \u00c9cole fran\u00e7aise de Rome, 2004, p.\u00a0239-249.<\/p>\n<p>&#8211; \u00ab\u00a0\u201cLadicte universit\u00e9 de Thoulose est moult notable et tres ancienne\u201c. Histoire et conscience de soi chez les universitaires toulousains \u00e0 la fin du Moyen \u00c2ge\u00a0\u00bb, dans <em>Saint-Denis et la royaut\u00e9. \u00c9tudes offertes \u00e0 Bernard Guen\u00e9e<\/em>, \u00e9d. par Fran\u00e7oise Autrand, Claude Gauvard et Jean-Marie Moeglin, Paris, Publ. de la Sorbonne, 1999, p.\u00a0593-606.<\/p>\n<p>&#8211; \u00ab\u00a0Le livre dans les universit\u00e9s du Midi de la France \u00e0 la fin du Moyen \u00c2ge\u00a0\u00bb, dans <em>Pratiques de la culture \u00e9crite en France au XVe si\u00e8cle<\/em>, \u00e9d. par Monique Ornato et Nicole Pons, Louvain-la-Neuve, FIDEM, 1995, p.403-420.<\/p>\n<p>&#8211; <em>Les universit\u00e9s du Midi de la France \u00e0 la fin du Moyen \u00c2ge (d\u00e9but du XIV<sup>e<\/sup> si\u00e8cle\u00a0\u2013\u00a0milieu du XV<sup>e<\/sup> si\u00e8cle),<\/em> 4 t. en 5 vol., Paris, Univ. de Paris-Sorbonne, 1994, th\u00e8se dactyl. (\u00e9galement consultable en microfiches \u2013 Lille-th\u00e8ses, 1995).<\/p>\n<p>&#8211;\u00a0 \u00ab\u00a0Sociabilit\u00e9s et solidarit\u00e9s \u00e9tudiantes dans les universit\u00e9s du Midi de la France au Moyen \u00c2ge\u00a0\u00bb, dans <em>Cofradrias, gremios, solidaridades en le Europa medieval. XIX Semana de estudios medievakes, Estella 92<\/em>, Pampelune, Gobierno de Navarra, 1993, p.\u00a0203-224.<\/p>\n<p>&#8211; \u00ab\u00a0Moines, chanoines et coll\u00e8ges r\u00e9guliers dans les universit\u00e9s du Midi \u00e0 la fin du Moyen \u00c2ge\u00a0\u00bb, dans <em>Naissance et fonctionnement des r\u00e9seaux monastiques et canoniaux<\/em>, Saint-\u00c9tienne, Publ. de l\u2019Universit\u00e9 Jean-Monnet, 1991, p.\u00a051-542.<\/p>\n<p>&#8211; \u00ab\u00a0Remarques sur l\u2019enseignement des arts dans les universit\u00e9s du Midi de la France \u00e0 la fin du Moyen \u00c2ge\u00a0\u00bb, <em>Annales du Midi<\/em>, 91 (1979), p. 355-381.<\/p>\n<p>&#8211;\u00a0 \u00ab\u00a0Le co\u00fbt des grades\u00a0: droits et frais d\u2019examen dans les universit\u00e9s du Midi de la France au Moyen \u00c2ge\u00a0\u00bb, dans <em>The Economic and Material Frame of the Mediaeval Universities<\/em>, Astrik\u00a0L.\u00a0Gabriel \u00e9d. (Texts and Studies in the History of Mediaeval Education, XV), Notre Dame, Indiana, 1977, p.\u00a019-36.<\/p>\n<p>&#8211;\u00a0 \u00ab\u00a0Noblesse et savoir\u00a0: \u00e9tudiants nobles aux universit\u00e9s d\u2019Avignon, Cahors, Montpellier et Toulouse (fin du xive si\u00e8cle)\u00a0\u00bb, dans La noblesse au Moyen \u00c2ge, xie\u2013xve si\u00e8cles. Essais \u00e0 la m\u00e9moire de Robert Boutruche, Philippe Contamine \u00e9d., Paris, P.U.F., 1976, p.\u00a0289-313.<\/p>\n<p><strong>Projet en cours<\/strong><\/p>\n<p><a href=\"http:\/\/blogs.univ-jfc.fr\/universitas\/projets-en-cours\/projet-studium\/\">Projet Studium.<\/a><\/p>\n","protected":false},"excerpt":{"rendered":"<p>Professeur \u00e9m\u00e9rite d\u2019histoire m\u00e9di\u00e9vale, universit\u00e9 de Paris-Sorbonne, directeur d\u2019\u00e9tudes honoraire \u00e0 l\u2019Ecole pratique des hautes \u00e9tudes, membre de l\u2019Institut. Publications &#8211; \u00ab\u00a0Peut-on parler d\u2019humanisme dans les universit\u00e9s fran\u00e7aises du Midi avant 1500\u00a0?\u00a0\u00bb, dans Humanisme et \u00c9glise en Italie et France m\u00e9ridionale (XVe si\u00e8cle \u2013 milieu du XVIe si\u00e8cle), dir. par Patrick Gilli (Coll. de l\u2019\u00c9cole &hellip; <a href=\"https:\/\/blogs.univ-jfc.fr\/universitas\/chercheur-es\/verger-jacques\/\" class=\"more-link\">Continuer la lecture de <span class=\"screen-reader-text\">VERGER, Jacques<\/span> <span class=\"meta-nav\">&rarr;<\/span><\/a><\/p>\n","protected":false},"author":19,"featured_media":0,"parent":20,"menu_order":14,"comment_status":"closed","ping_status":"closed","template":"","meta":[],"_links":{"self":[{"href":"https:\/\/blogs.univ-jfc.fr\/universitas\/wp-json\/wp\/v2\/pages\/1424"}],"collection":[{"href":"https:\/\/blogs.univ-jfc.fr\/universitas\/wp-json\/wp\/v2\/pages"}],"about":[{"href":"https:\/\/blogs.univ-jfc.fr\/universitas\/wp-json\/wp\/v2\/types\/page"}],"author":[{"embeddable":true,"href":"https:\/\/blogs.univ-jfc.fr\/universitas\/wp-json\/wp\/v2\/users\/19"}],"replies":[{"embeddable":true,"href":"https:\/\/blogs.univ-jfc.fr\/universitas\/wp-json\/wp\/v2\/comments?post=1424"}],"version-history":[{"count":15,"href":"https:\/\/blogs.univ-jfc.fr\/universitas\/wp-json\/wp\/v2\/pages\/1424\/revisions"}],"predecessor-version":[{"id":1570,"href":"https:\/\/blogs.univ-jfc.fr\/universitas\/wp-json\/wp\/v2\/pages\/1424\/revisions\/1570"}],"up":[{"embeddable":true,"href":"https:\/\/blogs.univ-jfc.fr\/universitas\/wp-json\/wp\/v2\/pages\/20"}],"wp:attachment":[{"href":"https:\/\/blogs.univ-jfc.fr\/universitas\/wp-json\/wp\/v2\/media?parent=1424"}],"curies":[{"name":"wp","href":"https:\/\/api.w.org\/{rel}","templated":true}]}}