{"id":1456,"date":"2019-03-18T08:44:07","date_gmt":"2019-03-18T07:44:07","guid":{"rendered":"http:\/\/blogs.univ-jfc.fr\/universitas\/?page_id=1456"},"modified":"2019-03-23T11:32:13","modified_gmt":"2019-03-23T10:32:13","slug":"lefebvre-muriel","status":"publish","type":"page","link":"https:\/\/blogs.univ-jfc.fr\/universitas\/chercheur-es\/lefebvre-muriel\/","title":{"rendered":"LEFEBVRE, Muriel"},"content":{"rendered":"<p><img loading=\"lazy\" class=\" wp-image-1459 aligncenter\" src=\"http:\/\/blogs.univ-jfc.fr\/universitas\/wp-content\/uploads\/sites\/73\/2019\/03\/M-Lefebvre_r\u00e9duite-300x300.jpg\" alt=\"\" width=\"183\" height=\"183\" srcset=\"https:\/\/blogs.univ-jfc.fr\/universitas\/wp-content\/uploads\/sites\/73\/2019\/03\/M-Lefebvre_r\u00e9duite-300x300.jpg 300w, https:\/\/blogs.univ-jfc.fr\/universitas\/wp-content\/uploads\/sites\/73\/2019\/03\/M-Lefebvre_r\u00e9duite-300x300-150x150.jpg 150w\" sizes=\"(max-width: 183px) 100vw, 183px\" \/><\/p>\n<p>Professeure en sciences de l\u2019information et de la communication, d\u00e9partement Art&amp;Com, chercheuse au\u00a0LERASS (Laboratoire d\u2019Etudes et de Recherches Appliqu\u00e9es en Sciences Sociales).<\/p>\n<p>Courriel : <span class=\"GCSDBRWBBQC\"><a class=\"GCSDBRWBAVB\"><span class=\"GCSDBRWBDPC\">muriel.lefebvre@univ-tlse2.fr<\/span><\/a><\/span><\/p>\n<p><strong>Ouvrage<\/strong><\/p>\n<p>Lefebvre, M. &amp; Jolivet, A.-C., (coord.), <em>Des patrimoines en action. Les processus de mise en m\u00e9moire des activit\u00e9s scientifiques<\/em>, PUM (sous presse, \u00e0 para\u00eetre en 2019).<\/p>\n<p><strong>Articles et chapitres d&rsquo;ouvrages, rapports<br \/>\n<\/strong><\/p>\n<ol>\n<li>\u00ab\u00a0Les archives personnelles des chercheurs\u00a0: un patrimoine scientifique peu explor\u00e9\u00a0\u00bb, in Garnier, F. &amp; Delvit, P. <em>Des patrimoines et des normes (formation, pratique et perspectives)<\/em>, Presses de l\u2019Universit\u00e9 Toulouse 1 Capitole, 2015, p. 89-99.<\/li>\n<li>avec Jolivet, A-C. &amp; Dalle-Naz\u00e9bi, S., \u00ab\u00a0Les \u00e9critures ordinaires des chercheurs\u00a0\u00bb, in Bert, J-F. &amp; Ratcliff, M. (Dir), <em>Fronti\u00e8res d&rsquo;archives : Recherche, savoirs, m\u00e9moires<\/em>, Ed. Archives contemporaines, 2015, p. 3-15.<\/li>\n<li>\u00ab\u00a0L\u2019infra-ordinaire de la recherche\u00a0: archives, m\u00e9moires et patrimoine scientifique\u00a0\u00bb, <em>Sciences de la Soci\u00e9t\u00e9<\/em>, n\u00b089, 2013.<\/li>\n<li>Documents scientifiques informels\u00a0: un patrimoine peu explor\u00e9, t\u00e9moin d<em>e <\/em>la<em> construction des savoirs<\/em>, Rapport de recherche remis \u00e0 la R\u00e9gion Midi-Pyr\u00e9n\u00e9es, 2013, 53 p.<\/li>\n<\/ol>\n<p><strong>Projets en cours<\/strong><\/p>\n<p><a href=\"https:\/\/pastel.hypotheses.org\/\">Le projet PASTEL<\/a> : <strong>Lefebvre, M.<\/strong> &amp; Jolivet, A.-C. (dir.), <strong>2019<\/strong>, <em>Projet PASTEL : PAtrimoine Scientifique Toulousain et Environnement Local<\/em>, Rapport scientifique remis \u00e0 l\u2019UFTMiP, 152 p.<\/p>\n<p>&nbsp;<\/p>\n<p>&nbsp;<\/p>\n<p>&nbsp;<\/p>\n","protected":false},"excerpt":{"rendered":"<p>Professeure en sciences de l\u2019information et de la communication, d\u00e9partement Art&amp;Com, chercheuse au\u00a0LERASS (Laboratoire d\u2019Etudes et de Recherches Appliqu\u00e9es en Sciences Sociales). Courriel : muriel.lefebvre@univ-tlse2.fr Ouvrage Lefebvre, M. &amp; Jolivet, A.-C., (coord.), Des patrimoines en action. Les processus de mise en m\u00e9moire des activit\u00e9s scientifiques, PUM (sous presse, \u00e0 para\u00eetre en 2019). Articles et chapitres &hellip; <a href=\"https:\/\/blogs.univ-jfc.fr\/universitas\/chercheur-es\/lefebvre-muriel\/\" class=\"more-link\">Continuer la lecture de <span class=\"screen-reader-text\">LEFEBVRE, Muriel<\/span> <span class=\"meta-nav\">&rarr;<\/span><\/a><\/p>\n","protected":false},"author":19,"featured_media":0,"parent":20,"menu_order":10,"comment_status":"closed","ping_status":"closed","template":"","meta":[],"_links":{"self":[{"href":"https:\/\/blogs.univ-jfc.fr\/universitas\/wp-json\/wp\/v2\/pages\/1456"}],"collection":[{"href":"https:\/\/blogs.univ-jfc.fr\/universitas\/wp-json\/wp\/v2\/pages"}],"about":[{"href":"https:\/\/blogs.univ-jfc.fr\/universitas\/wp-json\/wp\/v2\/types\/page"}],"author":[{"embeddable":true,"href":"https:\/\/blogs.univ-jfc.fr\/universitas\/wp-json\/wp\/v2\/users\/19"}],"replies":[{"embeddable":true,"href":"https:\/\/blogs.univ-jfc.fr\/universitas\/wp-json\/wp\/v2\/comments?post=1456"}],"version-history":[{"count":7,"href":"https:\/\/blogs.univ-jfc.fr\/universitas\/wp-json\/wp\/v2\/pages\/1456\/revisions"}],"predecessor-version":[{"id":1653,"href":"https:\/\/blogs.univ-jfc.fr\/universitas\/wp-json\/wp\/v2\/pages\/1456\/revisions\/1653"}],"up":[{"embeddable":true,"href":"https:\/\/blogs.univ-jfc.fr\/universitas\/wp-json\/wp\/v2\/pages\/20"}],"wp:attachment":[{"href":"https:\/\/blogs.univ-jfc.fr\/universitas\/wp-json\/wp\/v2\/media?parent=1456"}],"curies":[{"name":"wp","href":"https:\/\/api.w.org\/{rel}","templated":true}]}}