{"id":1551,"date":"2019-03-22T05:31:47","date_gmt":"2019-03-22T04:31:47","guid":{"rendered":"http:\/\/blogs.univ-jfc.fr\/universitas\/?page_id=1551"},"modified":"2019-03-23T11:27:22","modified_gmt":"2019-03-23T10:27:22","slug":"alcouffe-alain","status":"publish","type":"page","link":"https:\/\/blogs.univ-jfc.fr\/universitas\/chercheur-es\/alcouffe-alain\/","title":{"rendered":"ALCOUFFE, Alain"},"content":{"rendered":"<p><img loading=\"lazy\" class=\" wp-image-1557 aligncenter\" src=\"http:\/\/blogs.univ-jfc.fr\/universitas\/wp-content\/uploads\/sites\/73\/2019\/03\/DgXRUUTW4AAMdPD-300x200.jpg\" alt=\"\" width=\"242\" height=\"161\" srcset=\"https:\/\/blogs.univ-jfc.fr\/universitas\/wp-content\/uploads\/sites\/73\/2019\/03\/DgXRUUTW4AAMdPD-300x200.jpg 300w, https:\/\/blogs.univ-jfc.fr\/universitas\/wp-content\/uploads\/sites\/73\/2019\/03\/DgXRUUTW4AAMdPD-768x512.jpg 768w, https:\/\/blogs.univ-jfc.fr\/universitas\/wp-content\/uploads\/sites\/73\/2019\/03\/DgXRUUTW4AAMdPD-1024x683.jpg 1024w, https:\/\/blogs.univ-jfc.fr\/universitas\/wp-content\/uploads\/sites\/73\/2019\/03\/DgXRUUTW4AAMdPD.jpg 1200w\" sizes=\"(max-width: 242px) 100vw, 242px\" \/><\/p>\n<p><strong>Alain ALCOUFFE<\/strong>, professeur \u00e9m\u00e9rite d\u2019\u00e9conomie, Universit\u00e9 de Toulouse, Universit\u00e9 Toulouse Capitole.<\/p>\n<p>Courriel : <a>Alain.Alcouffe@ut-capitole.fr<\/a><\/p>\n<p><strong>Publications<\/strong><\/p>\n<p>Alain Alcouffe, \u00ab D\u00e9cider de l\u2019offre de formation en r\u00e9gion. La diss\u00e9mination de l\u2019enseignement sup\u00e9rieur en Midi-Pyr\u00e9n\u00e9es (1985-2015) \u00bb, dans <em>D\u00e9cider en \u00e9ducation. Entre normes institutionnelles et pratiques des acteurs (du XV<sup>e<\/sup>\u00a0si\u00e8cle \u00e0 nos jours)<\/em>, V. Castagnet, C. Barrera dir., Villeneuve-d\u2019Ascq, Presses universitaires du Septentrion, 2019, p. 287-302.<\/p>\n<p>Alain Alcouffe, <a href=\"https:\/\/halshs.archives-ouvertes.fr\/halshs-00009977\">La loi de 1905 et l&rsquo;universit\u00e9 de Toulouse ou la la\u00efcit\u00e9 au bon sens du terme<\/a>, 2006.<\/p>\n<p><strong>Projet en cours<\/strong><\/p>\n<p><a href=\"http:\/\/blogs.univ-jfc.fr\/universitas\/projets-en-cours\/projet-studium\/\">Projet Studium.<\/a><\/p>\n","protected":false},"excerpt":{"rendered":"<p>Alain ALCOUFFE, professeur \u00e9m\u00e9rite d\u2019\u00e9conomie, Universit\u00e9 de Toulouse, Universit\u00e9 Toulouse Capitole. Courriel : Alain.Alcouffe@ut-capitole.fr Publications Alain Alcouffe, \u00ab D\u00e9cider de l\u2019offre de formation en r\u00e9gion. La diss\u00e9mination de l\u2019enseignement sup\u00e9rieur en Midi-Pyr\u00e9n\u00e9es (1985-2015) \u00bb, dans D\u00e9cider en \u00e9ducation. Entre normes institutionnelles et pratiques des acteurs (du XVe\u00a0si\u00e8cle \u00e0 nos jours), V. Castagnet, C. Barrera dir., &hellip; <a href=\"https:\/\/blogs.univ-jfc.fr\/universitas\/chercheur-es\/alcouffe-alain\/\" class=\"more-link\">Continuer la lecture de <span class=\"screen-reader-text\">ALCOUFFE, Alain<\/span> <span class=\"meta-nav\">&rarr;<\/span><\/a><\/p>\n","protected":false},"author":19,"featured_media":0,"parent":20,"menu_order":1,"comment_status":"closed","ping_status":"closed","template":"","meta":[],"_links":{"self":[{"href":"https:\/\/blogs.univ-jfc.fr\/universitas\/wp-json\/wp\/v2\/pages\/1551"}],"collection":[{"href":"https:\/\/blogs.univ-jfc.fr\/universitas\/wp-json\/wp\/v2\/pages"}],"about":[{"href":"https:\/\/blogs.univ-jfc.fr\/universitas\/wp-json\/wp\/v2\/types\/page"}],"author":[{"embeddable":true,"href":"https:\/\/blogs.univ-jfc.fr\/universitas\/wp-json\/wp\/v2\/users\/19"}],"replies":[{"embeddable":true,"href":"https:\/\/blogs.univ-jfc.fr\/universitas\/wp-json\/wp\/v2\/comments?post=1551"}],"version-history":[{"count":9,"href":"https:\/\/blogs.univ-jfc.fr\/universitas\/wp-json\/wp\/v2\/pages\/1551\/revisions"}],"predecessor-version":[{"id":1647,"href":"https:\/\/blogs.univ-jfc.fr\/universitas\/wp-json\/wp\/v2\/pages\/1551\/revisions\/1647"}],"up":[{"embeddable":true,"href":"https:\/\/blogs.univ-jfc.fr\/universitas\/wp-json\/wp\/v2\/pages\/20"}],"wp:attachment":[{"href":"https:\/\/blogs.univ-jfc.fr\/universitas\/wp-json\/wp\/v2\/media?parent=1551"}],"curies":[{"name":"wp","href":"https:\/\/api.w.org\/{rel}","templated":true}]}}