{"id":1626,"date":"2019-03-22T17:15:25","date_gmt":"2019-03-22T16:15:25","guid":{"rendered":"http:\/\/blogs.univ-jfc.fr\/universitas\/?page_id=1626"},"modified":"2019-03-22T17:15:25","modified_gmt":"2019-03-22T16:15:25","slug":"expo-2007-histoire-et-richesses-de-la-bibliotheque-de-theologie-protestante-de-montauban","status":"publish","type":"page","link":"https:\/\/blogs.univ-jfc.fr\/universitas\/manifestations-scientifiques\/expo-2007-histoire-et-richesses-de-la-bibliotheque-de-theologie-protestante-de-montauban\/","title":{"rendered":"EXPO 2007 &#8211; Histoire et richesses de la biblioth\u00e8que de th\u00e9ologie protestante de Montauban"},"content":{"rendered":"<p>&nbsp;<\/p>\n<p><em>Histoire et richesses de la biblioth\u00e8que de th\u00e9ologie protestante de Montauban<\/em> [exposition, Toulouse, SCD de Toulouse 1, Biblioth\u00e8que universitaire de l&rsquo;Arsenal, 2-31 octobre 2007, Montpellier, Facult\u00e9 de th\u00e9ologie protestante, 7 novembre-15 d\u00e9cembre 2007]. Toulouse : Service inter\u00e9tablissement de coop\u00e9ration documentaire de Toulouse , 2007.<\/p>\n","protected":false},"excerpt":{"rendered":"<p>&nbsp; Histoire et richesses de la biblioth\u00e8que de th\u00e9ologie protestante de Montauban [exposition, Toulouse, SCD de Toulouse 1, Biblioth\u00e8que universitaire de l&rsquo;Arsenal, 2-31 octobre 2007, Montpellier, Facult\u00e9 de th\u00e9ologie protestante, 7 novembre-15 d\u00e9cembre 2007]. Toulouse : Service inter\u00e9tablissement de coop\u00e9ration documentaire de Toulouse , 2007.<\/p>\n","protected":false},"author":19,"featured_media":0,"parent":788,"menu_order":0,"comment_status":"closed","ping_status":"closed","template":"","meta":[],"_links":{"self":[{"href":"https:\/\/blogs.univ-jfc.fr\/universitas\/wp-json\/wp\/v2\/pages\/1626"}],"collection":[{"href":"https:\/\/blogs.univ-jfc.fr\/universitas\/wp-json\/wp\/v2\/pages"}],"about":[{"href":"https:\/\/blogs.univ-jfc.fr\/universitas\/wp-json\/wp\/v2\/types\/page"}],"author":[{"embeddable":true,"href":"https:\/\/blogs.univ-jfc.fr\/universitas\/wp-json\/wp\/v2\/users\/19"}],"replies":[{"embeddable":true,"href":"https:\/\/blogs.univ-jfc.fr\/universitas\/wp-json\/wp\/v2\/comments?post=1626"}],"version-history":[{"count":1,"href":"https:\/\/blogs.univ-jfc.fr\/universitas\/wp-json\/wp\/v2\/pages\/1626\/revisions"}],"predecessor-version":[{"id":1627,"href":"https:\/\/blogs.univ-jfc.fr\/universitas\/wp-json\/wp\/v2\/pages\/1626\/revisions\/1627"}],"up":[{"embeddable":true,"href":"https:\/\/blogs.univ-jfc.fr\/universitas\/wp-json\/wp\/v2\/pages\/788"}],"wp:attachment":[{"href":"https:\/\/blogs.univ-jfc.fr\/universitas\/wp-json\/wp\/v2\/media?parent=1626"}],"curies":[{"name":"wp","href":"https:\/\/api.w.org\/{rel}","templated":true}]}}