{"id":181,"date":"2019-02-03T06:29:28","date_gmt":"2019-02-03T05:29:28","guid":{"rendered":"http:\/\/blogs.univ-jfc.fr\/universitas\/?page_id=181"},"modified":"2021-05-03T18:43:19","modified_gmt":"2021-05-03T16:43:19","slug":"archives","status":"publish","type":"page","link":"https:\/\/blogs.univ-jfc.fr\/universitas\/ressources\/archives\/","title":{"rendered":"Archives"},"content":{"rendered":"\n\n\n<p>Les Archives d\u00e9partementales de la Haute-Garonne ont entrepris de num\u00e9riser les registres de proc\u00e8s verbaux des conseils et assembl\u00e9es des professeurs des facult\u00e9s de Toulouse de 1806 \u00e0 1970. Ces documents inestimables, v\u00e9ritables \u00ab&nbsp;disques durs&nbsp;\u00bb de notre histoire universitaire, sont d\u00e9sormais consultables sur le site Internet des AD31.<\/p>\n\n\n\n<p><a href=\"https:\/\/archives.haute-garonne.fr\/archive\/fonds\/FRAD031_conseils-facultes\/n:380\"><strong>CONSULTER<\/strong><\/a><\/p>\n","protected":false},"excerpt":{"rendered":"<p>Les Archives d\u00e9partementales de la Haute-Garonne ont entrepris de num\u00e9riser les registres de proc\u00e8s verbaux des conseils et assembl\u00e9es des professeurs des facult\u00e9s de Toulouse de 1806 \u00e0 1970. Ces documents inestimables, v\u00e9ritables \u00ab&nbsp;disques durs&nbsp;\u00bb de notre histoire universitaire, sont d\u00e9sormais consultables sur le site Internet des AD31. CONSULTER<\/p>\n","protected":false},"author":19,"featured_media":0,"parent":29,"menu_order":1,"comment_status":"closed","ping_status":"closed","template":"","meta":[],"_links":{"self":[{"href":"https:\/\/blogs.univ-jfc.fr\/universitas\/wp-json\/wp\/v2\/pages\/181"}],"collection":[{"href":"https:\/\/blogs.univ-jfc.fr\/universitas\/wp-json\/wp\/v2\/pages"}],"about":[{"href":"https:\/\/blogs.univ-jfc.fr\/universitas\/wp-json\/wp\/v2\/types\/page"}],"author":[{"embeddable":true,"href":"https:\/\/blogs.univ-jfc.fr\/universitas\/wp-json\/wp\/v2\/users\/19"}],"replies":[{"embeddable":true,"href":"https:\/\/blogs.univ-jfc.fr\/universitas\/wp-json\/wp\/v2\/comments?post=181"}],"version-history":[{"count":4,"href":"https:\/\/blogs.univ-jfc.fr\/universitas\/wp-json\/wp\/v2\/pages\/181\/revisions"}],"predecessor-version":[{"id":2078,"href":"https:\/\/blogs.univ-jfc.fr\/universitas\/wp-json\/wp\/v2\/pages\/181\/revisions\/2078"}],"up":[{"embeddable":true,"href":"https:\/\/blogs.univ-jfc.fr\/universitas\/wp-json\/wp\/v2\/pages\/29"}],"wp:attachment":[{"href":"https:\/\/blogs.univ-jfc.fr\/universitas\/wp-json\/wp\/v2\/media?parent=181"}],"curies":[{"name":"wp","href":"https:\/\/api.w.org\/{rel}","templated":true}]}}