{"id":1817,"date":"2019-04-24T15:56:37","date_gmt":"2019-04-24T13:56:37","guid":{"rendered":"http:\/\/blogs.univ-jfc.fr\/universitas\/?page_id=1817"},"modified":"2019-09-02T10:02:09","modified_gmt":"2019-09-02T08:02:09","slug":"mission-patstec-a-toulouse","status":"publish","type":"page","link":"https:\/\/blogs.univ-jfc.fr\/universitas\/projets-en-cours\/mission-patstec-a-toulouse\/","title":{"rendered":"PATSTEC Toulouse"},"content":{"rendered":"<h2><span style=\"color: #ff9900\">Un futur patrimoine de la recherche<\/span><\/h2>\n<figure id=\"attachment_1876\" aria-describedby=\"caption-attachment-1876\" style=\"width: 300px\" class=\"wp-caption aligncenter\"><img loading=\"lazy\" class=\"wp-image-1876 size-medium\" src=\"http:\/\/blogs.univ-jfc.fr\/universitas\/wp-content\/uploads\/sites\/73\/2019\/07\/cat-300x223.jpg\" alt=\"\" width=\"300\" height=\"223\" srcset=\"https:\/\/blogs.univ-jfc.fr\/universitas\/wp-content\/uploads\/sites\/73\/2019\/07\/cat-300x223.jpg 300w, https:\/\/blogs.univ-jfc.fr\/universitas\/wp-content\/uploads\/sites\/73\/2019\/07\/cat-768x571.jpg 768w, https:\/\/blogs.univ-jfc.fr\/universitas\/wp-content\/uploads\/sites\/73\/2019\/07\/cat-1024x762.jpg 1024w\" sizes=\"(max-width: 300px) 100vw, 300px\" \/><figcaption id=\"caption-attachment-1876\" class=\"wp-caption-text\"><span style=\"color: #ffffff\">Calculatrice arithm\u00e9tique de Toulouse dans les ann\u00e9es 1960. Universit\u00e9 Paul Sabatier<\/span><\/figcaption><\/figure>\n<p>Le XX<sup>e<\/sup> si\u00e8cle a vu se succ\u00e9der, entre autres, la naissance de l\u2019\u00e9lectronique, l\u2019av\u00e8nement de la \u00ab big science \u00bb apr\u00e8s la seconde guerre mondiale, puis la miniaturisation\u2026 Les innovations se succ\u00e8dent et s\u2019int\u00e8grent dans notre vie quotidienne. L\u2019\u00e9volution rapide des nouvelles technologies, notamment de l\u2019\u00e9lectronique et de l\u2019informatique, influence notre soci\u00e9t\u00e9 \u00e0 un rythme qui s\u2019acc\u00e9l\u00e8re. Les scientifiques avancent particuli\u00e8rement vite dans leurs d\u00e9couvertes. Les outils qu\u2019ils utilisent, intimement li\u00e9s aux savoir-faire exp\u00e9rimentaux, \u00e9voluent en parall\u00e8le et se transforment consid\u00e9rablement. D\u2019utilisation plus complexe, interconnect\u00e9s entre eux en syst\u00e8mes, ces instruments deviennent vite obsol\u00e8tes. Ils sont alors menac\u00e9s d\u2019\u00eatre dispers\u00e9s, mis au rebut ou jet\u00e9s.<\/p>\n<p>Simultan\u00e9ment, la m\u00e9moire autour de ces instruments et des institutions est majoritairement d\u00e9tenue par des enseignants et des chercheurs qui sont pour la plupart sur le point de quitter la vie professionnelle.<\/p>\n<p>Les pr\u00e9cieux t\u00e9moignages de cette \u00e9volution doivent \u00eatre sauvegard\u00e9s. Demain, ce nouveau patrimoine constituera pour nos concitoyens un outil privil\u00e9gi\u00e9 permettant de se familiariser avec les savoirs et les innovations de notre temps.<\/p>\n<h4><a href=\"http:\/\/blogs.univ-jfc.fr\/universitas\/un-dispositif-national\/\" target=\"_blank\" rel=\"noopener noreferrer\">Un dispositif national<\/a><\/h4>\n<h4><a href=\"http:\/\/blogs.univ-jfc.fr\/universitas\/patstec-en-region-midi-pyrenees\/\" target=\"_blank\" rel=\"noopener noreferrer\">PATSTEC en R\u00e9gion Midi-Pyr\u00e9n\u00e9es<\/a><\/h4>\n<p>&nbsp;<\/p>\n<p>Sandrine TOMEZAK, charg\u00e9e de l\u2019inventaire et de la valorisation du PATSTEC MiP<\/p>\n<p><img loading=\"lazy\" class=\"alignright wp-image-1890\" src=\"http:\/\/blogs.univ-jfc.fr\/universitas\/wp-content\/uploads\/sites\/73\/2019\/07\/logo_utftmp_horizontale_o-300x164.jpg\" alt=\"\" width=\"183\" height=\"100\" srcset=\"https:\/\/blogs.univ-jfc.fr\/universitas\/wp-content\/uploads\/sites\/73\/2019\/07\/logo_utftmp_horizontale_o-300x164.jpg 300w, https:\/\/blogs.univ-jfc.fr\/universitas\/wp-content\/uploads\/sites\/73\/2019\/07\/logo_utftmp_horizontale_o-768x421.jpg 768w, https:\/\/blogs.univ-jfc.fr\/universitas\/wp-content\/uploads\/sites\/73\/2019\/07\/logo_utftmp_horizontale_o-1024x561.jpg 1024w, https:\/\/blogs.univ-jfc.fr\/universitas\/wp-content\/uploads\/sites\/73\/2019\/07\/logo_utftmp_horizontale_o.jpg 1787w\" sizes=\"(max-width: 183px) 100vw, 183px\" \/><img loading=\"lazy\" class=\"wp-image-1892 aligncenter\" src=\"http:\/\/blogs.univ-jfc.fr\/universitas\/wp-content\/uploads\/sites\/73\/2019\/07\/MESRI_logo.svg_-221x300.png\" alt=\"\" width=\"113\" height=\"153\" srcset=\"https:\/\/blogs.univ-jfc.fr\/universitas\/wp-content\/uploads\/sites\/73\/2019\/07\/MESRI_logo.svg_-221x300.png 221w, https:\/\/blogs.univ-jfc.fr\/universitas\/wp-content\/uploads\/sites\/73\/2019\/07\/MESRI_logo.svg_.png 512w\" sizes=\"(max-width: 113px) 100vw, 113px\" \/><\/p>\n<p>&nbsp;<\/p>\n<p><img loading=\"lazy\" class=\"wp-image-1891 alignleft\" src=\"http:\/\/blogs.univ-jfc.fr\/universitas\/wp-content\/uploads\/sites\/73\/2019\/07\/logoMAM-300x120.jpg\" alt=\"\" width=\"188\" height=\"75\" srcset=\"https:\/\/blogs.univ-jfc.fr\/universitas\/wp-content\/uploads\/sites\/73\/2019\/07\/logoMAM-300x120.jpg 300w, https:\/\/blogs.univ-jfc.fr\/universitas\/wp-content\/uploads\/sites\/73\/2019\/07\/logoMAM.jpg 567w\" sizes=\"(max-width: 188px) 100vw, 188px\" \/><img loading=\"lazy\" class=\"wp-image-1893 aligncenter\" src=\"http:\/\/blogs.univ-jfc.fr\/universitas\/wp-content\/uploads\/sites\/73\/2019\/07\/PATSTEC_RougeNoir-300x300.jpg\" alt=\"\" width=\"127\" height=\"127\" srcset=\"https:\/\/blogs.univ-jfc.fr\/universitas\/wp-content\/uploads\/sites\/73\/2019\/07\/PATSTEC_RougeNoir-300x300.jpg 300w, https:\/\/blogs.univ-jfc.fr\/universitas\/wp-content\/uploads\/sites\/73\/2019\/07\/PATSTEC_RougeNoir-150x150.jpg 150w, https:\/\/blogs.univ-jfc.fr\/universitas\/wp-content\/uploads\/sites\/73\/2019\/07\/PATSTEC_RougeNoir.jpg 378w\" sizes=\"(max-width: 127px) 100vw, 127px\" \/><\/p>\n","protected":false},"excerpt":{"rendered":"<p>Un futur patrimoine de la recherche Le XXe si\u00e8cle a vu se succ\u00e9der, entre autres, la naissance de l\u2019\u00e9lectronique, l\u2019av\u00e8nement de la \u00ab big science \u00bb apr\u00e8s la seconde guerre mondiale, puis la miniaturisation\u2026 Les innovations se succ\u00e8dent et s\u2019int\u00e8grent dans notre vie quotidienne. L\u2019\u00e9volution rapide des nouvelles technologies, notamment de l\u2019\u00e9lectronique et de l\u2019informatique, &hellip; <a href=\"https:\/\/blogs.univ-jfc.fr\/universitas\/projets-en-cours\/mission-patstec-a-toulouse\/\" class=\"more-link\">Continuer la lecture de <span class=\"screen-reader-text\">PATSTEC Toulouse<\/span> <span class=\"meta-nav\">&rarr;<\/span><\/a><\/p>\n","protected":false},"author":19,"featured_media":0,"parent":882,"menu_order":1,"comment_status":"closed","ping_status":"closed","template":"","meta":[],"_links":{"self":[{"href":"https:\/\/blogs.univ-jfc.fr\/universitas\/wp-json\/wp\/v2\/pages\/1817"}],"collection":[{"href":"https:\/\/blogs.univ-jfc.fr\/universitas\/wp-json\/wp\/v2\/pages"}],"about":[{"href":"https:\/\/blogs.univ-jfc.fr\/universitas\/wp-json\/wp\/v2\/types\/page"}],"author":[{"embeddable":true,"href":"https:\/\/blogs.univ-jfc.fr\/universitas\/wp-json\/wp\/v2\/users\/19"}],"replies":[{"embeddable":true,"href":"https:\/\/blogs.univ-jfc.fr\/universitas\/wp-json\/wp\/v2\/comments?post=1817"}],"version-history":[{"count":22,"href":"https:\/\/blogs.univ-jfc.fr\/universitas\/wp-json\/wp\/v2\/pages\/1817\/revisions"}],"predecessor-version":[{"id":1928,"href":"https:\/\/blogs.univ-jfc.fr\/universitas\/wp-json\/wp\/v2\/pages\/1817\/revisions\/1928"}],"up":[{"embeddable":true,"href":"https:\/\/blogs.univ-jfc.fr\/universitas\/wp-json\/wp\/v2\/pages\/882"}],"wp:attachment":[{"href":"https:\/\/blogs.univ-jfc.fr\/universitas\/wp-json\/wp\/v2\/media?parent=1817"}],"curies":[{"name":"wp","href":"https:\/\/api.w.org\/{rel}","templated":true}]}}