{"id":1832,"date":"2019-05-13T18:30:34","date_gmt":"2019-05-13T16:30:34","guid":{"rendered":"http:\/\/blogs.univ-jfc.fr\/universitas\/?page_id=1832"},"modified":"2019-05-15T14:24:46","modified_gmt":"2019-05-15T12:24:46","slug":"bourre-robert","status":"publish","type":"page","link":"https:\/\/blogs.univ-jfc.fr\/universitas\/chercheur-es\/bourre-robert\/","title":{"rendered":"BOURE, Robert"},"content":{"rendered":"<p>&nbsp;<\/p>\n<p><img loading=\"lazy\" class=\"size-full wp-image-1836 aligncenter\" src=\"http:\/\/blogs.univ-jfc.fr\/universitas\/wp-content\/uploads\/sites\/73\/2019\/05\/Robert.jpg\" alt=\"\" width=\"200\" height=\"150\" \/><\/p>\n<p>Professeur \u00e9m\u00e9rite de Sciences de l&rsquo;information et de la communication, membre du LERASS.<\/p>\n<p><span style=\"color: #ff9900\"><strong>Contact <\/strong><\/span>:<strong> <a href=\"mailto:robert.boure@iut-tlse3.fr\">robert.boure@iut-tlse3.fr<\/a> <\/strong><\/p>\n<p><span style=\"color: #ff9900\"><strong>Mots-cl\u00e9s :<\/strong> <\/span>Patrimoine scientifique des Universit\u00e9s.<\/p>\n<p><span style=\"color: #ff9900\"><strong>Publications<\/strong><\/span><\/p>\n<p>Robert Boure, 2019, \u00ab\u00a0La mise en patrimoine des sciences toulousaines \u00e0 travers les hommages rendus aux figures de chercheurs\u00a0\u00bb, in Jolivet A.-C., Lefebvre M. (dir.), <em>Des patrimoines en action. Les processus de mise en m\u00e9moire des activit\u00e9s scientifiques (1880-2016)<\/em>, Toulouse : Presses Universitaires du Midi (PUM), coll. Sociologie, \u00e0 para\u00eetre (septembre 2019).<\/p>\n<p>Robert Boure, \u00ab\u00a0De quelques impens\u00e9s de la patrimonialisation des sciences \u00e0 travers les attributions de noms de chercheurs\u00a0\u00bb, <em>Communication &amp; Langages<\/em>, n\u00b0199, mars 2019, 5-20.<\/p>\n<p>Robert Boure, \u00ab\u00a0Les M\u00e9langes entre mise en m\u00e9moire, distinction sociale et communication dans l\u2019entre-soi\u00a0\u00bb, in Culture, Soci\u00e9t\u00e9, Territoire. <em>M\u00e9langes en l\u2019honneur du professeur Serge Regourd<\/em>, Clermont-Ferrand\u00a0: Institut Universitaire Varenne, Collection Colloques &amp; Essais, 2019, p. 55-66.<\/p>\n<p>&#8211; Robert Boure, <em>Inventaire des hommages rendus aux chercheurs toulousains par leurs pairs (ann\u00e9es 1880-ann\u00e9es 2010) : attributions de noms, publications d\u00e9di\u00e9es et galeries de portraits<\/em>, mars 2017.<\/p>\n<p>&#8211; Robert Boure, <a href=\"https:\/\/pastel.hypotheses.org\/files\/2017\/11\/Pubs-Pat-scient-Toul-Def.pdf\"><em>Inventaire bibliographique du patrimoine scientifique de Toulouse et de sa r\u00e9gion (ann\u00e9es 1880-2016)<\/em><\/a>.<\/p>\n<p><span style=\"color: #ff9900\"><strong>Projets en cours<\/strong><\/span><\/p>\n<p><a href=\"https:\/\/pastel.hypotheses.org\/\">Le projet PASTEL<\/a>.<\/p>\n<h1 class=\"entry-title\"><\/h1>\n<p>&nbsp;<\/p>\n","protected":false},"excerpt":{"rendered":"<p>&nbsp; Professeur \u00e9m\u00e9rite de Sciences de l&rsquo;information et de la communication, membre du LERASS. Contact : robert.boure@iut-tlse3.fr Mots-cl\u00e9s : Patrimoine scientifique des Universit\u00e9s. Publications Robert Boure, 2019, \u00ab\u00a0La mise en patrimoine des sciences toulousaines \u00e0 travers les hommages rendus aux figures de chercheurs\u00a0\u00bb, in Jolivet A.-C., Lefebvre M. (dir.), Des patrimoines en action. Les processus &hellip; <a href=\"https:\/\/blogs.univ-jfc.fr\/universitas\/chercheur-es\/bourre-robert\/\" class=\"more-link\">Continuer la lecture de <span class=\"screen-reader-text\">BOURE, Robert<\/span> <span class=\"meta-nav\">&rarr;<\/span><\/a><\/p>\n","protected":false},"author":19,"featured_media":0,"parent":20,"menu_order":4,"comment_status":"closed","ping_status":"closed","template":"","meta":[],"_links":{"self":[{"href":"https:\/\/blogs.univ-jfc.fr\/universitas\/wp-json\/wp\/v2\/pages\/1832"}],"collection":[{"href":"https:\/\/blogs.univ-jfc.fr\/universitas\/wp-json\/wp\/v2\/pages"}],"about":[{"href":"https:\/\/blogs.univ-jfc.fr\/universitas\/wp-json\/wp\/v2\/types\/page"}],"author":[{"embeddable":true,"href":"https:\/\/blogs.univ-jfc.fr\/universitas\/wp-json\/wp\/v2\/users\/19"}],"replies":[{"embeddable":true,"href":"https:\/\/blogs.univ-jfc.fr\/universitas\/wp-json\/wp\/v2\/comments?post=1832"}],"version-history":[{"count":6,"href":"https:\/\/blogs.univ-jfc.fr\/universitas\/wp-json\/wp\/v2\/pages\/1832\/revisions"}],"predecessor-version":[{"id":1843,"href":"https:\/\/blogs.univ-jfc.fr\/universitas\/wp-json\/wp\/v2\/pages\/1832\/revisions\/1843"}],"up":[{"embeddable":true,"href":"https:\/\/blogs.univ-jfc.fr\/universitas\/wp-json\/wp\/v2\/pages\/20"}],"wp:attachment":[{"href":"https:\/\/blogs.univ-jfc.fr\/universitas\/wp-json\/wp\/v2\/media?parent=1832"}],"curies":[{"name":"wp","href":"https:\/\/api.w.org\/{rel}","templated":true}]}}