{"id":185,"date":"2019-02-08T14:13:52","date_gmt":"2019-02-08T13:13:52","guid":{"rendered":"http:\/\/blogs.univ-jfc.fr\/universitas\/?page_id=185"},"modified":"2019-03-23T11:29:26","modified_gmt":"2019-03-23T10:29:26","slug":"duffaut-marie-therese","status":"publish","type":"page","link":"https:\/\/blogs.univ-jfc.fr\/universitas\/chercheur-es\/duffaut-marie-therese\/","title":{"rendered":"DUFFAU MARIE-TH\u00c9R\u00c8SE"},"content":{"rendered":"<p><img loading=\"lazy\" class=\" wp-image-1466 aligncenter\" src=\"http:\/\/blogs.univ-jfc.fr\/universitas\/wp-content\/uploads\/sites\/73\/2019\/03\/duffau.jpg\" alt=\"\" width=\"144\" height=\"202\" \/><\/p>\n<p>Historienne, chercheure CNRS, laboratoire Framespa (UMR 5136).<\/p>\n<p>Courriel : <span class=\"GCSDBRWBBQC\"><a class=\"GCSDBRWBAVB\"><span class=\"GCSDBRWBDPC\">marie-therese.duffau@univ-tlse2.fr<\/span><\/a><\/span><\/p>\n<p><strong>Publications<\/strong><\/p>\n<p><strong><em>Ouvrage<\/em><\/strong><\/p>\n<p class=\"a-size-medium s-inline s-access-title a-text-normal\"><em>Bruno de Solages : Biographie d&rsquo;un intellectuel engag\u00e9 (1895-1983)<\/em>,Paris, Pierre T\u00e9qui Editeur, 2014, 560 p.<img loading=\"lazy\" class=\"wp-image-188 aligncenter\" src=\"http:\/\/blogs.univ-jfc.fr\/universitas\/wp-content\/uploads\/sites\/73\/2019\/02\/41rTxCR3goL._UY250_.jpg\" alt=\"\" width=\"148\" height=\"211\" \/><\/p>\n<p>&nbsp;<\/p>\n<p><em><strong>Articles<\/strong><\/em><\/p>\n<ol>\n<li>R\u00e9sum\u00e9 sur <a href=\"https:\/\/sms.hypotheses.org\/267\" target=\"_blank\" rel=\"noopener noreferrer\">\u00ab Bruno de Solages (1895-1982). Biographie d\u2019un intellectuel catholique engag\u00e9 \u00bb <\/a>pour le magazine scientifique (internet) du Labex SMS (Structurations des mondes sociaux), 2013.<\/li>\n<li>\u00ab\u00a0Bruno de Solages et Henri de Lubac\u00a0\u00bb, <em>Bulletin de l\u2019Association Internationale Henri de Lubac<\/em>, tome\u00a0XIII, 2011, p. 43-66, 2011.<\/li>\n<li>\u00ab\u00a0Des \u00e9tudiants juifs r\u00e9fugi\u00e9s \u00e0 l\u2019Institut catholique de Toulouse pendant les ann\u00e9es noires\u00a0\u00bb, <em>Diasporas, <\/em>\u00ab\u00a0<em>Haines <\/em>\u00bb, UTM, Toulouse, n\u00b0 10, juin 2007, p.\u00a0134-138.<\/li>\n<li>\u00ab\u00a0L\u2019Institut Catholique de Toulouse pendant les ann\u00e9es noires (1940-1944)\u00a0\u00bb, <em>Bulletin de Litt\u00e9rature Eccl\u00e9siastique<\/em>, ICT, Toulouse, CV\/4, octobre-d\u00e9cembre 2004, p. 353-370.<\/li>\n<li>\u00ab\u00a0Vialatoux et M<sup>gr<\/sup> Bruno de Solages\u00a0: engagement intellectuel et t\u00e9moignage chr\u00e9tien\u00a0\u00bb,\u00a0 dans Emmanuel Gabellieri et Paul Moreau (dir.), <em>Humanisme et philosophie citoyenne. Joseph Vialatoux et Jean Lacroix. <\/em>Paris, Descl\u00e9e de Brouwer\/Lethielleux, p. 163-180.<\/li>\n<li>\u00ab\u00a0Un foyer de rayonnement de l\u2019intelligence catholique\u00a0: l\u2019Institut catholique de Toulouse sous le rectorat de Bruno de Solages\u00a0\u00bb, communication, colloque sur Toulouse, \u00e0 l\u2019UTM, (\u00ab\u00a0Toulouse, une m\u00e9tropole m\u00e9ridionale\u00a0: vingt si\u00e8cles de vie urbaine\u00a0\u00bb, 58<sup>e<\/sup> Congr\u00e8s de la F\u00e9d\u00e9ration historique de Midi-Pyr\u00e9n\u00e9es, du 14 au 16 juin 2007).\u00a0 dans B.\u00a0Suau, J.-P. Amalric et J.-M. Olivier (\u00e9ds.), <em>Toulouse, une m\u00e9tropole m\u00e9ridionale\u00a0: vingt si\u00e8cles de vie urbaine, <\/em> \u00ab\u00a0M\u00e9ridiennes\u00a0\u00bb, F\u00e9d\u00e9ration historique de Midi-Pyr\u00e9n\u00e9es, 2009, vol. 2, p. 639-650.<\/li>\n<li>\u00ab\u00a0M<sup>gr<\/sup> Sali\u00e8ge chancelier de l\u2019Institut catholique [de Toulouse]\u00a0\u00bb, <em>Bulletin de Litt\u00e9rature Eccl\u00e9siastique<\/em>, ICT, Toulouse, CVIII\/1, janvier-mars 2007, p. 127-146<em>.<\/em><\/li>\n<li>\u00ab\u00a0Le Mensonge chez Vladimir Jank\u00e9l\u00e9vitch\u00a0\u00bb (Borne, Jank\u00e9l\u00e9vitch (\u00ab Andr\u00e9 Dumez \u00bb) et Le Mensonge raciste \u00bb), dans H. Lethierry (dir.), <em>Agir avec Jank\u00e9l\u00e9vitch. Col\u00e8re et mensonges<\/em>, Chronique sociale, coll. Savoir penser, Lyon, 2013, p. 97-103.<\/li>\n<li>La Philosophie de M<sup>gr<\/sup> Bruno de Solages\u00bb, <em>Recueil de publications de la Soci\u00e9t\u00e9 toulousaine de philosophie<\/em>, 2010-2011, p.\u00a017-39.<\/li>\n<li>\u00ab\u00a0L\u2019action de Bruno de Solages \u00e0 Toulouse et l\u2019enseignement de Pie XI\u00a0\u00bb, J. Pr\u00e9votat (dir.), <em>Pie XI et la France\u00a0: l\u2019apport des archives du pontificat de Pie\u00a0XI \u00e0 la connaissance des rapports entre le Saint-Si\u00e8ge et la France<\/em>, coll. de l\u2019\u00c9cole fran\u00e7aise de Rome (EFR) 438, Rome, EFR, 2010, p. 403-420.<\/li>\n<li>\u00a0Jank\u00e9l\u00e9vitch \u00e0 Toulouse\u00a0: clandestinit\u00e9 et r\u00e9sistance\u00a0\u00bb, dans <em>Vladimir Jank\u00e9l\u00e9vitch <\/em>(actes),<em> Bulletin de Litt\u00e9rature Eccl\u00e9siastique<\/em>, ICT, Toulouse, CVII\/2, avril-juin 2006, p. 225-236.<\/li>\n<li><\/li>\n<\/ol>\n","protected":false},"excerpt":{"rendered":"<p>Historienne, chercheure CNRS, laboratoire Framespa (UMR 5136). Courriel : marie-therese.duffau@univ-tlse2.fr Publications Ouvrage Bruno de Solages : Biographie d&rsquo;un intellectuel engag\u00e9 (1895-1983),Paris, Pierre T\u00e9qui Editeur, 2014, 560 p. &nbsp; Articles R\u00e9sum\u00e9 sur \u00ab Bruno de Solages (1895-1982). Biographie d\u2019un intellectuel catholique engag\u00e9 \u00bb pour le magazine scientifique (internet) du Labex SMS (Structurations des mondes sociaux), 2013. &hellip; <a href=\"https:\/\/blogs.univ-jfc.fr\/universitas\/chercheur-es\/duffaut-marie-therese\/\" class=\"more-link\">Continuer la lecture de <span class=\"screen-reader-text\">DUFFAU MARIE-TH\u00c9R\u00c8SE<\/span> <span class=\"meta-nav\">&rarr;<\/span><\/a><\/p>\n","protected":false},"author":19,"featured_media":0,"parent":20,"menu_order":2,"comment_status":"closed","ping_status":"closed","template":"","meta":[],"_links":{"self":[{"href":"https:\/\/blogs.univ-jfc.fr\/universitas\/wp-json\/wp\/v2\/pages\/185"}],"collection":[{"href":"https:\/\/blogs.univ-jfc.fr\/universitas\/wp-json\/wp\/v2\/pages"}],"about":[{"href":"https:\/\/blogs.univ-jfc.fr\/universitas\/wp-json\/wp\/v2\/types\/page"}],"author":[{"embeddable":true,"href":"https:\/\/blogs.univ-jfc.fr\/universitas\/wp-json\/wp\/v2\/users\/19"}],"replies":[{"embeddable":true,"href":"https:\/\/blogs.univ-jfc.fr\/universitas\/wp-json\/wp\/v2\/comments?post=185"}],"version-history":[{"count":7,"href":"https:\/\/blogs.univ-jfc.fr\/universitas\/wp-json\/wp\/v2\/pages\/185\/revisions"}],"predecessor-version":[{"id":1650,"href":"https:\/\/blogs.univ-jfc.fr\/universitas\/wp-json\/wp\/v2\/pages\/185\/revisions\/1650"}],"up":[{"embeddable":true,"href":"https:\/\/blogs.univ-jfc.fr\/universitas\/wp-json\/wp\/v2\/pages\/20"}],"wp:attachment":[{"href":"https:\/\/blogs.univ-jfc.fr\/universitas\/wp-json\/wp\/v2\/media?parent=185"}],"curies":[{"name":"wp","href":"https:\/\/api.w.org\/{rel}","templated":true}]}}