{"id":1878,"date":"2019-07-23T10:55:51","date_gmt":"2019-07-23T08:55:51","guid":{"rendered":"http:\/\/blogs.univ-jfc.fr\/universitas\/?page_id=1878"},"modified":"2019-07-23T11:20:44","modified_gmt":"2019-07-23T09:20:44","slug":"un-dispositif-national","status":"publish","type":"page","link":"https:\/\/blogs.univ-jfc.fr\/universitas\/un-dispositif-national\/","title":{"rendered":"Un dispositif national"},"content":{"rendered":"<p>Ce constat d\u2019urgence a amen\u00e9 le Minist\u00e8re de la recherche et de l\u2019enseignement sup\u00e9rieur \u00e0 confier au Mus\u00e9e des arts et m\u00e9tiers, en 2003, la mise en place d\u2019une <a href=\"http:\/\/www.patstec.fr\/PSETT\"><strong>mission nationale de sauvegarde et valorisation d\u2019un patrimoine scientifique et technique contemporain &#8211; PATSTEC.<\/strong><\/a><\/p>\n<p><img loading=\"lazy\" class=\" wp-image-1887 aligncenter\" src=\"http:\/\/blogs.univ-jfc.fr\/universitas\/wp-content\/uploads\/sites\/73\/2019\/07\/localisationmissionsr\u00e9gionalesPATSTEC-300x284.jpg\" alt=\"\" width=\"378\" height=\"358\" srcset=\"https:\/\/blogs.univ-jfc.fr\/universitas\/wp-content\/uploads\/sites\/73\/2019\/07\/localisationmissionsr\u00e9gionalesPATSTEC-300x284.jpg 300w, https:\/\/blogs.univ-jfc.fr\/universitas\/wp-content\/uploads\/sites\/73\/2019\/07\/localisationmissionsr\u00e9gionalesPATSTEC-768x728.jpg 768w, https:\/\/blogs.univ-jfc.fr\/universitas\/wp-content\/uploads\/sites\/73\/2019\/07\/localisationmissionsr\u00e9gionalesPATSTEC.jpg 903w\" sizes=\"(max-width: 378px) 100vw, 378px\" \/><\/p>\n<p>&nbsp;<\/p>\n<p>L\u2019objectif est avant tout la sensibilisation des \u00e9tablissements d&rsquo;enseignement sup\u00e9rieur et de recherche \u00e0 la pr\u00e9servation de leur mat\u00e9riel de recherche et d\u2019enseignement. Ceci passe par\u00a0:<\/p>\n<ul>\n<li>la mise en place dans les \u00e9tablissements d\u2019un r\u00e9seau de correspondants scientifiques (la plupart du temps b\u00e9n\u00e9voles),<\/li>\n<li>le rep\u00e9rage et la documentation des objets t\u00e9moins de l\u2019\u00e9volution scientifique du XX<sup>e<\/sup> si\u00e8cle,<\/li>\n<li>l\u2019alimentation d\u2019une base de donn\u00e9es nationale PATSTEC sp\u00e9cifique,<\/li>\n<li>le recueil des t\u00e9moignages des acteurs de la recherche sur le territoire,<\/li>\n<li>la mise \u00e0 disposition de ces ressources via un site web<\/li>\n<li>et enfin la valorisation de la m\u00e9moire mat\u00e9rielle et immat\u00e9rielle (expositions, films, publications, ateliers de culture scientifique\u2026).<\/li>\n<\/ul>\n<p>La cellule de coordination nationale du Mus\u00e9e des arts et m\u00e9tiers anime, d\u00e9veloppe et apporte un suivi sur la gestion des inventaires ainsi qu\u2019une expertise aux 16 chefs de projet du r\u00e9seau PATSTEC dans les diff\u00e9rentes missions en r\u00e9gions, sur les territoires ainsi d\u00e9finis\u00a0: \u00a0Nouvelle-Aquitaine : mission Aquitaine (CNAM Aquitaine) et mission Limousin-Poitou-Charentes-Centre (Universit\u00e9 de Limoges, Universit\u00e9 de Poitiers, Universit\u00e9 de Tours)\u00a0; Auvergne &#8211; Rh\u00f4ne-Alpes : mission Auvergne (Clermont M\u00e9tropole, Mus\u00e9e Henri Lecoq), mission Rh\u00f4ne-Alpes &#8211; ac. Grenoble (Association Aconit)\u00a0et mission Rh\u00f4ne-Alpes \u2013 ac. Lyon (Mus\u00e9e des Confluences)\u00a0; mission Bourgogne \u2013Franche-Comt\u00e9 (Universit\u00e9 de Bourgogne)\u00a0; mission Bretagne (Universit\u00e9 de Rennes I)\u00a0; Grand-Est : mission Champagne-Ardenne (CNAM Champagne-Ardenne) et mission Lorraine (CNAM Lorraine puis Nancy M\u00e9tropole)\u00a0; mission Hauts-de-France (Universit\u00e9 de Lille I &#8211; Comue)\u00a0; mission \u00cele-de-France (Mus\u00e9e des arts et m\u00e9tiers \u2013 CNAM et Diagonale Paris-Saclay)\u00a0; Occitanie : mission Midi-Pyr\u00e9n\u00e9es (Universit\u00e9 de Toulouse &#8211; Comue) et mission Languedoc-Roussillon (Universit\u00e9 Montpellier II)\u00a0; mission Normandie (INSA -Rouen)\u00a0; mission Pays de la Loire (Universit\u00e9 de Nantes)\u00a0; mission Provence-Alpes-C\u00f4te d\u2019azur (Universit\u00e9 Aix Marseille).<\/p>\n<p>Des partenaires nationaux sont \u00e9galement associ\u00e9s au r\u00e9seau : M\u00e9t\u00e9o-France, Michelin, CEA\/Irfu &#8211; Service d&rsquo;Astrophysique, Laboratoire AIM (Saclay), Mus\u00e9e EDF &#8211; Electropolis (Fondation EDF Diversiterre), Essilor et CERN.<\/p>\n<p>Le r\u00e9seau se r\u00e9unit deux fois par an\u00a0:\u00a0au printemps, lors d\u2019ateliers organis\u00e9s chaque ann\u00e9e par un des membres du r\u00e9seau\u00a0; et en novembre, lors des journ\u00e9es nationales programm\u00e9es au Mus\u00e9e des Arts et M\u00e9tiers.<\/p>\n<h4><a href=\"http:\/\/blogs.univ-jfc.fr\/universitas\/patstec-en-region-midi-pyrenees\/\" target=\"_blank\" rel=\"noopener noreferrer\">PATSTEC en R\u00e9gion Midi-Pyr\u00e9n\u00e9es<\/a><\/h4>\n","protected":false},"excerpt":{"rendered":"<p>Ce constat d\u2019urgence a amen\u00e9 le Minist\u00e8re de la recherche et de l\u2019enseignement sup\u00e9rieur \u00e0 confier au Mus\u00e9e des arts et m\u00e9tiers, en 2003, la mise en place d\u2019une mission nationale de sauvegarde et valorisation d\u2019un patrimoine scientifique et technique contemporain &#8211; PATSTEC. &nbsp; L\u2019objectif est avant tout la sensibilisation des \u00e9tablissements d&rsquo;enseignement sup\u00e9rieur et &hellip; <a href=\"https:\/\/blogs.univ-jfc.fr\/universitas\/un-dispositif-national\/\" class=\"more-link\">Continuer la lecture de <span class=\"screen-reader-text\">Un dispositif national<\/span> <span class=\"meta-nav\">&rarr;<\/span><\/a><\/p>\n","protected":false},"author":19,"featured_media":0,"parent":0,"menu_order":0,"comment_status":"closed","ping_status":"closed","template":"","meta":[],"_links":{"self":[{"href":"https:\/\/blogs.univ-jfc.fr\/universitas\/wp-json\/wp\/v2\/pages\/1878"}],"collection":[{"href":"https:\/\/blogs.univ-jfc.fr\/universitas\/wp-json\/wp\/v2\/pages"}],"about":[{"href":"https:\/\/blogs.univ-jfc.fr\/universitas\/wp-json\/wp\/v2\/types\/page"}],"author":[{"embeddable":true,"href":"https:\/\/blogs.univ-jfc.fr\/universitas\/wp-json\/wp\/v2\/users\/19"}],"replies":[{"embeddable":true,"href":"https:\/\/blogs.univ-jfc.fr\/universitas\/wp-json\/wp\/v2\/comments?post=1878"}],"version-history":[{"count":4,"href":"https:\/\/blogs.univ-jfc.fr\/universitas\/wp-json\/wp\/v2\/pages\/1878\/revisions"}],"predecessor-version":[{"id":1904,"href":"https:\/\/blogs.univ-jfc.fr\/universitas\/wp-json\/wp\/v2\/pages\/1878\/revisions\/1904"}],"wp:attachment":[{"href":"https:\/\/blogs.univ-jfc.fr\/universitas\/wp-json\/wp\/v2\/media?parent=1878"}],"curies":[{"name":"wp","href":"https:\/\/api.w.org\/{rel}","templated":true}]}}