{"id":1882,"date":"2019-07-23T11:00:41","date_gmt":"2019-07-23T09:00:41","guid":{"rendered":"http:\/\/blogs.univ-jfc.fr\/universitas\/?page_id=1882"},"modified":"2019-07-23T11:00:41","modified_gmt":"2019-07-23T09:00:41","slug":"patstec-en-region-midi-pyrenees","status":"publish","type":"page","link":"https:\/\/blogs.univ-jfc.fr\/universitas\/patstec-en-region-midi-pyrenees\/","title":{"rendered":"PATSTEC EN R\u00c9GION MIDI-PYR\u00c9N\u00c9ES"},"content":{"rendered":"<p>Tout d&rsquo;abord confi\u00e9e au GIP R\u00e9seau universitaire Toulouse Midi-Pyr\u00e9n\u00e9es &#8211; RUTMP en 2004, la mission PATSTEC MiP est int\u00e9gr\u00e9e en 2008 \u00e0 l&rsquo;Universit\u00e9 de Toulouse &#8211; P\u00f4le de Recherche et d&rsquo;Enseignement Sup\u00e9rieur. Depuis le 1er janvier 2010, cette sauvegarde constitue une des priorit\u00e9s du <a href=\"https:\/\/www.univ-toulouse.fr\/recherche-dynamique\/diffusion-de-culture-des-sciences-et-techniques\">Service de Diffusion de la Culture des Sciences et des Techniques<\/a>, du D\u00e9partement Recherche, Doctorat et Valorisation de l\u2019Universit\u00e9 F\u00e9d\u00e9rale Toulouse Midi-Pyr\u00e9n\u00e9es \u2013 Communaut\u00e9 d\u2019universit\u00e9s et \u00e9tablissements (COMUE).<\/p>\n<p>Renforc\u00e9e par l\u2019expertise nationale, elle est organis\u00e9e autour d\u2019un chef de projet\u00a0; d\u2019un charg\u00e9 d\u2019inventaire\u00a0; d\u2019\u00e9tudiants ou vacataires pouvant aider \u00e0 r\u00e9aliser les inventaires\u00a0; d\u2019un comit\u00e9 scientifique compos\u00e9 d\u2019une soixantaine de \u00ab\u00a0correspondants collections\u00a0\u00bb, experts dans leur domaine, aidant au rep\u00e9rage, \u00e0 la documentation des objets et \u00e0 la mise en place d\u2019actions de valorisation\u00a0; et d\u2019un comit\u00e9 d\u2019orientation fixant les orientations strat\u00e9giques et validant nos actions. Une convention avec le Conservatoire national des arts et m\u00e9tiers d\u00e9finit les modalit\u00e9s de r\u00e9alisation de l\u2019inventaire du patrimoine scientifique et technique contemporain et de sa valorisation dans les \u00e9tablissements d\u2019enseignement sup\u00e9rieur et de recherche en r\u00e9gion Midi-Pyr\u00e9n\u00e9es.<\/p>\n<p>Son activit\u00e9 s\u2019articule autour de 4 axes\u00a0:<\/p>\n<h4><span style=\"color: #ff9900\"><a style=\"color: #ff9900\" name=\"_Toc14536166\"><\/a><a style=\"color: #ff9900\" name=\"_Toc13576458\"><\/a>A.\u00a0\u00a0\u00a0 L\u2019INVENTAIRE<\/span><\/h4>\n<p>Depuis plus de 10 ans, la mission PATSTEC MiP, implant\u00e9e au sein d\u2019une structure f\u00e9d\u00e9rative rassemblant des \u00e9tablissements d\u2019enseignement sup\u00e9rieur et de recherche, a pu visiter des laboratoires dans les domaines divers et vari\u00e9s comme les Sciences de l\u2019univers, Informatique, Electricit\u00e9 \u2013 Motorisation, Chimie, M\u00e9canique des fluides, Robotique, Physique, Microscopie \u00e9lectronique, Biologie, A\u00e9ronautique, G\u00e9ographie, G\u00e9ologie, M\u00e9decine \u2013Sant\u00e9, M\u00e9t\u00e9orologie \u2026<\/p>\n<p>Plus de 3000 instruments de sciences et techniques, outils, machines, mod\u00e8les r\u00e9duits et prototypes, dispositifs p\u00e9dagogiques ont \u00e9t\u00e9 inventori\u00e9s. Mais aussi des centaines de notices, plans ou dessins techniques, cahiers de laboratoires, photographies, brevets\u2026 ont \u00e9t\u00e9 scann\u00e9s. Enfin, une quarantaine d\u2019interviews d\u2019acteurs de la recherche ont \u00e9t\u00e9 collect\u00e9es, inventori\u00e9es et valoris\u00e9es pour certaines.<\/p>\n<p>Le but de l\u2019inventaire est d&rsquo;\u00e9viter que des instruments scientifiques ne soient jet\u00e9s mais aussi que les savoir-faire associ\u00e9s \u00e0 la recherche ne soient perdus.<\/p>\n<h6><a name=\"_Toc14536167\"><\/a><a name=\"_Toc13576459\"><\/a>A.1. Les crit\u00e8res<\/h6>\n<p>Il s\u2019agit d&rsquo;identifier et d&rsquo;inventorier dans une base de donn\u00e9es sp\u00e9cifiquement d\u00e9velopp\u00e9e par la cellule nationale PATSTEC, les instruments, pour la plupart obsol\u00e8tes, des laboratoires. Ils doivent r\u00e9pondre \u00e0 certains crit\u00e8res\u00a0: \u00eatre les t\u00e9moins de l&rsquo;\u00e9volution des pratiques de recherche dans un domaine, d&rsquo;une activit\u00e9 plus ou moins r\u00e9cente, d&rsquo;une rupture ou d&rsquo;une \u00e9volution scientifique, \u00eatre utiles d\u2019un point de vue p\u00e9dagogique, rares ou enfin t\u00e9moins de l&rsquo;activit\u00e9 d&rsquo;une personnalit\u00e9.<\/p>\n<p>La s\u00e9lection concerne les outils, machines, mod\u00e8les r\u00e9duits, prototypes, ensemble de collections techniques, grandes installations, bases de donn\u00e9es, plans, dessins techniques, photographies, cahiers de laboratoire, brevets, logiciels ou encore dispositifs p\u00e9dagogiques.<\/p>\n<h6><a name=\"_Toc14536168\"><\/a><a name=\"_Toc13576460\"><\/a>A.2. La campagne<\/h6>\n<p>Apr\u00e8s une premi\u00e8re rencontre sur site, il s\u2019agit de mettre en place une m\u00e9thodologie de sauvegarde, de conservation et de valorisation avec les responsables des \u00e9tablissements, et de s\u2019adapter \u00e0 leurs contraintes. Le travail d\u2019inventaire commence alors par une \u00ab\u00a0campagne photo\u00a0\u00bb permettant d\u2019identifier, de photographier, d\u2019\u00e9tiqueter (attribution d\u2019un num\u00e9ro d&rsquo;inventaire, voire d\u2019une \u00e9tiquette \u00ab\u00a0NE PAS JETER\u00a0\u00bb), d\u2019observer et de noter les sp\u00e9cificit\u00e9s (plaques constructeurs, mat\u00e9riaux\u2026).<\/p>\n<h6><a name=\"_Toc14536169\"><\/a><a name=\"_Toc13576461\"><\/a>A.3. La base de donn\u00e9es<\/h6>\n<p>L\u2019alimentation de la base de donn\u00e9es web PATSTEC, consiste \u00e0 cr\u00e9er principalement des <em>fiches instruments <\/em>de la table \u00ab\u00a0inventaires\u00a0\u00bb et \u00e0 les compl\u00e9ter. 58 champs, avec ou sans listes d\u2019autorit\u00e9s, organis\u00e9s en cinq onglets \u00ab\u00a0identification\u00a0\u00bb, \u00ab\u00a0description\u00a0\u00bb, \u00ab\u00a0localisation\u00a0\u00bb, \u00ab\u00a0lien\u00a0\u00bb et \u00ab\u00a0journal\u00a0\u00bb, permettent ainsi de renseigner l\u2019objet sauvegard\u00e9. La validation de ces fiches est r\u00e9alis\u00e9e par le correspondant collection scientifique identifi\u00e9 au sein de l\u2019entit\u00e9 visit\u00e9e. Trois autres tables compl\u00e8tent les informations :\u00a0\u00ab\u00a0personnes\u00a0\u00bb, \u00ab\u00a0organismes\u00a0\u00bb et \u00ab\u00a0m\u00e9dias\u00a0\u00bb.<\/p>\n<h6><a name=\"_Toc14536170\"><\/a>A.4. La r\u00e9colte de t\u00e9moignages<\/h6>\n<p>Le patrimoine immat\u00e9riel est quant \u00e0 lui enrichi par des d\u2019interviews d\u2019acteurs de la recherche racontant leur m\u00e9tier, leur passion, leur sujet de recherche ou encore leur parcours comme dans le film r\u00e9alis\u00e9 en 2014 sur l\u2019histoire de l\u2019ultrafiltration par fibres creuses et l\u2019aventure humaine li\u00e9e au d\u00e9veloppement d\u2019une recherche, d\u2019un proc\u00e9d\u00e9 et de son industrialisation\u00a0: <a href=\"https:\/\/www.dailymotion.com\/video\/x22a661\">\u00ab\u00a0L\u2019ultrafiltration de l\u2019eau par fibres creuses \u2013 Une aventure toulousaine\u00a0\u00bb<\/a><\/p>\n<p>&nbsp;<\/p>\n<h4><span style=\"color: #ff9900\"><a style=\"color: #ff9900\" name=\"_Toc14536171\"><\/a>B.\u00a0\u00a0\u00a0\u00a0 LA CONSERVATION<\/span><\/h4>\n<p>Depuis juillet 2013, la mission PATSTEC MiP dispose de 240m<sup>2<\/sup> d\u2019espace de stockage sur le campus de Rangueil. L\u2019entr\u00e9e des instruments dans les r\u00e9serves n\u2019est pas r\u00e9gie par une politique d\u2019acquisition. Les r\u00e9serves pallient aux imp\u00e9ratifs et sont \u00e0 la disposition des laboratoires en cas d\u2019impossibilit\u00e9 pour eux de conserver <em>in situ<\/em> leur patrimoine instrumental. Une gestion raisonn\u00e9e des r\u00e9serves a \u00e9t\u00e9 mise en place <em>via<\/em> un classement des objets et une organisation des rayonnages (labo\/\u00e9tag\u00e8re\/n\u00b0 r\u00e9serve), des modalit\u00e9s d\u2019acc\u00e8s et le suivi du taux d\u2019humidit\u00e9 et de la temp\u00e9rature par capteur. Parmi les 4 salles de cet espace, une salle est d\u00e9di\u00e9e \u00e0 l\u2019\u00e9tude, la manipulation ou la restauration des fonds. Ainsi, cette gestion tend vers les m\u00e9thodes mus\u00e9ales et ne constitue pas un lieu de simple stockage. Environ 200 instruments sont actuellement en d\u00e9p\u00f4t.<\/p>\n<p>&nbsp;<\/p>\n<h4><span style=\"color: #ff9900\"><a style=\"color: #ff9900\" name=\"_Toc14536172\"><\/a>C.\u00a0\u00a0\u00a0\u00a0 LA FORMATION ET LA RECHERCHE<\/span><\/h4>\n<p>Int\u00e9gr\u00e9e au sein de l\u2019Universit\u00e9 F\u00e9d\u00e9rale Toulouse Midi-Pyr\u00e9n\u00e9es, la mission s\u2019implique \u00e9galement dans des modules de formation et des programmes de recherche orient\u00e9s patrimoine.<\/p>\n<p>En 10 ans d\u2019existence, la mission PATSTEC MiP a propos\u00e9 et particip\u00e9 \u00e0 des modules de formation pour les \u00e9tudiants, les doctorants, les enseignants-chercheurs et BIATOSS\u00a0; dans le but de sensibiliser la totalit\u00e9 de la communaut\u00e9 universitaire, d\u2019enrichir le r\u00e9seau de correspondants Patrimoine et de limiter les \u00ab actes de vandalisme \u00bb. Elle intervient notamment aupr\u00e8s des \u00e9tudiants du Master \u00ab\u00a0culture et communication\u00a0\u00bb, parcours \u00ab\u00a0m\u00e9diations scientifiques techniques et patrimoniales\u00a0\u00bb de l\u2019Universit\u00e9 Toulouse Jean Jaur\u00e8s.<\/p>\n<p>La mission a \u00e9galement mis en place une s\u00e9rie d\u2018ateliers professionnels \u00e0 destination des universitaires, visant \u00e0 am\u00e9liorer les pratiques de conservation des patrimoines universitaires. Ce projet est men\u00e9 en partenariat avec le service commun d\u2019\u00e9tude et de conservation des collections patrimoniales de l\u2019Universit\u00e9 Toulouse III &#8211; Paul Sabatier, l\u2019Unit\u00e9 R\u00e9gionale de Formation \u00e0 l&rsquo;Information Scientifique et Technique &#8211; URFIST, la DRAC Occitanie et la Direction de la Culture Scientifique et du Patrimoine Historique de l\u2019Universit\u00e9 de Montpellier. Cinq ateliers professionnels ont \u00e9t\u00e9 programm\u00e9s entre 2017 et 2019 et la r\u00e9alisation d\u2019un guide de bonnes pratiques est en cours de r\u00e9daction.<\/p>\n<p>Par ailleurs, plusieurs partenariats avec des laboratoires ont \u00e9t\u00e9 d\u00e9velopp\u00e9s \u00e0 des fins de recherche scientifique\u00a0:<\/p>\n<ul>\n<li>Le patrimoine immat\u00e9riel, avec le Laboratoire Interdisciplinaire Solidarit\u00e9s, Soci\u00e9t\u00e9s, Territoires LISST-CAS de l\u2019Universit\u00e9 Toulouse Jean Jaur\u00e8s, dans le cadre du <a href=\"https:\/\/sms.hypotheses.org\/1478\">programme \u00ab\u00a0Patrimoine immat\u00e9riel du Toulouse scientifique contemporain &#8211; PATOUS\u00a0\u00bb<\/a> et du <a href=\"https:\/\/visa.hypotheses.org\/\">programme ANR La vie savante \u2013 VISA<\/a>.<\/li>\n<li>Le patrimoine mat\u00e9riel, avec le Laboratoire d&rsquo;\u00c9tudes et de Recherches Appliqu\u00e9es en Sciences Sociales &#8211; LERASS de l\u2019Universit\u00e9 Toulouse III \u2013 Paul Sabatier, dans le cadre du <a href=\"https:\/\/pastel.hypotheses.org\/le-projet-ecrito\">projet ECRITO<\/a> sur les \u00e9critures ordinaires de la recherche et du <a href=\"https:\/\/pastel.hypotheses.org\/category\/le-programme-pastel\">programme \u00ab\u00a0Patrimoine scientifique toulousain et environnement local \u2013 PASTEL\u00a0\u00bb.<\/a><\/li>\n<\/ul>\n<p><strong>\u00a0<\/strong><\/p>\n<h4><span style=\"color: #ff9900\"><a style=\"color: #ff9900\" name=\"_Toc14536173\"><\/a>D.\u00a0\u00a0\u00a0 LA VALORISATION<br \/>\n<\/span><\/h4>\n<p>Afin de faire connaitre le patrimoine scientifique et technique, sensibiliser \u00e0 la production des sciences et aux m\u00e9tiers de la recherche, la mission PATSTEC MiP produit, coordonne, r\u00e9alise diff\u00e9rents outils de m\u00e9diation. Ils peuvent \u00eatre sous forme mus\u00e9ographi\u00e9e avec des expositions itin\u00e9rantes, ou sous forme papier pour les supports p\u00e9dagogiques comme les \u00ab\u00a0jeux de 7 familles patrimoine\u00a0\u00bb. L\u2019audiovisuel et le web sont des vecteurs de diffusion incontournables pour un rayonnement \u00e0 l\u2019international\u00a0: chroniques radio, billets \u00ab\u00a0h\u00e9ritage\u00a0\u00bb sur le site <a href=\"https:\/\/exploreur.univ-toulouse.fr\">Exploreur<\/a>, jeu OSNIs sur les r\u00e9seaux sociaux\u2026 en sont des exemples.<\/p>\n<p>Elle participe r\u00e9guli\u00e8rement aux diff\u00e9rents rendez-vous de Culture scientifique comme la \u00ab\u00a0Nuit europ\u00e9enne des Chercheurs\u00a0\u00bb,\u00a0\u00ab\u00a0Scientilivre\u00a0\u00bb, les \u00ab\u00a0Journ\u00e9es europ\u00e9ennes du Patrimoine\u00a0\u00bb, la \u00ab\u00a0F\u00eate de la Science\u00a0\u00bb \u2026 sous forme de stands th\u00e9matiques, d\u2019expositions ou de <a href=\"https:\/\/www.univ-toulouse.fr\/curieuses-visites-curieuses\">visites<\/a> th\u00e9\u00e2tralis\u00e9es.<\/p>\n<p>&nbsp;<\/p>\n<p>&nbsp;<\/p>\n","protected":false},"excerpt":{"rendered":"<p>Tout d&rsquo;abord confi\u00e9e au GIP R\u00e9seau universitaire Toulouse Midi-Pyr\u00e9n\u00e9es &#8211; RUTMP en 2004, la mission PATSTEC MiP est int\u00e9gr\u00e9e en 2008 \u00e0 l&rsquo;Universit\u00e9 de Toulouse &#8211; P\u00f4le de Recherche et d&rsquo;Enseignement Sup\u00e9rieur. Depuis le 1er janvier 2010, cette sauvegarde constitue une des priorit\u00e9s du Service de Diffusion de la Culture des Sciences et des Techniques, &hellip; <a href=\"https:\/\/blogs.univ-jfc.fr\/universitas\/patstec-en-region-midi-pyrenees\/\" class=\"more-link\">Continuer la lecture de <span class=\"screen-reader-text\">PATSTEC EN R\u00c9GION MIDI-PYR\u00c9N\u00c9ES<\/span> <span class=\"meta-nav\">&rarr;<\/span><\/a><\/p>\n","protected":false},"author":19,"featured_media":0,"parent":0,"menu_order":0,"comment_status":"closed","ping_status":"closed","template":"","meta":[],"_links":{"self":[{"href":"https:\/\/blogs.univ-jfc.fr\/universitas\/wp-json\/wp\/v2\/pages\/1882"}],"collection":[{"href":"https:\/\/blogs.univ-jfc.fr\/universitas\/wp-json\/wp\/v2\/pages"}],"about":[{"href":"https:\/\/blogs.univ-jfc.fr\/universitas\/wp-json\/wp\/v2\/types\/page"}],"author":[{"embeddable":true,"href":"https:\/\/blogs.univ-jfc.fr\/universitas\/wp-json\/wp\/v2\/users\/19"}],"replies":[{"embeddable":true,"href":"https:\/\/blogs.univ-jfc.fr\/universitas\/wp-json\/wp\/v2\/comments?post=1882"}],"version-history":[{"count":1,"href":"https:\/\/blogs.univ-jfc.fr\/universitas\/wp-json\/wp\/v2\/pages\/1882\/revisions"}],"predecessor-version":[{"id":1884,"href":"https:\/\/blogs.univ-jfc.fr\/universitas\/wp-json\/wp\/v2\/pages\/1882\/revisions\/1884"}],"wp:attachment":[{"href":"https:\/\/blogs.univ-jfc.fr\/universitas\/wp-json\/wp\/v2\/media?parent=1882"}],"curies":[{"name":"wp","href":"https:\/\/api.w.org\/{rel}","templated":true}]}}