{"id":1936,"date":"2019-09-24T17:49:08","date_gmt":"2019-09-24T15:49:08","guid":{"rendered":"http:\/\/blogs.univ-jfc.fr\/universitas\/?page_id=1936"},"modified":"2019-09-24T17:49:08","modified_gmt":"2019-09-24T15:49:08","slug":"etudiants-toulousains-du-moyen-age-a-la-revolution-14-au-30-octobre-2019","status":"publish","type":"page","link":"https:\/\/blogs.univ-jfc.fr\/universitas\/manifestations-scientifiques\/2019-2\/etudiants-toulousains-du-moyen-age-a-la-revolution-14-au-30-octobre-2019\/","title":{"rendered":"\u00c9tudiants toulousains du Moyen-Age \u00e0 la R\u00e9volution (14 au 30 octobre 2019)"},"content":{"rendered":"<p>Une petite exposition \u00e0 la BU de l&rsquo;Arsenal se tiendra du 14 au 30 octobre : \u00ab\u00a0\u00c9tudiants toulousains du Moyen-Age \u00e0 la R\u00e9volution\u00a0\u00bb : pr\u00e9sentation de documents originaux exceptionnellement sortis des r\u00e9serves\u00a0 sur le th\u00e8me de la vie \u00e9tudiante \u00e0 Toulouse avant la R\u00e9volution.<br \/>\nIl y sera question de cours, d&rsquo;examens, de dipl\u00f4mes, mais aussi de participation des \u00e9tudiants aux instances universitaires, d&rsquo;associations, de r\u00e9voltes et de quelques \u00e9tudiants c\u00e9l\u00e8bres&#8230;<br \/>\nExposition organis\u00e9e par le SICD &#8211; Universit\u00e9 f\u00e9d\u00e9rale Toulouse Midi Pyr\u00e9n\u00e9es avec le concours du SCD de Toulouse 1 Capitole<\/p>\n","protected":false},"excerpt":{"rendered":"<p>Une petite exposition \u00e0 la BU de l&rsquo;Arsenal se tiendra du 14 au 30 octobre : \u00ab\u00a0\u00c9tudiants toulousains du Moyen-Age \u00e0 la R\u00e9volution\u00a0\u00bb : pr\u00e9sentation de documents originaux exceptionnellement sortis des r\u00e9serves\u00a0 sur le th\u00e8me de la vie \u00e9tudiante \u00e0 Toulouse avant la R\u00e9volution. Il y sera question de cours, d&rsquo;examens, de dipl\u00f4mes, mais aussi &hellip; <a href=\"https:\/\/blogs.univ-jfc.fr\/universitas\/manifestations-scientifiques\/2019-2\/etudiants-toulousains-du-moyen-age-a-la-revolution-14-au-30-octobre-2019\/\" class=\"more-link\">Continuer la lecture de <span class=\"screen-reader-text\">\u00c9tudiants toulousains du Moyen-Age \u00e0 la R\u00e9volution (14 au 30 octobre 2019)<\/span> <span class=\"meta-nav\">&rarr;<\/span><\/a><\/p>\n","protected":false},"author":19,"featured_media":0,"parent":791,"menu_order":1,"comment_status":"closed","ping_status":"closed","template":"","meta":[],"_links":{"self":[{"href":"https:\/\/blogs.univ-jfc.fr\/universitas\/wp-json\/wp\/v2\/pages\/1936"}],"collection":[{"href":"https:\/\/blogs.univ-jfc.fr\/universitas\/wp-json\/wp\/v2\/pages"}],"about":[{"href":"https:\/\/blogs.univ-jfc.fr\/universitas\/wp-json\/wp\/v2\/types\/page"}],"author":[{"embeddable":true,"href":"https:\/\/blogs.univ-jfc.fr\/universitas\/wp-json\/wp\/v2\/users\/19"}],"replies":[{"embeddable":true,"href":"https:\/\/blogs.univ-jfc.fr\/universitas\/wp-json\/wp\/v2\/comments?post=1936"}],"version-history":[{"count":1,"href":"https:\/\/blogs.univ-jfc.fr\/universitas\/wp-json\/wp\/v2\/pages\/1936\/revisions"}],"predecessor-version":[{"id":1937,"href":"https:\/\/blogs.univ-jfc.fr\/universitas\/wp-json\/wp\/v2\/pages\/1936\/revisions\/1937"}],"up":[{"embeddable":true,"href":"https:\/\/blogs.univ-jfc.fr\/universitas\/wp-json\/wp\/v2\/pages\/791"}],"wp:attachment":[{"href":"https:\/\/blogs.univ-jfc.fr\/universitas\/wp-json\/wp\/v2\/media?parent=1936"}],"curies":[{"name":"wp","href":"https:\/\/api.w.org\/{rel}","templated":true}]}}