{"id":198,"date":"2019-02-08T14:27:56","date_gmt":"2019-02-08T13:27:56","guid":{"rendered":"http:\/\/blogs.univ-jfc.fr\/universitas\/?page_id=198"},"modified":"2019-04-12T10:57:34","modified_gmt":"2019-04-12T08:57:34","slug":"mouranche-marielle","status":"publish","type":"page","link":"https:\/\/blogs.univ-jfc.fr\/universitas\/chercheur-es\/mouranche-marielle\/","title":{"rendered":"MOURANCHE, Marielle"},"content":{"rendered":"<p>Conservatrice des biblioth\u00e8ques, Responsable du service patrimoine \u00e9crit<br \/>\nSICD Universit\u00e9 f\u00e9d\u00e9rale Toulouse Midi-Pyr\u00e9n\u00e9es<\/p>\n<div class=\"element_deco motif\">\n<div class=\"motif__contenu\">\n<dl class=\"type_1\">\n<dt><\/dt>\n<dt>Courriel : <a>Marielle.Mouranche@univ-toulouse.fr<\/a><\/dt>\n<\/dl>\n<\/div>\n<\/div>\n<div class=\"element_deco motif\"><\/div>\n<div class=\"element_deco motif\"><strong>Carnet de recherches<\/strong> : BLOG\u00a0 <a href=\"https:\/\/estampilles.hypotheses.org\/\">Estampilles et pontuseaux<\/a><\/div>\n<p>&nbsp;<\/p>\n<p><strong>Publications<\/strong><\/p>\n<div class=\"a-section a-spacing-none\">\n<p id=\"title\" class=\"a-size-large a-spacing-none\"><span id=\"productTitle\" class=\"a-size-large\"><em>Et Toulouse pour apprendre : Sept si\u00e8cles d&rsquo;histoire de l&rsquo;universit\u00e9 de Toulouse (1229-1969)<\/em>, Toulouse, PUM, <\/span><span class=\"a-size-medium a-color-secondary a-text-normal\"> 2010. (Catalogue d&rsquo;exposition)<br \/>\n<\/span><\/p>\n<p class=\"a-size-large a-spacing-none\"><img loading=\"lazy\" class=\"size-medium wp-image-287 aligncenter\" src=\"http:\/\/blogs.univ-jfc.fr\/universitas\/wp-content\/uploads\/sites\/73\/2019\/02\/51hd9iY3S8L._SX329_BO1204203200_-199x300.jpg\" alt=\"\" width=\"199\" height=\"300\" srcset=\"https:\/\/blogs.univ-jfc.fr\/universitas\/wp-content\/uploads\/sites\/73\/2019\/02\/51hd9iY3S8L._SX329_BO1204203200_-199x300.jpg 199w, https:\/\/blogs.univ-jfc.fr\/universitas\/wp-content\/uploads\/sites\/73\/2019\/02\/51hd9iY3S8L._SX329_BO1204203200_.jpg 331w\" sizes=\"(max-width: 199px) 100vw, 199px\" \/><\/p>\n<\/div>\n<p class=\"a-size-large a-spacing-none\">MOURANCHE, Marielle,\u00a0 \u00ab\u00a0Quelques pistes pour une hsitoire de la Biblioth\u00e8que universitaire de droit \u00e0 Toulouse au XIXe si\u00e8cle\u00a0\u00bb dans Philippe N\u00e9lidoff (dir.), \u00ab\u00a0Les facult\u00e9s de droit de province au XIXe si\u00e8cle. Bilan et perspective de la recherche\u00a0\u00bb, Etudes d&rsquo;histoire du droit et des id\u00e9es politiques, Toulouse, Presses universitaires de Toulouse 1, n\u00b0 13\/2009, p. 187-200.<\/p>\n<p class=\"a-size-large a-spacing-none\"><em>Histoire et richesses de la biblioth\u00e8que de th\u00e9ologie protestante de Montauban<\/em> [exposition, Toulouse, SCD de Toulouse 1, Biblioth\u00e8que universitaire de l&rsquo;Arsenal, 2-31 octobre 2007, Montpellier, Facult\u00e9 de th\u00e9ologie protestante, 7 novembre-15 d\u00e9cembre 2007]. Toulouse : Service inter\u00e9tablissement de coop\u00e9ration documentaire de Toulouse , 2007.<\/p>\n","protected":false},"excerpt":{"rendered":"<p>Conservatrice des biblioth\u00e8ques, Responsable du service patrimoine \u00e9crit SICD Universit\u00e9 f\u00e9d\u00e9rale Toulouse Midi-Pyr\u00e9n\u00e9es Courriel : Marielle.Mouranche@univ-toulouse.fr Carnet de recherches : BLOG\u00a0 Estampilles et pontuseaux &nbsp; Publications Et Toulouse pour apprendre : Sept si\u00e8cles d&rsquo;histoire de l&rsquo;universit\u00e9 de Toulouse (1229-1969), Toulouse, PUM, 2010. (Catalogue d&rsquo;exposition) MOURANCHE, Marielle,\u00a0 \u00ab\u00a0Quelques pistes pour une hsitoire de la Biblioth\u00e8que universitaire &hellip; <a href=\"https:\/\/blogs.univ-jfc.fr\/universitas\/chercheur-es\/mouranche-marielle\/\" class=\"more-link\">Continuer la lecture de <span class=\"screen-reader-text\">MOURANCHE, Marielle<\/span> <span class=\"meta-nav\">&rarr;<\/span><\/a><\/p>\n","protected":false},"author":19,"featured_media":0,"parent":20,"menu_order":6,"comment_status":"closed","ping_status":"closed","template":"","meta":[],"_links":{"self":[{"href":"https:\/\/blogs.univ-jfc.fr\/universitas\/wp-json\/wp\/v2\/pages\/198"}],"collection":[{"href":"https:\/\/blogs.univ-jfc.fr\/universitas\/wp-json\/wp\/v2\/pages"}],"about":[{"href":"https:\/\/blogs.univ-jfc.fr\/universitas\/wp-json\/wp\/v2\/types\/page"}],"author":[{"embeddable":true,"href":"https:\/\/blogs.univ-jfc.fr\/universitas\/wp-json\/wp\/v2\/users\/19"}],"replies":[{"embeddable":true,"href":"https:\/\/blogs.univ-jfc.fr\/universitas\/wp-json\/wp\/v2\/comments?post=198"}],"version-history":[{"count":9,"href":"https:\/\/blogs.univ-jfc.fr\/universitas\/wp-json\/wp\/v2\/pages\/198\/revisions"}],"predecessor-version":[{"id":1747,"href":"https:\/\/blogs.univ-jfc.fr\/universitas\/wp-json\/wp\/v2\/pages\/198\/revisions\/1747"}],"up":[{"embeddable":true,"href":"https:\/\/blogs.univ-jfc.fr\/universitas\/wp-json\/wp\/v2\/pages\/20"}],"wp:attachment":[{"href":"https:\/\/blogs.univ-jfc.fr\/universitas\/wp-json\/wp\/v2\/media?parent=198"}],"curies":[{"name":"wp","href":"https:\/\/api.w.org\/{rel}","templated":true}]}}