{"id":2026,"date":"2020-11-19T09:03:32","date_gmt":"2020-11-19T08:03:32","guid":{"rendered":"http:\/\/blogs.univ-jfc.fr\/universitas\/?page_id=2026"},"modified":"2020-12-31T08:30:42","modified_gmt":"2020-12-31T07:30:42","slug":"webinaire-histoire-de-toulouse-17-novembre-2020-histoire-de-luniversite-de-toulouse","status":"publish","type":"page","link":"https:\/\/blogs.univ-jfc.fr\/universitas\/manifestations-scientifiques\/2020-2\/webinaire-histoire-de-toulouse-17-novembre-2020-histoire-de-luniversite-de-toulouse\/","title":{"rendered":"17 novembre 2020 &#8211; Histoire de l&rsquo;universit\u00e9 de Toulouse PODCAST"},"content":{"rendered":"<p>Le s\u00e9minaire Histoire de Toulouse du 17 novembre 2020 est consacr\u00e9 \u00e0 la pr\u00e9sentation des trois volumes de l&rsquo;Histoire de l&rsquo;Universit\u00e9 de Toulouse.<\/p>\n<p>Programme :<\/p>\n<h3><a href=\"https:\/\/www.youtube.com\/watch?v=EDSg-Xu_wpg&amp;ab_channel=Framespa\" target=\"_blank\" rel=\"noopener noreferrer\">\u00c9COUTER LE PODCAST<\/a><\/h3>\n<p><strong>Jacques Verger : L\u2019Universit\u00e9 de Toulouse au Moyen Age. Un mod\u00e8le original ?<\/strong><\/p>\n<p><strong>Patrick Fert\u00e9 : Toulouse cosmopolite : professeurs et \u00e9tudiants \u00e9trangers \u00e0 l\u2019Universit\u00e9 de Toulouse (XVI<sup>e<\/sup>-XVIII<sup>e<\/sup>).<\/strong><\/p>\n<p><strong>Caroline Barrera : De l\u2019Universit\u00e9 imp\u00e9riale \u00e0 l\u2019Universit\u00e9 f\u00e9d\u00e9rale. Qu\u2019est-ce que l\u2019Universit\u00e9 de Toulouse (XIX<sup>e<\/sup>-XXI<sup>e<\/sup>) ?<\/strong><\/p>\n<p>&nbsp;<\/p>\n<div><span style=\"font-size: medium\">Vous pouvez en avoir un premier aper\u00e7u (avec la table des mati\u00e8res)\u00a0 ici :<br \/>\n<\/span><\/div>\n<div><span style=\"font-size: medium\"><br \/>\n<\/span><\/p>\n<div>\n<div><span style=\"font-size: medium\"><a href=\"https:\/\/fr.calameo.com\/read\/00578905151528e991385\">Volume 1 &#8211; Moyen Age ( Jacques Verger et Patrice Foissac)<\/a><\/span><\/div>\n<div><span style=\"font-size: medium\">\u00a0<\/span><\/div>\n<div><span style=\"font-size: medium\"><a href=\"https:\/\/fr.calameo.com\/read\/00578905188aa47229f42\">Volume 2 &#8211; P\u00e9riode moderne (Patrick Fert\u00e9)<br \/>\n<\/a><\/span><\/div>\n<div><span style=\"font-size: medium\"><a href=\"https:\/\/fr.calameo.com\/read\/00578905188aa47229f42\">Volume 3 &#8211; P\u00e9riode contemporaine (Caroline Barrera, dir.)<\/a><br \/>\n<\/span><\/div>\n<div><span style=\"font-size: medium\">\u00a0<\/span><\/div>\n<div><\/div>\n<\/div>\n<div><span style=\"font-size: medium\">Et les acqu\u00e9rir sur le site de l&rsquo;\u00e9diteur : <a href=\"https:\/\/www.edimip.com\/catalogue\/ouvrages\/essais\/histoire-de-luniversite-de-toulouse-le-moyen-age-xiiie-xve-siecle\/\">Volume 1<\/a> \/ <a href=\"https:\/\/www.edimip.com\/catalogue\/ouvrages\/essais\/histoire-de-luniversite-de-toulouse-vol-2-lepoque-moderne-xvie-xviiie-siecle\/\">Volume 2<\/a> \/<a href=\"https:\/\/www.edimip.com\/catalogue\/ouvrages\/essais\/histoire-de-luniversite-de-toulouse-vol-3-lepoque-contemporaine-xixe-xxie-siecle\/\"> Volume 3<\/a><\/span><\/div>\n<\/div>\n","protected":false},"excerpt":{"rendered":"<p>Le s\u00e9minaire Histoire de Toulouse du 17 novembre 2020 est consacr\u00e9 \u00e0 la pr\u00e9sentation des trois volumes de l&rsquo;Histoire de l&rsquo;Universit\u00e9 de Toulouse. Programme : \u00c9COUTER LE PODCAST Jacques Verger : L\u2019Universit\u00e9 de Toulouse au Moyen Age. Un mod\u00e8le original ? Patrick Fert\u00e9 : Toulouse cosmopolite : professeurs et \u00e9tudiants \u00e9trangers \u00e0 l\u2019Universit\u00e9 de Toulouse &hellip; <a href=\"https:\/\/blogs.univ-jfc.fr\/universitas\/manifestations-scientifiques\/2020-2\/webinaire-histoire-de-toulouse-17-novembre-2020-histoire-de-luniversite-de-toulouse\/\" class=\"more-link\">Continuer la lecture de <span class=\"screen-reader-text\">17 novembre 2020 &#8211; Histoire de l&rsquo;universit\u00e9 de Toulouse PODCAST<\/span> <span class=\"meta-nav\">&rarr;<\/span><\/a><\/p>\n","protected":false},"author":19,"featured_media":0,"parent":2018,"menu_order":1,"comment_status":"closed","ping_status":"closed","template":"","meta":[],"_links":{"self":[{"href":"https:\/\/blogs.univ-jfc.fr\/universitas\/wp-json\/wp\/v2\/pages\/2026"}],"collection":[{"href":"https:\/\/blogs.univ-jfc.fr\/universitas\/wp-json\/wp\/v2\/pages"}],"about":[{"href":"https:\/\/blogs.univ-jfc.fr\/universitas\/wp-json\/wp\/v2\/types\/page"}],"author":[{"embeddable":true,"href":"https:\/\/blogs.univ-jfc.fr\/universitas\/wp-json\/wp\/v2\/users\/19"}],"replies":[{"embeddable":true,"href":"https:\/\/blogs.univ-jfc.fr\/universitas\/wp-json\/wp\/v2\/comments?post=2026"}],"version-history":[{"count":3,"href":"https:\/\/blogs.univ-jfc.fr\/universitas\/wp-json\/wp\/v2\/pages\/2026\/revisions"}],"predecessor-version":[{"id":2061,"href":"https:\/\/blogs.univ-jfc.fr\/universitas\/wp-json\/wp\/v2\/pages\/2026\/revisions\/2061"}],"up":[{"embeddable":true,"href":"https:\/\/blogs.univ-jfc.fr\/universitas\/wp-json\/wp\/v2\/pages\/2018"}],"wp:attachment":[{"href":"https:\/\/blogs.univ-jfc.fr\/universitas\/wp-json\/wp\/v2\/media?parent=2026"}],"curies":[{"name":"wp","href":"https:\/\/api.w.org\/{rel}","templated":true}]}}