{"id":2035,"date":"2020-11-20T10:15:54","date_gmt":"2020-11-20T09:15:54","guid":{"rendered":"http:\/\/blogs.univ-jfc.fr\/universitas\/?page_id=2035"},"modified":"2020-12-31T08:28:33","modified_gmt":"2020-12-31T07:28:33","slug":"nuit-europeenne-des-chercheurs-27-11-2020","status":"publish","type":"page","link":"https:\/\/blogs.univ-jfc.fr\/universitas\/manifestations-scientifiques\/2020-2\/nuit-europeenne-des-chercheurs-27-11-2020\/","title":{"rendered":"NUIT europ\u00e9enne des chercheurs (27.11.2020) PODCAST"},"content":{"rendered":"<p>&nbsp;<\/p>\n<h5>27 Novembre\u00a0 2020 \u2013\u00a0 <a href=\"https:\/\/www.univ-jfc.fr\/agenda\/nuit-europeenne-des-chercheures-2020-en-ligne\" target=\"_blank\" rel=\"noopener noreferrer\">Nuit europ\u00e9enne des chercheurs <\/a>: Mini conf curieuses (en ligne) \u2013 20h\/21h : <strong>20h20 \u2013 Institutions et catastrophes. L\u2019Universit\u00e9 dans la guerre du XXe<\/strong><strong> si\u00e8cle (C. Barrera).<\/strong><\/h5>\n<h3><strong><a href=\"https:\/\/media.univ-jfc.fr\/channelcatmedia\/8\/MEDIA201209111757739\" target=\"_blank\" rel=\"noopener noreferrer\">\u00c9COUTER LE PODCAST<\/a><\/strong><\/h3>\n","protected":false},"excerpt":{"rendered":"<p>&nbsp; 27 Novembre\u00a0 2020 \u2013\u00a0 Nuit europ\u00e9enne des chercheurs : Mini conf curieuses (en ligne) \u2013 20h\/21h : 20h20 \u2013 Institutions et catastrophes. L\u2019Universit\u00e9 dans la guerre du XXe si\u00e8cle (C. Barrera). \u00c9COUTER LE PODCAST<\/p>\n","protected":false},"author":19,"featured_media":0,"parent":2018,"menu_order":1,"comment_status":"closed","ping_status":"closed","template":"","meta":[],"_links":{"self":[{"href":"https:\/\/blogs.univ-jfc.fr\/universitas\/wp-json\/wp\/v2\/pages\/2035"}],"collection":[{"href":"https:\/\/blogs.univ-jfc.fr\/universitas\/wp-json\/wp\/v2\/pages"}],"about":[{"href":"https:\/\/blogs.univ-jfc.fr\/universitas\/wp-json\/wp\/v2\/types\/page"}],"author":[{"embeddable":true,"href":"https:\/\/blogs.univ-jfc.fr\/universitas\/wp-json\/wp\/v2\/users\/19"}],"replies":[{"embeddable":true,"href":"https:\/\/blogs.univ-jfc.fr\/universitas\/wp-json\/wp\/v2\/comments?post=2035"}],"version-history":[{"count":3,"href":"https:\/\/blogs.univ-jfc.fr\/universitas\/wp-json\/wp\/v2\/pages\/2035\/revisions"}],"predecessor-version":[{"id":2059,"href":"https:\/\/blogs.univ-jfc.fr\/universitas\/wp-json\/wp\/v2\/pages\/2035\/revisions\/2059"}],"up":[{"embeddable":true,"href":"https:\/\/blogs.univ-jfc.fr\/universitas\/wp-json\/wp\/v2\/pages\/2018"}],"wp:attachment":[{"href":"https:\/\/blogs.univ-jfc.fr\/universitas\/wp-json\/wp\/v2\/media?parent=2035"}],"curies":[{"name":"wp","href":"https:\/\/api.w.org\/{rel}","templated":true}]}}