{"id":2374,"date":"2021-09-14T08:34:43","date_gmt":"2021-09-14T06:34:43","guid":{"rendered":"http:\/\/blogs.univ-jfc.fr\/universitas\/?page_id=2374"},"modified":"2022-06-29T17:15:19","modified_gmt":"2022-06-29T15:15:19","slug":"semi-universitas-2022","status":"publish","type":"page","link":"https:\/\/blogs.univ-jfc.fr\/universitas\/semi-universitas-2022\/","title":{"rendered":"SEMI-UNIVERSITAS 2022"},"content":{"rendered":"\n<p>Un s\u00e9minaire sur l\u2019histoire de l\u2019universit\u00e9 de Toulouse est organis\u00e9 \u00e0 partir de 2021 par l\u2019atelier STUDIUM (Laboratoire Framespa\/INUC). Les s\u00e9ances se d\u00e9rouleront en pr\u00e9sentiel \u00e0 la Biblioth\u00e8que d\u2019\u00e9tudes m\u00e9ridionales (la \u00ab&nbsp;BEM&nbsp;\u00bb), 56 rue du Taur le vendredi de 14h \u00e0 17h, quatre fois dans l\u2019ann\u00e9e universitaire.<\/p>\n\n\n\n<p>Chaque intervention historique sera suivie par une prise de parole d\u2019un ou ou d\u2019une responsable de la m\u00eame th\u00e9matique, aujourd\u2019hui, sur les enjeux actuels et futurs de la question ou d\u2019un zoom sur ce qui se passe hors de Toulouse.<\/p>\n\n\n\n<p><strong>Son programme, pour 2021-2022, est le suivant :<\/strong><\/p>\n\n\n\n<ul><li>Vendredi 1er octobre 2021 14h-17h (BEM) : Histoire des biblioth\u00e8ques universitaires de Toulouse (Marielle Mouranche), suivi d\u2019une intervention de Catherine Roussy, directrice du SICD sur les enjeux actuels et futurs des BU toulousaines.<\/li><li>Vendredi 3 d\u00e9cembre 2021, 14h-17h (BEM) : Histoire de l\u2019Institut \u00e9lectrotechnique de Toulouse, fond\u00e9 en 1907, par Fran\u00e7ois Charru.<\/li><li>Vendredi 25 f\u00e9vrier 2022, 14h-17h (BEM) : Histoire des coll\u00e8ges universitaires toulousains au Moyen Age, par Patrice Foissac.<\/li><li>Vendredi 7 octobre 2022, 14h-17h (BEM) : Histoire des relations internationales de l\u2019universit\u00e9 de Toulouse\u00a0 (1808-1968), par Caroline Barrera<\/li><li>Vendredi 2 d\u00e9cembre 2022, 14h-17h (BEM) : Sophie Cassagnes.<\/li><\/ul>\n\n\n\n<p><\/p>\n","protected":false},"excerpt":{"rendered":"<p>Un s\u00e9minaire sur l\u2019histoire de l\u2019universit\u00e9 de Toulouse est organis\u00e9 \u00e0 partir de 2021 par l\u2019atelier STUDIUM (Laboratoire Framespa\/INUC). Les s\u00e9ances se d\u00e9rouleront en pr\u00e9sentiel \u00e0 la Biblioth\u00e8que d\u2019\u00e9tudes m\u00e9ridionales (la \u00ab&nbsp;BEM&nbsp;\u00bb), 56 rue du Taur le vendredi de 14h \u00e0 17h, quatre fois dans l\u2019ann\u00e9e universitaire. Chaque intervention historique sera suivie par une prise &hellip; <a href=\"https:\/\/blogs.univ-jfc.fr\/universitas\/semi-universitas-2022\/\" class=\"more-link\">Continuer la lecture de <span class=\"screen-reader-text\">SEMI-UNIVERSITAS 2022<\/span> <span class=\"meta-nav\">&rarr;<\/span><\/a><\/p>\n","protected":false},"author":19,"featured_media":0,"parent":0,"menu_order":0,"comment_status":"closed","ping_status":"closed","template":"","meta":[],"_links":{"self":[{"href":"https:\/\/blogs.univ-jfc.fr\/universitas\/wp-json\/wp\/v2\/pages\/2374"}],"collection":[{"href":"https:\/\/blogs.univ-jfc.fr\/universitas\/wp-json\/wp\/v2\/pages"}],"about":[{"href":"https:\/\/blogs.univ-jfc.fr\/universitas\/wp-json\/wp\/v2\/types\/page"}],"author":[{"embeddable":true,"href":"https:\/\/blogs.univ-jfc.fr\/universitas\/wp-json\/wp\/v2\/users\/19"}],"replies":[{"embeddable":true,"href":"https:\/\/blogs.univ-jfc.fr\/universitas\/wp-json\/wp\/v2\/comments?post=2374"}],"version-history":[{"count":4,"href":"https:\/\/blogs.univ-jfc.fr\/universitas\/wp-json\/wp\/v2\/pages\/2374\/revisions"}],"predecessor-version":[{"id":2423,"href":"https:\/\/blogs.univ-jfc.fr\/universitas\/wp-json\/wp\/v2\/pages\/2374\/revisions\/2423"}],"wp:attachment":[{"href":"https:\/\/blogs.univ-jfc.fr\/universitas\/wp-json\/wp\/v2\/media?parent=2374"}],"curies":[{"name":"wp","href":"https:\/\/api.w.org\/{rel}","templated":true}]}}