{"id":2665,"date":"2023-09-11T08:12:39","date_gmt":"2023-09-11T06:12:39","guid":{"rendered":"http:\/\/blogs.univ-jfc.fr\/universitas\/?page_id=2665"},"modified":"2023-09-11T08:19:59","modified_gmt":"2023-09-11T06:19:59","slug":"2023-2","status":"publish","type":"page","link":"https:\/\/blogs.univ-jfc.fr\/universitas\/2023-2\/","title":{"rendered":"2023"},"content":{"rendered":"\n<h4><strong>27 octobre 2023 \u2013 14h-16h30 \u2013 S\u00e9minaire UNIVERSITAS<\/strong> : Les femmes de la facult\u00e9 des sciences de Toulouse<\/h4>\n\n\n\n<p><strong>LIEU : Biblioth\u00e8que d\u2019\u00e9tudes m\u00e9ridionales, 56 rue du Taur, 31000 Toulouse \u2013 M\u00e9tro capitole<\/strong><\/p>\n\n\n\n<p><strong>Communications :<\/strong><\/p>\n\n\n\n<ul><li>Lila Coudi\u00e8re : Les premi\u00e8res \u00e9tudiantes en math\u00e9matiques de la facult\u00e9 de sciences de Toulouse<\/li><li>Emilie Teulier : Les \u00e9tudiantes \u00e9trang\u00e8res de l\u2019Institut agricole de Toulouse.<\/li><li>Caroline Barrera : Berthe Aggery.<\/li><\/ul>\n\n\n\n<p><\/p>\n\n\n\n<h4>7 avril 2023 \u2013 Les lieux universitaires ordinaires<\/h4>\n\n\n\n<p><em>Biblioth\u00e8que d\u2019\u00e9tudes m\u00e9ridionales, 56 rue du Taur, Toulouse. M\u00e9tro capitole<\/em><\/p>\n\n\n\n<p>S\u00e9minaire en pr\u00e9sentiel et en distanciel.<\/p>\n\n\n\n<figure class=\"wp-block-pullquote\"><blockquote><p><strong><a href=\"https:\/\/media.univ-jfc.fr\/videos\/MEDIA230615151841406\/multimedia\/MEDIA230615151841406.mp4\" data-type=\"URL\" data-id=\"https:\/\/media.univ-jfc.fr\/videos\/MEDIA230615151841406\/multimedia\/MEDIA230615151841406.mp4\" target=\"_blank\" rel=\"noreferrer noopener\">VID\u00c9O DU S\u00c9MINAIRE<\/a><\/strong><\/p><\/blockquote><\/figure>\n\n\n\n<div class=\"wp-block-image\"><figure class=\"aligncenter size-large is-resized\"><img loading=\"lazy\" src=\"https:\/\/blogs.univ-jfc.fr\/universitas\/wp-content\/uploads\/sites\/73\/2023\/09\/recto-barrera-Copie-724x1024.jpg\" alt=\"\" class=\"wp-image-2672\" width=\"438\" height=\"618\" srcset=\"https:\/\/blogs.univ-jfc.fr\/universitas\/wp-content\/uploads\/sites\/73\/2023\/09\/recto-barrera-Copie-724x1024.jpg 724w, https:\/\/blogs.univ-jfc.fr\/universitas\/wp-content\/uploads\/sites\/73\/2023\/09\/recto-barrera-Copie-212x300.jpg 212w, https:\/\/blogs.univ-jfc.fr\/universitas\/wp-content\/uploads\/sites\/73\/2023\/09\/recto-barrera-Copie-768x1086.jpg 768w\" sizes=\"(max-width: 438px) 100vw, 438px\" \/><\/figure><\/div>\n\n\n\n<div class=\"wp-block-image\"><figure class=\"aligncenter size-large is-resized\"><img loading=\"lazy\" src=\"https:\/\/blogs.univ-jfc.fr\/universitas\/wp-content\/uploads\/sites\/73\/2023\/09\/verso-barrera-Copie-697x1024.jpg\" alt=\"\" class=\"wp-image-2673\" width=\"435\" height=\"639\" srcset=\"https:\/\/blogs.univ-jfc.fr\/universitas\/wp-content\/uploads\/sites\/73\/2023\/09\/verso-barrera-Copie-697x1024.jpg 697w, https:\/\/blogs.univ-jfc.fr\/universitas\/wp-content\/uploads\/sites\/73\/2023\/09\/verso-barrera-Copie-204x300.jpg 204w, https:\/\/blogs.univ-jfc.fr\/universitas\/wp-content\/uploads\/sites\/73\/2023\/09\/verso-barrera-Copie-768x1128.jpg 768w, https:\/\/blogs.univ-jfc.fr\/universitas\/wp-content\/uploads\/sites\/73\/2023\/09\/verso-barrera-Copie.jpg 900w\" sizes=\"(max-width: 435px) 100vw, 435px\" \/><\/figure><\/div>\n","protected":false},"excerpt":{"rendered":"<p>27 octobre 2023 \u2013 14h-16h30 \u2013 S\u00e9minaire UNIVERSITAS : Les femmes de la facult\u00e9 des sciences de Toulouse LIEU : Biblioth\u00e8que d\u2019\u00e9tudes m\u00e9ridionales, 56 rue du Taur, 31000 Toulouse \u2013 M\u00e9tro capitole Communications : Lila Coudi\u00e8re : Les premi\u00e8res \u00e9tudiantes en math\u00e9matiques de la facult\u00e9 de sciences de Toulouse Emilie Teulier : Les \u00e9tudiantes \u00e9trang\u00e8res &hellip; <a href=\"https:\/\/blogs.univ-jfc.fr\/universitas\/2023-2\/\" class=\"more-link\">Continuer la lecture de <span class=\"screen-reader-text\">2023<\/span> <span class=\"meta-nav\">&rarr;<\/span><\/a><\/p>\n","protected":false},"author":19,"featured_media":0,"parent":0,"menu_order":0,"comment_status":"closed","ping_status":"closed","template":"","meta":[],"_links":{"self":[{"href":"https:\/\/blogs.univ-jfc.fr\/universitas\/wp-json\/wp\/v2\/pages\/2665"}],"collection":[{"href":"https:\/\/blogs.univ-jfc.fr\/universitas\/wp-json\/wp\/v2\/pages"}],"about":[{"href":"https:\/\/blogs.univ-jfc.fr\/universitas\/wp-json\/wp\/v2\/types\/page"}],"author":[{"embeddable":true,"href":"https:\/\/blogs.univ-jfc.fr\/universitas\/wp-json\/wp\/v2\/users\/19"}],"replies":[{"embeddable":true,"href":"https:\/\/blogs.univ-jfc.fr\/universitas\/wp-json\/wp\/v2\/comments?post=2665"}],"version-history":[{"count":4,"href":"https:\/\/blogs.univ-jfc.fr\/universitas\/wp-json\/wp\/v2\/pages\/2665\/revisions"}],"predecessor-version":[{"id":2676,"href":"https:\/\/blogs.univ-jfc.fr\/universitas\/wp-json\/wp\/v2\/pages\/2665\/revisions\/2676"}],"wp:attachment":[{"href":"https:\/\/blogs.univ-jfc.fr\/universitas\/wp-json\/wp\/v2\/media?parent=2665"}],"curies":[{"name":"wp","href":"https:\/\/api.w.org\/{rel}","templated":true}]}}