{"id":2967,"date":"2024-03-02T12:01:19","date_gmt":"2024-03-02T11:01:19","guid":{"rendered":"http:\/\/blogs.univ-jfc.fr\/universitas\/?page_id=2967"},"modified":"2024-04-10T08:15:23","modified_gmt":"2024-04-10T06:15:23","slug":"les-panneaux-de-laccueil","status":"publish","type":"page","link":"https:\/\/blogs.univ-jfc.fr\/universitas\/les-panneaux-de-laccueil\/","title":{"rendered":"Les panneaux de l&rsquo;accueil"},"content":{"rendered":"\n<h2><span class=\"has-inline-color has-light-orange-color\">L&rsquo;origine de la Cit\u00e9 internationale<\/span><\/h2>\n\n\n\n<figure class=\"wp-block-gallery columns-3 is-cropped\"><ul class=\"blocks-gallery-grid\"><li class=\"blocks-gallery-item\"><figure><img loading=\"lazy\" width=\"600\" height=\"399\" src=\"https:\/\/blogs.univ-jfc.fr\/universitas\/wp-content\/uploads\/sites\/73\/2024\/04\/xP21_DViet_UNI310_36P\u00a9-D.-Viet.jpg\" alt=\"\" data-id=\"3070\" data-link=\"https:\/\/blogs.univ-jfc.fr\/universitas\/les-panneaux-de-laccueil\/xp21_dviet_uni310_36p-d-viet\/\" class=\"wp-image-3070\" srcset=\"https:\/\/blogs.univ-jfc.fr\/universitas\/wp-content\/uploads\/sites\/73\/2024\/04\/xP21_DViet_UNI310_36P\u00a9-D.-Viet.jpg 600w, https:\/\/blogs.univ-jfc.fr\/universitas\/wp-content\/uploads\/sites\/73\/2024\/04\/xP21_DViet_UNI310_36P\u00a9-D.-Viet-300x200.jpg 300w\" sizes=\"(max-width: 600px) 100vw, 600px\" \/><figcaption class=\"blocks-gallery-item__caption\">Site Cit\u00e9 internationale en 2010 &#8211; D. Viet<\/figcaption><\/figure><\/li><li class=\"blocks-gallery-item\"><figure><img loading=\"lazy\" width=\"600\" height=\"387\" src=\"https:\/\/blogs.univ-jfc.fr\/universitas\/wp-content\/uploads\/sites\/73\/2024\/04\/xP21_GAIGNARD.jpg\" alt=\"\" data-id=\"3071\" data-link=\"https:\/\/blogs.univ-jfc.fr\/universitas\/les-panneaux-de-laccueil\/xp21_gaignard\/\" class=\"wp-image-3071\" srcset=\"https:\/\/blogs.univ-jfc.fr\/universitas\/wp-content\/uploads\/sites\/73\/2024\/04\/xP21_GAIGNARD.jpg 600w, https:\/\/blogs.univ-jfc.fr\/universitas\/wp-content\/uploads\/sites\/73\/2024\/04\/xP21_GAIGNARD-300x194.jpg 300w\" sizes=\"(max-width: 600px) 100vw, 600px\" \/><figcaption class=\"blocks-gallery-item__caption\">Romain Gaignard, 2015 &#8211; UT2J<\/figcaption><\/figure><\/li><li class=\"blocks-gallery-item\"><figure><img loading=\"lazy\" width=\"500\" height=\"412\" src=\"https:\/\/blogs.univ-jfc.fr\/universitas\/wp-content\/uploads\/sites\/73\/2024\/04\/P21_Photographie-de-Cesar-Juve-\u00a9-C.Cros-Ecole-Nationale-Superieure-dArchitecture-de-Toulouse-2.jpg\" alt=\"\" data-id=\"3072\" data-full-url=\"https:\/\/blogs.univ-jfc.fr\/universitas\/wp-content\/uploads\/sites\/73\/2024\/04\/P21_Photographie-de-Cesar-Juve-\u00a9-C.Cros-Ecole-Nationale-Superieure-dArchitecture-de-Toulouse-2.jpg\" data-link=\"https:\/\/blogs.univ-jfc.fr\/universitas\/les-panneaux-de-laccueil\/p21_photographie-de-cesar-juve-c-cros-ecole-nationale-superieure-darchitecture-de-toulouse-2\/\" class=\"wp-image-3072\" srcset=\"https:\/\/blogs.univ-jfc.fr\/universitas\/wp-content\/uploads\/sites\/73\/2024\/04\/P21_Photographie-de-Cesar-Juve-\u00a9-C.Cros-Ecole-Nationale-Superieure-dArchitecture-de-Toulouse-2.jpg 500w, https:\/\/blogs.univ-jfc.fr\/universitas\/wp-content\/uploads\/sites\/73\/2024\/04\/P21_Photographie-de-Cesar-Juve-\u00a9-C.Cros-Ecole-Nationale-Superieure-dArchitecture-de-Toulouse-2-300x247.jpg 300w\" sizes=\"(max-width: 500px) 100vw, 500px\" \/><figcaption class=\"blocks-gallery-item__caption\">C\u00e9sar Juv\u00e9 &#8211; ENS Architecture de Toulouse<\/figcaption><\/figure><\/li><\/ul><\/figure>\n\n\n\n<p>L\u2019origine de la Cit\u00e9 internationale est intimement li\u00e9e \u00e0 la volont\u00e9 de reconqu\u00eate du quartier des sciences historique de l\u2019Universit\u00e9 de Toulouse et au red\u00e9ploiement de son rayonnement international. Depuis la cr\u00e9ation officielle du P\u00f4le universitaire europ\u00e9en de Toulouse en 1995, pr\u00e9curseur du P\u00f4le de recherche et d\u2019enseignement sup\u00e9rieur (PRES) devenu Communaut\u00e9 d\u2019universit\u00e9s et d\u2019\u00e9tablissements (COMUE) en 2015, le milieu acad\u00e9mique toulousain a r\u00e9ussi \u00e0 allier mise en valeur de son patrimoine architectural et ambitions scientifiques par la cr\u00e9ation d\u2019une r\u00e9sidence-services r\u00e9serv\u00e9e \u00e0 ses invit\u00e9s internationaux ou non-toulousains. Ayant d\u2019abord d\u00e9fini les contours du P\u00f4le universitaire europ\u00e9en dont les premiers bureaux sont situ\u00e9s 39 all\u00e9es Jules Guesde, Romain Gaignard (1936-2021) met alors l\u2019accent sur l\u2019int\u00e9r\u00eat qu\u2019aurait la communaut\u00e9 universitaire \u00e0 \u00e9difier un lieu d\u2019accueil adapt\u00e9 \u00e0 ses collaborateurs \u00e9trangers. Ce projet est poursuivi par C\u00e9sar Juv\u00e9 (1941-2017), directeur du P\u00f4le universitaire europ\u00e9en de 1996 \u00e0 2001, puis port\u00e9 par les instances de gouvernance successives du PRES et de la COMUE dont le si\u00e8ge est au 41 all\u00e9es Jules Guesde. Cette id\u00e9e se transforme ainsi en une des ambitions phares du projet Toulouse Campus sign\u00e9 en 2009 entre l\u2019\u00c9tat et le PRES, dont l\u2019objectif vise \u00ab <em>\u00e0 remettre l\u2019universit\u00e9 au c\u0153ur de la ville \u2026 en particulier avec la cr\u00e9ation d\u2019un quartier des sciences au centre-ville, comportant le si\u00e8ge du PRES, point d\u2019entr\u00e9e unique et vitrine de l\u2019universit\u00e9 et une cit\u00e9 internationale des chercheurs. <\/em>\u00bb (Dossier Toulouse Campus, 3 novembre 2008, p. 19)<\/p>\n\n\n\n<p>En 2012, sous l\u2019impulsion de Marie-France Barthet alors pr\u00e9sidente du PRES, la Cit\u00e9 internationale prend r\u00e9ellement sens via la mise en place d\u2019un comit\u00e9 de pilotage qui, au fil des ans, valide les diff\u00e9rentes \u00e9tudes. En 2015, le conseil d\u2019administration de l\u2019Universit\u00e9 f\u00e9d\u00e9rale Toulouse Midi- Pyr\u00e9n\u00e9es (UFTMiP) approuve le dossier de demande d\u2019expertise envoy\u00e9 au Minist\u00e8re qui le valide par la suite.<\/p>\n\n\n\n<p>En 2017, le permis de d\u00e9molir est accord\u00e9 pour neuf des dix b\u00e2timents, avec conservation du b\u00e2timent historique du professeur Paul Sabatier. La m\u00eame ann\u00e9e voit le lancement de l\u2019appel \u00e0 projets aupr\u00e8s d\u2019op\u00e9rateurs priv\u00e9s qui aboutit \u00e0 la signature du trait\u00e9 de concession le 22 juillet 2019 entre Philippe Raimbault, pr\u00e9sident de l\u2019UFTMiP et Alain Carr\u00e9, pr\u00e9sident de la SA HLM La Cit\u00e9 Jardins, titulaire du groupement de concession. En mars 2020, le permis de construire est attribu\u00e9 et les travaux commencent l\u2019\u00e9t\u00e9 m\u00eame. La c\u00e9r\u00e9monie de la premi\u00e8re pierre se tient en novembre 2021.<\/p>\n\n\n\n<p>L\u2019ouverture de la r\u00e9sidence-services en janvier 2023 est l\u2019aboutissement de la volont\u00e9 de la communaut\u00e9 universitaire de voir r\u00e9alis\u00e9 \u00ab <em>un site central, visible et \u00ab innovant \u00bb au c\u0153ur de la ville, dans un b\u00e2timent embl\u00e9matique tant au niveau de sa qualit\u00e9 architecturale que de son emplacement\u2026 qui constitue une vitrine de l\u2019Universit\u00e9 de Toulouse au service de son rayonnement international <\/em>\u00bb (Dossier Toulouse Campus, 3 novembre 2008, p. 20)<\/p>\n\n\n\n<p class=\"has-text-align-right\"><strong><span class=\"has-inline-color has-light-orange-color\">Dominique Duport, V\u00e9ronique Pr\u00e9vost &amp; Christophe Sonnendr\u00fccker<\/span><\/strong><\/p>\n","protected":false},"excerpt":{"rendered":"<p>L&rsquo;origine de la Cit\u00e9 internationale L\u2019origine de la Cit\u00e9 internationale est intimement li\u00e9e \u00e0 la volont\u00e9 de reconqu\u00eate du quartier des sciences historique de l\u2019Universit\u00e9 de Toulouse et au red\u00e9ploiement de son rayonnement international. Depuis la cr\u00e9ation officielle du P\u00f4le universitaire europ\u00e9en de Toulouse en 1995, pr\u00e9curseur du P\u00f4le de recherche et d\u2019enseignement sup\u00e9rieur (PRES) &hellip; <a href=\"https:\/\/blogs.univ-jfc.fr\/universitas\/les-panneaux-de-laccueil\/\" class=\"more-link\">Continuer la lecture de <span class=\"screen-reader-text\">Les panneaux de l&rsquo;accueil<\/span> <span class=\"meta-nav\">&rarr;<\/span><\/a><\/p>\n","protected":false},"author":19,"featured_media":0,"parent":0,"menu_order":0,"comment_status":"closed","ping_status":"closed","template":"","meta":[],"_links":{"self":[{"href":"https:\/\/blogs.univ-jfc.fr\/universitas\/wp-json\/wp\/v2\/pages\/2967"}],"collection":[{"href":"https:\/\/blogs.univ-jfc.fr\/universitas\/wp-json\/wp\/v2\/pages"}],"about":[{"href":"https:\/\/blogs.univ-jfc.fr\/universitas\/wp-json\/wp\/v2\/types\/page"}],"author":[{"embeddable":true,"href":"https:\/\/blogs.univ-jfc.fr\/universitas\/wp-json\/wp\/v2\/users\/19"}],"replies":[{"embeddable":true,"href":"https:\/\/blogs.univ-jfc.fr\/universitas\/wp-json\/wp\/v2\/comments?post=2967"}],"version-history":[{"count":5,"href":"https:\/\/blogs.univ-jfc.fr\/universitas\/wp-json\/wp\/v2\/pages\/2967\/revisions"}],"predecessor-version":[{"id":3074,"href":"https:\/\/blogs.univ-jfc.fr\/universitas\/wp-json\/wp\/v2\/pages\/2967\/revisions\/3074"}],"wp:attachment":[{"href":"https:\/\/blogs.univ-jfc.fr\/universitas\/wp-json\/wp\/v2\/media?parent=2967"}],"curies":[{"name":"wp","href":"https:\/\/api.w.org\/{rel}","templated":true}]}}