{"id":3185,"date":"2025-05-16T08:53:15","date_gmt":"2025-05-16T06:53:15","guid":{"rendered":"http:\/\/blogs.univ-jfc.fr\/universitas\/?page_id=3185"},"modified":"2025-05-16T15:56:04","modified_gmt":"2025-05-16T13:56:04","slug":"2024-2025","status":"publish","type":"page","link":"https:\/\/blogs.univ-jfc.fr\/universitas\/2024-2025\/","title":{"rendered":"2025"},"content":{"rendered":"\n<p><\/p>\n\n\n\n<h4><span style=\"color:#e6335a\" class=\"has-inline-color\">7 f\u00e9vrier 2025 \u2013 <strong>S\u00e9minaire UNIVERSITAS<\/strong> \u00ab&nbsp;Figures et obscurs de l\u2019Universit\u00e9 de Toulouse&nbsp;\u00bb <a href=\"https:\/\/blogs.univ-jfc.fr\/universitas\/2024\/07\/15\/programme-du-seminaire-universitas-2024-2025\/\">AFFICHE<\/a><\/span><\/h4>\n\n\n\n<h5>\u00ab\u00a0\u00c9mile Cartailhac (1845-1921), une figure sans chaire,  \u00e0 l&rsquo;origine de l\u2019enseignement de la pr\u00e9histoire\u00a0\u00bb, par Sandra P\u00e9r\u00e9-Nogu\u00e8s, ma\u00eetresse de conf\u00e9rences (UT2J-Framespa)<\/h5>\n\n\n\n<p>Biblioth\u00e8que d\u2019\u00e9tudes m\u00e9ridionales, 56 rue du Taur, Toulouse : 14h-16h30<\/p>\n\n\n\n<h4><span style=\"color:#e6335a\" class=\"has-inline-color\">7 mars 2025 \u2013 <strong>S\u00e9minaire UNIVERSITAS<\/strong> \u00ab&nbsp;Figures et obscurs de l\u2019Universit\u00e9 de Toulouse&nbsp;\u00bb <a href=\"https:\/\/blogs.univ-jfc.fr\/universitas\/2024\/07\/15\/programme-du-seminaire-universitas-2024-2025\/\">AFFICHE<\/a><\/span><\/h4>\n\n\n\n<h5>\u00ab\u00a0\u00c9douard <strong>Filhol (1814-1883), une figure oubli\u00e9e de la facult\u00e9 des sciences\u00a0\u00bb, par Catherine Marchal<\/strong>, docteure \u00e8s sciences<\/h5>\n\n\n\n<h5><strong>\u00ab&nbsp;Les lecteurs et lectrices de la facult\u00e9 des lettres de Toulouse avant 1955&Prime;, par Caroline Barrera<\/strong><\/h5>\n\n\n\n<p>Biblioth\u00e8que d\u2019\u00e9tudes m\u00e9ridionales, 56 rue du Taur, Toulouse : 14h-16h30<\/p>\n\n\n\n<h4><span style=\"color:#e6177b\" class=\"has-inline-color\">24 octobre  2025 \u2013 <strong>S\u00e9minaire UNIVERSITAS<\/strong> Pr\u00e9paration du 8e centenaire de l&rsquo;universit\u00e9 de Toulouse<\/span><\/h4>\n\n\n\n<h5>&#8211; vendredi 24 octobre 2025, 14h16 &#8211; BEM &#8211; Steffy le Foll : La fondation du LAAS : du Laboratoire de G\u00e9nie \u00e9lectrique au Laboratoire d\u2019automatique et de ses applications spatiales <\/h5>\n\n\n\n<h4><span style=\"color:#cf089a\" class=\"has-inline-color\">28 novembre 2025, 14h-16h &#8211;<strong>S\u00e9minaire UNIVERSITAS<\/strong> Pr\u00e9paration du 8e centenaire de l&rsquo;universit\u00e9 de Toulouse<\/span><\/h4>\n\n\n\n<h5>Fran\u00e7ois Charru &#8211; La fondation de l&rsquo;institut \u00e9lectrotechnique de Toulouse (1907)<\/h5>\n","protected":false},"excerpt":{"rendered":"<p>7 f\u00e9vrier 2025 \u2013 S\u00e9minaire UNIVERSITAS \u00ab&nbsp;Figures et obscurs de l\u2019Universit\u00e9 de Toulouse&nbsp;\u00bb AFFICHE \u00ab\u00a0\u00c9mile Cartailhac (1845-1921), une figure sans chaire, \u00e0 l&rsquo;origine de l\u2019enseignement de la pr\u00e9histoire\u00a0\u00bb, par Sandra P\u00e9r\u00e9-Nogu\u00e8s, ma\u00eetresse de conf\u00e9rences (UT2J-Framespa) Biblioth\u00e8que d\u2019\u00e9tudes m\u00e9ridionales, 56 rue du Taur, Toulouse : 14h-16h30 7 mars 2025 \u2013 S\u00e9minaire UNIVERSITAS \u00ab&nbsp;Figures et obscurs de &hellip; <a href=\"https:\/\/blogs.univ-jfc.fr\/universitas\/2024-2025\/\" class=\"more-link\">Continuer la lecture de <span class=\"screen-reader-text\">2025<\/span> <span class=\"meta-nav\">&rarr;<\/span><\/a><\/p>\n","protected":false},"author":19,"featured_media":0,"parent":0,"menu_order":0,"comment_status":"closed","ping_status":"closed","template":"","meta":[],"_links":{"self":[{"href":"https:\/\/blogs.univ-jfc.fr\/universitas\/wp-json\/wp\/v2\/pages\/3185"}],"collection":[{"href":"https:\/\/blogs.univ-jfc.fr\/universitas\/wp-json\/wp\/v2\/pages"}],"about":[{"href":"https:\/\/blogs.univ-jfc.fr\/universitas\/wp-json\/wp\/v2\/types\/page"}],"author":[{"embeddable":true,"href":"https:\/\/blogs.univ-jfc.fr\/universitas\/wp-json\/wp\/v2\/users\/19"}],"replies":[{"embeddable":true,"href":"https:\/\/blogs.univ-jfc.fr\/universitas\/wp-json\/wp\/v2\/comments?post=3185"}],"version-history":[{"count":3,"href":"https:\/\/blogs.univ-jfc.fr\/universitas\/wp-json\/wp\/v2\/pages\/3185\/revisions"}],"predecessor-version":[{"id":3192,"href":"https:\/\/blogs.univ-jfc.fr\/universitas\/wp-json\/wp\/v2\/pages\/3185\/revisions\/3192"}],"wp:attachment":[{"href":"https:\/\/blogs.univ-jfc.fr\/universitas\/wp-json\/wp\/v2\/media?parent=3185"}],"curies":[{"name":"wp","href":"https:\/\/api.w.org\/{rel}","templated":true}]}}