{"id":32,"date":"2019-02-02T19:36:24","date_gmt":"2019-02-02T18:36:24","guid":{"rendered":"http:\/\/blogs.univ-jfc.fr\/universitas\/?page_id=32"},"modified":"2019-08-28T17:12:09","modified_gmt":"2019-08-28T15:12:09","slug":"bases-de-donnees","status":"publish","type":"page","link":"https:\/\/blogs.univ-jfc.fr\/universitas\/ressources\/bases-de-donnees\/","title":{"rendered":"Bases de donn\u00e9es"},"content":{"rendered":"<p>Les bases de donn\u00e9es CORPUS ACADEMICUM TOLOSAE sur les \u00e9tudiants, ont pour ambition de mettre \u00e0 la disposition des chercheurs et du grand public des donn\u00e9es prosopographiques sur les \u00e9tudiants ayant faits leurs \u00e9tudes \u00e0 Toulouse, du XVIIe si\u00e8cle \u00e0 1945.<\/p>\n<p><strong>Deux bases Studium sont disponibles (Projet <a href=\"https:\/\/poolcorpus-new.univ-jfc.fr\/\" target=\"_blank\" rel=\"noopener noreferrer\">Pool Corpus<\/a>)<br \/>\n<\/strong><\/p>\n<p style=\"text-align: justify\"><b>Les chercheurs et le grand public trouveront ici des donn\u00e9es brutes, sous forme de notices individuelles, sur les acteurs de l\u2019universit\u00e9 (\u00e9tudiants, professeurs, personnels administratifs et techniques). Les donn\u00e9es publi\u00e9es n\u2019engagent que le chercheur signataire de la notice, en aucun cas l\u2019\u00e9tablissement universitaire dans lequel l\u2019\u00e9tudiant ou l\u2019enseignant a fait son cursus ou sa carri\u00e8re.<\/b><\/p>\n<ul>\n<li>\n<h6 class=\"page-header\"><a href=\"https:\/\/poolcorpus-new.univ-jfc.fr\/cat-etrangers-epoque-moderne\" target=\"_blank\" rel=\"noopener noreferrer\">CAT (CORPUS ACADEMICUM TOLOSAE) \u2013 Les \u00e9tudiants \u00e9trangers \u00e0 Toulouse \u00e0 l\u2019\u00e9poque moderne (P. Fert\u00e9)<\/a><\/h6>\n<\/li>\n<li>\n<h6 class=\"page-header\"><a href=\"https:\/\/poolcorpus-new.univ-jfc.fr\/cat-etrangers-droit-epoque-contemporaine\" target=\"_blank\" rel=\"noopener noreferrer\">CAT (CORPUS ACADEMICUM TOLOSAE) Les \u00e9tudiants d\u2019ailleurs de la facult\u00e9 de Droit de Toulouse, 1808-1945 (C. Barrera)<\/a><\/h6>\n<\/li>\n<\/ul>\n<p>&nbsp;<\/p>\n<p><strong>Bases nationales<br \/>\n<\/strong><\/p>\n<p><a href=\"http:\/\/siprojuris.symogih.org\/\" target=\"_blank\" rel=\"noopener noreferrer\">SIPROJURIS<\/a><\/p>\n<p><a href=\"http:\/\/facultes19.ish-lyon.cnrs.fr\/\" target=\"_blank\" rel=\"noopener noreferrer\">Les enseignants des facult\u00e9s des lettres et des sciences (1808-1880)<\/a><\/p>\n<p><a href=\"http:\/\/www2.culture.gouv.fr\/documentation\/leonore\/recherche.htm\" target=\"_blank\" rel=\"noopener noreferrer\">Base L\u00e9onore<\/a> (dossiers de la L\u00e9gion d&rsquo;honneur)<\/p>\n","protected":false},"excerpt":{"rendered":"<p>Les bases de donn\u00e9es CORPUS ACADEMICUM TOLOSAE sur les \u00e9tudiants, ont pour ambition de mettre \u00e0 la disposition des chercheurs et du grand public des donn\u00e9es prosopographiques sur les \u00e9tudiants ayant faits leurs \u00e9tudes \u00e0 Toulouse, du XVIIe si\u00e8cle \u00e0 1945. Deux bases Studium sont disponibles (Projet Pool Corpus) Les chercheurs et le grand public &hellip; <a href=\"https:\/\/blogs.univ-jfc.fr\/universitas\/ressources\/bases-de-donnees\/\" class=\"more-link\">Continuer la lecture de <span class=\"screen-reader-text\">Bases de donn\u00e9es<\/span> <span class=\"meta-nav\">&rarr;<\/span><\/a><\/p>\n","protected":false},"author":19,"featured_media":0,"parent":29,"menu_order":1,"comment_status":"closed","ping_status":"closed","template":"","meta":[],"_links":{"self":[{"href":"https:\/\/blogs.univ-jfc.fr\/universitas\/wp-json\/wp\/v2\/pages\/32"}],"collection":[{"href":"https:\/\/blogs.univ-jfc.fr\/universitas\/wp-json\/wp\/v2\/pages"}],"about":[{"href":"https:\/\/blogs.univ-jfc.fr\/universitas\/wp-json\/wp\/v2\/types\/page"}],"author":[{"embeddable":true,"href":"https:\/\/blogs.univ-jfc.fr\/universitas\/wp-json\/wp\/v2\/users\/19"}],"replies":[{"embeddable":true,"href":"https:\/\/blogs.univ-jfc.fr\/universitas\/wp-json\/wp\/v2\/comments?post=32"}],"version-history":[{"count":11,"href":"https:\/\/blogs.univ-jfc.fr\/universitas\/wp-json\/wp\/v2\/pages\/32\/revisions"}],"predecessor-version":[{"id":1915,"href":"https:\/\/blogs.univ-jfc.fr\/universitas\/wp-json\/wp\/v2\/pages\/32\/revisions\/1915"}],"up":[{"embeddable":true,"href":"https:\/\/blogs.univ-jfc.fr\/universitas\/wp-json\/wp\/v2\/pages\/29"}],"wp:attachment":[{"href":"https:\/\/blogs.univ-jfc.fr\/universitas\/wp-json\/wp\/v2\/media?parent=32"}],"curies":[{"name":"wp","href":"https:\/\/api.w.org\/{rel}","templated":true}]}}