{"id":3209,"date":"2025-10-22T12:50:57","date_gmt":"2025-10-22T10:50:57","guid":{"rendered":"http:\/\/blogs.univ-jfc.fr\/universitas\/?page_id=3209"},"modified":"2025-10-22T13:14:10","modified_gmt":"2025-10-22T11:14:10","slug":"colloque-international-luniversite-hors-les-murs-1808-1968","status":"publish","type":"page","link":"https:\/\/blogs.univ-jfc.fr\/universitas\/colloque-international-luniversite-hors-les-murs-1808-1968\/","title":{"rendered":"COLLOQUE INTERNATIONAL L\u2019UNIVERSIT\u00c9 HORS-LES-MURS (1808-1968) &#8211; 18-19 mars 2027"},"content":{"rendered":"\n<p><\/p>\n\n\n\n<h2><strong>Toulouse, 18 et 19 mars 2027<\/strong><\/h2>\n\n\n\n<h2><strong>Appel \u00e0 communications<\/strong><\/h2>\n\n\n\n<p><strong>R\u00e9sum\u00e9<\/strong><\/p>\n\n\n\n<p>Le colloque \u00ab&nbsp;L\u2019universit\u00e9 hors-les-murs&nbsp;\u00bb propose de revenir sur la gen\u00e8se des relations de l\u2019universit\u00e9 avec le monde ext\u00e9rieur \u00e0 ses murs (1808-1968). Son ambition est d\u2019enrichir l\u2019inventaire, la chronologie et l\u2019analyse de ces relations, pour toutes facult\u00e9s (droit, lettres, m\u00e9decine et pharmacie, sciences, th\u00e9ologie) et leurs composantes (\u00e9coles, instituts, stations, bureaux, etc.), dans une optique d\u2019histoire comparative entre pays, facult\u00e9s, disciplines, en combinant approche \u00ab&nbsp;par le haut&nbsp;\u00bb et \u00ab&nbsp;par le bas&nbsp;\u00bb, au plus pr\u00e8s des pratiques. Un int\u00e9r\u00eat particulier sera port\u00e9 aux facult\u00e9s de province.<\/p>\n\n\n\n<p><\/p>\n\n\n\n<h3><a href=\"https:\/\/blogs.univ-jfc.fr\/universitas\/wp-admin\/post.php?post=3212&amp;action=edit\" data-type=\"URL\" data-id=\"https:\/\/blogs.univ-jfc.fr\/universitas\/wp-admin\/post.php?post=3212&amp;action=edit\"><strong>Argumentaire<\/strong> et axes envisag\u00e9s<\/a><\/h3>\n\n\n\n<h3><strong><a href=\"https:\/\/blogs.univ-jfc.fr\/universitas\/wp-admin\/post.php?post=3221&amp;action=edit\" data-type=\"URL\" data-id=\"https:\/\/blogs.univ-jfc.fr\/universitas\/wp-admin\/post.php?post=3221&amp;action=edit\">Comit\u00e9 scientifique<\/a><\/strong><\/h3>\n\n\n\n<h3><a href=\"https:\/\/blogs.univ-jfc.fr\/universitas\/wp-admin\/post.php?post=3224&amp;action=edit\" data-type=\"URL\" data-id=\"https:\/\/blogs.univ-jfc.fr\/universitas\/wp-admin\/post.php?post=3224&amp;action=edit\">Modalit\u00e9s de contribution<\/a><\/h3>\n\n\n\n<h3><a href=\"https:\/\/blogs.univ-jfc.fr\/universitas\/wp-admin\/post.php?post=3227&amp;action=edit\" data-type=\"URL\" data-id=\"https:\/\/blogs.univ-jfc.fr\/universitas\/wp-admin\/post.php?post=3227&amp;action=edit\">Organisation<\/a><\/h3>\n\n\n\n<h3><a href=\"https:\/\/blogs.univ-jfc.fr\/universitas\/wp-admin\/post.php?post=3230&amp;action=edit\" data-type=\"URL\" data-id=\"https:\/\/blogs.univ-jfc.fr\/universitas\/wp-admin\/post.php?post=3230&amp;action=edit\">Bibliographie<\/a><\/h3>\n","protected":false},"excerpt":{"rendered":"<p>Toulouse, 18 et 19 mars 2027 Appel \u00e0 communications R\u00e9sum\u00e9 Le colloque \u00ab&nbsp;L\u2019universit\u00e9 hors-les-murs&nbsp;\u00bb propose de revenir sur la gen\u00e8se des relations de l\u2019universit\u00e9 avec le monde ext\u00e9rieur \u00e0 ses murs (1808-1968). Son ambition est d\u2019enrichir l\u2019inventaire, la chronologie et l\u2019analyse de ces relations, pour toutes facult\u00e9s (droit, lettres, m\u00e9decine et pharmacie, sciences, th\u00e9ologie) et &hellip; <a href=\"https:\/\/blogs.univ-jfc.fr\/universitas\/colloque-international-luniversite-hors-les-murs-1808-1968\/\" class=\"more-link\">Continuer la lecture de <span class=\"screen-reader-text\">COLLOQUE INTERNATIONAL L\u2019UNIVERSIT\u00c9 HORS-LES-MURS (1808-1968) &#8211; 18-19 mars 2027<\/span> <span class=\"meta-nav\">&rarr;<\/span><\/a><\/p>\n","protected":false},"author":19,"featured_media":0,"parent":0,"menu_order":0,"comment_status":"closed","ping_status":"closed","template":"","meta":[],"_links":{"self":[{"href":"https:\/\/blogs.univ-jfc.fr\/universitas\/wp-json\/wp\/v2\/pages\/3209"}],"collection":[{"href":"https:\/\/blogs.univ-jfc.fr\/universitas\/wp-json\/wp\/v2\/pages"}],"about":[{"href":"https:\/\/blogs.univ-jfc.fr\/universitas\/wp-json\/wp\/v2\/types\/page"}],"author":[{"embeddable":true,"href":"https:\/\/blogs.univ-jfc.fr\/universitas\/wp-json\/wp\/v2\/users\/19"}],"replies":[{"embeddable":true,"href":"https:\/\/blogs.univ-jfc.fr\/universitas\/wp-json\/wp\/v2\/comments?post=3209"}],"version-history":[{"count":7,"href":"https:\/\/blogs.univ-jfc.fr\/universitas\/wp-json\/wp\/v2\/pages\/3209\/revisions"}],"predecessor-version":[{"id":3246,"href":"https:\/\/blogs.univ-jfc.fr\/universitas\/wp-json\/wp\/v2\/pages\/3209\/revisions\/3246"}],"wp:attachment":[{"href":"https:\/\/blogs.univ-jfc.fr\/universitas\/wp-json\/wp\/v2\/media?parent=3209"}],"curies":[{"name":"wp","href":"https:\/\/api.w.org\/{rel}","templated":true}]}}