{"id":3212,"date":"2025-10-22T12:51:56","date_gmt":"2025-10-22T10:51:56","guid":{"rendered":"http:\/\/blogs.univ-jfc.fr\/universitas\/?page_id=3212"},"modified":"2025-10-22T12:57:53","modified_gmt":"2025-10-22T10:57:53","slug":"argumentaire-et-axes-envisages","status":"publish","type":"page","link":"https:\/\/blogs.univ-jfc.fr\/universitas\/argumentaire-et-axes-envisages\/","title":{"rendered":"Argumentaire et axes envisag\u00e9s"},"content":{"rendered":"\n<p>Au quart temps du xxi<sup>e<\/sup> si\u00e8cle, l\u2019universit\u00e9 et ses acteurs n\u2019ont jamais \u00e9t\u00e9 aussi pr\u00e9sents dans la sph\u00e8re publique. Les prises de positions des \u00e9tudiants, des professeurs, des institutions dans les questions ultra-contemporaines, les attaques contre la recherche universitaire, auxquelles r\u00e9pond le mouvement <em>Stand Up For Science<\/em>, sont monnaie courante. Des \u00e9v\u00e8nements de m\u00e9diation scientifique, d\u00e9sormais bien inscrits dans les agendas, font sortir r\u00e9guli\u00e8rement les chercheurs de leurs laboratoires (Nuit des chercheurs, F\u00eate de la Science, Festival L\u2019histoire \u00e0 venir \u00e0 Toulouse, Journ\u00e9es du Patrimoine, etc.). L\u2019institutionnalisation des liens entre science et soci\u00e9t\u00e9 a m\u00eame \u00e9t\u00e9 consacr\u00e9e par la loi de programmation de la recherche de 2021 et la mise en action du programme SAPS, \u00ab&nbsp;Sciences avec et pour la soci\u00e9t\u00e9&nbsp;\u00bb. L\u2019organisation assez r\u00e9cente de ces \u00e9v\u00e8nements et la structuration des liens entre une institution pluris\u00e9culaire et la soci\u00e9t\u00e9 laissent supposer deux choses contradictoires&nbsp;: soit la pratique est devenue tellement habituelle qu\u2019elle finit par \u00eatre formalis\u00e9e, soit la v\u00e9n\u00e9rable institution a du mal \u00e0 sortir de ses murs et a besoin de l\u2019aiguillon d\u2019une institutionnalisation des formes relationnelles pour le faire.<\/p>\n\n\n\n<p>C\u2019est, en r\u00e9alit\u00e9, un d\u00e9bat ancien car les enjeux sont importants. Pour la sph\u00e8re universitaire, ils sont multiples&nbsp;: apporter une r\u00e9ponse, <em>via<\/em> la formation et la recherche, aux besoins de l\u2019environnement social, politique et \u00e9conomique et, ainsi, justifier les investissements consentis par l\u2019\u00c9tat et les collectivit\u00e9s pour son existence&nbsp;; b\u00e9n\u00e9ficier de l\u2019apport mat\u00e9riel et humain de l\u2019ext\u00e9rieur (les charg\u00e9s de cours professionnels) et alimenter sa r\u00e9flexion sur la mise \u00e0 jour de ses programmes d\u2019enseignement et de ses th\u00e9matiques de recherche&nbsp;; contribuer \u00e0 la vie de la Cit\u00e9 et de la Nation de toutes les mani\u00e8res possibles. Pour la sph\u00e8re ext\u00e9rieure les probl\u00e9matiques rel\u00e8vent de la bonne formation des cadres dont elle a besoin&nbsp;; de la possibilit\u00e9 d\u2019acc\u00e9der \u00e0 de la recherche ou encore de la connexion de ses propres cadres avec le monde acad\u00e9mique quand ils participent \u00e0 l\u2019enseignement. Ces enjeux ont beau \u00eatre importants, les liens avec \u00ab&nbsp;l\u2019ext\u00e9rieur&nbsp;\u00bb ne sont pas toujours bien accept\u00e9s, soit pour des raisons id\u00e9ologiques (l\u2019Universit\u00e9 ne doit pas se compromettre avec le monde \u00e9conomique), soit pour des divergences portant sur l\u2019organisation de la science (\u00e0 l\u2019Universit\u00e9 la recherche fondamentale, aux entreprises ses applications). Du c\u00f4t\u00e9 du monde ext\u00e9rieur, les relations avec le monde acad\u00e9mique peuvent, par ailleurs, para\u00eetre tr\u00e8s compliqu\u00e9es<s>.<\/s><\/p>\n\n\n\n<p>Le colloque \u00ab&nbsp;L\u2019universit\u00e9 hors-les-murs&nbsp;\u00bb propose de revenir sur la gen\u00e8se des relations de l\u2019universit\u00e9 avec le monde ext\u00e9rieur \u00e0 ses murs, du d\u00e9but du xix<sup>e<\/sup> si\u00e8cle \u00e0 la fin des ann\u00e9es 1960, en France et \u00e0 l\u2019\u00e9tranger. Son ambition est d\u2019enrichir l\u2019inventaire, la chronologie et l\u2019analyse de ces relations, pour toutes les facult\u00e9s (droit, lettres, m\u00e9decine et pharmacie, sciences, th\u00e9ologie) et leurs d\u00e9pendances (\u00e9coles, instituts, stations, bureaux, etc.), dans une optique d\u2019histoire comparative entre pays, entre facult\u00e9s, entre disciplines, en combinant approche \u00ab&nbsp;par le haut&nbsp;\u00bb et approche \u00ab&nbsp;par le bas&nbsp;\u00bb. Un int\u00e9r\u00eat particulier sera port\u00e9 \u00e0 la situation des facult\u00e9s de province. La probl\u00e9matique internationale pourra appara\u00eetre mais ne fera pas l\u2019objet d\u2019un traitement sp\u00e9cifique, les relations internationales des universit\u00e9s constituant un champ tr\u00e8s sp\u00e9cifique.<\/p>\n\n\n\n<p>Le colloque s\u2019inscrira dans la continuit\u00e9 des travaux d\u00e9j\u00e0 engag\u00e9s, souvent men\u00e9s dans des perspectives plus g\u00e9n\u00e9rales, comme celle sur l\u2019organisation de la recherche. Jean-Fran\u00e7ois Picard dans <em>La R\u00e9publique des savants<\/em> (1990, p. 150) rappelait ainsi qu\u2019au moment du colloque de Caen de 1956, Henri Longchambon avait demand\u00e9 \u00ab&nbsp;qu\u2019on mette les industriels dans le coup&nbsp;\u00bb. Nombre d\u2019ouvrages d\u00e9di\u00e9s aux probl\u00e9matiques de la production des savoirs ont aussi fait cas des universitaires impliqu\u00e9s (Gibbons, 1994, Pickstone 2000, Pestre, 2015). Les \u00e9tablissements d\u2019enseignement sup\u00e9rieur non universitaires comme les Grandes \u00e9coles ou le Conservatoire national des Arts et M\u00e9tiers ont fait l\u2019objet de nombreux travaux. C\u2019est le cas \u00e9galement pour certains segments des universit\u00e9s comme les instituts et notamment ceux des facult\u00e9s des sciences (Birck et Grelon 2006 et 2007, Rollet et Choffel-Mailfert 2007, Charru 2024), ou certaines communaut\u00e9s scientifiques (Pestre 1992, Verschueren 2024). Les pistes soumises \u00e0 la r\u00e9flexion visent \u00e0 les compl\u00e9ter en \u00e9largissant la th\u00e9matique \u00e0 toutes les facult\u00e9s et en abordant cette question de fa\u00e7on plus g\u00e9n\u00e9rale.<\/p>\n\n\n\n<h3><strong><span class=\"has-inline-color has-light-orange-color\">Axes envisag\u00e9s<\/span><\/strong><\/h3>\n\n\n\n<ul type=\"1\"><li><strong>Formes institutionnelles et mat\u00e9rielles de la relation avec l\u2019ext\u00e9rieur<\/strong><ul><li>Les structures facultaires d\u00e9di\u00e9es et assum\u00e9es&nbsp;: instituts techniques, \u00e9coles pratiques, stations, bureaux de contr\u00f4le et bureaux d\u2019\u00e9tudes, etc., install\u00e9es dans, ou en marge, des facult\u00e9s.<\/li><li>Les structures d\u00e9di\u00e9es cr\u00e9\u00e9es par des universitaires hors des facult\u00e9s (comme certaines \u00e9coles de commerce).<\/li><li>Les donateurs\/financeurs ext\u00e9rieurs de l\u2019universit\u00e9 et leur apport mat\u00e9riel et financier (locaux, domaines, stations, subventions, mat\u00e9riel, etc.).<\/li><li>Les relations avec les fabricants de mat\u00e9riel scientifique.<\/li><li>La construction des relations avec l\u2019ext\u00e9rieur et les initiateurs de ces relations.<\/li><\/ul><\/li><\/ul>\n\n\n\n<ul><li><strong>Les universitaires hors-les-murs<\/strong><ul><li>Part et typologie des universitaires engag\u00e9s \u00e0 l\u2019ext\u00e9rieur et formes de cet engagement&nbsp;: pluriactivit\u00e9 synchrone (comme dans le cas de universitaires m\u00e9decins), expertise, appartenance \u00e0 des commissions, \u00e9tudes, etc.<\/li><li>Modalit\u00e9s concr\u00e8tes.<\/li><li>R\u00e9seaux non-acad\u00e9miques&nbsp;: politiques, industriels, \u00e9ditoriaux, confessionnels\u2026<\/li><\/ul><\/li><\/ul>\n\n\n\n<ul><li><strong>Les champs relationnels<\/strong><ul><li>Relations avec le monde \u00e9conomique (industriel, agricole, des services), le monde de la sant\u00e9 (humaine et animale), le monde \u00e9ducatif hors-universit\u00e9s, les militaires, le monde confessionnel, le monde culturel, artistique, le monde de l\u2019\u00e9dition, la sph\u00e8re du d\u00e9bat public et de la vulgarisation et le monde politique (hors engagements politiques et mandats quand ceux-ci coupent le lien avec l\u2019universit\u00e9).<\/li><li>Relations structurelles et\/ou conjoncturelles (par exemple \u00e0 l\u2019occasion d\u2019une guerre ou d\u2019un \u00e9v\u00e8nement particulier).<\/li><\/ul><\/li><\/ul>\n","protected":false},"excerpt":{"rendered":"<p>Au quart temps du xxie si\u00e8cle, l\u2019universit\u00e9 et ses acteurs n\u2019ont jamais \u00e9t\u00e9 aussi pr\u00e9sents dans la sph\u00e8re publique. Les prises de positions des \u00e9tudiants, des professeurs, des institutions dans les questions ultra-contemporaines, les attaques contre la recherche universitaire, auxquelles r\u00e9pond le mouvement Stand Up For Science, sont monnaie courante. Des \u00e9v\u00e8nements de m\u00e9diation scientifique, &hellip; <a href=\"https:\/\/blogs.univ-jfc.fr\/universitas\/argumentaire-et-axes-envisages\/\" class=\"more-link\">Continuer la lecture de <span class=\"screen-reader-text\">Argumentaire et axes envisag\u00e9s<\/span> <span class=\"meta-nav\">&rarr;<\/span><\/a><\/p>\n","protected":false},"author":19,"featured_media":0,"parent":0,"menu_order":0,"comment_status":"closed","ping_status":"closed","template":"","meta":[],"_links":{"self":[{"href":"https:\/\/blogs.univ-jfc.fr\/universitas\/wp-json\/wp\/v2\/pages\/3212"}],"collection":[{"href":"https:\/\/blogs.univ-jfc.fr\/universitas\/wp-json\/wp\/v2\/pages"}],"about":[{"href":"https:\/\/blogs.univ-jfc.fr\/universitas\/wp-json\/wp\/v2\/types\/page"}],"author":[{"embeddable":true,"href":"https:\/\/blogs.univ-jfc.fr\/universitas\/wp-json\/wp\/v2\/users\/19"}],"replies":[{"embeddable":true,"href":"https:\/\/blogs.univ-jfc.fr\/universitas\/wp-json\/wp\/v2\/comments?post=3212"}],"version-history":[{"count":4,"href":"https:\/\/blogs.univ-jfc.fr\/universitas\/wp-json\/wp\/v2\/pages\/3212\/revisions"}],"predecessor-version":[{"id":3220,"href":"https:\/\/blogs.univ-jfc.fr\/universitas\/wp-json\/wp\/v2\/pages\/3212\/revisions\/3220"}],"wp:attachment":[{"href":"https:\/\/blogs.univ-jfc.fr\/universitas\/wp-json\/wp\/v2\/media?parent=3212"}],"curies":[{"name":"wp","href":"https:\/\/api.w.org\/{rel}","templated":true}]}}