{"id":3221,"date":"2025-10-22T12:58:56","date_gmt":"2025-10-22T10:58:56","guid":{"rendered":"http:\/\/blogs.univ-jfc.fr\/universitas\/?page_id=3221"},"modified":"2025-10-22T12:58:57","modified_gmt":"2025-10-22T10:58:57","slug":"comite-scientifique","status":"publish","type":"page","link":"https:\/\/blogs.univ-jfc.fr\/universitas\/comite-scientifique\/","title":{"rendered":"Comit\u00e9 scientifique"},"content":{"rendered":"\n<p><\/p>\n\n\n\n<p>BARRERA, Caroline, ma\u00eetresse de conf\u00e9rences en histoire contemporaine, INU Champollion Albi<\/p>\n\n\n\n<p>BIDOIS, Anne, professeure des Universit\u00e9s en sociologie, universit\u00e9 de Rouen&nbsp;<\/p>\n\n\n\n<p>CHARRU, Fran\u00e7ois, professeur \u00e9m\u00e9rite des Universit\u00e9s en m\u00e9canique, Universit\u00e9 de Toulouse-IMFT<\/p>\n\n\n\n<p>CONDETTE, Jean-Fran\u00e7ois, professeur des universit\u00e9s en histoire contemporaine, Universit\u00e9 de Lille&nbsp;<\/p>\n\n\n\n<p>D\u2019ENFERT, Renaud, professeur \u00e9m\u00e9rite des Universit\u00e9s en sciences de l\u2019\u00e9ducation, Universit\u00e9 de Picardie<\/p>\n\n\n\n<p>HILAIRE-PEREZ, Liliane, professeure des Universit\u00e9s en histoire moderne, Universit\u00e9 Paris-Cit\u00e9, directrice d\u2019\u00e9tudes \u00e0 l\u2019EHESS<\/p>\n\n\n\n<p>LAMY, J\u00e9r\u00f4me, directeur de recherche au CNRS, CESSP<\/p>\n\n\n\n<p>LEMBR\u00c9, St\u00e9phane&nbsp;professeur des universit\u00e9s en histoire contemporaine, Universit\u00e9 de Lille&nbsp;<\/p>\n\n\n\n<p>TERRAL, Philippe, professeur des Universit\u00e9s en sociologie, Universit\u00e9 de Toulouse<\/p>\n\n\n\n<p>FONTENAU, Virginie, professeure des Universit\u00e9s en histoire des sciences, Universit\u00e9 de Paris-Saclay<\/p>\n\n\n\n<p>NELIDOFF, Philippe, professeur des Universit\u00e9s en histoire du droit, Universit\u00e9 de Toulouse Capitole<\/p>\n\n\n\n<p>VINEL, Jean-Pierre professeur des Universit\u00e9s\/Praticien hospitalier \u00e9m\u00e9rite, Universit\u00e9 de Toulouse<\/p>\n","protected":false},"excerpt":{"rendered":"<p>BARRERA, Caroline, ma\u00eetresse de conf\u00e9rences en histoire contemporaine, INU Champollion Albi BIDOIS, Anne, professeure des Universit\u00e9s en sociologie, universit\u00e9 de Rouen&nbsp; CHARRU, Fran\u00e7ois, professeur \u00e9m\u00e9rite des Universit\u00e9s en m\u00e9canique, Universit\u00e9 de Toulouse-IMFT CONDETTE, Jean-Fran\u00e7ois, professeur des universit\u00e9s en histoire contemporaine, Universit\u00e9 de Lille&nbsp; D\u2019ENFERT, Renaud, professeur \u00e9m\u00e9rite des Universit\u00e9s en sciences de l\u2019\u00e9ducation, Universit\u00e9 de &hellip; <a href=\"https:\/\/blogs.univ-jfc.fr\/universitas\/comite-scientifique\/\" class=\"more-link\">Continuer la lecture de <span class=\"screen-reader-text\">Comit\u00e9 scientifique<\/span> <span class=\"meta-nav\">&rarr;<\/span><\/a><\/p>\n","protected":false},"author":19,"featured_media":0,"parent":0,"menu_order":0,"comment_status":"closed","ping_status":"closed","template":"","meta":[],"_links":{"self":[{"href":"https:\/\/blogs.univ-jfc.fr\/universitas\/wp-json\/wp\/v2\/pages\/3221"}],"collection":[{"href":"https:\/\/blogs.univ-jfc.fr\/universitas\/wp-json\/wp\/v2\/pages"}],"about":[{"href":"https:\/\/blogs.univ-jfc.fr\/universitas\/wp-json\/wp\/v2\/types\/page"}],"author":[{"embeddable":true,"href":"https:\/\/blogs.univ-jfc.fr\/universitas\/wp-json\/wp\/v2\/users\/19"}],"replies":[{"embeddable":true,"href":"https:\/\/blogs.univ-jfc.fr\/universitas\/wp-json\/wp\/v2\/comments?post=3221"}],"version-history":[{"count":1,"href":"https:\/\/blogs.univ-jfc.fr\/universitas\/wp-json\/wp\/v2\/pages\/3221\/revisions"}],"predecessor-version":[{"id":3223,"href":"https:\/\/blogs.univ-jfc.fr\/universitas\/wp-json\/wp\/v2\/pages\/3221\/revisions\/3223"}],"wp:attachment":[{"href":"https:\/\/blogs.univ-jfc.fr\/universitas\/wp-json\/wp\/v2\/media?parent=3221"}],"curies":[{"name":"wp","href":"https:\/\/api.w.org\/{rel}","templated":true}]}}