{"id":3224,"date":"2025-10-22T13:02:14","date_gmt":"2025-10-22T11:02:14","guid":{"rendered":"http:\/\/blogs.univ-jfc.fr\/universitas\/?page_id=3224"},"modified":"2025-10-22T13:02:14","modified_gmt":"2025-10-22T11:02:14","slug":"modalites-de-contribution","status":"publish","type":"page","link":"https:\/\/blogs.univ-jfc.fr\/universitas\/modalites-de-contribution\/","title":{"rendered":"Modalit\u00e9s de contribution"},"content":{"rendered":"\n<p>Les propositions de communication sont attendues dans un format .doc ou .docx de 2000 signes, en fran\u00e7ais ou en anglais, le 15 f\u00e9vrier 2026 au plus tard. Elles doivent \u00eatre envoy\u00e9es \u00e0&nbsp;:<\/p>\n\n\n\n<p>caroline.barrera@univ-jfc.fr<\/p>\n\n\n\n<p><a href=\"mailto:francois.charru@imft.fr\">francois.charru@imft.fr<\/a><\/p>\n\n\n\n<p>Elles pr\u00e9senteront clairement une question de recherche, un cadre th\u00e9orique et m\u00e9thodologique ainsi que les principaux axes d\u2019analyse envisag\u00e9s. Elles seront accompagn\u00e9es d\u2019une courte pr\u00e9sentation biobibliographique. Les propositions de jeunes chercheurs et chercheuses sont les bienvenues.<\/p>\n\n\n\n<p>Les propositions de communications seront examin\u00e9es par le comit\u00e9 scientifique et les r\u00e9ponses communiqu\u00e9es aux proposants en mai 2026.<\/p>\n","protected":false},"excerpt":{"rendered":"<p>Les propositions de communication sont attendues dans un format .doc ou .docx de 2000 signes, en fran\u00e7ais ou en anglais, le 15 f\u00e9vrier 2026 au plus tard. Elles doivent \u00eatre envoy\u00e9es \u00e0&nbsp;: caroline.barrera@univ-jfc.fr francois.charru@imft.fr Elles pr\u00e9senteront clairement une question de recherche, un cadre th\u00e9orique et m\u00e9thodologique ainsi que les principaux axes d\u2019analyse envisag\u00e9s. Elles seront &hellip; <a href=\"https:\/\/blogs.univ-jfc.fr\/universitas\/modalites-de-contribution\/\" class=\"more-link\">Continuer la lecture de <span class=\"screen-reader-text\">Modalit\u00e9s de contribution<\/span> <span class=\"meta-nav\">&rarr;<\/span><\/a><\/p>\n","protected":false},"author":19,"featured_media":0,"parent":0,"menu_order":0,"comment_status":"closed","ping_status":"closed","template":"","meta":[],"_links":{"self":[{"href":"https:\/\/blogs.univ-jfc.fr\/universitas\/wp-json\/wp\/v2\/pages\/3224"}],"collection":[{"href":"https:\/\/blogs.univ-jfc.fr\/universitas\/wp-json\/wp\/v2\/pages"}],"about":[{"href":"https:\/\/blogs.univ-jfc.fr\/universitas\/wp-json\/wp\/v2\/types\/page"}],"author":[{"embeddable":true,"href":"https:\/\/blogs.univ-jfc.fr\/universitas\/wp-json\/wp\/v2\/users\/19"}],"replies":[{"embeddable":true,"href":"https:\/\/blogs.univ-jfc.fr\/universitas\/wp-json\/wp\/v2\/comments?post=3224"}],"version-history":[{"count":1,"href":"https:\/\/blogs.univ-jfc.fr\/universitas\/wp-json\/wp\/v2\/pages\/3224\/revisions"}],"predecessor-version":[{"id":3226,"href":"https:\/\/blogs.univ-jfc.fr\/universitas\/wp-json\/wp\/v2\/pages\/3224\/revisions\/3226"}],"wp:attachment":[{"href":"https:\/\/blogs.univ-jfc.fr\/universitas\/wp-json\/wp\/v2\/media?parent=3224"}],"curies":[{"name":"wp","href":"https:\/\/api.w.org\/{rel}","templated":true}]}}