{"id":3227,"date":"2025-10-22T13:03:04","date_gmt":"2025-10-22T11:03:04","guid":{"rendered":"http:\/\/blogs.univ-jfc.fr\/universitas\/?page_id=3227"},"modified":"2025-10-22T13:13:48","modified_gmt":"2025-10-22T11:13:48","slug":"organisation","status":"publish","type":"page","link":"https:\/\/blogs.univ-jfc.fr\/universitas\/organisation\/","title":{"rendered":"Organisation"},"content":{"rendered":"\n<p>Organisateurs&nbsp;: Caroline Barrera, Fran\u00e7ois Charru<\/p>\n\n\n\n<p>Le colloque se d\u00e9roulera \u00e0 Toulouse les 18 et 19 mars 2027 \u00e0 la Biblioth\u00e8que d\u2019\u00e9tudes m\u00e9ridionales de Toulouse, 56 rue du Taur, 31 000 Toulouse.<\/p>\n\n\n\n<p>L\u2019organisation du colloque prendra \u00e0 sa charge les repas des communicants pendant le colloque et une nuit d\u2019h\u00f4tel par communication.<\/p>\n\n\n\n<p>Les communications feront l\u2019objet d\u2019une publication. Les textes de 30 000 signes devront \u00eatre restitu\u00e9s aux organisateurs pour le 30 mai 2027 dernier d\u00e9lai.<\/p>\n","protected":false},"excerpt":{"rendered":"<p>Organisateurs&nbsp;: Caroline Barrera, Fran\u00e7ois Charru Le colloque se d\u00e9roulera \u00e0 Toulouse les 18 et 19 mars 2027 \u00e0 la Biblioth\u00e8que d\u2019\u00e9tudes m\u00e9ridionales de Toulouse, 56 rue du Taur, 31 000 Toulouse. L\u2019organisation du colloque prendra \u00e0 sa charge les repas des communicants pendant le colloque et une nuit d\u2019h\u00f4tel par communication. Les communications feront l\u2019objet &hellip; <a href=\"https:\/\/blogs.univ-jfc.fr\/universitas\/organisation\/\" class=\"more-link\">Continuer la lecture de <span class=\"screen-reader-text\">Organisation<\/span> <span class=\"meta-nav\">&rarr;<\/span><\/a><\/p>\n","protected":false},"author":19,"featured_media":0,"parent":0,"menu_order":0,"comment_status":"closed","ping_status":"closed","template":"","meta":[],"_links":{"self":[{"href":"https:\/\/blogs.univ-jfc.fr\/universitas\/wp-json\/wp\/v2\/pages\/3227"}],"collection":[{"href":"https:\/\/blogs.univ-jfc.fr\/universitas\/wp-json\/wp\/v2\/pages"}],"about":[{"href":"https:\/\/blogs.univ-jfc.fr\/universitas\/wp-json\/wp\/v2\/types\/page"}],"author":[{"embeddable":true,"href":"https:\/\/blogs.univ-jfc.fr\/universitas\/wp-json\/wp\/v2\/users\/19"}],"replies":[{"embeddable":true,"href":"https:\/\/blogs.univ-jfc.fr\/universitas\/wp-json\/wp\/v2\/comments?post=3227"}],"version-history":[{"count":2,"href":"https:\/\/blogs.univ-jfc.fr\/universitas\/wp-json\/wp\/v2\/pages\/3227\/revisions"}],"predecessor-version":[{"id":3245,"href":"https:\/\/blogs.univ-jfc.fr\/universitas\/wp-json\/wp\/v2\/pages\/3227\/revisions\/3245"}],"wp:attachment":[{"href":"https:\/\/blogs.univ-jfc.fr\/universitas\/wp-json\/wp\/v2\/media?parent=3227"}],"curies":[{"name":"wp","href":"https:\/\/api.w.org\/{rel}","templated":true}]}}