{"id":3230,"date":"2025-10-22T13:03:46","date_gmt":"2025-10-22T11:03:46","guid":{"rendered":"http:\/\/blogs.univ-jfc.fr\/universitas\/?page_id=3230"},"modified":"2025-10-22T13:03:46","modified_gmt":"2025-10-22T11:03:46","slug":"bibliographie","status":"publish","type":"page","link":"https:\/\/blogs.univ-jfc.fr\/universitas\/bibliographie\/","title":{"rendered":"Bibliographie"},"content":{"rendered":"\n<p>ALCOUFFE, Alain, \u00ab&nbsp;L\u2019universit\u00e9 et le monde \u00e9conomique (1880-2015), dans C. Barrera (dir.), <em>Histoire de l\u2019Universit\u00e9 de Toulouse. T. 3. L\u2019\u00e9poque contemporaine<\/em>, Portet-sur-Garonne, EMP, 2019, p. 631-654.<\/p>\n\n\n\n<p>BIRCK, Fran\u00e7oise et GRELON, Andr\u00e9 (dir.), <em>Un si\u00e8cle de formation des ing\u00e9nieurs \u00e9lectriciens, ancrage local et dynamique europ\u00e9enne&nbsp;: l\u2019exemple de Nancy<\/em>, Paris, Ed. de la MSH, 2006, notamment p. 171-194.<\/p>\n\n\n\n<p>CHARRU, Fran\u00e7ois, <em>Courants, Ondes et Turbulences \u2013 L\u2019institut \u00e9lectrotechnique de Toulouse \u2013 1907-1968<\/em>, Paris, EDP Sciences, 2024.<\/p>\n\n\n\n<p>DORMOY-RAJRAMANAN, <strong>Christelle, <\/strong>\u00ab&nbsp;L\u2019ouverture de l\u2019Universit\u00e9 vers le monde ext\u00e9rieur autour de 1968&nbsp;: entre consensus partiel, polarisation et compromis&nbsp;\u00bb,&nbsp;<em>Formation emploi<\/em>, 132&nbsp;|&nbsp;2015, 15-32.<\/p>\n\n\n\n<p>FONTENEAU, Virginie, \u00ab&nbsp;Former \u00e0 la recherche pour l\u2019industrie en France&nbsp;? La cr\u00e9ation du titre d\u2019ing\u00e9nieur-docteur dans l\u2019entre-deux-guerres&nbsp;\u00bb, <em>Artefac. Techniques, histoire et sciences humaines<\/em>, 13\/2020, p. 119-144.<\/p>\n\n\n\n<p>FOX, R., \u00ab&nbsp;L\u2019attitude des professeurs des facult\u00e9s des sciences face \u00e0 l\u2019industrialisation en France entre 1850 et 1914&nbsp;\u00bb, dans C. Charle et R. Ferr\u00e9 (\u00e9d.), <em>Le Personnel de l\u2019enseignement sup\u00e9rieur en France aux xix<sup>e<\/sup> et xx<sup>e<\/sup> si\u00e8cle<\/em>, Paris, CNRS, 1985, p. 141-143.<\/p>\n\n\n\n<p>GRELON, Andr\u00e9 et GROSSETTI, Michel (dir.), <em>L\u2019espace scientifique fran\u00e7ais (xvii<sup>e<\/sup>-xxi<sup>e<\/sup> si\u00e8cle)<\/em>, Paris, Classiques Garnier, 2025.<\/p>\n\n\n\n<p>MOUNIER-KUHN, Pierre-Eric, <em>L\u2019informatique en France de la Seconde Guerre Mondiale au Plan Calcul. L\u2019\u00e9mergence d\u2019une science<\/em>, Paris, Presses de l\u2019universit\u00e9 Paris-Sorbonne, 2010.<\/p>\n\n\n\n<p>FOX, Robert et WEISZ, Georges (ed.), <em>The organization of science and technologie in France (1808-1914)<\/em>, Cambridge, Cambridge University Press, Ed. de la MSH, 1980.<\/p>\n\n\n\n<p>GRELON, Andr\u00e9 et BIRCK, Fran\u00e7oise (dir.), <em>Des ing\u00e9nieurs pour la Lorraine, 19<sup>e<\/sup>-20<sup>e<\/sup> si\u00e8cle<\/em>, Nancy, PUN, 2007.<\/p>\n\n\n\n<p>NYE, Mary-Jo, <em>Sciences in the Provinces. Scientific Communities and provincial Leadership in France, 1860-1930<\/em>, Berkeley-Los-Angeles-Londres, University of California Press, 1986.<\/p>\n\n\n\n<p>PAUL, Harry W, <em>From knowledge to Power. The Rise of the Science Empire in France, 1860-1939<\/em>, Cambridge, Cambridge University Press, 1985, 415 p.<\/p>\n\n\n\n<p>ROLLET, Laurent et CHOFFEL-MAILFERT, Marie-Jeanne<em>, Aux origines d\u2019un p\u00f4le scientifique&nbsp;: facult\u00e9 des sciences et \u00e9coles d\u2019ing\u00e9nieurs \u00e0 Nancy du second Empire aux ann\u00e9es 1960<\/em>, Nancy, PUN, 2007.<\/p>\n","protected":false},"excerpt":{"rendered":"<p>ALCOUFFE, Alain, \u00ab&nbsp;L\u2019universit\u00e9 et le monde \u00e9conomique (1880-2015), dans C. Barrera (dir.), Histoire de l\u2019Universit\u00e9 de Toulouse. T. 3. L\u2019\u00e9poque contemporaine, Portet-sur-Garonne, EMP, 2019, p. 631-654. BIRCK, Fran\u00e7oise et GRELON, Andr\u00e9 (dir.), Un si\u00e8cle de formation des ing\u00e9nieurs \u00e9lectriciens, ancrage local et dynamique europ\u00e9enne&nbsp;: l\u2019exemple de Nancy, Paris, Ed. de la MSH, 2006, notamment p. &hellip; <a href=\"https:\/\/blogs.univ-jfc.fr\/universitas\/bibliographie\/\" class=\"more-link\">Continuer la lecture de <span class=\"screen-reader-text\">Bibliographie<\/span> <span class=\"meta-nav\">&rarr;<\/span><\/a><\/p>\n","protected":false},"author":19,"featured_media":0,"parent":0,"menu_order":0,"comment_status":"closed","ping_status":"closed","template":"","meta":[],"_links":{"self":[{"href":"https:\/\/blogs.univ-jfc.fr\/universitas\/wp-json\/wp\/v2\/pages\/3230"}],"collection":[{"href":"https:\/\/blogs.univ-jfc.fr\/universitas\/wp-json\/wp\/v2\/pages"}],"about":[{"href":"https:\/\/blogs.univ-jfc.fr\/universitas\/wp-json\/wp\/v2\/types\/page"}],"author":[{"embeddable":true,"href":"https:\/\/blogs.univ-jfc.fr\/universitas\/wp-json\/wp\/v2\/users\/19"}],"replies":[{"embeddable":true,"href":"https:\/\/blogs.univ-jfc.fr\/universitas\/wp-json\/wp\/v2\/comments?post=3230"}],"version-history":[{"count":1,"href":"https:\/\/blogs.univ-jfc.fr\/universitas\/wp-json\/wp\/v2\/pages\/3230\/revisions"}],"predecessor-version":[{"id":3232,"href":"https:\/\/blogs.univ-jfc.fr\/universitas\/wp-json\/wp\/v2\/pages\/3230\/revisions\/3232"}],"wp:attachment":[{"href":"https:\/\/blogs.univ-jfc.fr\/universitas\/wp-json\/wp\/v2\/media?parent=3230"}],"curies":[{"name":"wp","href":"https:\/\/api.w.org\/{rel}","templated":true}]}}