{"id":3314,"date":"2025-12-13T09:34:47","date_gmt":"2025-12-13T08:34:47","guid":{"rendered":"http:\/\/blogs.univ-jfc.fr\/universitas\/?page_id=3314"},"modified":"2025-12-16T13:41:18","modified_gmt":"2025-12-16T12:41:18","slug":"fondation-dune-collection-la-collection-de-paleontologie-de-la-faculte-des-sciences-de-toulouse","status":"publish","type":"page","link":"https:\/\/blogs.univ-jfc.fr\/universitas\/fondation-dune-collection-la-collection-de-paleontologie-de-la-faculte-des-sciences-de-toulouse\/","title":{"rendered":"Fondation d&rsquo;une collection &#8211;  La collection de pal\u00e9ontologie de la facult\u00e9 des sciences de Toulouse"},"content":{"rendered":"\n<div class=\"wp-block-cover alignfull has-yellow-background-color has-background-dim\" style=\"min-height:100vh\"><div class=\"wp-block-cover__inner-container\">\n<figure class=\"wp-block-gallery columns-3 is-cropped\"><ul class=\"blocks-gallery-grid\"><li class=\"blocks-gallery-item\"><figure><img loading=\"lazy\" width=\"500\" height=\"313\" src=\"https:\/\/blogs.univ-jfc.fr\/universitas\/wp-content\/uploads\/sites\/73\/2025\/12\/P1620972-Copie-1.jpg\" alt=\"\" data-id=\"3317\" data-full-url=\"https:\/\/blogs.univ-jfc.fr\/universitas\/wp-content\/uploads\/sites\/73\/2025\/12\/P1620972-Copie-1.jpg\" data-link=\"https:\/\/blogs.univ-jfc.fr\/universitas\/?attachment_id=3317\" class=\"wp-image-3317\" srcset=\"https:\/\/blogs.univ-jfc.fr\/universitas\/wp-content\/uploads\/sites\/73\/2025\/12\/P1620972-Copie-1.jpg 500w, https:\/\/blogs.univ-jfc.fr\/universitas\/wp-content\/uploads\/sites\/73\/2025\/12\/P1620972-Copie-1-300x188.jpg 300w\" sizes=\"(max-width: 500px) 100vw, 500px\" \/><figcaption class=\"blocks-gallery-item__caption\"><strong><a href=\"https:\/\/blogs.univ-jfc.fr\/universitas\/avant-propos\/\" data-type=\"URL\" data-id=\"https:\/\/blogs.univ-jfc.fr\/universitas\/avant-propos\/\"><span class=\"has-inline-color has-beige-color\">AVANT-PROPOS<\/span><\/a><\/strong><\/figcaption><\/figure><\/li><li class=\"blocks-gallery-item\"><figure><img loading=\"lazy\" width=\"192\" height=\"293\" src=\"https:\/\/blogs.univ-jfc.fr\/universitas\/wp-content\/uploads\/sites\/73\/2025\/12\/Philippe-Picot-de-Lapeyrouse-1.png\" alt=\"\" data-id=\"3318\" data-full-url=\"https:\/\/blogs.univ-jfc.fr\/universitas\/wp-content\/uploads\/sites\/73\/2025\/12\/Philippe-Picot-de-Lapeyrouse-1.png\" data-link=\"https:\/\/blogs.univ-jfc.fr\/universitas\/?attachment_id=3318\" class=\"wp-image-3318\" \/><figcaption class=\"blocks-gallery-item__caption\"><strong><a href=\"https:\/\/blogs.univ-jfc.fr\/universitas\/lorigine\/\" data-type=\"URL\" data-id=\"https:\/\/blogs.univ-jfc.fr\/universitas\/lorigine\/\" target=\"_blank\" rel=\"noreferrer noopener\"><span class=\"has-inline-color has-light-brown-color\">L&rsquo;ORIGINE<\/span><\/a><\/strong><\/figcaption><\/figure><\/li><li class=\"blocks-gallery-item\"><figure><img loading=\"lazy\" width=\"240\" height=\"256\" src=\"https:\/\/blogs.univ-jfc.fr\/universitas\/wp-content\/uploads\/sites\/73\/2025\/12\/Diapositive1-1.jpg\" alt=\"\" data-id=\"3562\" data-full-url=\"https:\/\/blogs.univ-jfc.fr\/universitas\/wp-content\/uploads\/sites\/73\/2025\/12\/Diapositive1-1.jpg\" data-link=\"https:\/\/blogs.univ-jfc.fr\/universitas\/fondation-dune-collection-la-collection-de-paleontologie-de-la-faculte-des-sciences-de-toulouse\/diapositive1-1\/\" class=\"wp-image-3562\" \/><figcaption class=\"blocks-gallery-item__caption\"><strong><a rel=\"noreferrer noopener\" href=\"https:\/\/blogs.univ-jfc.fr\/universitas\/le-temps-des-collections-encyclopediques-1841-1912\/\" data-type=\"URL\" data-id=\"https:\/\/blogs.univ-jfc.fr\/universitas\/le-temps-des-collections-encyclopediques-1841-1912\/\" target=\"_blank\"><span class=\"has-inline-color has-light-brown-color\">LE FONDATEUR<\/span><\/a><\/strong><\/figcaption><\/figure><\/li><li class=\"blocks-gallery-item\"><figure><img loading=\"lazy\" width=\"1024\" height=\"729\" src=\"https:\/\/blogs.univ-jfc.fr\/universitas\/wp-content\/uploads\/sites\/73\/2025\/12\/Ill.28.-Coll-geol-sc-Copie-1024x729.jpg\" alt=\"\" data-id=\"3581\" data-full-url=\"https:\/\/blogs.univ-jfc.fr\/universitas\/wp-content\/uploads\/sites\/73\/2025\/12\/Ill.28.-Coll-geol-sc-Copie.jpg\" data-link=\"https:\/\/blogs.univ-jfc.fr\/universitas\/fondation-dune-collection-la-collection-de-paleontologie-de-la-faculte-des-sciences-de-toulouse\/ill-28-coll-geol-sc-copie\/\" class=\"wp-image-3581\" srcset=\"https:\/\/blogs.univ-jfc.fr\/universitas\/wp-content\/uploads\/sites\/73\/2025\/12\/Ill.28.-Coll-geol-sc-Copie-1024x729.jpg 1024w, https:\/\/blogs.univ-jfc.fr\/universitas\/wp-content\/uploads\/sites\/73\/2025\/12\/Ill.28.-Coll-geol-sc-Copie-300x213.jpg 300w, https:\/\/blogs.univ-jfc.fr\/universitas\/wp-content\/uploads\/sites\/73\/2025\/12\/Ill.28.-Coll-geol-sc-Copie-768x546.jpg 768w, https:\/\/blogs.univ-jfc.fr\/universitas\/wp-content\/uploads\/sites\/73\/2025\/12\/Ill.28.-Coll-geol-sc-Copie.jpg 1286w\" sizes=\"(max-width: 1024px) 100vw, 1024px\" \/><figcaption class=\"blocks-gallery-item__caption\"><strong><a rel=\"noreferrer noopener\" href=\"https:\/\/blogs.univ-jfc.fr\/universitas\/les-collections-pyreneennes-apres-1912\/\" data-type=\"URL\" data-id=\"https:\/\/blogs.univ-jfc.fr\/universitas\/les-collections-pyreneennes-apres-1912\/\" target=\"_blank\"><span class=\"has-inline-color has-light-brown-color\">LES COLLECTIONS ENTRE 1890 ET 1922<\/span><\/a><\/strong><\/figcaption><\/figure><\/li><li class=\"blocks-gallery-item\"><figure><img loading=\"lazy\" width=\"500\" height=\"318\" src=\"https:\/\/blogs.univ-jfc.fr\/universitas\/wp-content\/uploads\/sites\/73\/2025\/12\/AMT-_FRAC31555_9Fi1900-Copie-1.jpg\" alt=\"\" data-id=\"3346\" data-full-url=\"https:\/\/blogs.univ-jfc.fr\/universitas\/wp-content\/uploads\/sites\/73\/2025\/12\/AMT-_FRAC31555_9Fi1900-Copie-1.jpg\" data-link=\"https:\/\/blogs.univ-jfc.fr\/universitas\/fondation-dune-collection-la-collection-de-paleontologie-de-la-faculte-des-sciences-de-toulouse\/amt-_frac31555_9fi1900-copie-1\/\" class=\"wp-image-3346\" srcset=\"https:\/\/blogs.univ-jfc.fr\/universitas\/wp-content\/uploads\/sites\/73\/2025\/12\/AMT-_FRAC31555_9Fi1900-Copie-1.jpg 500w, https:\/\/blogs.univ-jfc.fr\/universitas\/wp-content\/uploads\/sites\/73\/2025\/12\/AMT-_FRAC31555_9Fi1900-Copie-1-300x191.jpg 300w\" sizes=\"(max-width: 500px) 100vw, 500px\" \/><figcaption class=\"blocks-gallery-item__caption\"><strong><a href=\"https:\/\/blogs.univ-jfc.fr\/universitas\/les-titulaires-de-chaires-et-charges-de-cours-de-geologie-de-la-faculte-des-sciences-de-toulouse\/\" data-type=\"URL\" data-id=\"https:\/\/blogs.univ-jfc.fr\/universitas\/les-titulaires-de-chaires-et-charges-de-cours-de-geologie-de-la-faculte-des-sciences-de-toulouse\/\"><span class=\"has-inline-color has-light-brown-color\">LES  TITULAIRES DE CHAIRES ET CHARGES DE COURS DE G\u00c9OLOGIE DE LA FACULT\u00c9<\/span><\/a><\/strong><\/figcaption><\/figure><\/li><li class=\"blocks-gallery-item\"><figure><img loading=\"lazy\" width=\"800\" height=\"533\" src=\"https:\/\/blogs.univ-jfc.fr\/universitas\/wp-content\/uploads\/sites\/73\/2025\/12\/Allees-Salle-generale-1.jpg\" alt=\"\" data-id=\"3582\" data-full-url=\"https:\/\/blogs.univ-jfc.fr\/universitas\/wp-content\/uploads\/sites\/73\/2025\/12\/Allees-Salle-generale-1.jpg\" data-link=\"https:\/\/blogs.univ-jfc.fr\/universitas\/fondation-dune-collection-la-collection-de-paleontologie-de-la-faculte-des-sciences-de-toulouse\/allees-salle-generale-1\/\" class=\"wp-image-3582\" srcset=\"https:\/\/blogs.univ-jfc.fr\/universitas\/wp-content\/uploads\/sites\/73\/2025\/12\/Allees-Salle-generale-1.jpg 800w, https:\/\/blogs.univ-jfc.fr\/universitas\/wp-content\/uploads\/sites\/73\/2025\/12\/Allees-Salle-generale-1-300x200.jpg 300w, https:\/\/blogs.univ-jfc.fr\/universitas\/wp-content\/uploads\/sites\/73\/2025\/12\/Allees-Salle-generale-1-768x512.jpg 768w\" sizes=\"(max-width: 800px) 100vw, 800px\" \/><figcaption class=\"blocks-gallery-item__caption\"><strong><a href=\"https:\/\/blogs.univ-jfc.fr\/universitas\/la-collection-en-2000\/\" data-type=\"URL\" data-id=\"https:\/\/blogs.univ-jfc.fr\/universitas\/la-collection-en-2000\/\"><span class=\"has-inline-color has-light-brown-color\">LA COLLECTION DE 1968 A 1991<\/span><\/a><\/strong><\/figcaption><\/figure><\/li><li class=\"blocks-gallery-item\"><figure><img loading=\"lazy\" width=\"500\" height=\"357\" src=\"https:\/\/blogs.univ-jfc.fr\/universitas\/wp-content\/uploads\/sites\/73\/2025\/12\/hangar-1.jpg\" alt=\"\" data-id=\"3510\" data-full-url=\"https:\/\/blogs.univ-jfc.fr\/universitas\/wp-content\/uploads\/sites\/73\/2025\/12\/hangar-1.jpg\" data-link=\"https:\/\/blogs.univ-jfc.fr\/universitas\/fondation-dune-collection-la-collection-de-paleontologie-de-la-faculte-des-sciences-de-toulouse\/hangar-1\/\" class=\"wp-image-3510\" srcset=\"https:\/\/blogs.univ-jfc.fr\/universitas\/wp-content\/uploads\/sites\/73\/2025\/12\/hangar-1.jpg 500w, https:\/\/blogs.univ-jfc.fr\/universitas\/wp-content\/uploads\/sites\/73\/2025\/12\/hangar-1-300x214.jpg 300w\" sizes=\"(max-width: 500px) 100vw, 500px\" \/><figcaption class=\"blocks-gallery-item__caption\"><strong><a href=\"https:\/\/blogs.univ-jfc.fr\/universitas\/1992-2004\/\" data-type=\"URL\" data-id=\"https:\/\/blogs.univ-jfc.fr\/universitas\/1992-2004\/\"><span class=\"has-inline-color has-light-brown-color\">1992 -2011 : QUE FAIRE ET OU METTRE LA COLLECTION ?<\/span><\/a><\/strong><\/figcaption><\/figure><\/li><li class=\"blocks-gallery-item\"><figure><img loading=\"lazy\" width=\"257\" height=\"275\" src=\"https:\/\/blogs.univ-jfc.fr\/universitas\/wp-content\/uploads\/sites\/73\/2025\/12\/1641394719822.png\" alt=\"\" data-id=\"3512\" data-full-url=\"https:\/\/blogs.univ-jfc.fr\/universitas\/wp-content\/uploads\/sites\/73\/2025\/12\/1641394719822.png\" data-link=\"https:\/\/blogs.univ-jfc.fr\/universitas\/fondation-dune-collection-la-collection-de-paleontologie-de-la-faculte-des-sciences-de-toulouse\/attachment\/1641394719822\/\" class=\"wp-image-3512\" \/><figcaption class=\"blocks-gallery-item__caption\"><strong><a rel=\"noreferrer noopener\" href=\"https:\/\/blogs.univ-jfc.fr\/universitas\/2011-la-collection-cachee\/\" data-type=\"URL\" data-id=\"https:\/\/blogs.univ-jfc.fr\/universitas\/2011-la-collection-cachee\/\" target=\"_blank\"><span class=\"has-inline-color has-light-brown-color\">CONCLUSION ET DOCUMENTATION<\/span><\/a><\/strong><\/figcaption><\/figure><\/li><\/ul><\/figure>\n<\/div><\/div>\n\n\n\n<p class=\"has-text-align-center\"><strong>Exposition r\u00e9alis\u00e9e et propos\u00e9e par le Pr Michel Bilotte.<\/strong><\/p>\n","protected":false},"excerpt":{"rendered":"<p>Exposition r\u00e9alis\u00e9e et propos\u00e9e par le Pr Michel Bilotte.<\/p>\n","protected":false},"author":19,"featured_media":0,"parent":0,"menu_order":0,"comment_status":"closed","ping_status":"closed","template":"","meta":[],"_links":{"self":[{"href":"https:\/\/blogs.univ-jfc.fr\/universitas\/wp-json\/wp\/v2\/pages\/3314"}],"collection":[{"href":"https:\/\/blogs.univ-jfc.fr\/universitas\/wp-json\/wp\/v2\/pages"}],"about":[{"href":"https:\/\/blogs.univ-jfc.fr\/universitas\/wp-json\/wp\/v2\/types\/page"}],"author":[{"embeddable":true,"href":"https:\/\/blogs.univ-jfc.fr\/universitas\/wp-json\/wp\/v2\/users\/19"}],"replies":[{"embeddable":true,"href":"https:\/\/blogs.univ-jfc.fr\/universitas\/wp-json\/wp\/v2\/comments?post=3314"}],"version-history":[{"count":38,"href":"https:\/\/blogs.univ-jfc.fr\/universitas\/wp-json\/wp\/v2\/pages\/3314\/revisions"}],"predecessor-version":[{"id":3595,"href":"https:\/\/blogs.univ-jfc.fr\/universitas\/wp-json\/wp\/v2\/pages\/3314\/revisions\/3595"}],"wp:attachment":[{"href":"https:\/\/blogs.univ-jfc.fr\/universitas\/wp-json\/wp\/v2\/media?parent=3314"}],"curies":[{"name":"wp","href":"https:\/\/api.w.org\/{rel}","templated":true}]}}