{"id":3325,"date":"2025-12-13T09:35:39","date_gmt":"2025-12-13T08:35:39","guid":{"rendered":"http:\/\/blogs.univ-jfc.fr\/universitas\/?page_id=3325"},"modified":"2025-12-14T11:19:41","modified_gmt":"2025-12-14T10:19:41","slug":"avant-propos","status":"publish","type":"page","link":"https:\/\/blogs.univ-jfc.fr\/universitas\/avant-propos\/","title":{"rendered":"Avant-Propos"},"content":{"rendered":"\n<h6>Conserv\u00e9e jusqu&rsquo;en 2011 dans les locaux historiques de la Facult\u00e9 des sciences, au 39 des all\u00e9es Jules Guesde, les collections de g\u00e9ologie de l&rsquo;Universit\u00e9 de Toulouse (ex Universit\u00e9 Paul Sabatier) ont pour origine le cabinet de curiosit\u00e9s du naturaliste toulousain Philippe Picot de Lapeyrouse (1744-1818). Depuis, elles n&rsquo;ont cess\u00e9 de s&rsquo;enrichir par achats &#8211; pratique surtout courante \u00e0 la fin du XIXe si\u00e8cle -, par \u00e9changes et surtout par les d\u00e9p\u00f4ts successifs de g\u00e9n\u00e9rations d&rsquo;enseignants, de chercheurs et de donateurs.<\/h6>\n\n\n\n<h6>Les collections pal\u00e9ontologiques de l\u2019universit\u00e9 sont de provenances diverses, mondiales, nationales et pyr\u00e9n\u00e9ennes, ces derni\u00e8res constituant un ensemble unique qui regroupe en un m\u00eame lieu les t\u00e9moins de la vie et de l&rsquo;\u00e9volution g\u00e9ologique du domaine pyr\u00e9n\u00e9en pendant pr\u00e8s de 450 millions d&rsquo;ann\u00e9es. A ce titre, elles repr\u00e9sentent un patrimoine scientifique et culturel inestimable.<\/h6>\n\n\n\n<h6>Quand le d\u00e9m\u00e9nagement des Sciences de la Terre sur le campus de Rangueil s&rsquo;est profil\u00e9, la question de l&rsquo;accueil de cette formidable collection de 400 000 pi\u00e8ces s&rsquo;est pos\u00e9e.<\/h6>\n\n\n\n<h6>C&rsquo;est sur l&rsquo;histoire de cette collection et sur ceux qui l&rsquo;ont constitu\u00e9e que revient cette exposition.<\/h6>\n\n\n\n<h6 class=\"has-text-align-right\"><strong>Michel Bilotte<\/strong>, g\u00e9ologue, professeur \u00e9m\u00e9rite de l&rsquo;Universit\u00e9 de Toulouse<\/h6>\n\n\n\n<div class=\"wp-block-buttons\">\n<div class=\"wp-block-button\"><a class=\"wp-block-button__link\" href=\"https:\/\/blogs.univ-jfc.fr\/universitas\/fondation-dune-collection-la-collection-de-paleontologie-de-la-faculte-des-sciences-de-toulouse\/\" target=\"_blank\" rel=\"noreferrer noopener\">Retour \u00e0 l&rsquo;accueil<\/a><\/div>\n\n\n\n<div class=\"wp-block-button\"><a class=\"wp-block-button__link\" href=\"https:\/\/blogs.univ-jfc.fr\/universitas\/lorigine\/\" target=\"_blank\" rel=\"noreferrer noopener\">Commencer l&rsquo;exposition<\/a><\/div>\n<\/div>\n\n\n\n<h6 class=\"has-text-align-right\"><\/h6>\n","protected":false},"excerpt":{"rendered":"<p>Conserv\u00e9e jusqu&rsquo;en 2011 dans les locaux historiques de la Facult\u00e9 des sciences, au 39 des all\u00e9es Jules Guesde, les collections de g\u00e9ologie de l&rsquo;Universit\u00e9 de Toulouse (ex Universit\u00e9 Paul Sabatier) ont pour origine le cabinet de curiosit\u00e9s du naturaliste toulousain Philippe Picot de Lapeyrouse (1744-1818). Depuis, elles n&rsquo;ont cess\u00e9 de s&rsquo;enrichir par achats &#8211; pratique &hellip; <a href=\"https:\/\/blogs.univ-jfc.fr\/universitas\/avant-propos\/\" class=\"more-link\">Continuer la lecture de <span class=\"screen-reader-text\">Avant-Propos<\/span> <span class=\"meta-nav\">&rarr;<\/span><\/a><\/p>\n","protected":false},"author":19,"featured_media":0,"parent":0,"menu_order":0,"comment_status":"closed","ping_status":"closed","template":"","meta":[],"_links":{"self":[{"href":"https:\/\/blogs.univ-jfc.fr\/universitas\/wp-json\/wp\/v2\/pages\/3325"}],"collection":[{"href":"https:\/\/blogs.univ-jfc.fr\/universitas\/wp-json\/wp\/v2\/pages"}],"about":[{"href":"https:\/\/blogs.univ-jfc.fr\/universitas\/wp-json\/wp\/v2\/types\/page"}],"author":[{"embeddable":true,"href":"https:\/\/blogs.univ-jfc.fr\/universitas\/wp-json\/wp\/v2\/users\/19"}],"replies":[{"embeddable":true,"href":"https:\/\/blogs.univ-jfc.fr\/universitas\/wp-json\/wp\/v2\/comments?post=3325"}],"version-history":[{"count":7,"href":"https:\/\/blogs.univ-jfc.fr\/universitas\/wp-json\/wp\/v2\/pages\/3325\/revisions"}],"predecessor-version":[{"id":3518,"href":"https:\/\/blogs.univ-jfc.fr\/universitas\/wp-json\/wp\/v2\/pages\/3325\/revisions\/3518"}],"wp:attachment":[{"href":"https:\/\/blogs.univ-jfc.fr\/universitas\/wp-json\/wp\/v2\/media?parent=3325"}],"curies":[{"name":"wp","href":"https:\/\/api.w.org\/{rel}","templated":true}]}}