{"id":3329,"date":"2025-12-13T09:37:27","date_gmt":"2025-12-13T08:37:27","guid":{"rendered":"http:\/\/blogs.univ-jfc.fr\/universitas\/?page_id=3329"},"modified":"2025-12-14T18:44:27","modified_gmt":"2025-12-14T17:44:27","slug":"lorigine","status":"publish","type":"page","link":"https:\/\/blogs.univ-jfc.fr\/universitas\/lorigine\/","title":{"rendered":"L&rsquo;origine : le cabinet de curiosit\u00e9s de Philippe Picot de Lapeyrouse"},"content":{"rendered":"\n<div class=\"wp-block-media-text alignwide is-stacked-on-mobile\" style=\"grid-template-columns:36% auto\"><figure class=\"wp-block-media-text__media\"><img loading=\"lazy\" width=\"192\" height=\"293\" src=\"https:\/\/blogs.univ-jfc.fr\/universitas\/wp-content\/uploads\/sites\/73\/2025\/12\/Philippe-Picot-de-Lapeyrouse-2.png\" alt=\"\" class=\"wp-image-3364 size-full\" \/><\/figure><div class=\"wp-block-media-text__content\">\n<p>Scientifique de renom et homme politique influent, Philippe Picot de Lapeyrouse  (1744-1818) compte parmi les plus \u00e9minents naturalistes de son temps. A partir de 1771, il consacra la plus grande partie de ses activit\u00e9s \u00e0 la constitution d&rsquo;un remarquable \u00ab\u00a0cabinet de curiosit\u00e9s\u00a0\u00bb d\u00e9di\u00e9 surtout aux r\u00e9gions pyr\u00e9n\u00e9ennes et particuli\u00e8rement c\u00e9l\u00e8bre par la richesse et la vari\u00e9t\u00e9 de ses flores et de ses min\u00e9raux.<\/p>\n\n\n\n<div class=\"wp-block-buttons\"><\/div>\n\n\n\n<p>A la cr\u00e9ation de la facult\u00e9 des sciences, il devient le premier titulaire de la chaire de sciences naturelles et, en 1811, le doyen de cette institution. A sa mort, en 1818, sa collection, essentiellement min\u00e9ralogique, se composait de 2 545 pi\u00e8ces. Elle fut c\u00e9d\u00e9e en 1823 \u00e0 la facult\u00e9 par son fils et successeur \u00e0 la chaire de sciences naturelles, Isidore Picot de Lapeyrouse (1776-1835), devenant ainsi le noyau originel des collections g\u00e9ologiques de la facult\u00e9 des sciences.<\/p>\n\n\n\n<p>La collection n&rsquo;\u00e9volue pas apr\u00e8s sa mort car ses successeurs, son fils Isidore de 1818 \u00e0 1836, puis Alfred Moquin-Tandon de 1836 \u00e0 1854, sont tous deux botanistes.<\/p>\n\n\n\n<div class=\"wp-block-buttons\">\n<div class=\"wp-block-button\"><a class=\"wp-block-button__link\" href=\"https:\/\/journals.openedition.org\/pds\/5996\" target=\"_blank\" rel=\"noreferrer noopener\"><span class=\"has-inline-color has-dark-gray-color\"><strong>La collection de cartes \u00e0 jouer de Philippe Picot de Lapeyrouse<\/strong><\/span><\/a><\/div>\n<\/div>\n\n\n\n<div class=\"wp-block-buttons\">\n<div class=\"wp-block-button\"><a class=\"wp-block-button__link\" href=\"https:\/\/blogs.univ-jfc.fr\/universitas\/fondation-dune-collection-la-collection-de-paleontologie-de-la-faculte-des-sciences-de-toulouse\/\">Retourner \u00e0 l&rsquo;accueil<\/a><\/div>\n\n\n\n<div class=\"wp-block-button\"><a class=\"wp-block-button__link\" href=\"https:\/\/blogs.univ-jfc.fr\/universitas\/le-temps-des-collections-encyclopediques-1841-1912\/\" target=\"_blank\" rel=\"noreferrer noopener\">Suite de l&rsquo;exposition<\/a><\/div>\n<\/div>\n<\/div><\/div>\n","protected":false},"excerpt":{"rendered":"","protected":false},"author":19,"featured_media":0,"parent":0,"menu_order":0,"comment_status":"closed","ping_status":"closed","template":"","meta":[],"_links":{"self":[{"href":"https:\/\/blogs.univ-jfc.fr\/universitas\/wp-json\/wp\/v2\/pages\/3329"}],"collection":[{"href":"https:\/\/blogs.univ-jfc.fr\/universitas\/wp-json\/wp\/v2\/pages"}],"about":[{"href":"https:\/\/blogs.univ-jfc.fr\/universitas\/wp-json\/wp\/v2\/types\/page"}],"author":[{"embeddable":true,"href":"https:\/\/blogs.univ-jfc.fr\/universitas\/wp-json\/wp\/v2\/users\/19"}],"replies":[{"embeddable":true,"href":"https:\/\/blogs.univ-jfc.fr\/universitas\/wp-json\/wp\/v2\/comments?post=3329"}],"version-history":[{"count":15,"href":"https:\/\/blogs.univ-jfc.fr\/universitas\/wp-json\/wp\/v2\/pages\/3329\/revisions"}],"predecessor-version":[{"id":3531,"href":"https:\/\/blogs.univ-jfc.fr\/universitas\/wp-json\/wp\/v2\/pages\/3329\/revisions\/3531"}],"wp:attachment":[{"href":"https:\/\/blogs.univ-jfc.fr\/universitas\/wp-json\/wp\/v2\/media?parent=3329"}],"curies":[{"name":"wp","href":"https:\/\/api.w.org\/{rel}","templated":true}]}}