{"id":3339,"date":"2025-12-13T09:42:13","date_gmt":"2025-12-13T08:42:13","guid":{"rendered":"http:\/\/blogs.univ-jfc.fr\/universitas\/?page_id=3339"},"modified":"2025-12-16T15:18:29","modified_gmt":"2025-12-16T14:18:29","slug":"les-collections-pyreneennes-apres-1912","status":"publish","type":"page","link":"https:\/\/blogs.univ-jfc.fr\/universitas\/les-collections-pyreneennes-apres-1912\/","title":{"rendered":"LES COLLECTIONS ENTRE 1890 ET 1922"},"content":{"rendered":"\n<div class=\"wp-block-media-text alignwide is-stacked-on-mobile\" style=\"grid-template-columns:38% auto\"><figure class=\"wp-block-media-text__media\"><img loading=\"lazy\" width=\"600\" height=\"857\" src=\"https:\/\/blogs.univ-jfc.fr\/universitas\/wp-content\/uploads\/sites\/73\/2025\/12\/charles-jacob-CNRS-1.jpg\" alt=\"\" class=\"wp-image-3410 size-full\" srcset=\"https:\/\/blogs.univ-jfc.fr\/universitas\/wp-content\/uploads\/sites\/73\/2025\/12\/charles-jacob-CNRS-1.jpg 600w, https:\/\/blogs.univ-jfc.fr\/universitas\/wp-content\/uploads\/sites\/73\/2025\/12\/charles-jacob-CNRS-1-210x300.jpg 210w\" sizes=\"(max-width: 600px) 100vw, 600px\" \/><\/figure><div class=\"wp-block-media-text__content\">\n<p>Apr\u00e8s une p\u00e9riode de stagnation li\u00e9e au passage rapide des occupants de la chaire de g\u00e9ologie min\u00e9ralogie, d\u00e9doubl\u00e9e en 1903, la nomination toulousaine (1912) de Charles Jacob (1878-1962) marque un tournant dans l&rsquo;\u00e9volution des collections. Le caract\u00e8re encyclop\u00e9dique est abandonn\u00e9 au profit de la r\u00e9colte d&rsquo;un mat\u00e9riel r\u00e9gional. D\u00e9sormais, ce sont les recherches propres des personnels du laboratoire   qui alimentent un fonds pyr\u00e9n\u00e9en du plus grand int\u00e9r\u00eat.<\/p>\n\n\n\n<p>Il lance les premiers travaux de g\u00e9ologie modernes sur les Pyr\u00e9n\u00e9es et dirige les premiers dipl\u00f4mes d&rsquo;\u00e9tudes sup\u00e9rieures qui sortent d\u00e8s 1913. D\u00e8s lors les \u00e9tudiants d\u00e9posent syst\u00e9matiquement les roches et fossiles r\u00e9colt\u00e9es pendant leurs investigations de terrain dans les collections du laboratoire.<\/p>\n\n\n\n<p>Profitant du d\u00e9m\u00e9nagement de l&rsquo;institut de chimie rue Sainte-Catherine, les collections voient leur espace doubler. Un fond Pasteur, puis la taxe d&rsquo;apprentissage permettent d\u2019acqu\u00e9rir un mobilier d&rsquo;exposition et de stockage de qualit\u00e9 (Jacob, 1927).<\/p>\n\n\n\n<p><em><span class=\"has-inline-color has-light-brown-color\">Portrait photographique de Charles Jacob (1878-1962) &#8211; CNRS<\/span><\/em><\/p>\n<\/div><\/div>\n\n\n\n<div class=\"wp-block-buttons\"><\/div>\n\n\n\n<div class=\"wp-block-media-text alignwide is-stacked-on-mobile\" style=\"grid-template-columns:40% auto\"><figure class=\"wp-block-media-text__media\"><img loading=\"lazy\" width=\"240\" height=\"312\" src=\"https:\/\/blogs.univ-jfc.fr\/universitas\/wp-content\/uploads\/sites\/73\/2025\/12\/louis-mengaud-2.png\" alt=\"\" class=\"wp-image-3412 size-full\" srcset=\"https:\/\/blogs.univ-jfc.fr\/universitas\/wp-content\/uploads\/sites\/73\/2025\/12\/louis-mengaud-2.png 240w, https:\/\/blogs.univ-jfc.fr\/universitas\/wp-content\/uploads\/sites\/73\/2025\/12\/louis-mengaud-2-231x300.png 231w\" sizes=\"(max-width: 240px) 100vw, 240px\" \/><\/figure><div class=\"wp-block-media-text__content\">\n<p>Louis Mengaud occupe la chaire de 1928 \u00e0 1943 et d\u00e9pose, \u00e0 son tour, dans le laboratoire dont il est devenu le directeur, de tr\u00e8s riches s\u00e9ries de roches et de fossiles provenant aussi bien  des r\u00e9gions cantabriques que pyr\u00e9n\u00e9ennes et aquitaines. <\/p>\n\n\n\n<p><em><span class=\"has-inline-color has-light-brown-color\">Portrait photographique de Louis Mengaud (1876-1957)<\/span><\/em><\/p>\n<\/div><\/div>\n\n\n\n<div class=\"wp-block-media-text alignwide is-stacked-on-mobile\" style=\"grid-template-columns:41% auto\"><figure class=\"wp-block-media-text__media\"><img loading=\"lazy\" width=\"241\" height=\"350\" src=\"https:\/\/blogs.univ-jfc.fr\/universitas\/wp-content\/uploads\/sites\/73\/2025\/12\/cASTERAS-M.-Billote.png\" alt=\"\" class=\"wp-image-3444 size-full\" srcset=\"https:\/\/blogs.univ-jfc.fr\/universitas\/wp-content\/uploads\/sites\/73\/2025\/12\/cASTERAS-M.-Billote.png 241w, https:\/\/blogs.univ-jfc.fr\/universitas\/wp-content\/uploads\/sites\/73\/2025\/12\/cASTERAS-M.-Billote-207x300.png 207w\" sizes=\"(max-width: 241px) 100vw, 241px\" \/><\/figure><div class=\"wp-block-media-text__content\">\n<p class=\"has-large-font-size\"><\/p>\n\n\n\n<p>En 1943, c&rsquo;est Marcel Casteras qui occupe la chaire. Les tr\u00e8s nombreux dipl\u00f4mes qui sont soutenus (DES, th\u00e8ses de doctorat de sp\u00e9cialit\u00e9 ou d\u2019\u00c9tat) enrichissent consid\u00e9rablement les collections pyr\u00e9n\u00e9ennes de roches et de fossiles. Les publications scientifiques qui d\u00e9coulent de ces recherches donnent \u00e0 une partie de ce mat\u00e9riel un statut particulier : toute pi\u00e8ce d\u00e9crite et figur\u00e9e pour la premi\u00e8re fois acquiert le statut de \u00ab\u00a0type\u00a0\u00bb. Toute pi\u00e8ce repr\u00e9sent\u00e9e \u00e0 l&rsquo;appui d&rsquo;une attribution stratigraphique ou pal\u00e9ontologique, mais dont le statut sp\u00e9cifique est d\u00e9j\u00e0 d\u00e9fini devient une \u00ab\u00a0figur\u00e9\u00a0\u00bb.<\/p>\n\n\n\n<p>La collection pyr\u00e9n\u00e9enne de Toulouse devient une r\u00e9f\u00e9rence. Elle regroupe en un lieu unique les t\u00e9moins d&rsquo;une histoire qui s&rsquo;est d\u00e9velopp\u00e9 sur plus de 450 millions d&rsquo;ann\u00e9es, du cambrien \u00e0 l&rsquo;actuel. <\/p>\n\n\n\n<p><em><span class=\"has-inline-color has-light-brown-color\">Portrait photographique de Marce<\/span><\/em><span class=\"has-inline-color has-light-brown-color\"><em>l Casteras r\u00e9alis\u00e9 par le studio Jean Cousin et transmis par Mme Casteras. <\/em><\/span><\/p>\n<\/div><\/div>\n\n\n\n<div class=\"wp-block-buttons\">\n<div class=\"wp-block-button\"><a class=\"wp-block-button__link\" href=\"https:\/\/blogs.univ-jfc.fr\/universitas\/fondation-dune-collection-la-collection-de-paleontologie-de-la-faculte-des-sciences-de-toulouse\/\"><strong>Retour \u00e0 l&rsquo;accueil<\/strong><\/a><\/div>\n\n\n\n<div class=\"wp-block-button\"><a class=\"wp-block-button__link\" href=\"https:\/\/blogs.univ-jfc.fr\/universitas\/la-collection-en-2000\/\" target=\"_blank\" rel=\"noreferrer noopener\"><strong>Suite de l&rsquo;exposition<\/strong><\/a><\/div>\n<\/div>\n","protected":false},"excerpt":{"rendered":"<p>Apr\u00e8s une p\u00e9riode de stagnation li\u00e9e au passage rapide des occupants de la chaire de g\u00e9ologie min\u00e9ralogie, d\u00e9doubl\u00e9e en 1903, la nomination toulousaine (1912) de Charles Jacob (1878-1962) marque un tournant dans l&rsquo;\u00e9volution des collections. Le caract\u00e8re encyclop\u00e9dique est abandonn\u00e9 au profit de la r\u00e9colte d&rsquo;un mat\u00e9riel r\u00e9gional. D\u00e9sormais, ce sont les recherches propres des &hellip; <a href=\"https:\/\/blogs.univ-jfc.fr\/universitas\/les-collections-pyreneennes-apres-1912\/\" class=\"more-link\">Continuer la lecture de <span class=\"screen-reader-text\">LES COLLECTIONS ENTRE 1890 ET 1922<\/span> <span class=\"meta-nav\">&rarr;<\/span><\/a><\/p>\n","protected":false},"author":19,"featured_media":0,"parent":0,"menu_order":0,"comment_status":"closed","ping_status":"closed","template":"","meta":[],"_links":{"self":[{"href":"https:\/\/blogs.univ-jfc.fr\/universitas\/wp-json\/wp\/v2\/pages\/3339"}],"collection":[{"href":"https:\/\/blogs.univ-jfc.fr\/universitas\/wp-json\/wp\/v2\/pages"}],"about":[{"href":"https:\/\/blogs.univ-jfc.fr\/universitas\/wp-json\/wp\/v2\/types\/page"}],"author":[{"embeddable":true,"href":"https:\/\/blogs.univ-jfc.fr\/universitas\/wp-json\/wp\/v2\/users\/19"}],"replies":[{"embeddable":true,"href":"https:\/\/blogs.univ-jfc.fr\/universitas\/wp-json\/wp\/v2\/comments?post=3339"}],"version-history":[{"count":19,"href":"https:\/\/blogs.univ-jfc.fr\/universitas\/wp-json\/wp\/v2\/pages\/3339\/revisions"}],"predecessor-version":[{"id":3602,"href":"https:\/\/blogs.univ-jfc.fr\/universitas\/wp-json\/wp\/v2\/pages\/3339\/revisions\/3602"}],"wp:attachment":[{"href":"https:\/\/blogs.univ-jfc.fr\/universitas\/wp-json\/wp\/v2\/media?parent=3339"}],"curies":[{"name":"wp","href":"https:\/\/api.w.org\/{rel}","templated":true}]}}