{"id":3349,"date":"2025-12-13T11:13:55","date_gmt":"2025-12-13T10:13:55","guid":{"rendered":"http:\/\/blogs.univ-jfc.fr\/universitas\/?page_id=3349"},"modified":"2025-12-16T13:50:30","modified_gmt":"2025-12-16T12:50:30","slug":"la-collection-en-2000","status":"publish","type":"page","link":"https:\/\/blogs.univ-jfc.fr\/universitas\/la-collection-en-2000\/","title":{"rendered":"LA COLLECTION DE 1968 A 1991"},"content":{"rendered":"\n<p>Les \u00e9v\u00e8nements de 1968 et la loi Faure engendr\u00e8rent la suppression des chaires et les laboratoires perdirent de ce fait la direction unique qui, bonne ou mauvaise, avait assur\u00e9 leur p\u00e9rennit\u00e9. Ils devinrent les centres de rattachement d\u2019\u00e9quipes de recherche ayant \u00e0 leur t\u00eate un directeur universitaire ou un chercheur du CNRS. Le \u00ab\u00a0laboratoire de g\u00e9ologie de Toulouse\u00a0\u00bb ne d\u00e9rogea pas \u00e0 cette mutation. Dans toutes les \u00e9quipes, la recherche prit une importance grandissante et le nombre de doctorants aussi. En 1968, il y a 7 doctorants relevant de trois directions diff\u00e9rentes : M. Cast\u00e9ras, Y. Gourinard et P. Souquet. La dur\u00e9e des \u00e9tudes (DEA + th\u00e8se de 3e cycle) \u00e9tait environ de 3 ans.<\/p>\n\n\n\n<p>En 1970, les paillasses des locaux exigus du laboratoire accueillent plus de dix personnes, devant chacune des fen\u00eatres des deux salles de collection. La recherche de place pour y d\u00e9poser chacun son mat\u00e9riel impacte le bel ordonnancement chronologique. La seule loi qui g\u00e9ra les collections \u00e0 cette \u00e9poque fut celle du \u00ab\u00a0bon vouloir\u00a0\u00bb et l&rsquo;engagement, pour chacun, de d\u00e9poser dans les collections les pi\u00e8ces de r\u00e9f\u00e9rence ne fut pas toujours respect\u00e9.<\/p>\n\n\n\n<div class=\"wp-block-media-text alignwide is-stacked-on-mobile\" style=\"grid-template-columns:56% auto\"><figure class=\"wp-block-media-text__media\"><img loading=\"lazy\" width=\"800\" height=\"533\" src=\"https:\/\/blogs.univ-jfc.fr\/universitas\/wp-content\/uploads\/sites\/73\/2025\/12\/Allees-Salle-generale.jpg\" alt=\"\" class=\"wp-image-3552 size-full\" srcset=\"https:\/\/blogs.univ-jfc.fr\/universitas\/wp-content\/uploads\/sites\/73\/2025\/12\/Allees-Salle-generale.jpg 800w, https:\/\/blogs.univ-jfc.fr\/universitas\/wp-content\/uploads\/sites\/73\/2025\/12\/Allees-Salle-generale-300x200.jpg 300w, https:\/\/blogs.univ-jfc.fr\/universitas\/wp-content\/uploads\/sites\/73\/2025\/12\/Allees-Salle-generale-768x512.jpg 768w\" sizes=\"(max-width: 800px) 100vw, 800px\" \/><\/figure><div class=\"wp-block-media-text__content\">\n<p><\/p>\n\n\n\n<p><em><span class=\"has-inline-color has-light-brown-color\"> La salle g\u00e9n\u00e9rale des collections pal\u00e9ontologiques dans les locaux de l&rsquo;universit\u00e9 all\u00e9es Jules Guesde avant leur d\u00e9m\u00e9nagement en 2011 &#8211; \u00a9 Patrick Dumas<\/span><\/em><\/p>\n<\/div><\/div>\n\n\n\n<div class=\"wp-block-media-text alignwide is-stacked-on-mobile\" style=\"grid-template-columns:56% auto\"><figure class=\"wp-block-media-text__media\"><img loading=\"lazy\" width=\"800\" height=\"533\" src=\"https:\/\/blogs.univ-jfc.fr\/universitas\/wp-content\/uploads\/sites\/73\/2025\/12\/Salle-pyr.01-allees.jpg\" alt=\"\" class=\"wp-image-3553 size-full\" srcset=\"https:\/\/blogs.univ-jfc.fr\/universitas\/wp-content\/uploads\/sites\/73\/2025\/12\/Salle-pyr.01-allees.jpg 800w, https:\/\/blogs.univ-jfc.fr\/universitas\/wp-content\/uploads\/sites\/73\/2025\/12\/Salle-pyr.01-allees-300x200.jpg 300w, https:\/\/blogs.univ-jfc.fr\/universitas\/wp-content\/uploads\/sites\/73\/2025\/12\/Salle-pyr.01-allees-768x512.jpg 768w\" sizes=\"(max-width: 800px) 100vw, 800px\" \/><\/figure><div class=\"wp-block-media-text__content\">\n<p>La gestion des collections ne fut plus une priorit\u00e9 pour les successeurs de M. Cast\u00e9ras. L\u2019excellence dans la recherche \u00e9tait devenue le seul objectif des laboratoires qui briguaient tous une reconnaissance aupr\u00e8s du CNRS et la gestion et la conservation n&rsquo;entrait pas dans les crit\u00e8res pour y parvenir.<\/p>\n\n\n\n<p><\/p>\n\n\n\n<p><em><span class=\"has-inline-color has-light-brown-color\">La salle \u00ab\u00a0Pyr\u00e9n\u00e9es\u00a0\u00bb des collections pal\u00e9ontologiques dans les locaux de l&rsquo;universit\u00e9 all\u00e9es Jules Guesde avant leur d\u00e9m\u00e9nagement en 2011 &#8211; <em>\u00a9 Patrick Dumas<\/em><\/span><\/em><\/p>\n<\/div><\/div>\n\n\n\n<p>Une action nationale sur la sauvegarde des pi\u00e8ces ma\u00eetresses des collections pal\u00e9ontologiques fut bien engag\u00e9e durant cette p\u00e9riode : le programme TYFIPAL, dont le but \u00e9tait de r\u00e9pertorier dans toutes les collections universitaires de France, les pi\u00e8ces ayant le statut de Type ou de Figur\u00e9. A Toulouse, au cours des ann\u00e9es 1989-1990, 900 fiches papier furent r\u00e9dig\u00e9es mais seulement 35 furent saisies en vue d&rsquo;une consultation par Minitel et, en 1991, le programme \u00e9tait abandonn\u00e9.<\/p>\n\n\n\n<div class=\"wp-block-buttons\">\n<div class=\"wp-block-button\"><a class=\"wp-block-button__link\" href=\"https:\/\/blogs.univ-jfc.fr\/universitas\/fondation-dune-collection-la-collection-de-paleontologie-de-la-faculte-des-sciences-de-toulouse\/\" target=\"_blank\" rel=\"noreferrer noopener\">Retour \u00e0 l&rsquo;accueil<\/a><\/div>\n\n\n\n<div class=\"wp-block-button\"><a class=\"wp-block-button__link\" href=\"https:\/\/blogs.univ-jfc.fr\/universitas\/1992-2004\/\">Suite de l&rsquo;exposition<\/a><\/div>\n<\/div>\n","protected":false},"excerpt":{"rendered":"<p>Les \u00e9v\u00e8nements de 1968 et la loi Faure engendr\u00e8rent la suppression des chaires et les laboratoires perdirent de ce fait la direction unique qui, bonne ou mauvaise, avait assur\u00e9 leur p\u00e9rennit\u00e9. Ils devinrent les centres de rattachement d\u2019\u00e9quipes de recherche ayant \u00e0 leur t\u00eate un directeur universitaire ou un chercheur du CNRS. Le \u00ab\u00a0laboratoire de &hellip; <a href=\"https:\/\/blogs.univ-jfc.fr\/universitas\/la-collection-en-2000\/\" class=\"more-link\">Continuer la lecture de <span class=\"screen-reader-text\">LA COLLECTION DE 1968 A 1991<\/span> <span class=\"meta-nav\">&rarr;<\/span><\/a><\/p>\n","protected":false},"author":19,"featured_media":0,"parent":0,"menu_order":0,"comment_status":"closed","ping_status":"closed","template":"","meta":[],"_links":{"self":[{"href":"https:\/\/blogs.univ-jfc.fr\/universitas\/wp-json\/wp\/v2\/pages\/3349"}],"collection":[{"href":"https:\/\/blogs.univ-jfc.fr\/universitas\/wp-json\/wp\/v2\/pages"}],"about":[{"href":"https:\/\/blogs.univ-jfc.fr\/universitas\/wp-json\/wp\/v2\/types\/page"}],"author":[{"embeddable":true,"href":"https:\/\/blogs.univ-jfc.fr\/universitas\/wp-json\/wp\/v2\/users\/19"}],"replies":[{"embeddable":true,"href":"https:\/\/blogs.univ-jfc.fr\/universitas\/wp-json\/wp\/v2\/comments?post=3349"}],"version-history":[{"count":11,"href":"https:\/\/blogs.univ-jfc.fr\/universitas\/wp-json\/wp\/v2\/pages\/3349\/revisions"}],"predecessor-version":[{"id":3598,"href":"https:\/\/blogs.univ-jfc.fr\/universitas\/wp-json\/wp\/v2\/pages\/3349\/revisions\/3598"}],"wp:attachment":[{"href":"https:\/\/blogs.univ-jfc.fr\/universitas\/wp-json\/wp\/v2\/media?parent=3349"}],"curies":[{"name":"wp","href":"https:\/\/api.w.org\/{rel}","templated":true}]}}