{"id":3354,"date":"2025-12-13T11:15:57","date_gmt":"2025-12-13T10:15:57","guid":{"rendered":"http:\/\/blogs.univ-jfc.fr\/universitas\/?page_id=3354"},"modified":"2025-12-16T15:17:39","modified_gmt":"2025-12-16T14:17:39","slug":"2011-la-collection-cachee","status":"publish","type":"page","link":"https:\/\/blogs.univ-jfc.fr\/universitas\/2011-la-collection-cachee\/","title":{"rendered":"Le mot de la fin"},"content":{"rendered":"\n<p>Tant que les collections de g\u00e9ologie furent g\u00e9r\u00e9es au sein du laboratoire de g\u00e9ologie par ses directeurs successifs, leur p\u00e9rennit\u00e9, leur r\u00f4le et leur int\u00e9r\u00eat ne furent jamais remis en cause. Avec le projet et la r\u00e9alisation d&rsquo;un Institut des sciences de la terre qui se d\u00e9douanait du poids de ce patrimoine, et le d\u00e9sir de la ville de Toulouse de r\u00e9cup\u00e9rer les locaux du centre ville, la donne fut boulevers\u00e9e. L\u2019Universit\u00e9 ne parvint pas \u00e0 g\u00e9rer correctement le probl\u00e8me qui se posait et l&rsquo;objectif ambitieux de traiter en bloc le patrimoine scientifique de l&rsquo;UPS se r\u00e9v\u00e9la peu r\u00e9aliste.<\/p>\n\n\n\n<p>Michel Bilotte<\/p>\n\n\n\n<p><\/p>\n\n\n\n<h2><span class=\"has-inline-color has-light-brown-color\">Documentation<\/span><\/h2>\n\n\n\n<p>BILOTTE (Michel), avec la collaboration de MOURANCHE (Marielle), \u00ab\u00a0Alexandre Leymerie (1801-1878) et les origines des collections de pal\u00e9ontogie de la Facult\u00e9 des Sciences de Toulouse (FSI-Universit\u00e9 Paul-Sabatier)\u00a0\u00bb, <em>Bulletin de la Soci\u00e9t\u00e9 d\u2019Histoire Naturelle de Toulouse<\/em>, Tome159, 2023, p. 5-8.<\/p>\n\n\n\n<p>BILOTTE (Michel), \u00ab\u00a0Les collections g\u00e9ologiques et pal\u00e9ontologiques de l\u2019Universit\u00e9 de Toulouse : deux si\u00e8cles d\u2019histoire\u00a0\u00bb, <em>Bulletin de la Soci\u00e9t\u00e9 d\u2019Histoire Naturelle de Toulouse<\/em>, Tome 149, 2013, p.191-197.<\/p>\n\n\n\n<p>BILOTTE (Michel), <em>Des roches, des fossiles et des hommes. les collections de pal\u00e9ontologie de l&rsquo;Universit\u00e9 Paul Sabatier<\/em>. DLF &#8211; 20101013, 2005, CD consultable sur le net.<\/p>\n\n\n\n<p>BILOTTE (Michel), DURANTHON (F.) &amp; GUILLEMYN (D.), \u00ab\u00a0Les collections de pal\u00e9ontologie de l\u2019universit\u00e9 de Toulouse\u00a0\u00bb, <em>Journal de l&rsquo;APF<\/em>, n\u00b0 82, 2010, p. 79-84.<\/p>\n\n\n\n<p>JACOB (Charles), Notice sur les travaux scientifiques de M. Charles Jacob, Imprimerie J. Bonnet, 1927, Toulouse.<\/p>\n\n\n\n<p>LEYMERIE (Alexandre), \u00ab\u00a0Notice sur le cabinet min\u00e9ralogique et g\u00e9ologique de la facult\u00e9 des sciences de Toulouse\u00a0\u00bb, <em>Revue de l&rsquo;Acad\u00e9mie de Toulouse<\/em>, 1855.<\/p>\n\n\n\n<p><\/p>\n\n\n\n<div class=\"wp-block-buttons\">\n<div class=\"wp-block-button\"><a class=\"wp-block-button__link\" href=\"https:\/\/blogs.univ-jfc.fr\/universitas\/fondation-dune-collection-la-collection-de-paleontologie-de-la-faculte-des-sciences-de-toulouse\/\" target=\"_blank\" rel=\"noreferrer noopener\">Retour \u00e0 l&rsquo;accueil<\/a><\/div>\n<\/div>\n","protected":false},"excerpt":{"rendered":"<p>Tant que les collections de g\u00e9ologie furent g\u00e9r\u00e9es au sein du laboratoire de g\u00e9ologie par ses directeurs successifs, leur p\u00e9rennit\u00e9, leur r\u00f4le et leur int\u00e9r\u00eat ne furent jamais remis en cause. Avec le projet et la r\u00e9alisation d&rsquo;un Institut des sciences de la terre qui se d\u00e9douanait du poids de ce patrimoine, et le d\u00e9sir &hellip; <a href=\"https:\/\/blogs.univ-jfc.fr\/universitas\/2011-la-collection-cachee\/\" class=\"more-link\">Continuer la lecture de <span class=\"screen-reader-text\">Le mot de la fin<\/span> <span class=\"meta-nav\">&rarr;<\/span><\/a><\/p>\n","protected":false},"author":19,"featured_media":0,"parent":0,"menu_order":0,"comment_status":"closed","ping_status":"closed","template":"","meta":[],"_links":{"self":[{"href":"https:\/\/blogs.univ-jfc.fr\/universitas\/wp-json\/wp\/v2\/pages\/3354"}],"collection":[{"href":"https:\/\/blogs.univ-jfc.fr\/universitas\/wp-json\/wp\/v2\/pages"}],"about":[{"href":"https:\/\/blogs.univ-jfc.fr\/universitas\/wp-json\/wp\/v2\/types\/page"}],"author":[{"embeddable":true,"href":"https:\/\/blogs.univ-jfc.fr\/universitas\/wp-json\/wp\/v2\/users\/19"}],"replies":[{"embeddable":true,"href":"https:\/\/blogs.univ-jfc.fr\/universitas\/wp-json\/wp\/v2\/comments?post=3354"}],"version-history":[{"count":6,"href":"https:\/\/blogs.univ-jfc.fr\/universitas\/wp-json\/wp\/v2\/pages\/3354\/revisions"}],"predecessor-version":[{"id":3601,"href":"https:\/\/blogs.univ-jfc.fr\/universitas\/wp-json\/wp\/v2\/pages\/3354\/revisions\/3601"}],"wp:attachment":[{"href":"https:\/\/blogs.univ-jfc.fr\/universitas\/wp-json\/wp\/v2\/media?parent=3354"}],"curies":[{"name":"wp","href":"https:\/\/api.w.org\/{rel}","templated":true}]}}