{"id":3471,"date":"2025-12-14T08:41:15","date_gmt":"2025-12-14T07:41:15","guid":{"rendered":"http:\/\/blogs.univ-jfc.fr\/universitas\/?page_id=3471"},"modified":"2025-12-16T09:03:38","modified_gmt":"2025-12-16T08:03:38","slug":"1992-2004","status":"publish","type":"page","link":"https:\/\/blogs.univ-jfc.fr\/universitas\/1992-2004\/","title":{"rendered":"1992-2011 &#8211; QUE FAIRE ET OU METTRE LA COLLECTION ?"},"content":{"rendered":"\n<p><strong><span class=\"has-inline-color has-light-brown-color\">D\u00e9but des ann\u00e9es 1990 <\/span><\/strong>&#8211; <strong>Cr\u00e9ation d&rsquo;une commission \u00ab\u00a0Patrimoine et collections\u00a0\u00bb <\/strong>&#8211; A l&rsquo;instigation du Pr Michel Sicard, directeur de l&rsquo;UFR Sciences et Vie de la Terre, une premi\u00e8re commission \u00ab\u00a0Patrimoine et collections\u00a0\u00bb est constitu\u00e9e. Elle r\u00e9unit Jacques vassal et G. Durrieu pour la botanique (collection photographique Gaussen, Jardin botanique, herbiers et arboretum de Jou\u00e9ou), F. Fontan pour la min\u00e9ralogie et Michel Bilotte pour la pal\u00e9ontologie. La commission se r\u00e9unit peu et pas du tout entre novembre 1997 et novembre 1999. Lors de sa derni\u00e8re r\u00e9union, le 10 f\u00e9vrier 2000, l&rsquo;ordre du jour porte sur le devenir des collections de g\u00e9ologie de l&rsquo;Universit\u00e9 Paul Sabatier.<\/p>\n\n\n\n<p><strong><span class=\"has-inline-color has-light-brown-color\">1991 <\/span><\/strong>: En novembre 1991, le pr\u00e9sident Martin de l&rsquo;Universit\u00e9 Paul Sabatier et le pr\u00e9sident du Conseil g\u00e9n\u00e9ral signent une convention de d\u00e9p\u00f4t de la collection photographique Gaussen aux Archives d\u00e9partementales de la Haute-Garonne.<\/p>\n\n\n\n<p><strong><span class=\"has-inline-color has-light-brown-color\">1996-1997<\/span><\/strong> : Durant sa pr\u00e9sidence de l\u2019universit\u00e9 Paul Sabatier (f\u00e9vrier 1996-ao\u00fbt 1997), le Professeur Georges Larrouy, <strong>une structure de \u00ab\u00a0Valorisation des Collections &amp; Fonds anciens\u00a0\u00bb de l&rsquo;Universit\u00e9 est cr\u00e9\u00e9e. <\/strong>Son Comit\u00e9 scientifique est charg\u00e9 d&rsquo;\u00e9laborer un projet \u00ab\u00a0\u00e0 m\u00eame de renforcer la dimension scientifique et p\u00e9dagogique\u00a0\u00bb des demandes alors en cours aupr\u00e8s de la \u00ab\u00a0Mission Mus\u00e9e du Minist\u00e8re de l\u2019\u00c9ducation nationale\u00a0\u00bb. Le document de synth\u00e8se qui en r\u00e9sulte (15 avril 1996) prend en compte les besoins des collections de min\u00e9ralogie, de pal\u00e9ontologie, de botanique et du patrimoine scientifique de l&rsquo;Observatoire de Midi-Pyr\u00e9n\u00e9es. La demande budg\u00e9taire s&rsquo;\u00e9l\u00e8ve \u00e0 ce moment \u00e0 320 000 francs dont 20 000 pour la g\u00e9ologie.<\/p>\n\n\n\n<p><strong><span class=\"has-inline-color has-light-brown-color\">1998 <\/span><\/strong>: Les alertes sur le devenir des collections de g\u00e9ologie et de min\u00e9ralogie pour lesquelles rien n&rsquo;est pr\u00e9vu \u00e0 Rangueil o\u00f9 doivent d\u00e9m\u00e9nager les laboratoires de des sciences de la terre restent sans r\u00e9ponse.<\/p>\n\n\n\n<p><strong><span class=\"has-inline-color has-light-brown-color\">2000 <\/span><\/strong>: Le 20 mars 2000, une lettre de mission officialise le r\u00f4le du g\u00e9ologue Michel Bilotte dans l&rsquo;inventaire des collections de pal\u00e9ontologie.<\/p>\n\n\n\n<p><strong><span class=\"has-inline-color has-light-brown-color\">2001 <\/span><\/strong>: Parution du rapport Bilotte le 14 mars 2001 : il donne, pour la premi\u00e8re fois, une id\u00e9e du nombre de pi\u00e8ces, estim\u00e9 \u00e0 400 000. Il \u00e9volue la surface n\u00e9cessaire \u00e0 l&rsquo;accueil des collections et propose un lieu de stockage, celui des locaux techniques (caroth\u00e8que) de l&rsquo;ex BRGM, devenu propri\u00e9t\u00e9 de l&rsquo;universit\u00e9 Paul Sabatier. Il rend compte des recherches de partenariats engag\u00e9es.<\/p>\n\n\n\n<p>Fin 2001 un projet de cr\u00e9ation d&rsquo;un centre de culture scientifique et m\u00e9dicale (\u00ab\u00a0Science et sant\u00e9 dans la ville\u00a0\u00bb) implant\u00e9 aux 37 et 39 all\u00e9es Jules Guesde, proposant en particulier, le recentrage sur ces sites des collections patrimoniales de l&rsquo;UPS, est envisag\u00e9. Il n&rsquo;est pas retenu.<\/p>\n\n\n\n<p><strong><span class=\"has-inline-color has-light-brown-color\">2002 <\/span><\/strong>: L\u2019Universit\u00e9 Paul Sabatier signe le 22 novembre 2002, avec le Mus\u00e9um d&rsquo;histoire naturelle de Toulouse, une convention cadre de partenariat. Celle-ci pr\u00e9cise les modalit\u00e9s de d\u00e9p\u00f4t des collections de l\u2019Universit\u00e9 dans les r\u00e9serves du Mus\u00e9um, leur gestion par les personnels du Mus\u00e9um, mais ne remet pas en cause la propri\u00e9t\u00e9 universitaire des collections.<\/p>\n\n\n\n<p><strong><span class=\"has-inline-color has-light-brown-color\">2003 <\/span><\/strong>: Les collections de min\u00e9ralogie sont d\u00e9pos\u00e9es dans les r\u00e9serves du Mus\u00e9um. Mais, \u00e9tant donn\u00e9e leur importance, celles de pal\u00e9ontologie ne suivent pas.<\/p>\n\n\n\n<p><strong><span class=\"has-inline-color has-light-brown-color\">2004 <\/span><\/strong>: Les diff\u00e9rents laboratoires de Sciences de la Terre de l&rsquo;Universit\u00e9 Paul Sabatier d\u00e9m\u00e9nagent sur le campus de Rangueil, tandis que les collections de pal\u00e9ontologie demeurent au 39 all\u00e9es Jules Guesde, accueillant les collections des laboratoires de la rue des 36 Ponts. Michel Billote reste sur place comme \u00ab\u00a0conservateur des collections de pal\u00e9ontologie-g\u00e9ologie\u00a0\u00bb, rattach\u00e9 \u00e0 l&rsquo;UMR CNRS 5563. L&rsquo;inventaire des collections se poursuit, r\u00e9alis\u00e9 par Val\u00e9rie Martin-Rolland (2001-2004), puis par Emmanuel Robert (2004-2005).<\/p>\n\n\n\n<p><strong><span class=\"has-inline-color has-light-brown-color\">2005 <\/span><\/strong>: 25 000 sp\u00e9cimens ont \u00e9t\u00e9 trait\u00e9s sur les 400 000 estim\u00e9s, 7 602 fiches ont \u00e9t\u00e9 renseign\u00e9es et 3 000 sp\u00e9cimens photographi\u00e9s. <\/p>\n\n\n\n<p>Le pr\u00e9sident Sautereau demande au directeur de l&rsquo;UFR SVT d&rsquo;officialiser deux enseignants-chercheurs dans les missions de sauvegarde et valorisation : Dominique Mazau (botanique) et Michel Bilotte (pal\u00e9ontologie) et de repr\u00e9sentation aupr\u00e8s du Mus\u00e9um.<\/p>\n\n\n\n<p>Fin 2005, en vertu de la convention de 2002, le Mus\u00e9um d\u00e9tache le conservateur Francis Duranthon aupr\u00e8s des collections de pal\u00e9ontologie.<\/p>\n\n\n\n<p>Michel Bilotte publie, \u00e0 compte d&rsquo;auteur sous un format CD, un travail de synth\u00e8se sur l&rsquo;histoire des collections de g\u00e9ologie. Il ne re\u00e7oit que peu d&rsquo;\u00e9cho.<\/p>\n\n\n\n<p><strong><span class=\"has-inline-color has-light-brown-color\">2006 <\/span><\/strong>: Les fonds allou\u00e9s pour les personnels charg\u00e9s de l&rsquo;inventaire s&rsquo;arr\u00eatent et l&rsquo;inventaire est stopp\u00e9.<\/p>\n\n\n\n<p>Cr\u00e9ation d&rsquo;un Laboratoire de service et de recherche \u00ab\u00a0\u00c9tudes et conservation du patrimoine\u00a0\u00bb (LECP), \u00e0 la demande de Dominique Mazaud. Il a la charge de la gestion des collections vivantes (jardin botanique, Arboretum) et inertes (herbiers, collections de g\u00e9ologie et de pal\u00e9ontologie). En raison des faibles moyens allou\u00e9s, il ne fonctionne qu&rsquo;a minima.<\/p>\n\n\n\n<p><strong><span class=\"has-inline-color has-light-brown-color\">2007 <\/span><\/strong>: D\u00e9part \u00e0 la retraite de Michel BIlotte. \u00c9m\u00e9rite, il peut continuer son travail en faveur des collections.<\/p>\n\n\n\n<p><strong><span class=\"has-inline-color has-light-brown-color\">2009-2010<\/span><\/strong> : Courriers de Michel Bilotte \u00e0 la pr\u00e9sidence Fourtanier pour rappeler les \u00e9ch\u00e9ances du d\u00e9m\u00e9nagement des all\u00e9es  et la possibilit\u00e9 d&rsquo;installer les collections dans les locaux de l&rsquo;ex-BRGM.<\/p>\n\n\n\n<p><strong><span class=\"has-inline-color has-light-brown-color\">2011 <\/span><\/strong>: Lors de la r\u00e9union du 7 juillet, l\u2019Universit\u00e9 doit d\u00e9cider si elle c\u00e8de ses collections au Mus\u00e9um ou si elle les garde. Elle d\u00e9cide de les garder. <\/p>\n\n\n\n<p>Le d\u00e9m\u00e9nagement dans les locaux de l&rsquo;ex-BRGM rue Lat\u00e9cot\u00e8re d\u00e9bute le 19 septembre 2011. Aucun des am\u00e9nagements demand\u00e9s n&rsquo;a \u00e9t\u00e9 effectu\u00e9, aucun m\u00e9nage n&rsquo;a m\u00eame \u00e9t\u00e9 fait. C&rsquo;est Dominique Mazaud et des membres de son laboratoire qui effectuent un m\u00e9nage sommaire avant l&rsquo;arriv\u00e9e des collections. Le 7 octobre 2011, le d\u00e9m\u00e9nagement des all\u00e9es Jules Guesde est termin\u00e9. Les conditions font qu&rsquo;un d\u00e9p\u00f4t organis\u00e9 respectant l&rsquo;origine des collections et leur classement chronologique, comme c&rsquo;\u00e9tait le cas aux all\u00e9es, n&rsquo;a pas pu \u00eatre r\u00e9alis\u00e9. Seules des consid\u00e9rations de hauteur et de place ont pr\u00e9valu.<\/p>\n\n\n\n<p>Le 14 novembre 2011, le laboratoire de g\u00e9ologie a \u00e9t\u00e9 vid\u00e9, pr\u00eat \u00e0 devenir le Quai des Savoirs.<\/p>\n\n\n\n<figure class=\"wp-block-gallery columns-3 is-cropped\"><ul class=\"blocks-gallery-grid\"><li class=\"blocks-gallery-item\"><figure><img loading=\"lazy\" width=\"500\" height=\"375\" src=\"https:\/\/blogs.univ-jfc.fr\/universitas\/wp-content\/uploads\/sites\/73\/2025\/12\/PHOTO-4.jpg\" alt=\"\" data-id=\"3503\" data-full-url=\"https:\/\/blogs.univ-jfc.fr\/universitas\/wp-content\/uploads\/sites\/73\/2025\/12\/PHOTO-4.jpg\" data-link=\"https:\/\/blogs.univ-jfc.fr\/universitas\/1992-2004\/photo-4-2\/\" class=\"wp-image-3503\" srcset=\"https:\/\/blogs.univ-jfc.fr\/universitas\/wp-content\/uploads\/sites\/73\/2025\/12\/PHOTO-4.jpg 500w, https:\/\/blogs.univ-jfc.fr\/universitas\/wp-content\/uploads\/sites\/73\/2025\/12\/PHOTO-4-300x225.jpg 300w\" sizes=\"(max-width: 500px) 100vw, 500px\" \/><\/figure><\/li><li class=\"blocks-gallery-item\"><figure><img loading=\"lazy\" width=\"500\" height=\"375\" src=\"https:\/\/blogs.univ-jfc.fr\/universitas\/wp-content\/uploads\/sites\/73\/2025\/12\/pHOTO1.jpg\" alt=\"\" data-id=\"3504\" data-full-url=\"https:\/\/blogs.univ-jfc.fr\/universitas\/wp-content\/uploads\/sites\/73\/2025\/12\/pHOTO1.jpg\" data-link=\"https:\/\/blogs.univ-jfc.fr\/universitas\/1992-2004\/photo1-2\/\" class=\"wp-image-3504\" srcset=\"https:\/\/blogs.univ-jfc.fr\/universitas\/wp-content\/uploads\/sites\/73\/2025\/12\/pHOTO1.jpg 500w, https:\/\/blogs.univ-jfc.fr\/universitas\/wp-content\/uploads\/sites\/73\/2025\/12\/pHOTO1-300x225.jpg 300w\" sizes=\"(max-width: 500px) 100vw, 500px\" \/><\/figure><\/li><li class=\"blocks-gallery-item\"><figure><img loading=\"lazy\" width=\"500\" height=\"375\" src=\"https:\/\/blogs.univ-jfc.fr\/universitas\/wp-content\/uploads\/sites\/73\/2025\/12\/PHOTO2.jpg\" alt=\"\" data-id=\"3505\" data-full-url=\"https:\/\/blogs.univ-jfc.fr\/universitas\/wp-content\/uploads\/sites\/73\/2025\/12\/PHOTO2.jpg\" data-link=\"https:\/\/blogs.univ-jfc.fr\/universitas\/1992-2004\/photo2\/\" class=\"wp-image-3505\" srcset=\"https:\/\/blogs.univ-jfc.fr\/universitas\/wp-content\/uploads\/sites\/73\/2025\/12\/PHOTO2.jpg 500w, https:\/\/blogs.univ-jfc.fr\/universitas\/wp-content\/uploads\/sites\/73\/2025\/12\/PHOTO2-300x225.jpg 300w\" sizes=\"(max-width: 500px) 100vw, 500px\" \/><\/figure><\/li><li class=\"blocks-gallery-item\"><figure><img loading=\"lazy\" width=\"500\" height=\"375\" src=\"https:\/\/blogs.univ-jfc.fr\/universitas\/wp-content\/uploads\/sites\/73\/2025\/12\/PHOTO3.jpg\" alt=\"\" data-id=\"3506\" data-full-url=\"https:\/\/blogs.univ-jfc.fr\/universitas\/wp-content\/uploads\/sites\/73\/2025\/12\/PHOTO3.jpg\" data-link=\"https:\/\/blogs.univ-jfc.fr\/universitas\/1992-2004\/photo3-2\/\" class=\"wp-image-3506\" srcset=\"https:\/\/blogs.univ-jfc.fr\/universitas\/wp-content\/uploads\/sites\/73\/2025\/12\/PHOTO3.jpg 500w, https:\/\/blogs.univ-jfc.fr\/universitas\/wp-content\/uploads\/sites\/73\/2025\/12\/PHOTO3-300x225.jpg 300w\" sizes=\"(max-width: 500px) 100vw, 500px\" \/><\/figure><\/li><\/ul><\/figure>\n\n\n\n<p><em><span class=\"has-inline-color has-light-brown-color\">Clich\u00e9s photographiques des locaux d&rsquo;accueil de la collection de pal\u00e9ontologie depuis 2011<\/span><\/em>.<\/p>\n\n\n\n<div class=\"wp-block-buttons\">\n<div class=\"wp-block-button\"><a class=\"wp-block-button__link\" href=\"https:\/\/blogs.univ-jfc.fr\/universitas\/fondation-dune-collection-la-collection-de-paleontologie-de-la-faculte-des-sciences-de-toulouse\/\">Retour \u00e0 l&rsquo;accueil<\/a><\/div>\n\n\n\n<div class=\"wp-block-button\"><a class=\"wp-block-button__link\" href=\"https:\/\/blogs.univ-jfc.fr\/universitas\/2011-la-collection-cachee\/\">Suite de l&rsquo;exposition<\/a><\/div>\n<\/div>\n","protected":false},"excerpt":{"rendered":"<p>D\u00e9but des ann\u00e9es 1990 &#8211; Cr\u00e9ation d&rsquo;une commission \u00ab\u00a0Patrimoine et collections\u00a0\u00bb &#8211; A l&rsquo;instigation du Pr Michel Sicard, directeur de l&rsquo;UFR Sciences et Vie de la Terre, une premi\u00e8re commission \u00ab\u00a0Patrimoine et collections\u00a0\u00bb est constitu\u00e9e. Elle r\u00e9unit Jacques vassal et G. Durrieu pour la botanique (collection photographique Gaussen, Jardin botanique, herbiers et arboretum de Jou\u00e9ou), &hellip; <a href=\"https:\/\/blogs.univ-jfc.fr\/universitas\/1992-2004\/\" class=\"more-link\">Continuer la lecture de <span class=\"screen-reader-text\">1992-2011 &#8211; QUE FAIRE ET OU METTRE LA COLLECTION ?<\/span> <span class=\"meta-nav\">&rarr;<\/span><\/a><\/p>\n","protected":false},"author":19,"featured_media":0,"parent":0,"menu_order":0,"comment_status":"closed","ping_status":"closed","template":"","meta":[],"_links":{"self":[{"href":"https:\/\/blogs.univ-jfc.fr\/universitas\/wp-json\/wp\/v2\/pages\/3471"}],"collection":[{"href":"https:\/\/blogs.univ-jfc.fr\/universitas\/wp-json\/wp\/v2\/pages"}],"about":[{"href":"https:\/\/blogs.univ-jfc.fr\/universitas\/wp-json\/wp\/v2\/types\/page"}],"author":[{"embeddable":true,"href":"https:\/\/blogs.univ-jfc.fr\/universitas\/wp-json\/wp\/v2\/users\/19"}],"replies":[{"embeddable":true,"href":"https:\/\/blogs.univ-jfc.fr\/universitas\/wp-json\/wp\/v2\/comments?post=3471"}],"version-history":[{"count":17,"href":"https:\/\/blogs.univ-jfc.fr\/universitas\/wp-json\/wp\/v2\/pages\/3471\/revisions"}],"predecessor-version":[{"id":3594,"href":"https:\/\/blogs.univ-jfc.fr\/universitas\/wp-json\/wp\/v2\/pages\/3471\/revisions\/3594"}],"wp:attachment":[{"href":"https:\/\/blogs.univ-jfc.fr\/universitas\/wp-json\/wp\/v2\/media?parent=3471"}],"curies":[{"name":"wp","href":"https:\/\/api.w.org\/{rel}","templated":true}]}}