{"id":3541,"date":"2025-12-15T04:37:34","date_gmt":"2025-12-15T03:37:34","guid":{"rendered":"http:\/\/blogs.univ-jfc.fr\/universitas\/?page_id=3541"},"modified":"2025-12-15T04:37:35","modified_gmt":"2025-12-15T03:37:35","slug":"les-titulaires-de-chaires-et-charges-de-cours-de-geologie-de-la-faculte-des-sciences-de-toulouse","status":"publish","type":"page","link":"https:\/\/blogs.univ-jfc.fr\/universitas\/les-titulaires-de-chaires-et-charges-de-cours-de-geologie-de-la-faculte-des-sciences-de-toulouse\/","title":{"rendered":"Les titulaires de chaires et charg\u00e9s de cours de g\u00e9ologie de la facult\u00e9 des sciences de Toulouse"},"content":{"rendered":"\n<figure class=\"wp-block-image size-large\"><img loading=\"lazy\" width=\"1018\" height=\"1024\" src=\"https:\/\/blogs.univ-jfc.fr\/universitas\/wp-content\/uploads\/sites\/73\/2025\/12\/chaires-1-1018x1024.jpg\" alt=\"\" class=\"wp-image-3542\" srcset=\"https:\/\/blogs.univ-jfc.fr\/universitas\/wp-content\/uploads\/sites\/73\/2025\/12\/chaires-1-1018x1024.jpg 1018w, https:\/\/blogs.univ-jfc.fr\/universitas\/wp-content\/uploads\/sites\/73\/2025\/12\/chaires-1-298x300.jpg 298w, https:\/\/blogs.univ-jfc.fr\/universitas\/wp-content\/uploads\/sites\/73\/2025\/12\/chaires-1-150x150.jpg 150w, https:\/\/blogs.univ-jfc.fr\/universitas\/wp-content\/uploads\/sites\/73\/2025\/12\/chaires-1-768x772.jpg 768w, https:\/\/blogs.univ-jfc.fr\/universitas\/wp-content\/uploads\/sites\/73\/2025\/12\/chaires-1-1527x1536.jpg 1527w, https:\/\/blogs.univ-jfc.fr\/universitas\/wp-content\/uploads\/sites\/73\/2025\/12\/chaires-1.jpg 1972w\" sizes=\"(max-width: 1018px) 100vw, 1018px\" \/><\/figure>\n","protected":false},"excerpt":{"rendered":"","protected":false},"author":19,"featured_media":0,"parent":0,"menu_order":0,"comment_status":"closed","ping_status":"closed","template":"","meta":[],"_links":{"self":[{"href":"https:\/\/blogs.univ-jfc.fr\/universitas\/wp-json\/wp\/v2\/pages\/3541"}],"collection":[{"href":"https:\/\/blogs.univ-jfc.fr\/universitas\/wp-json\/wp\/v2\/pages"}],"about":[{"href":"https:\/\/blogs.univ-jfc.fr\/universitas\/wp-json\/wp\/v2\/types\/page"}],"author":[{"embeddable":true,"href":"https:\/\/blogs.univ-jfc.fr\/universitas\/wp-json\/wp\/v2\/users\/19"}],"replies":[{"embeddable":true,"href":"https:\/\/blogs.univ-jfc.fr\/universitas\/wp-json\/wp\/v2\/comments?post=3541"}],"version-history":[{"count":1,"href":"https:\/\/blogs.univ-jfc.fr\/universitas\/wp-json\/wp\/v2\/pages\/3541\/revisions"}],"predecessor-version":[{"id":3544,"href":"https:\/\/blogs.univ-jfc.fr\/universitas\/wp-json\/wp\/v2\/pages\/3541\/revisions\/3544"}],"wp:attachment":[{"href":"https:\/\/blogs.univ-jfc.fr\/universitas\/wp-json\/wp\/v2\/media?parent=3541"}],"curies":[{"name":"wp","href":"https:\/\/api.w.org\/{rel}","templated":true}]}}